{"id":581,"date":"2026-01-26T06:27:35","date_gmt":"2026-01-26T06:27:35","guid":{"rendered":"https:\/\/tpufabrics.com\/?post_type=product&#038;p=581"},"modified":"2026-03-12T03:41:36","modified_gmt":"2026-03-12T03:41:36","slug":"xl-tpu-coated-70d-nylon","status":"publish","type":"product","link":"https:\/\/tpufabrics.com\/vi\/product\/xl-tpu-coated-70d-nylon\/","title":{"rendered":"Nylon 70D ph\u1ee7 TPU c\u1ee1 XL"},"content":{"rendered":"<div data-page-id=\"ZS1ydcJ8aoBbm3xFsEnc9gBUn9b\" data-lark-html-role=\"root\" data-docx-has-block-data=\"false\">\n<div class=\"ace-line ace-line old-record-id-XHEldpediortHfxXaipc33JznJb\">Nylon 70D ph\u1ee7 TPU XL l\u00e0 v\u1eadt li\u1ec7u composite \u0111\u01b0\u1ee3c ch\u1ebf t\u1ea1o tr\u00ean n\u1ec1n v\u1ea3i nylon 70D v\u00e0 \u0111\u01b0\u1ee3c n\u00e2ng c\u1ea5p v\u1edbi l\u1edbp ph\u1ee7 ch\u1ee9c n\u0103ng TPU d\u00f2ng XL. C\u1ea5u tr\u00fac n\u00e0y t\u1ea1o ra s\u1ef1 c\u00e2n b\u1eb1ng \u1ed5n \u0111\u1ecbnh gi\u1eefa tr\u1ecdng l\u01b0\u1ee3ng nh\u1eb9 v\u00e0 \u0111\u1ed9 b\u1ec1n l\u00e2u d\u00e0i, gi\u00fap v\u1eadt li\u1ec7u mang l\u1ea1i kh\u1ea3 n\u0103ng b\u1ea3o v\u1ec7 \u0111\u00e1ng tin c\u1eady v\u00e0 h\u1ed7 tr\u1ee3 c\u1ea5u tr\u00fac cho nhi\u1ec1u lo\u1ea1i thi\u1ebft b\u1ecb ngo\u00e0i tr\u1eddi v\u00e0 s\u1ea3n ph\u1ea9m b\u01a1m h\u01a1i.<\/div>\n<div><\/div>\n<div class=\"ace-line ace-line old-record-id-SUc1dMz4fo4hckxSGAWcfziGnZd\">Trong l\u0129nh v\u1ef1c v\u1ea3i k\u1ef9 thu\u1eadt, ch\u1ec9 s\u1ed1 denier c\u1ee7a s\u1ee3i nylon th\u01b0\u1eddng quy\u1ebft \u0111\u1ecbnh v\u1ecb tr\u00ed \u1ee9ng d\u1ee5ng c\u1ee7a v\u1eadt li\u1ec7u. So v\u1edbi c\u00e1c c\u1ea5u tr\u00fac nylon nh\u1eb9 h\u01a1n, v\u1ea3i 70D mang \u0111\u1ebfn \u0111\u1ed9 b\u1ec1n k\u00e9o v\u00e0 kh\u1ea3 n\u0103ng ch\u1ed1ng r\u00e1ch t\u1ed1t h\u01a1n trong khi v\u1eabn duy tr\u00ec \u0111\u1ed9 d\u1ebbo dai t\u1ed1t. \u0110i\u1ec1u n\u00e0y khi\u1ebfn n\u00f3 tr\u1edf th\u00e0nh v\u1eadt li\u1ec7u c\u1ea5u tr\u00fac \u0111\u01b0\u1ee3c s\u1eed d\u1ee5ng r\u1ed9ng r\u00e3i trong c\u00e1c thi\u1ebft b\u1ecb ch\u1ee9c n\u0103ng, c\u00f3 kh\u1ea3 n\u0103ng ch\u1ecbu \u0111\u1ef1ng m\u00f4i tr\u01b0\u1eddng s\u1eed d\u1ee5ng kh\u1eafc nghi\u1ec7t m\u00e0 kh\u00f4ng l\u00e0m t\u0103ng qu\u00e1 m\u1ee9c tr\u1ecdng l\u01b0\u1ee3ng c\u1ee7a s\u1ea3n ph\u1ea9m cu\u1ed1i c\u00f9ng.<\/div>\n<\/div>","protected":false},"excerpt":{"rendered":"<p>XL TPU Coated 70D Nylon is a composite material built on a 70D nylon base fabric and enhanced with the XL series TPU functional coating. This structure creates a stable balance between lightweight construction and long-term durability, allowing the material to deliver reliable protection and structural support across a wide range of outdoor equipment and [&hellip;]<\/p>","protected":false},"featured_media":1270,"comment_status":"open","ping_status":"closed","template":"","meta":{"_acf_changed":false},"product_brand":[],"product_cat":[34],"product_tag":[],"class_list":{"0":"post-581","1":"product","2":"type-product","3":"status-publish","4":"has-post-thumbnail","6":"product_cat-airtight-tpu-fabrics","8":"first","9":"instock","10":"shipping-taxable","11":"product-type-simple"},"acf":[],"_links":{"self":[{"href":"https:\/\/tpufabrics.com\/vi\/wp-json\/wp\/v2\/product\/581","targetHints":{"allow":["GET"]}}],"collection":[{"href":"https:\/\/tpufabrics.com\/vi\/wp-json\/wp\/v2\/product"}],"about":[{"href":"https:\/\/tpufabrics.com\/vi\/wp-json\/wp\/v2\/types\/product"}],"replies":[{"embeddable":true,"href":"https:\/\/tpufabrics.com\/vi\/wp-json\/wp\/v2\/comments?post=581"}],"wp:featuredmedia":[{"embeddable":true,"href":"https:\/\/tpufabrics.com\/vi\/wp-json\/wp\/v2\/media\/1270"}],"wp:attachment":[{"href":"https:\/\/tpufabrics.com\/vi\/wp-json\/wp\/v2\/media?parent=581"}],"wp:term":[{"taxonomy":"product_brand","embeddable":true,"href":"https:\/\/tpufabrics.com\/vi\/wp-json\/wp\/v2\/product_brand?post=581"},{"taxonomy":"product_cat","embeddable":true,"href":"https:\/\/tpufabrics.com\/vi\/wp-json\/wp\/v2\/product_cat?post=581"},{"taxonomy":"product_tag","embeddable":true,"href":"https:\/\/tpufabrics.com\/vi\/wp-json\/wp\/v2\/product_tag?post=581"}],"curies":[{"name":"wp","href":"https:\/\/api.w.org\/{rel}","templated":true}]}}