{"id":2019,"date":"2026-04-02T13:15:22","date_gmt":"2026-04-02T13:15:22","guid":{"rendered":"https:\/\/tpufabrics.com\/?post_type=product&#038;p=2019"},"modified":"2026-04-02T13:15:22","modified_gmt":"2026-04-02T13:15:22","slug":"xl-pvc-coated-70d-nylon-turquoise","status":"publish","type":"product","link":"https:\/\/tpufabrics.com\/vi\/product\/xl-pvc-coated-70d-nylon-turquoise\/","title":{"rendered":"XL Nylon 70D ph\u1ee7 PVC - M\u00e0u xanh ng\u1ecdc"},"content":{"rendered":"<div data-page-id=\"Gzmad6XWhoFYykxWFgOcSt8CnQf\" data-lark-html-role=\"root\" data-docx-has-block-data=\"false\">\n<div class=\"ace-line ace-line old-record-id-TSyDdPQKRoSDogx0tkScgEgNned\">V\u1ea3i nylon 70D ph\u1ee7 PVC c\u1ee1 XL l\u00e0 lo\u1ea1i v\u1ea3i ch\u1ed1ng n\u01b0\u1edbc c\u1ea5p \u0111\u1ed9 y t\u1ebf \u0111\u01b0\u1ee3c ph\u00e1t tri\u1ec3n \u0111\u1eb7c bi\u1ec7t cho c\u00e1c h\u1ec7 th\u1ed1ng ch\u1ed1ng lo\u00e9t do t\u1ef3 \u0111\u00e8. N\u00f3 th\u01b0\u1eddng \u0111\u01b0\u1ee3c s\u1eed d\u1ee5ng trong \u0111\u1ec7m h\u01a1i v\u00e0 c\u00e1c s\u1ea3n ph\u1ea9m gi\u1ea3m \u00e1p l\u1ef1c, n\u01a1i y\u00eau c\u1ea7u \u0111\u1ed9 k\u00edn \u1ed5n \u0111\u1ecbnh, b\u1ec1 m\u1eb7t tho\u1ea3i m\u00e1i v\u00e0 v\u1ec7 sinh cao.<\/div>\n<div><\/div>\n<div class=\"ace-line ace-line old-record-id-EdJFdxby4oExI9x6sgXcSGWYnYg\">V\u1edbi n\u1ec1n nylon 70D v\u00e0 l\u1edbp ph\u1ee7 PVC d\u1ebbo, v\u1eadt li\u1ec7u n\u00e0y t\u1ea1o ra m\u1ed9t r\u00e0o c\u1ea3n \u0111\u1ed3ng nh\u1ea5t ch\u1ed1ng l\u1ea1i ch\u1ea5t l\u1ecfng, \u0111\u1ed3ng th\u1eddi duy tr\u00ec \u0111\u1ed9 linh ho\u1ea1t c\u1ea7n thi\u1ebft cho c\u00e1c c\u1ea5u tr\u00fac b\u01a1m h\u01a1i v\u00e0 x\u1ea3 h\u01a1i nhi\u1ec1u l\u1ea7n.<\/div>\n<\/div>","protected":false},"excerpt":{"rendered":"<p>The XL PVC Coated 70D Nylon is a medical-grade waterproof fabric developed specifically for anti-decubitus systems. It is commonly used in air mattresses and pressure-relief products where stable sealing, surface comfort, and hygiene are all required. With a 70D nylon base and a flexible PVC coating, the material provides a consistent barrier against fluids while [&hellip;]<\/p>","protected":false},"featured_media":1400,"comment_status":"open","ping_status":"closed","template":"","meta":{"_acf_changed":false},"product_brand":[],"product_cat":[36],"product_tag":[],"class_list":{"0":"post-2019","1":"product","2":"type-product","3":"status-publish","4":"has-post-thumbnail","6":"product_cat-medical-tpu-fabrics","8":"first","9":"instock","10":"shipping-taxable","11":"product-type-simple"},"acf":[],"_links":{"self":[{"href":"https:\/\/tpufabrics.com\/vi\/wp-json\/wp\/v2\/product\/2019","targetHints":{"allow":["GET"]}}],"collection":[{"href":"https:\/\/tpufabrics.com\/vi\/wp-json\/wp\/v2\/product"}],"about":[{"href":"https:\/\/tpufabrics.com\/vi\/wp-json\/wp\/v2\/types\/product"}],"replies":[{"embeddable":true,"href":"https:\/\/tpufabrics.com\/vi\/wp-json\/wp\/v2\/comments?post=2019"}],"wp:featuredmedia":[{"embeddable":true,"href":"https:\/\/tpufabrics.com\/vi\/wp-json\/wp\/v2\/media\/1400"}],"wp:attachment":[{"href":"https:\/\/tpufabrics.com\/vi\/wp-json\/wp\/v2\/media?parent=2019"}],"wp:term":[{"taxonomy":"product_brand","embeddable":true,"href":"https:\/\/tpufabrics.com\/vi\/wp-json\/wp\/v2\/product_brand?post=2019"},{"taxonomy":"product_cat","embeddable":true,"href":"https:\/\/tpufabrics.com\/vi\/wp-json\/wp\/v2\/product_cat?post=2019"},{"taxonomy":"product_tag","embeddable":true,"href":"https:\/\/tpufabrics.com\/vi\/wp-json\/wp\/v2\/product_tag?post=2019"}],"curies":[{"name":"wp","href":"https:\/\/api.w.org\/{rel}","templated":true}]}}