{"id":1984,"date":"2026-03-26T15:11:42","date_gmt":"2026-03-26T15:11:42","guid":{"rendered":"https:\/\/tpufabrics.com\/?post_type=product&#038;p=1984"},"modified":"2026-03-26T15:11:42","modified_gmt":"2026-03-26T15:11:42","slug":"xl-tpu-coated-2520d-polyester","status":"publish","type":"product","link":"https:\/\/tpufabrics.com\/vi\/product\/xl-tpu-coated-2520d-polyester\/","title":{"rendered":"V\u1ea3i polyester 2520D ph\u1ee7 TPU c\u1ee1 XL"},"content":{"rendered":"<div data-page-id=\"LD6odck65oefixxSR5fcQwQrnnf\" data-lark-html-role=\"root\" data-docx-has-block-data=\"false\">\n<div class=\"ace-line ace-line old-record-id-Db8KdYts5obYvwxGURxcF84KnVf\">Polyester 2520D ph\u1ee7 TPU c\u1ee1 XL \u2013 Lo\u1ea1i ch\u1ed1ng d\u1ea7u l\u00e0 lo\u1ea1i v\u1ea3i c\u00f4ng nghi\u1ec7p ch\u1ecbu l\u1ef1c cao, \u0111\u01b0\u1ee3c thi\u1ebft k\u1ebf cho c\u00e1c m\u00f4i tr\u01b0\u1eddng m\u00e0 vi\u1ec7c ti\u1ebfp x\u00fac l\u00e2u d\u00e0i v\u1edbi d\u1ea7u, nhi\u00ean li\u1ec7u v\u00e0 c\u00e1c ch\u1ea5t h\u00f3a h\u1ecdc l\u00e0 \u0111i\u1ec1u kh\u00f4ng th\u1ec3 tr\u00e1nh kh\u1ecfi. \u0110\u01b0\u1ee3c ch\u1ebf t\u1ea1o tr\u00ean n\u1ec1n polyester 2520D si\u00eau \u0111\u1eb7c v\u00e0 k\u1ebft h\u1ee3p v\u1edbi c\u00f4ng th\u1ee9c TPU chuy\u00ean d\u1ee5ng ch\u1ed1ng d\u1ea7u, v\u1eadt li\u1ec7u n\u00e0y duy tr\u00ec \u0111\u01b0\u1ee3c \u0111\u1ed9 b\u1ec1n c\u1ea5u tr\u00fac, t\u00ednh linh ho\u1ea1t v\u00e0 hi\u1ec7u su\u1ea5t k\u00edn ngay c\u1ea3 khi ti\u1ebfp x\u00fac li\u00ean t\u1ee5c v\u1edbi h\u00f3a ch\u1ea5t.<\/div>\n<div class=\"ace-line ace-line old-record-id-UEgKdOIFCoAj3CxXl9acehX7n3f\">N\u00f3 \u0111\u01b0\u1ee3c ph\u00e1t tri\u1ec3n d\u00e0nh cho c\u00e1c h\u1ec7 th\u1ed1ng ch\u1ee9a, r\u00e0o ch\u1eafn b\u1ea3o v\u1ec7 v\u00e0 b\u1ea1t che thi\u1ebft b\u1ecb c\u00f4ng nghi\u1ec7p, n\u01a1i s\u1ef1 c\u1ed1 kh\u00f4ng \u0111\u01b0\u1ee3c ph\u00e9p x\u1ea3y ra. V\u1ea3i h\u1ed7 tr\u1ee3 h\u00e0n RF\/HF \u0111\u1ec3 t\u1ea1o n\u00ean c\u00e1c c\u1ea5u tr\u00fac ch\u1ed1ng r\u00f2 r\u1ec9, c\u00f3 kh\u1ea3 n\u0103ng x\u1eed l\u00fd c\u00e1c ch\u1ea5t l\u1ecfng \u0103n m\u00f2n, ch\u1ecbu \u0111\u01b0\u1ee3c \u00e1p l\u1ef1c c\u01a1 h\u1ecdc v\u00e0 ho\u1ea1t \u0111\u1ed9ng l\u00e2u d\u00e0i trong c\u00e1c \u0111i\u1ec1u ki\u1ec7n c\u00f4ng nghi\u1ec7p kh\u1eafc nghi\u1ec7t.<\/div>\n<\/div>","protected":false},"excerpt":{"rendered":"<p>XL TPU Coated 2520D Polyester \u2013 Oil Resistant Grade is a heavy-duty industrial fabric designed for environments where prolonged exposure to oils, fuels, and chemical agents is unavoidable. Built on an ultra-dense 2520D polyester base and paired with a specialized oil-resistant TPU formulation, this material maintains structural integrity, flexibility, and sealing performance even under continuous [&hellip;]<\/p>","protected":false},"featured_media":1175,"comment_status":"open","ping_status":"closed","template":"","meta":{"_acf_changed":false},"product_brand":[],"product_cat":[35],"product_tag":[],"class_list":{"0":"post-1984","1":"product","2":"type-product","3":"status-publish","4":"has-post-thumbnail","6":"product_cat-industrial-tpu-fabrics","8":"first","9":"instock","10":"shipping-taxable","11":"product-type-simple"},"acf":[],"_links":{"self":[{"href":"https:\/\/tpufabrics.com\/vi\/wp-json\/wp\/v2\/product\/1984","targetHints":{"allow":["GET"]}}],"collection":[{"href":"https:\/\/tpufabrics.com\/vi\/wp-json\/wp\/v2\/product"}],"about":[{"href":"https:\/\/tpufabrics.com\/vi\/wp-json\/wp\/v2\/types\/product"}],"replies":[{"embeddable":true,"href":"https:\/\/tpufabrics.com\/vi\/wp-json\/wp\/v2\/comments?post=1984"}],"wp:featuredmedia":[{"embeddable":true,"href":"https:\/\/tpufabrics.com\/vi\/wp-json\/wp\/v2\/media\/1175"}],"wp:attachment":[{"href":"https:\/\/tpufabrics.com\/vi\/wp-json\/wp\/v2\/media?parent=1984"}],"wp:term":[{"taxonomy":"product_brand","embeddable":true,"href":"https:\/\/tpufabrics.com\/vi\/wp-json\/wp\/v2\/product_brand?post=1984"},{"taxonomy":"product_cat","embeddable":true,"href":"https:\/\/tpufabrics.com\/vi\/wp-json\/wp\/v2\/product_cat?post=1984"},{"taxonomy":"product_tag","embeddable":true,"href":"https:\/\/tpufabrics.com\/vi\/wp-json\/wp\/v2\/product_tag?post=1984"}],"curies":[{"name":"wp","href":"https:\/\/api.w.org\/{rel}","templated":true}]}}