{"id":1983,"date":"2026-03-26T15:06:49","date_gmt":"2026-03-26T15:06:49","guid":{"rendered":"https:\/\/tpufabrics.com\/?post_type=product&#038;p=1983"},"modified":"2026-03-26T15:07:46","modified_gmt":"2026-03-26T15:07:46","slug":"xl-tpu-coated-600d-polyester-pu-black","status":"publish","type":"product","link":"https:\/\/tpufabrics.com\/vi\/product\/xl-tpu-coated-600d-polyester-pu-black\/","title":{"rendered":"V\u1ea3i polyester 600D ph\u1ee7 TPU c\u1ee1 XL - M\u00e0u \u0111en"},"content":{"rendered":"<div data-page-id=\"C9sSdUjs9oLVt2xFUYcc2kNtn7c\" data-lark-html-role=\"root\" data-docx-has-block-data=\"false\">\n<div class=\"ace-line ace-line old-record-id-VT27dScGRoEaboxYjbGc2UmBn6d\">Polyester 600D ph\u1ee7 TPU XL + PU \u2013 \u0110en \u0111\u01b0\u1ee3c ph\u00e1t tri\u1ec3n d\u00e0nh cho c\u00e1c nh\u00e0 s\u1ea3n xu\u1ea5t c\u1ea7n c\u1ea3 \u0111\u1ed9 b\u1ec1n c\u1ea5u tr\u00fac v\u00e0 kh\u1ea3 n\u0103ng ch\u1ed1ng th\u1ea5m n\u01b0\u1edbc c\u00f3 ch\u1ecdn l\u1ecdc trong c\u00f9ng m\u1ed9t lo\u1ea1i v\u1eadt li\u1ec7u.<\/div>\n<div class=\"ace-line ace-line old-record-id-NaqDdhnYYoPsRRxCW7KcjD5un0b\">B\u1eb1ng c\u00e1ch k\u1ebft h\u1ee3p l\u1edbp ngo\u00e0i ph\u1ee7 PU ch\u1eafc ch\u1eafn v\u1edbi l\u1edbp trong b\u1eb1ng TPU c\u00f3 th\u1ec3 h\u00e0n, lo\u1ea1i v\u1ea3i lai n\u00e0y h\u1ed7 tr\u1ee3 hai ph\u01b0\u01a1ng ph\u00e1p s\u1ea3n xu\u1ea5t\u2014may truy\u1ec1n th\u1ed1ng v\u00e0 h\u00e0n RF\u2014trong c\u00f9ng m\u1ed9t s\u1ea3n ph\u1ea9m. \u0110i\u1ec1u n\u00e0y l\u00e0m cho n\u00f3 \u0111\u1eb7c bi\u1ec7t ph\u00f9 h\u1ee3p v\u1edbi c\u00e1c thi\u1ebft b\u1ecb c\u1ea7n c\u1ea5u tr\u00fac b\u00ean ngo\u00e0i gia c\u01b0\u1eddng c\u00f9ng v\u1edbi c\u00e1c ng\u0103n b\u00ean trong ho\u00e0n to\u00e0n ch\u1ed1ng n\u01b0\u1edbc.<\/div>\n<\/div>","protected":false},"excerpt":{"rendered":"<p>XL TPU Coated 600D Polyester + PU &#8211; Black is developed for manufacturers who need both structural durability and selective waterproof construction in a single material. By combining a rugged PU-coated exterior with a weldable TPU interior, this hybrid fabric supports dual manufacturing methods\u2014traditional sewing and RF welding\u2014within the same product. This makes it especially [&hellip;]<\/p>","protected":false},"featured_media":1393,"comment_status":"open","ping_status":"closed","template":"","meta":{"_acf_changed":false},"product_brand":[],"product_cat":[35],"product_tag":[],"class_list":{"0":"post-1983","1":"product","2":"type-product","3":"status-publish","4":"has-post-thumbnail","6":"product_cat-industrial-tpu-fabrics","8":"first","9":"instock","10":"shipping-taxable","11":"product-type-simple"},"acf":[],"_links":{"self":[{"href":"https:\/\/tpufabrics.com\/vi\/wp-json\/wp\/v2\/product\/1983","targetHints":{"allow":["GET"]}}],"collection":[{"href":"https:\/\/tpufabrics.com\/vi\/wp-json\/wp\/v2\/product"}],"about":[{"href":"https:\/\/tpufabrics.com\/vi\/wp-json\/wp\/v2\/types\/product"}],"replies":[{"embeddable":true,"href":"https:\/\/tpufabrics.com\/vi\/wp-json\/wp\/v2\/comments?post=1983"}],"wp:featuredmedia":[{"embeddable":true,"href":"https:\/\/tpufabrics.com\/vi\/wp-json\/wp\/v2\/media\/1393"}],"wp:attachment":[{"href":"https:\/\/tpufabrics.com\/vi\/wp-json\/wp\/v2\/media?parent=1983"}],"wp:term":[{"taxonomy":"product_brand","embeddable":true,"href":"https:\/\/tpufabrics.com\/vi\/wp-json\/wp\/v2\/product_brand?post=1983"},{"taxonomy":"product_cat","embeddable":true,"href":"https:\/\/tpufabrics.com\/vi\/wp-json\/wp\/v2\/product_cat?post=1983"},{"taxonomy":"product_tag","embeddable":true,"href":"https:\/\/tpufabrics.com\/vi\/wp-json\/wp\/v2\/product_tag?post=1983"}],"curies":[{"name":"wp","href":"https:\/\/api.w.org\/{rel}","templated":true}]}}