{"id":1982,"date":"2026-03-26T14:45:29","date_gmt":"2026-03-26T14:45:29","guid":{"rendered":"https:\/\/tpufabrics.com\/?post_type=product&#038;p=1982"},"modified":"2026-03-26T14:45:29","modified_gmt":"2026-03-26T14:45:29","slug":"xl-tpu-coated-500d-polyester-camouflage","status":"publish","type":"product","link":"https:\/\/tpufabrics.com\/vi\/product\/xl-tpu-coated-500d-polyester-camouflage\/","title":{"rendered":"XL Polyester 500D ph\u1ee7 TPU - Ng\u1ee5y trang"},"content":{"rendered":"<div data-page-id=\"Qk0sdQ0cuooLGzxRzqqc45pVnCc\" data-lark-html-role=\"root\" data-docx-has-block-data=\"false\">\n<div class=\"ace-line ace-line old-record-id-LSZQd6ahNoH8HdxWFWzcAj50nsO\">\n<div data-page-id=\"Qk0sdQ0cuooLGzxRzqqc45pVnCc\" data-lark-html-role=\"root\" data-docx-has-block-data=\"false\">\n<div class=\"ace-line ace-line old-record-id-X1Mhdx9cFo3Q8Axm2GKcYkVFnTO\">Polyester 500D ph\u1ee7 TPU XL \u2013 Ng\u1ee5y trang \u0111\u01b0\u1ee3c thi\u1ebft k\u1ebf cho c\u00e1c h\u1ec7 th\u1ed1ng ch\u1ee9a n\u01b0\u1edbc c\u00f3 th\u1ec3 g\u1ea5p g\u1ecdn, s\u1eed d\u1ee5ng trong m\u00f4i tr\u01b0\u1eddng ngo\u00e0i tr\u1eddi, t\u00e1c chi\u1ebfn v\u00e0 c\u00e1c khu v\u1ef1c kh\u00f4ng k\u1ebft n\u1ed1i l\u01b0\u1edbi \u0111i\u1ec7n. S\u1ea3n ph\u1ea9m n\u00e0y k\u1ebft h\u1ee3p l\u1edbp n\u1ec1n polyester 500D b\u1ec1n b\u1ec9 v\u1edbi l\u1edbp b\u00ean trong TPU \u0111\u00e1ng tin c\u1eady, gi\u00fap ch\u1ee9a ch\u1ea5t l\u1ecfng v\u1edbi dung t\u00edch l\u1edbn m\u00e0 v\u1eabn gi\u1eef \u0111\u01b0\u1ee3c t\u00ednh c\u01a1 \u0111\u1ed9ng.<\/div>\n<div class=\"ace-line ace-line old-record-id-GqzXdZ7t3oxliJxd39Uc9RP9nlc\">B\u1ec1 m\u1eb7t ng\u1ee5y trang gi\u00fap gi\u1ea3m s\u1ef1 l\u1ed9 di\u1ec7n tr\u01b0\u1edbc m\u1eaft trong m\u00f4i tr\u01b0\u1eddng t\u1ef1 nhi\u00ean, trong khi c\u1ea5u tr\u00fac linh ho\u1ea1t cho ph\u00e9p c\u00e1c b\u00ecnh ch\u1ee9a v\u00e0 t\u00fai \u0111\u1ef1ng \u0111\u01b0\u1ee3c g\u1ea5p g\u1ecdn, v\u1eadn chuy\u1ec3n v\u00e0 tri\u1ec3n khai d\u1ec5 d\u00e0ng. V\u1eadt li\u1ec7u n\u00e0y \u0111\u1eb7c bi\u1ec7t ph\u00f9 h\u1ee3p cho c\u00e1c \u1ee9ng d\u1ee5ng c\u1ea7n l\u01b0u tr\u1eef n\u01b0\u1edbc v\u1eeba k\u00edn \u0111\u00e1o v\u1eeba \u0111\u00e1ng tin c\u1eady trong \u0111i\u1ec1u ki\u1ec7n th\u1ef1c \u0111\u1ecba.<\/div>\n<\/div>\n<\/div>\n<\/div>","protected":false},"excerpt":{"rendered":"<p>XL TPU Coated 500D Polyester \u2013 Camouflage is designed for collapsible water storage systems used in outdoor, tactical, and off-grid environments. It combines a rugged 500D polyester base with a reliable TPU inner layer to support large-volume liquid containment while maintaining portability. The camouflage surface helps reduce visual exposure in natural surroundings, while the flexible [&hellip;]<\/p>","protected":false},"featured_media":1172,"comment_status":"open","ping_status":"closed","template":"","meta":{"_acf_changed":false},"product_brand":[],"product_cat":[35],"product_tag":[],"class_list":{"0":"post-1982","1":"product","2":"type-product","3":"status-publish","4":"has-post-thumbnail","6":"product_cat-industrial-tpu-fabrics","8":"first","9":"instock","10":"shipping-taxable","11":"product-type-simple"},"acf":[],"_links":{"self":[{"href":"https:\/\/tpufabrics.com\/vi\/wp-json\/wp\/v2\/product\/1982","targetHints":{"allow":["GET"]}}],"collection":[{"href":"https:\/\/tpufabrics.com\/vi\/wp-json\/wp\/v2\/product"}],"about":[{"href":"https:\/\/tpufabrics.com\/vi\/wp-json\/wp\/v2\/types\/product"}],"replies":[{"embeddable":true,"href":"https:\/\/tpufabrics.com\/vi\/wp-json\/wp\/v2\/comments?post=1982"}],"wp:featuredmedia":[{"embeddable":true,"href":"https:\/\/tpufabrics.com\/vi\/wp-json\/wp\/v2\/media\/1172"}],"wp:attachment":[{"href":"https:\/\/tpufabrics.com\/vi\/wp-json\/wp\/v2\/media?parent=1982"}],"wp:term":[{"taxonomy":"product_brand","embeddable":true,"href":"https:\/\/tpufabrics.com\/vi\/wp-json\/wp\/v2\/product_brand?post=1982"},{"taxonomy":"product_cat","embeddable":true,"href":"https:\/\/tpufabrics.com\/vi\/wp-json\/wp\/v2\/product_cat?post=1982"},{"taxonomy":"product_tag","embeddable":true,"href":"https:\/\/tpufabrics.com\/vi\/wp-json\/wp\/v2\/product_tag?post=1982"}],"curies":[{"name":"wp","href":"https:\/\/api.w.org\/{rel}","templated":true}]}}