{"id":1978,"date":"2026-03-24T09:47:53","date_gmt":"2026-03-24T09:47:53","guid":{"rendered":"https:\/\/tpufabrics.com\/?post_type=product&#038;p=1978"},"modified":"2026-03-24T09:47:53","modified_gmt":"2026-03-24T09:47:53","slug":"xl-tpu-coated-1000d-polyester-red","status":"publish","type":"product","link":"https:\/\/tpufabrics.com\/vi\/product\/xl-tpu-coated-1000d-polyester-red\/","title":{"rendered":"V\u1ea3i polyester 1000D ph\u1ee7 TPU c\u1ee1 XL - M\u00e0u \u0111\u1ecf"},"content":{"rendered":"<div data-page-id=\"UZFad1xy6oDYGXxB2vNcUDynnLg\" data-lark-html-role=\"root\" data-docx-has-block-data=\"false\">\n<div class=\"ace-line ace-line old-record-id-GUGDduFjWotvZKx5USVci1y6nAh\"><strong>XL <\/strong><strong>TPU<\/strong><strong> Polyester 1000D ph\u1ee7 - M\u00e0u \u0110\u1ecf<\/strong> l\u00e0 lo\u1ea1i v\u1ea3i polyester ph\u1ee7 TPU hai m\u1eb7t c\u1ef1c b\u1ec1n, \u0111\u01b0\u1ee3c thi\u1ebft k\u1ebf d\u00e0nh cho c\u00e1c \u1ee9ng d\u1ee5ng c\u00f4ng nghi\u1ec7p ch\u1ecbu \u00e1p l\u1ef1c cao, b\u01a1m h\u01a1i v\u00e0 ch\u1ee9a ch\u1ea5t l\u1ecfng. V\u1edbi n\u1ec1n polyester 1000D si\u00eau \u0111\u1eb7c, v\u1eadt li\u1ec7u n\u00e0y mang \u0111\u1ebfn kh\u1ea3 n\u0103ng ch\u1ed1ng m\u00e0i m\u00f2n, \u0111\u00e2m th\u1ee7ng, x\u00e9 r\u00e1ch v\u00e0 m\u1ecfi c\u01a1 h\u1ecdc l\u00e2u d\u00e0i v\u01b0\u1ee3t tr\u1ed9i. L\u1edbp ph\u1ee7 TPU ho\u00e0n to\u00e0n \u1edf c\u1ea3 hai m\u1eb7t t\u1ea1o n\u00ean m\u1ed9t r\u00e0o c\u1ea3n k\u00edn kh\u00ed v\u00e0 ch\u1ed1ng n\u01b0\u1edbc tuy\u1ec7t \u0111\u1ed1i, r\u1ea5t ph\u00f9 h\u1ee3p cho c\u00e1c h\u1ec7 th\u1ed1ng b\u01a1m h\u01a1i \u00e1p su\u1ea5t cao v\u00e0 c\u00e1c gi\u1ea3i ph\u00e1p ch\u1ee9a ch\u1ea5t l\u1ecfng quan tr\u1ecdng.<\/div>\n<div class=\"ace-line ace-line old-record-id-NqbQdzEn8oxdkEx7eZ6cyoK9nyc\">\u0110\u01b0\u1ee3c thi\u1ebft k\u1ebf cho nh\u1eefng m\u00f4i tr\u01b0\u1eddng m\u00e0 s\u1ef1 th\u1ea5t b\u1ea1i kh\u00f4ng \u0111\u01b0\u1ee3c ph\u00e9p x\u1ea3y ra, lo\u1ea1i v\u1ea3i ph\u1ee7 TPU h\u1ea1ng n\u1eb7ng n\u00e0y h\u1ed7 tr\u1ee3 h\u00e0n RF\/HF \u0111\u1ec3 t\u1ea1o ra c\u00e1c \u0111\u01b0\u1eddng may li\u1ec1n m\u1ea1ch, k\u00edn kh\u00ed v\u1edbi \u0111\u1ed9 b\u1ec1n c\u1ea5u tr\u00fac v\u01b0\u1ee3t tr\u1ed9i. M\u00e0u \u0111\u1ecf d\u1ec5 nh\u00ecn gi\u00fap t\u0103ng c\u01b0\u1eddng an to\u00e0n trong c\u00e1c ho\u1ea1t \u0111\u1ed9ng c\u00f4ng nghi\u1ec7p, c\u1ee9u h\u1ed9 v\u00e0 ngo\u00e0i tr\u1eddi, trong khi l\u00f5i polyester \u0111\u1ea3m b\u1ea3o kh\u1ea3 n\u0103ng ch\u1ed1ng tia UV v\u00e0 \u1ed5n \u0111\u1ecbnh k\u00edch th\u01b0\u1edbc v\u01b0\u1ee3t tr\u1ed9i d\u01b0\u1edbi t\u00e1c \u0111\u1ed9ng k\u00e9o d\u00e0i.<\/div>\n<\/div>","protected":false},"excerpt":{"rendered":"<p>XL TPU Coated 1000D Polyester \u2013 Red is an extreme-duty, double-sided TPU coated polyester fabric engineered for high-stress industrial, inflatable, and containment applications. Built on an ultra-dense 1000D polyester base, this material delivers exceptional resistance to abrasion, punctures, tearing, and long-term mechanical fatigue. The full TPU encapsulation on both sides creates a highly airtight and [&hellip;]<\/p>","protected":false},"featured_media":1286,"comment_status":"open","ping_status":"closed","template":"","meta":{"_acf_changed":false},"product_brand":[],"product_cat":[35],"product_tag":[],"class_list":{"0":"post-1978","1":"product","2":"type-product","3":"status-publish","4":"has-post-thumbnail","6":"product_cat-industrial-tpu-fabrics","8":"first","9":"instock","10":"shipping-taxable","11":"product-type-simple"},"acf":[],"_links":{"self":[{"href":"https:\/\/tpufabrics.com\/vi\/wp-json\/wp\/v2\/product\/1978","targetHints":{"allow":["GET"]}}],"collection":[{"href":"https:\/\/tpufabrics.com\/vi\/wp-json\/wp\/v2\/product"}],"about":[{"href":"https:\/\/tpufabrics.com\/vi\/wp-json\/wp\/v2\/types\/product"}],"replies":[{"embeddable":true,"href":"https:\/\/tpufabrics.com\/vi\/wp-json\/wp\/v2\/comments?post=1978"}],"wp:featuredmedia":[{"embeddable":true,"href":"https:\/\/tpufabrics.com\/vi\/wp-json\/wp\/v2\/media\/1286"}],"wp:attachment":[{"href":"https:\/\/tpufabrics.com\/vi\/wp-json\/wp\/v2\/media?parent=1978"}],"wp:term":[{"taxonomy":"product_brand","embeddable":true,"href":"https:\/\/tpufabrics.com\/vi\/wp-json\/wp\/v2\/product_brand?post=1978"},{"taxonomy":"product_cat","embeddable":true,"href":"https:\/\/tpufabrics.com\/vi\/wp-json\/wp\/v2\/product_cat?post=1978"},{"taxonomy":"product_tag","embeddable":true,"href":"https:\/\/tpufabrics.com\/vi\/wp-json\/wp\/v2\/product_tag?post=1978"}],"curies":[{"name":"wp","href":"https:\/\/api.w.org\/{rel}","templated":true}]}}