{"id":1977,"date":"2026-03-24T09:42:40","date_gmt":"2026-03-24T09:42:40","guid":{"rendered":"https:\/\/tpufabrics.com\/?post_type=product&#038;p=1977"},"modified":"2026-03-24T09:43:18","modified_gmt":"2026-03-24T09:43:18","slug":"xl-tpu-coated-600d-polyester-fluorescent-pink","status":"publish","type":"product","link":"https:\/\/tpufabrics.com\/vi\/product\/xl-tpu-coated-600d-polyester-fluorescent-pink\/","title":{"rendered":"V\u1ea3i polyester 600D ph\u1ee7 TPU c\u1ee1 XL - M\u00e0u h\u1ed3ng hu\u1ef3nh quang"},"content":{"rendered":"<div data-page-id=\"IfZsd5U9yoMM3dxuoAIc6SWhnWe\" data-lark-html-role=\"root\" data-docx-has-block-data=\"false\">\n<div class=\"ace-line ace-line old-record-id-JFRBdMPYpo8WwtxBYWHcu5V9nLf\">Polyester 600D ph\u1ee7 TPU XL m\u00e0u h\u1ed3ng hu\u1ef3nh quang c\u00f3 kh\u1ea3 n\u0103ng hi\u1ec3n th\u1ecb cao n\u00e0y l\u00e0 lo\u1ea1i v\u1ea3i b\u1ec1n, \u0111a n\u0103ng v\u00e0 ch\u1ed1ng ch\u1ecbu th\u1eddi ti\u1ebft, \u0111\u01b0\u1ee3c thi\u1ebft k\u1ebf cho c\u1ea3 m\u1ee5c \u0111\u00edch an to\u00e0n v\u00e0 \u1ee9ng d\u1ee5ng ngo\u00e0i tr\u1eddi. K\u1ebft h\u1ee3p l\u1edbp n\u1ec1n polyester 600D ch\u1eafc ch\u1eafn v\u1edbi l\u1edbp ph\u1ee7 TPU ho\u00e0n to\u00e0n, s\u1ea3n ph\u1ea9m mang \u0111\u1ebfn kh\u1ea3 n\u0103ng ch\u1ed1ng m\u00e0i m\u00f2n v\u01b0\u1ee3t tr\u1ed9i, \u0111\u1ed9 b\u1ec1n x\u00e9 v\u00e0 hi\u1ec7u su\u1ea5t ch\u1ed1ng th\u1ea5m n\u01b0\u1edbc.<\/div>\n<div class=\"ace-line ace-line old-record-id-JFRBdMPYpo8WwtxBYWHcu5V9nLf\">M\u00e0u s\u1eafc r\u1ef1c r\u1ee1 c\u1ee7a n\u00f3 t\u0103ng c\u01b0\u1eddng kh\u1ea3 n\u0103ng nh\u00ecn th\u1ea5y trong m\u00f4i tr\u01b0\u1eddng \u00e1nh s\u00e1ng y\u1ebfu v\u00e0 ph\u1ee9c t\u1ea1p, khi\u1ebfn n\u00f3 tr\u1edf n\u00ean l\u00fd t\u01b0\u1edfng cho ba l\u00f4 hi\u1ec7u su\u1ea5t cao, thi\u1ebft b\u1ecb b\u1ea3o h\u1ed9, thi\u1ebft b\u1ecb ngo\u00e0i tr\u1eddi v\u00e0 b\u1ea1t b\u1ea3o v\u1ec7 c\u00f4ng nghi\u1ec7p. V\u1eadt li\u1ec7u n\u00e0y c\u00f3 th\u1ec3 h\u00e0n b\u1eb1ng HF\/RF, cho ph\u00e9p c\u00e1c nh\u00e0 s\u1ea3n xu\u1ea5t t\u1ea1o ra nh\u1eefng thi\u1ebft k\u1ebf k\u00edn n\u01b0\u1edbc, b\u1ec1n l\u00e2u m\u00e0 kh\u00f4ng \u0111\u00e1nh m\u1ea5t t\u00ednh linh ho\u1ea1t.<\/div>\n<\/div>","protected":false},"excerpt":{"rendered":"<p>This high-visibility, fluorescent pink XL TPU Coated 600D Polyester is a durable, versatile, and weather-resistant fabric designed for both safety and outdoor applications. Combining a rugged 600D polyester base with a full TPU coating, it offers superior abrasion resistance, tear strength, and waterproof performance. Its bright color enhances visibility in low-light and complex environments, making [&hellip;]<\/p>","protected":false},"featured_media":1284,"comment_status":"open","ping_status":"closed","template":"","meta":{"_acf_changed":false},"product_brand":[],"product_cat":[35],"product_tag":[],"class_list":{"0":"post-1977","1":"product","2":"type-product","3":"status-publish","4":"has-post-thumbnail","6":"product_cat-industrial-tpu-fabrics","8":"first","9":"instock","10":"shipping-taxable","11":"product-type-simple"},"acf":[],"_links":{"self":[{"href":"https:\/\/tpufabrics.com\/vi\/wp-json\/wp\/v2\/product\/1977","targetHints":{"allow":["GET"]}}],"collection":[{"href":"https:\/\/tpufabrics.com\/vi\/wp-json\/wp\/v2\/product"}],"about":[{"href":"https:\/\/tpufabrics.com\/vi\/wp-json\/wp\/v2\/types\/product"}],"replies":[{"embeddable":true,"href":"https:\/\/tpufabrics.com\/vi\/wp-json\/wp\/v2\/comments?post=1977"}],"wp:featuredmedia":[{"embeddable":true,"href":"https:\/\/tpufabrics.com\/vi\/wp-json\/wp\/v2\/media\/1284"}],"wp:attachment":[{"href":"https:\/\/tpufabrics.com\/vi\/wp-json\/wp\/v2\/media?parent=1977"}],"wp:term":[{"taxonomy":"product_brand","embeddable":true,"href":"https:\/\/tpufabrics.com\/vi\/wp-json\/wp\/v2\/product_brand?post=1977"},{"taxonomy":"product_cat","embeddable":true,"href":"https:\/\/tpufabrics.com\/vi\/wp-json\/wp\/v2\/product_cat?post=1977"},{"taxonomy":"product_tag","embeddable":true,"href":"https:\/\/tpufabrics.com\/vi\/wp-json\/wp\/v2\/product_tag?post=1977"}],"curies":[{"name":"wp","href":"https:\/\/api.w.org\/{rel}","templated":true}]}}