{"id":1974,"date":"2026-03-24T09:33:19","date_gmt":"2026-03-24T09:33:19","guid":{"rendered":"https:\/\/tpufabrics.com\/?post_type=product&#038;p=1974"},"modified":"2026-03-24T09:35:04","modified_gmt":"2026-03-24T09:35:04","slug":"xl-tpu-coated-500d-polyester-moss-green","status":"publish","type":"product","link":"https:\/\/tpufabrics.com\/vi\/product\/xl-tpu-coated-500d-polyester-moss-green\/","title":{"rendered":"V\u1ea3i polyester 500D ph\u1ee7 TPU c\u1ee1 XL - M\u00e0u xanh r\u00eau"},"content":{"rendered":"<div data-page-id=\"LIq6dyQ6XosNv8x8ONDcU4E7nig\" data-lark-html-role=\"root\" data-docx-has-block-data=\"false\">\n<div class=\"ace-line ace-line old-record-id-BfcXdy0t3o6TmbxoIpac7Y28npb\">\n<div data-page-id=\"LIq6dyQ6XosNv8x8ONDcU4E7nig\" data-lark-html-role=\"root\" data-docx-has-block-data=\"false\">\n<div class=\"ace-line ace-line old-record-id-BfcXdy0t3o6TmbxoIpac7Y28npb\">V\u1ea3i polyester TPU hai m\u1eb7t ch\u1ecbu l\u1ef1c cao d\u00e0nh cho c\u00e1c c\u1ea5u tr\u00fac b\u01a1m h\u01a1i k\u00edn kh\u00ed v\u00e0 h\u1ec7 th\u1ed1ng ng\u0103n ch\u1eb7n c\u00f4ng nghi\u1ec7p.<\/div>\n<div><\/div>\n<div class=\"ace-line ace-line old-record-id-FAGDd2rJeoJfURx9dnWcxh0sn5e\">Lo\u1ea1i v\u1ea3i polyester 500D n\u00e0y \u0111\u01b0\u1ee3c ph\u1ee7 ho\u00e0n to\u00e0n b\u1eb1ng TPU d\u00f2ng XL \u1edf c\u1ea3 hai m\u1eb7t, mang l\u1ea1i kh\u1ea3 n\u0103ng gi\u1eef kh\u00ed v\u01b0\u1ee3t tr\u1ed9i, ch\u1ed1ng m\u00e0i m\u00f2n v\u00e0 \u0111\u1ed9 b\u1ec1n c\u1ea5u tr\u00fac tuy\u1ec7t v\u1eddi. L\u00fd t\u01b0\u1edfng cho c\u00e1c s\u1ea3n ph\u1ea9m b\u01a1m h\u01a1i \u00e1p su\u1ea5t cao, b\u1ec3 ch\u1ee9a linh ho\u1ea1t v\u00e0 c\u00e1c \u1ee9ng d\u1ee5ng c\u00f4ng nghi\u1ec7p ngo\u00e0i tr\u1eddi d\u00e0i h\u1ea1n.<\/div>\n<\/div>\n<\/div>\n<\/div>","protected":false},"excerpt":{"rendered":"<p>V\u1ea3i polyester TPU hai m\u1eb7t ch\u1ecbu l\u1ef1c d\u00e0nh cho c\u00e1c c\u1ea5u tr\u00fac b\u01a1m h\u01a1i k\u00edn kh\u00ed v\u00e0 ng\u0103n ch\u1ee9a c\u00f4ng nghi\u1ec7p. Lo\u1ea1i v\u1ea3i polyester 500D n\u00e0y \u0111\u01b0\u1ee3c ph\u1ee7 ho\u00e0n to\u00e0n b\u1eb1ng TPU d\u00f2ng XL \u1edf c\u1ea3 hai m\u1eb7t, mang l\u1ea1i kh\u1ea3 n\u0103ng gi\u1eef kh\u00ed v\u01b0\u1ee3t tr\u1ed9i, ch\u1ed1ng m\u00e0i m\u00f2n v\u00e0 \u0111\u1ed9 b\u1ec1n c\u1ea5u tr\u00fac tuy\u1ec7t v\u1eddi. Th\u00edch h\u1ee3p cho c\u00e1c s\u1ea3n ph\u1ea9m b\u01a1m h\u01a1i \u00e1p su\u1ea5t cao, b\u1ec3 ch\u1ee9a linh ho\u1ea1t v\u00e0 c\u00e1c \u1ee9ng d\u1ee5ng c\u00f4ng nghi\u1ec7p ngo\u00e0i tr\u1eddi d\u00e0i h\u1ea1n.<\/p>","protected":false},"featured_media":1272,"comment_status":"open","ping_status":"closed","template":"","meta":{"_acf_changed":false},"product_brand":[],"product_cat":[35],"product_tag":[],"class_list":{"0":"post-1974","1":"product","2":"type-product","3":"status-publish","4":"has-post-thumbnail","6":"product_cat-industrial-tpu-fabrics","8":"first","9":"instock","10":"shipping-taxable","11":"product-type-simple"},"acf":[],"_links":{"self":[{"href":"https:\/\/tpufabrics.com\/vi\/wp-json\/wp\/v2\/product\/1974","targetHints":{"allow":["GET"]}}],"collection":[{"href":"https:\/\/tpufabrics.com\/vi\/wp-json\/wp\/v2\/product"}],"about":[{"href":"https:\/\/tpufabrics.com\/vi\/wp-json\/wp\/v2\/types\/product"}],"replies":[{"embeddable":true,"href":"https:\/\/tpufabrics.com\/vi\/wp-json\/wp\/v2\/comments?post=1974"}],"wp:featuredmedia":[{"embeddable":true,"href":"https:\/\/tpufabrics.com\/vi\/wp-json\/wp\/v2\/media\/1272"}],"wp:attachment":[{"href":"https:\/\/tpufabrics.com\/vi\/wp-json\/wp\/v2\/media?parent=1974"}],"wp:term":[{"taxonomy":"product_brand","embeddable":true,"href":"https:\/\/tpufabrics.com\/vi\/wp-json\/wp\/v2\/product_brand?post=1974"},{"taxonomy":"product_cat","embeddable":true,"href":"https:\/\/tpufabrics.com\/vi\/wp-json\/wp\/v2\/product_cat?post=1974"},{"taxonomy":"product_tag","embeddable":true,"href":"https:\/\/tpufabrics.com\/vi\/wp-json\/wp\/v2\/product_tag?post=1974"}],"curies":[{"name":"wp","href":"https:\/\/api.w.org\/{rel}","templated":true}]}}