{"id":1885,"date":"2026-03-18T07:23:41","date_gmt":"2026-03-18T07:23:41","guid":{"rendered":"https:\/\/tpufabrics.com\/?post_type=product&#038;p=1885"},"modified":"2026-03-18T07:34:32","modified_gmt":"2026-03-18T07:34:32","slug":"xl-double-sided-tpu-coated-20d-ripstop-nylon-white","status":"publish","type":"product","link":"https:\/\/tpufabrics.com\/vi\/product\/xl-double-sided-tpu-coated-20d-ripstop-nylon-white\/","title":{"rendered":"XL V\u1ea3i nylon ripstop 20D ph\u1ee7 TPU hai m\u1eb7t - M\u00e0u tr\u1eafng"},"content":{"rendered":"<div data-page-id=\"DNa2dPjZVoHOU3xrIaZcxsCtnfm\" data-lark-html-role=\"root\" data-docx-has-block-data=\"false\">\n<div class=\"ace-line ace-line old-record-id-LWBMdKvyCotjVVxl3fychq9unFg\">M\u1ed9t lo\u1ea1i v\u1ea3i nylon ripstop ph\u1ee7 TPU si\u00eau nh\u1eb9, an to\u00e0n th\u1ef1c ph\u1ea9m v\u00e0 trung t\u00ednh v\u1ec1 m\u00f9i v\u1ecb, \u0111\u01b0\u1ee3c ph\u00e1t tri\u1ec3n d\u00e0nh cho c\u00e1c b\u00ecnh ch\u1ee9a n\u01b0\u1edbc v\u00e0 h\u1ec7 th\u1ed1ng l\u01b0u tr\u1eef n\u01b0\u1edbc u\u1ed1ng.<\/div>\n<div><\/div>\n<div class=\"ace-line ace-line old-record-id-FgM6dHh4SoSNVhx2ulIcLyaqnpb\">C\u1ea5u tr\u00fac TPU hai m\u1eb7t t\u1ea1o ra b\u1ec1 m\u1eb7t b\u00ean trong s\u1ea1ch s\u1ebd \u0111\u1ec3 ti\u1ebfp x\u00fac tr\u1ef1c ti\u1ebfp v\u1edbi n\u01b0\u1edbc, gi\u00fap duy tr\u00ec \u0111\u1ed9 t\u01b0\u01a1i m\u1edbi, an to\u00e0n v\u00e0 hi\u1ec7u su\u1ea5t \u1ed5n \u0111\u1ecbnh trong c\u00e1c \u1ee9ng d\u1ee5ng ngo\u00e0i tr\u1eddi v\u00e0 y t\u1ebf kh\u1eafc nghi\u1ec7t.<\/div>\n<\/div>","protected":false},"excerpt":{"rendered":"<p>M\u1ed9t lo\u1ea1i v\u1ea3i nylon ripstop ph\u1ee7 TPU si\u00eau nh\u1eb9, an to\u00e0n th\u1ef1c ph\u1ea9m v\u00e0 trung t\u00ednh v\u1ec1 h\u01b0\u01a1ng v\u1ecb, \u0111\u01b0\u1ee3c ph\u00e1t tri\u1ec3n d\u00e0nh cho c\u00e1c b\u00ecnh ch\u1ee9a n\u01b0\u1edbc v\u00e0 h\u1ec7 th\u1ed1ng l\u01b0u tr\u1eef n\u01b0\u1edbc u\u1ed1ng. C\u1ea5u tr\u00fac TPU hai m\u1eb7t t\u1ea1o ra m\u1ed9t b\u1ec1 m\u1eb7t b\u00ean trong s\u1ea1ch s\u1ebd \u0111\u1ec3 ti\u1ebfp x\u00fac tr\u1ef1c ti\u1ebfp v\u1edbi n\u01b0\u1edbc, gi\u00fap duy tr\u00ec \u0111\u1ed9 t\u01b0\u01a1i ngon, an to\u00e0n v\u00e0 hi\u1ec7u su\u1ea5t \u1ed5n \u0111\u1ecbnh trong c\u00e1c \u1ee9ng d\u1ee5ng ngo\u00e0i tr\u1eddi v\u00e0 y t\u1ebf \u0111\u00f2i h\u1ecfi kh\u1eaft khe.<\/p>","protected":false},"featured_media":1886,"comment_status":"open","ping_status":"closed","template":"","meta":{"_acf_changed":false},"product_brand":[],"product_cat":[34],"product_tag":[],"class_list":{"0":"post-1885","1":"product","2":"type-product","3":"status-publish","4":"has-post-thumbnail","6":"product_cat-airtight-tpu-fabrics","8":"first","9":"instock","10":"shipping-taxable","11":"product-type-simple"},"acf":[],"_links":{"self":[{"href":"https:\/\/tpufabrics.com\/vi\/wp-json\/wp\/v2\/product\/1885","targetHints":{"allow":["GET"]}}],"collection":[{"href":"https:\/\/tpufabrics.com\/vi\/wp-json\/wp\/v2\/product"}],"about":[{"href":"https:\/\/tpufabrics.com\/vi\/wp-json\/wp\/v2\/types\/product"}],"replies":[{"embeddable":true,"href":"https:\/\/tpufabrics.com\/vi\/wp-json\/wp\/v2\/comments?post=1885"}],"wp:featuredmedia":[{"embeddable":true,"href":"https:\/\/tpufabrics.com\/vi\/wp-json\/wp\/v2\/media\/1886"}],"wp:attachment":[{"href":"https:\/\/tpufabrics.com\/vi\/wp-json\/wp\/v2\/media?parent=1885"}],"wp:term":[{"taxonomy":"product_brand","embeddable":true,"href":"https:\/\/tpufabrics.com\/vi\/wp-json\/wp\/v2\/product_brand?post=1885"},{"taxonomy":"product_cat","embeddable":true,"href":"https:\/\/tpufabrics.com\/vi\/wp-json\/wp\/v2\/product_cat?post=1885"},{"taxonomy":"product_tag","embeddable":true,"href":"https:\/\/tpufabrics.com\/vi\/wp-json\/wp\/v2\/product_tag?post=1885"}],"curies":[{"name":"wp","href":"https:\/\/api.w.org\/{rel}","templated":true}]}}