{"id":1884,"date":"2026-03-18T07:16:37","date_gmt":"2026-03-18T07:16:37","guid":{"rendered":"https:\/\/tpufabrics.com\/?post_type=product&#038;p=1884"},"modified":"2026-03-18T07:26:38","modified_gmt":"2026-03-18T07:26:38","slug":"xl-tpu-coated-300d-polyester-blue","status":"publish","type":"product","link":"https:\/\/tpufabrics.com\/vi\/product\/xl-tpu-coated-300d-polyester-blue\/","title":{"rendered":"V\u1ea3i polyester 300D ph\u1ee7 TPU c\u1ee1 XL - M\u00e0u xanh"},"content":{"rendered":"<div data-page-id=\"XUV2dh39No3PHbxsd6acQD1nnSd\" data-lark-html-role=\"root\" data-docx-has-block-data=\"false\">\n<div class=\"ace-line ace-line old-record-id-TLiMdJh6Po5GYNxPIMnc7XvKnZd\">V\u1ea3i polyester 300D ph\u1ee7 h\u1ed7n h\u1ee3p k\u1ebft h\u1ee3p b\u1ec1 m\u1eb7t ngo\u00e0i \u0111\u01b0\u1ee3c b\u1ea3o v\u1ec7 b\u1eb1ng PU v\u1edbi l\u1edbp trong \u0111\u01b0\u1ee3c \u00e9p TPU, \u0111\u01b0\u1ee3c thi\u1ebft k\u1ebf \u0111\u1ec3 t\u1ea1o ra c\u00e1c thi\u1ebft b\u1ecb b\u1ec1n, ch\u1ed1ng n\u01b0\u1edbc, h\u1ed7 tr\u1ee3 c\u1ea3 ph\u01b0\u01a1ng ph\u00e1p may v\u00e0 h\u00e0n HF.<\/div>\n<div><\/div>\n<div class=\"ace-line ace-line old-record-id-DxhLdtMQ7o8NjUxYjj1cNVoHn7c\">V\u1eadt li\u1ec7u hai ch\u1ee9c n\u0103ng n\u00e0y mang \u0111\u1ebfn kh\u1ea3 n\u0103ng ch\u1ed1ng m\u00e0i m\u00f2n \u1edf b\u00ean ngo\u00e0i v\u00e0 m\u1ed9t l\u1edbp ng\u0103n n\u01b0\u1edbc ho\u00e0n to\u00e0n k\u00edn, c\u00f3 th\u1ec3 h\u00e0n \u1edf b\u00ean trong, r\u1ea5t l\u00fd t\u01b0\u1edfng cho c\u00e1c t\u00fai v\u00e0 thi\u1ebft b\u1ecb hi\u1ec7u su\u1ea5t cao \u0111\u00f2i h\u1ecfi \u0111\u1ed9 b\u1ec1n c\u1ea5u tr\u00fac v\u00e0 kh\u1ea3 n\u0103ng b\u1ea3o v\u1ec7 k\u00edn.<\/div>\n<\/div>","protected":false},"excerpt":{"rendered":"<p>A hybrid-coated 300D polyester fabric combining a PU-protected outer surface with a TPU-laminated inner layer, designed for durable, waterproof gear that supports both sewing and HF welding construction. This dual-function material delivers abrasion resistance on the exterior and a fully waterproof, weldable barrier on the interior, making it ideal for high-performance bags and equipment requiring [&hellip;]<\/p>","protected":false},"featured_media":1271,"comment_status":"open","ping_status":"closed","template":"","meta":{"_acf_changed":false},"product_brand":[],"product_cat":[34],"product_tag":[],"class_list":{"0":"post-1884","1":"product","2":"type-product","3":"status-publish","4":"has-post-thumbnail","6":"product_cat-airtight-tpu-fabrics","8":"first","9":"instock","10":"shipping-taxable","11":"product-type-simple"},"acf":[],"_links":{"self":[{"href":"https:\/\/tpufabrics.com\/vi\/wp-json\/wp\/v2\/product\/1884","targetHints":{"allow":["GET"]}}],"collection":[{"href":"https:\/\/tpufabrics.com\/vi\/wp-json\/wp\/v2\/product"}],"about":[{"href":"https:\/\/tpufabrics.com\/vi\/wp-json\/wp\/v2\/types\/product"}],"replies":[{"embeddable":true,"href":"https:\/\/tpufabrics.com\/vi\/wp-json\/wp\/v2\/comments?post=1884"}],"wp:featuredmedia":[{"embeddable":true,"href":"https:\/\/tpufabrics.com\/vi\/wp-json\/wp\/v2\/media\/1271"}],"wp:attachment":[{"href":"https:\/\/tpufabrics.com\/vi\/wp-json\/wp\/v2\/media?parent=1884"}],"wp:term":[{"taxonomy":"product_brand","embeddable":true,"href":"https:\/\/tpufabrics.com\/vi\/wp-json\/wp\/v2\/product_brand?post=1884"},{"taxonomy":"product_cat","embeddable":true,"href":"https:\/\/tpufabrics.com\/vi\/wp-json\/wp\/v2\/product_cat?post=1884"},{"taxonomy":"product_tag","embeddable":true,"href":"https:\/\/tpufabrics.com\/vi\/wp-json\/wp\/v2\/product_tag?post=1884"}],"curies":[{"name":"wp","href":"https:\/\/api.w.org\/{rel}","templated":true}]}}