{"id":1883,"date":"2026-03-18T07:09:54","date_gmt":"2026-03-18T07:09:54","guid":{"rendered":"https:\/\/tpufabrics.com\/?post_type=product&#038;p=1883"},"modified":"2026-03-18T07:27:14","modified_gmt":"2026-03-18T07:27:14","slug":"xl-tpu-coated-75d-polyester-green-with-hexagonal-print","status":"publish","type":"product","link":"https:\/\/tpufabrics.com\/vi\/product\/xl-tpu-coated-75d-polyester-green-with-hexagonal-print\/","title":{"rendered":"XL TPU Tr\u00e1ng 75D Polyester-Xanh l\u00e1 v\u1edbi H\u1ecda ti\u1ebft L\u1ee5c gi\u00e1c"},"content":{"rendered":"<div data-page-id=\"PkxFdF0fdoUKVexuoY1cb9zpntf\" data-lark-html-role=\"root\" data-docx-has-block-data=\"false\">\n<div class=\"ace-line ace-line old-record-id-XQTqd1S7Go896WxDMGecH4jwnZY\">V\u1ea3i polyester 75D tr\u00e1ng TPU ch\u1ed1ng n\u01b0\u1edbc, c\u00f3 h\u1ecda ti\u1ebft l\u1ee5c gi\u00e1c m\u00e0u xanh l\u00e1 \u0111\u1eb7c tr\u01b0ng, \u0111\u01b0\u1ee3c thi\u1ebft k\u1ebf d\u00e0nh cho c\u00e1c s\u1ea3n ph\u1ea9m ngo\u00e0i tr\u1eddi v\u00e0 thi\u1ebft b\u1ecb \u0111\u00f4 th\u1ecb hi\u1ec7n \u0111\u1ea1i \u0111\u00f2i h\u1ecfi \u0111\u1ed9 b\u1ec1n, kh\u1ea3 n\u0103ng ch\u1ed1ng tia UV v\u00e0 c\u1ea5u tr\u00fac c\u00f3 th\u1ec3 h\u00e0n n\u1ed1i.<\/div>\n<div><\/div>\n<div class=\"ace-line ace-line old-record-id-CIFPdjUQ3o2Dfwxhai9cxbvFn9g\">V\u1eadt li\u1ec7u n\u00e0y k\u1ebft h\u1ee3p n\u1ec1n polyester \u1ed5n \u0111\u1ecbnh v\u1edbi l\u1edbp ph\u1ee7 TPU d\u1ebbo \u0111\u1ec3 mang l\u1ea1i hi\u1ec7u su\u1ea5t ch\u1ed1ng n\u01b0\u1edbc v\u00e0 k\u00edn kh\u00ed \u0111\u00e1ng tin c\u1eady. H\u1ecda ti\u1ebft h\u00ecnh h\u1ecdc t\u00edch h\u1ee3p gi\u00fap n\u00e2ng cao t\u00ednh nh\u1eadn di\u1ec7n s\u1ea3n ph\u1ea9m \u0111\u1ed3ng th\u1eddi duy tr\u00ec \u0111\u1ed9 b\u1ec1n m\u00e0u l\u00e2u d\u00e0i, ph\u00f9 h\u1ee3p cho c\u1ea3 \u1ee9ng d\u1ee5ng ch\u1ee9c n\u0103ng l\u1eabn thi\u1ebft k\u1ebf.<\/div>\n<\/div>","protected":false},"excerpt":{"rendered":"<p>A waterproof TPU coated 75D polyester fabric featuring a distinctive green hexagonal print, designed for outdoor gear and modern urban equipment requiring durability, UV resistance, and weldable construction. This material combines a stable polyester base with a flexible TPU coating to deliver reliable waterproof and airtight performance. The integrated geometric print enhances product identity while [&hellip;]<\/p>","protected":false},"featured_media":1269,"comment_status":"open","ping_status":"closed","template":"","meta":{"_acf_changed":false},"product_brand":[],"product_cat":[34],"product_tag":[],"class_list":{"0":"post-1883","1":"product","2":"type-product","3":"status-publish","4":"has-post-thumbnail","6":"product_cat-airtight-tpu-fabrics","8":"first","9":"instock","10":"shipping-taxable","11":"product-type-simple"},"acf":[],"_links":{"self":[{"href":"https:\/\/tpufabrics.com\/vi\/wp-json\/wp\/v2\/product\/1883","targetHints":{"allow":["GET"]}}],"collection":[{"href":"https:\/\/tpufabrics.com\/vi\/wp-json\/wp\/v2\/product"}],"about":[{"href":"https:\/\/tpufabrics.com\/vi\/wp-json\/wp\/v2\/types\/product"}],"replies":[{"embeddable":true,"href":"https:\/\/tpufabrics.com\/vi\/wp-json\/wp\/v2\/comments?post=1883"}],"wp:featuredmedia":[{"embeddable":true,"href":"https:\/\/tpufabrics.com\/vi\/wp-json\/wp\/v2\/media\/1269"}],"wp:attachment":[{"href":"https:\/\/tpufabrics.com\/vi\/wp-json\/wp\/v2\/media?parent=1883"}],"wp:term":[{"taxonomy":"product_brand","embeddable":true,"href":"https:\/\/tpufabrics.com\/vi\/wp-json\/wp\/v2\/product_brand?post=1883"},{"taxonomy":"product_cat","embeddable":true,"href":"https:\/\/tpufabrics.com\/vi\/wp-json\/wp\/v2\/product_cat?post=1883"},{"taxonomy":"product_tag","embeddable":true,"href":"https:\/\/tpufabrics.com\/vi\/wp-json\/wp\/v2\/product_tag?post=1883"}],"curies":[{"name":"wp","href":"https:\/\/api.w.org\/{rel}","templated":true}]}}