{"id":1664,"date":"2026-03-12T09:18:50","date_gmt":"2026-03-12T09:18:50","guid":{"rendered":"https:\/\/tpufabrics.com\/?post_type=product&#038;p=1664"},"modified":"2026-03-12T09:19:24","modified_gmt":"2026-03-12T09:19:24","slug":"xl-tpu-coated-840d-nylon","status":"publish","type":"product","link":"https:\/\/tpufabrics.com\/vi\/product\/xl-tpu-coated-840d-nylon\/","title":{"rendered":"XL Nylon 840D ph\u1ee7 TPU"},"content":{"rendered":"<div data-page-id=\"IqrsdKA7lod4k8xFqs4cYKREnvc\" data-lark-html-role=\"root\" data-docx-has-block-data=\"false\">\n<div class=\"ace-line ace-line old-record-id-E2mWd4uusoo9v3xqOmacb7q2nph\">Nylon 840D ph\u1ee7 TPU c\u1ee1 XL l\u00e0 lo\u1ea1i v\u1ea3i t\u1ed5ng h\u1ee3p c\u00f3 \u0111\u1ed9 b\u1ec1n cao, \u0111\u01b0\u1ee3c ph\u00e1t tri\u1ec3n d\u00e0nh cho c\u00e1c \u1ee9ng d\u1ee5ng b\u1ea3o v\u1ec7 y\u00eau c\u1ea7u kh\u1eaft khe. V\u1eadt li\u1ec7u n\u00e0y k\u1ebft h\u1ee3p m\u1ed9t l\u1edbp v\u1ea3i d\u00e0y \u0111\u1eb7c <strong>v\u1ea3i n\u1ec1n nylon ch\u1ed1ng \u0111\u1ea1n 840D<\/strong> v\u1edbi l\u1edbp ph\u1ee7 ch\u1ee9c n\u0103ng d\u00f2ng XL <strong>l\u1edbp ph\u1ee7 TPU<\/strong>, t\u1ea1o th\u00e0nh m\u1ed9t c\u1ea5u tr\u00fac \u0111a l\u1edbp b\u1ec1n b\u1ec9, \u0111\u01b0\u1ee3c thi\u1ebft k\u1ebf \u0111\u1ec3 ch\u1ecbu \u0111\u01b0\u1ee3c m\u00e0i m\u00f2n, va \u0111\u1eadp v\u00e0 t\u00e1c \u0111\u1ed9ng kh\u1eafc nghi\u1ec7t t\u1eeb m\u00f4i tr\u01b0\u1eddng.<\/div>\n<div class=\"ace-line ace-line old-record-id-S4fSdDc0No3C9jxRYlmcDSn0nAg\">C\u1ea5u tr\u00fac nylon denier cao mang l\u1ea1i kh\u1ea3 n\u0103ng ch\u1ed1ng r\u00e1ch, ch\u1ed1ng th\u1ee7ng tuy\u1ec7t v\u1eddi c\u00f9ng \u0111\u1ed9 b\u1ec1n l\u00e2u d\u00e0i. Trong khi \u0111\u00f3, l\u1edbp ph\u1ee7 TPU t\u1ea1o ra m\u1ed9t r\u00e0o c\u1ea3n b\u1ea3o v\u1ec7 li\u00ean t\u1ee5c tr\u00ean b\u1ec1 m\u1eb7t v\u1ea3i, gi\u00fap ng\u0103n n\u01b0\u1edbc th\u1ea5m v\u00e0o \u0111\u1ed3ng th\u1eddi c\u1ea3i thi\u1ec7n kh\u1ea3 n\u0103ng ch\u1ed1ng d\u1ea7u, h\u00f3a ch\u1ea5t v\u00e0 c\u00e1c ch\u1ea5t g\u00e2y \u00f4 nhi\u1ec5m c\u00f4ng nghi\u1ec7p.<\/div>\n<div class=\"ace-line ace-line old-record-id-Z1FmdBWB3oN9e9xYUqAcFxaZnhc\">Nh\u1edd hi\u1ec7u su\u1ea5t b\u1ea3o v\u1ec7 v\u00e0 t\u00ednh \u1ed5n \u0111\u1ecbnh c\u1ea5u tr\u00fac, lo\u1ea1i <strong>840D <\/strong><strong>TPU<\/strong><strong> v\u1ea3i nylon ph\u1ee7<\/strong> n\u00e0y \u0111\u01b0\u1ee3c s\u1eed d\u1ee5ng r\u1ed9ng r\u00e3i trong b\u1ea3o v\u1ec7 thi\u1ebft b\u1ecb h\u1ea1ng n\u1eb7ng, b\u1ea1t che v\u1eadn chuy\u1ec3n c\u00f4ng nghi\u1ec7p, \u0111\u1ed3 ngh\u1ec1 k\u1ef9 thu\u1eadt ngo\u00e0i tr\u1eddi v\u00e0 c\u00e1c m\u00f4i tr\u01b0\u1eddng kh\u00e1c n\u01a1i v\u1eadt li\u1ec7u ph\u1ea3i ch\u1ecbu \u0111\u1ef1ng s\u1ef1 hao m\u00f2n v\u00e0 \u00e1p l\u1ef1c c\u01a1 h\u1ecdc li\u00ean t\u1ee5c.<\/div>\n<\/div>","protected":false},"excerpt":{"rendered":"<p>XL TPU Coated 840D Nylon is a high-strength composite textile developed for demanding protective applications. The material combines a dense 840D ballistic nylon base fabric with the XL series functional TPU coating, forming a durable multilayer structure designed to withstand abrasion, impact, and harsh environmental exposure. The high-denier nylon construction provides excellent tear resistance, puncture [&hellip;]<\/p>","protected":false},"featured_media":981,"comment_status":"open","ping_status":"closed","template":"","meta":{"_acf_changed":false},"product_brand":[],"product_cat":[34],"product_tag":[],"class_list":{"0":"post-1664","1":"product","2":"type-product","3":"status-publish","4":"has-post-thumbnail","6":"product_cat-airtight-tpu-fabrics","8":"first","9":"instock","10":"shipping-taxable","11":"product-type-simple"},"acf":[],"_links":{"self":[{"href":"https:\/\/tpufabrics.com\/vi\/wp-json\/wp\/v2\/product\/1664","targetHints":{"allow":["GET"]}}],"collection":[{"href":"https:\/\/tpufabrics.com\/vi\/wp-json\/wp\/v2\/product"}],"about":[{"href":"https:\/\/tpufabrics.com\/vi\/wp-json\/wp\/v2\/types\/product"}],"replies":[{"embeddable":true,"href":"https:\/\/tpufabrics.com\/vi\/wp-json\/wp\/v2\/comments?post=1664"}],"wp:featuredmedia":[{"embeddable":true,"href":"https:\/\/tpufabrics.com\/vi\/wp-json\/wp\/v2\/media\/981"}],"wp:attachment":[{"href":"https:\/\/tpufabrics.com\/vi\/wp-json\/wp\/v2\/media?parent=1664"}],"wp:term":[{"taxonomy":"product_brand","embeddable":true,"href":"https:\/\/tpufabrics.com\/vi\/wp-json\/wp\/v2\/product_brand?post=1664"},{"taxonomy":"product_cat","embeddable":true,"href":"https:\/\/tpufabrics.com\/vi\/wp-json\/wp\/v2\/product_cat?post=1664"},{"taxonomy":"product_tag","embeddable":true,"href":"https:\/\/tpufabrics.com\/vi\/wp-json\/wp\/v2\/product_tag?post=1664"}],"curies":[{"name":"wp","href":"https:\/\/api.w.org\/{rel}","templated":true}]}}