{"id":1654,"date":"2026-03-12T09:14:51","date_gmt":"2026-03-12T09:14:51","guid":{"rendered":"https:\/\/tpufabrics.com\/?post_type=product&#038;p=1654"},"modified":"2026-03-12T09:16:00","modified_gmt":"2026-03-12T09:16:00","slug":"nylon-420d-phu-tpu","status":"publish","type":"product","link":"https:\/\/tpufabrics.com\/vi\/product\/nylon-420d-phu-tpu\/","title":{"rendered":"XL Nylon 420D ph\u1ee7 TPU"},"content":{"rendered":"<div data-page-id=\"YpFKdlPpCo1lAWxwUBrcKy4BnGd\" data-lark-html-role=\"root\" data-docx-has-block-data=\"false\">\n<div class=\"ace-line ace-line old-record-id-OemKdBbnVoAfhkxNuvrcaNsLnGg\">V\u1ea3i nylon 420D ph\u1ee7 TPU XL l\u00e0 lo\u1ea1i v\u1ea3i composite si\u00eau b\u1ec1n \u0111\u01b0\u1ee3c ph\u00e1t tri\u1ec3n d\u00e0nh cho c\u00e1c thi\u1ebft b\u1ecb ch\u1ecbu t\u1ea3i n\u1eb7ng v\u00e0 m\u00f4i tr\u01b0\u1eddng c\u00f4ng nghi\u1ec7p kh\u1eafc nghi\u1ec7t. Ch\u1ea5t li\u1ec7u n\u00e0y s\u1eed d\u1ee5ng m\u1ed9t <strong>v\u1ea3i n\u1ec1n nylon 420D m\u1eadt \u0111\u1ed9 cao<\/strong> k\u1ebft h\u1ee3p v\u1edbi d\u00f2ng <strong>l\u1edbp ph\u1ee7 ch\u1ee9c n\u0103ng TPU d\u00f2ng XL<\/strong>, t\u1ea1o th\u00e0nh m\u1ed9t c\u1ea5u tr\u00fac t\u1ed5ng h\u1ee3p b\u1ec1n b\u1ec9 v\u00e0 \u1ed5n \u0111\u1ecbnh. C\u1ea5u t\u1ea1o n\u00e0y gi\u00fap v\u1ea3i \u0111\u1ea1t \u0111\u01b0\u1ee3c s\u1ee9c m\u1ea1nh c\u01a1 h\u1ecdc v\u01b0\u1ee3t tr\u1ed9i, kh\u1ea3 n\u0103ng ch\u1ed1ng m\u00e0i m\u00f2n v\u00e0 b\u1ea3o v\u1ec7 m\u00f4i tr\u01b0\u1eddng.<\/div>\n<div class=\"ace-line ace-line old-record-id-DRYKdzRMMoaIbBx69V0cMup7nib\">C\u1ea5u tr\u00fac nylon d\u00e0y \u0111\u1eb7c mang l\u1ea1i kh\u1ea3 n\u0103ng ch\u1ecbu k\u00e9o v\u00e0 ch\u1ecbu x\u00e9 tuy\u1ec7t v\u1eddi, trong khi l\u1edbp ph\u1ee7 TPU t\u1ea1o ra m\u1ed9t l\u1edbp b\u1ea3o v\u1ec7 li\u00ean t\u1ee5c, mang \u0111\u1ebfn hi\u1ec7u qu\u1ea3 ch\u1ed1ng th\u1ea5m n\u01b0\u1edbc v\u00e0 k\u00edn kh\u00ed \u0111\u00e1ng tin c\u1eady. Ngo\u00e0i vi\u1ec7c b\u1ea3o v\u1ec7 m\u00f4i tr\u01b0\u1eddng, b\u1ec1 m\u1eb7t TPU c\u00f2n t\u01b0\u01a1ng th\u00edch v\u1edbi <strong>h\u00e0n t\u1ea7n s\u1ed1 cao (<\/strong><strong>HF<\/strong><strong> h\u00e0n)<\/strong>, cho ph\u00e9p c\u00e1c nh\u00e0 s\u1ea3n xu\u1ea5t t\u1ea1o ra c\u00e1c \u0111\u01b0\u1eddng may k\u1ebft c\u1ea5u k\u00edn m\u00e0 kh\u00f4ng c\u1ea7n kh\u00e2u truy\u1ec1n th\u1ed1ng.<\/div>\n<div class=\"ace-line ace-line old-record-id-LApVdCTJQoC6i9xihkScjbcEnzb\">Do t\u00ednh b\u1ec1n, \u1ed5n \u0111\u1ecbnh v\u00e0 kh\u1ea3 n\u0103ng k\u00edn kh\u00ed, v\u1eadt li\u1ec7u n\u00e0y \u0111\u01b0\u1ee3c s\u1eed d\u1ee5ng r\u1ed9ng r\u00e3i trong c\u00e1c h\u1ec7 th\u1ed1ng b\u1ea3o v\u1ec7 c\u00f4ng nghi\u1ec7p, c\u00e1c c\u1ea5u tr\u00fac b\u01a1m h\u01a1i v\u00e0 thi\u1ebft b\u1ecb ngo\u00e0i tr\u1eddi h\u1ea1ng n\u1eb7ng, n\u01a1i \u0111\u1ed9 b\u1ec1n l\u00e2u d\u00e0i l\u00e0 y\u1ebfu t\u1ed1 then ch\u1ed1t.<\/div>\n<\/div>","protected":false},"excerpt":{"rendered":"<p>XL TPU Coated 420D Nylon is a heavy-duty composite fabric developed for high-load equipment and demanding industrial environments. The material uses a high-density 420D nylon base fabric combined with our XL series TPU functional coating, forming a durable and stable composite structure. This construction allows the fabric to deliver outstanding mechanical strength, abrasion resistance, and [&hellip;]<\/p>","protected":false},"featured_media":1170,"comment_status":"open","ping_status":"closed","template":"","meta":{"_acf_changed":false},"product_brand":[],"product_cat":[34],"product_tag":[],"class_list":{"0":"post-1654","1":"product","2":"type-product","3":"status-publish","4":"has-post-thumbnail","6":"product_cat-airtight-tpu-fabrics","8":"first","9":"instock","10":"shipping-taxable","11":"product-type-simple"},"acf":[],"_links":{"self":[{"href":"https:\/\/tpufabrics.com\/vi\/wp-json\/wp\/v2\/product\/1654","targetHints":{"allow":["GET"]}}],"collection":[{"href":"https:\/\/tpufabrics.com\/vi\/wp-json\/wp\/v2\/product"}],"about":[{"href":"https:\/\/tpufabrics.com\/vi\/wp-json\/wp\/v2\/types\/product"}],"replies":[{"embeddable":true,"href":"https:\/\/tpufabrics.com\/vi\/wp-json\/wp\/v2\/comments?post=1654"}],"wp:featuredmedia":[{"embeddable":true,"href":"https:\/\/tpufabrics.com\/vi\/wp-json\/wp\/v2\/media\/1170"}],"wp:attachment":[{"href":"https:\/\/tpufabrics.com\/vi\/wp-json\/wp\/v2\/media?parent=1654"}],"wp:term":[{"taxonomy":"product_brand","embeddable":true,"href":"https:\/\/tpufabrics.com\/vi\/wp-json\/wp\/v2\/product_brand?post=1654"},{"taxonomy":"product_cat","embeddable":true,"href":"https:\/\/tpufabrics.com\/vi\/wp-json\/wp\/v2\/product_cat?post=1654"},{"taxonomy":"product_tag","embeddable":true,"href":"https:\/\/tpufabrics.com\/vi\/wp-json\/wp\/v2\/product_tag?post=1654"}],"curies":[{"name":"wp","href":"https:\/\/api.w.org\/{rel}","templated":true}]}}