{"id":1642,"date":"2026-03-12T08:51:46","date_gmt":"2026-03-12T08:51:46","guid":{"rendered":"https:\/\/tpufabrics.com\/?post_type=product&#038;p=1642"},"modified":"2026-03-12T08:52:53","modified_gmt":"2026-03-12T08:52:53","slug":"xl-pvc-coated-70d-nylon-grey","status":"publish","type":"product","link":"https:\/\/tpufabrics.com\/vi\/product\/xl-pvc-coated-70d-nylon-grey\/","title":{"rendered":"V\u1ea3i nylon 70D ph\u1ee7 PVC c\u1ee1 XL - M\u00e0u x\u00e1m"},"content":{"rendered":"<div data-page-id=\"CbwYdPQtMojsfFxIygNcVyOwnlg\" data-lark-html-role=\"root\" data-docx-has-block-data=\"false\">\n<div class=\"ace-line ace-line old-record-id-U96DdRM9VoNymKxFuttcuvyRnZw\">V\u1ea3i nylon ph\u1ee7 PVC b\u1ec1n b\u1ec9 v\u00e0 v\u1ec7 sinh, \u0111\u01b0\u1ee3c thi\u1ebft k\u1ebf d\u00e0nh cho thi\u1ebft b\u1ecb y t\u1ebf v\u00e0 m\u00f4i tr\u01b0\u1eddng ch\u0103m s\u00f3c s\u1ee9c kh\u1ecfe.<\/div>\n<div class=\"ace-line ace-line old-record-id-PUQCdRUuDomGb6xXC3rcYl5anUh\">Nylon 70D ph\u1ee7 PVC c\u1ee1 XL l\u00e0 lo\u1ea1i v\u1ea3i y t\u1ebf k\u1ef9 thu\u1eadt ch\u1ed1ng th\u1ea5m n\u01b0\u1edbc, \u0111\u01b0\u1ee3c ch\u1ebf t\u1ea1o d\u00e0nh cho c\u00e1c \u1ee9ng d\u1ee5ng n\u01a1i y\u1ebfu t\u1ed1 v\u1ec7 sinh, \u0111\u1ed9 b\u1ec1n v\u00e0 d\u1ec5 b\u1ea3o tr\u00ec l\u00e0 r\u1ea5t quan tr\u1ecdng. V\u1edbi n\u1ec1n nylon 70 denier ch\u1eafc ch\u1eafn v\u00e0 \u0111\u01b0\u1ee3c c\u00e1n m\u00e0ng ph\u1ee7 PVC c\u1ea5p y t\u1ebf, v\u1eadt li\u1ec7u n\u00e0y t\u1ea1o th\u00e0nh m\u1ed9t r\u00e0o c\u1ea3n ch\u1ea5t l\u1ecfng \u0111\u00e1ng tin c\u1eady \u0111\u1ed3ng th\u1eddi duy tr\u00ec t\u00ednh linh ho\u1ea1t v\u00e0 \u0111\u1ed9 b\u1ec1n c\u1ea5u tr\u00fac.<\/div>\n<div class=\"ace-line ace-line old-record-id-Hbd6dv4DEo7NBdxdUjgc2TkjnPb\">B\u1ec1 m\u1eb7t PVC nh\u1eb5n, kh\u00f4ng x\u1ed1p gi\u00fap ng\u0103n ch\u1eb7n s\u1ef1 th\u00e2m nh\u1eadp c\u1ee7a ch\u1ea5t l\u1ecfng v\u00e0 h\u1ed7 tr\u1ee3 v\u1ec7 sinh nhanh ch\u00f3ng b\u1eb1ng c\u00e1c ch\u1ea5t kh\u1eed tr\u00f9ng th\u00f4ng th\u01b0\u1eddng trong b\u1ec7nh vi\u1ec7n. K\u1ebft h\u1ee3p v\u1edbi kh\u1ea3 n\u0103ng h\u00e0n t\u1ea7n s\u1ed1 cao (HF) tuy\u1ec7t v\u1eddi, v\u1ea3i n\u00e0y cho ph\u00e9p thi c\u00f4ng li\u1ec1n m\u1ea1ch, lo\u1ea1i b\u1ecf c\u00e1c l\u1ed7 kim v\u00e0 gi\u00fap duy tr\u00ec c\u1ea5u tr\u00fac s\u1ea3n ph\u1ea9m v\u1ec7 sinh.<\/div>\n<div class=\"ace-line ace-line old-record-id-Wcmdde3xioAJ5yxByH1cSnTdnZe\">S\u1ef1 k\u1ebft h\u1ee3p gi\u1eefa kh\u1ea3 n\u0103ng ch\u1ed1ng th\u1ea5m n\u01b0\u1edbc, kh\u00e1ng h\u00f3a ch\u1ea5t v\u00e0 c\u1ea5u tr\u00fac b\u1ec1n b\u1ec9 n\u00e0y l\u00e0m cho v\u1eadt li\u1ec7u ph\u00f9 h\u1ee3p v\u1edbi nhi\u1ec1u lo\u1ea1i v\u1ecf thi\u1ebft b\u1ecb y t\u1ebf, t\u1ea5m b\u1ea3o v\u1ec7 n\u1ec7m v\u00e0 c\u00e1c b\u1ed9 ph\u1eadn thi\u1ebft b\u1ecb ch\u0103m s\u00f3c s\u1ee9c kh\u1ecfe.<\/div>\n<\/div>","protected":false},"excerpt":{"rendered":"<p>Durable and hygienic PVC coated nylon fabric designed for medical equipment and healthcare environments. XL PVC Coated 70D Nylon is a technical waterproof medical fabric engineered for applications where hygiene, durability, and easy maintenance are essential. Built on a strong 70-denier nylon base and laminated with a medical-grade PVC coating, this material forms a reliable [&hellip;]<\/p>","protected":false},"featured_media":1399,"comment_status":"open","ping_status":"closed","template":"","meta":{"_acf_changed":false},"product_brand":[],"product_cat":[36],"product_tag":[],"class_list":{"0":"post-1642","1":"product","2":"type-product","3":"status-publish","4":"has-post-thumbnail","6":"product_cat-medical-tpu-fabrics","8":"first","9":"instock","10":"shipping-taxable","11":"product-type-simple"},"acf":[],"_links":{"self":[{"href":"https:\/\/tpufabrics.com\/vi\/wp-json\/wp\/v2\/product\/1642","targetHints":{"allow":["GET"]}}],"collection":[{"href":"https:\/\/tpufabrics.com\/vi\/wp-json\/wp\/v2\/product"}],"about":[{"href":"https:\/\/tpufabrics.com\/vi\/wp-json\/wp\/v2\/types\/product"}],"replies":[{"embeddable":true,"href":"https:\/\/tpufabrics.com\/vi\/wp-json\/wp\/v2\/comments?post=1642"}],"wp:featuredmedia":[{"embeddable":true,"href":"https:\/\/tpufabrics.com\/vi\/wp-json\/wp\/v2\/media\/1399"}],"wp:attachment":[{"href":"https:\/\/tpufabrics.com\/vi\/wp-json\/wp\/v2\/media?parent=1642"}],"wp:term":[{"taxonomy":"product_brand","embeddable":true,"href":"https:\/\/tpufabrics.com\/vi\/wp-json\/wp\/v2\/product_brand?post=1642"},{"taxonomy":"product_cat","embeddable":true,"href":"https:\/\/tpufabrics.com\/vi\/wp-json\/wp\/v2\/product_cat?post=1642"},{"taxonomy":"product_tag","embeddable":true,"href":"https:\/\/tpufabrics.com\/vi\/wp-json\/wp\/v2\/product_tag?post=1642"}],"curies":[{"name":"wp","href":"https:\/\/api.w.org\/{rel}","templated":true}]}}