{"id":1448,"date":"2026-03-09T09:48:52","date_gmt":"2026-03-09T09:48:52","guid":{"rendered":"https:\/\/tpufabrics.com\/?post_type=product&#038;p=1448"},"modified":"2026-03-10T05:05:50","modified_gmt":"2026-03-10T05:05:50","slug":"xl-tpu-coated-210d-nylon","status":"publish","type":"product","link":"https:\/\/tpufabrics.com\/vi\/product\/xl-tpu-coated-210d-nylon\/","title":{"rendered":"XL Nylon 210D ph\u1ee7 TPU"},"content":{"rendered":"<div data-page-id=\"MB3kdGVrNoa0tVxCEQ6cuYk1nod\" data-lark-html-role=\"root\" data-docx-has-block-data=\"false\">\n<div class=\"ace-line ace-line old-record-id-KKnOd3VsQoKb7rxw9K9cB6annhb\"><strong>XL <\/strong><strong>TPU<\/strong><strong> Ph\u1ee7 210D <\/strong><strong>Nylon<\/strong> l\u00e0 lo\u1ea1i v\u1ea3i t\u1ed5ng h\u1ee3p b\u1ec1n b\u1ec9 \u0111\u01b0\u1ee3c ph\u00e1t tri\u1ec3n d\u00e0nh cho c\u00e1c \u1ee9ng d\u1ee5ng ch\u1ecbu t\u1ea3i tr\u1ecdng cao v\u00e0 m\u00f4i tr\u01b0\u1eddng ho\u1ea1t \u0111\u1ed9ng d\u00e0i h\u1ea1n. V\u1eadt li\u1ec7u n\u00e0y \u0111\u01b0\u1ee3c c\u1ea5u t\u1ea1o v\u1edbi m\u1ed9t <strong>t\u1ea5m n\u1ec1n nylon 210D c\u00f3 \u0111\u1ed9 b\u1ec1n cao<\/strong>, k\u1ebft h\u1ee3p v\u1edbi m\u1ed9t <strong>l\u1edbp ph\u1ee7 ch\u1ee9c n\u0103ng TPU d\u00f2ng XL<\/strong> \u0111\u1ec3 t\u1ea1o th\u00e0nh m\u1ed9t c\u1ea5u tr\u00fac t\u1ed5ng h\u1ee3p \u1ed5n \u0111\u1ecbnh. C\u1ea5u tr\u00fac n\u00e0y gi\u00fap v\u1ea3i \u0111\u1ea1t \u0111\u01b0\u1ee3c m\u1ee9c hi\u1ec7u su\u1ea5t cao h\u01a1n v\u1ec1 kh\u1ea3 n\u0103ng ch\u1ed1ng m\u00e0i m\u00f2n, \u0111\u1ed9 b\u1ec1n k\u00e9o v\u00e0 kh\u1ea3 n\u0103ng th\u00edch nghi v\u1edbi m\u00f4i tr\u01b0\u1eddng.<\/div>\n<div class=\"ace-line ace-line old-record-id-OnNZdD1opoev9Ex68YscD56nn2b\">Trong c\u00e1c h\u1ec7 th\u1ed1ng d\u1ec7t may hi\u1ec7u su\u1ea5t, v\u1ea3i nylon v\u1edbi c\u00e1c c\u1ea5p \u0111\u1ed9 denier kh\u00e1c nhau th\u01b0\u1eddng t\u01b0\u01a1ng \u1ee9ng v\u1edbi nh\u1eefng vai tr\u00f2 \u1ee9ng d\u1ee5ng kh\u00e1c nhau. So v\u1edbi c\u00e1c lo\u1ea1i v\u1ea3i nh\u1eb9, <strong>210D <\/strong><strong>t\u1ea1o n\u00ean x\u01b0\u01a1ng s\u1ed1ng c\u1ea5u tr\u00fac c\u1ee7a v\u1eadt li\u1ec7u. Con s\u1ed1 \u201c20D\u201d \u00e1m ch\u1ec9 denier, m\u1ed9t \u0111\u01a1n v\u1ecb \u0111o \u0111\u1ed9 d\u00e0y s\u1ee3i. S\u1ee3i denier th\u1ea5p h\u01a1n th\u00ec m\u1ea3nh h\u01a1n v\u00e0 nh\u1eb9 h\u01a1n. D\u00f9 k\u00edch th\u01b0\u1edbc nh\u1ecf, khi d\u1ec7t v\u1edbi m\u1eadt \u0111\u1ed9 cao, ch\u00fang v\u1eabn c\u00f3 th\u1ec3 cung c\u1ea5p kh\u1ea3 n\u0103ng ch\u1ed1ng r\u00e1ch v\u00e0 \u0111\u1ed9 d\u1ebbo dai tuy\u1ec7t v\u1eddi.<\/strong><strong> nh\u1ea5n m\u1ea1nh t\u00ednh \u1ed5n \u0111\u1ecbnh c\u1ea5u tr\u00fac v\u00e0 \u0111\u1ed9 b\u1ec1n<\/strong>. K\u1ebft c\u1ea5u s\u1ee3i d\u00e0y h\u01a1n t\u1ea1o n\u00ean m\u1ed9t c\u1ea5u tr\u00fac d\u1ec7t ch\u1eafc ch\u1eafn v\u00e0 \u1ed5n \u0111\u1ecbnh h\u01a1n, gi\u00fap v\u1eadt li\u1ec7u duy tr\u00ec hi\u1ec7u su\u1ea5t \u0111\u1ed3ng \u0111\u1ec1u ngay c\u1ea3 d\u01b0\u1edbi \u00e1p l\u1ef1c ngo\u1ea1i l\u1ef1c l\u1edbn ho\u1eb7c trong \u0111i\u1ec1u ki\u1ec7n ma s\u00e1t l\u00e2u d\u00e0i. Nh\u1eefng \u0111\u1eb7c \u0111i\u1ec3m c\u1ea5u tr\u00fac n\u00e0y l\u00e0m cho <strong>v\u1ea3i 210D tr\u1edf th\u00e0nh v\u1eadt li\u1ec7u n\u1ec1n t\u1ea3ng ph\u1ed5 bi\u1ebfn trong c\u00e1c thi\u1ebft b\u1ecb chuy\u00ean nghi\u1ec7p v\u00e0 s\u1ea3n ph\u1ea9m c\u00f4ng nghi\u1ec7p<\/strong>.<\/div>\n<\/div>","protected":false},"excerpt":{"rendered":"<p>XL TPU Coated 210D Nylon is a durable composite fabric developed for high-load applications and long-term operational environments. The material is constructed with a 210D high-strength nylon base fabric, combined with an XL series TPU functional coating to form a stable composite structure. This structure enables the fabric to achieve higher performance levels in abrasion [&hellip;]<\/p>","protected":false},"featured_media":1171,"comment_status":"open","ping_status":"closed","template":"","meta":{"_acf_changed":false},"product_brand":[],"product_cat":[34],"product_tag":[],"class_list":{"0":"post-1448","1":"product","2":"type-product","3":"status-publish","4":"has-post-thumbnail","6":"product_cat-airtight-tpu-fabrics","8":"first","9":"instock","10":"shipping-taxable","11":"product-type-simple"},"acf":[],"_links":{"self":[{"href":"https:\/\/tpufabrics.com\/vi\/wp-json\/wp\/v2\/product\/1448","targetHints":{"allow":["GET"]}}],"collection":[{"href":"https:\/\/tpufabrics.com\/vi\/wp-json\/wp\/v2\/product"}],"about":[{"href":"https:\/\/tpufabrics.com\/vi\/wp-json\/wp\/v2\/types\/product"}],"replies":[{"embeddable":true,"href":"https:\/\/tpufabrics.com\/vi\/wp-json\/wp\/v2\/comments?post=1448"}],"wp:featuredmedia":[{"embeddable":true,"href":"https:\/\/tpufabrics.com\/vi\/wp-json\/wp\/v2\/media\/1171"}],"wp:attachment":[{"href":"https:\/\/tpufabrics.com\/vi\/wp-json\/wp\/v2\/media?parent=1448"}],"wp:term":[{"taxonomy":"product_brand","embeddable":true,"href":"https:\/\/tpufabrics.com\/vi\/wp-json\/wp\/v2\/product_brand?post=1448"},{"taxonomy":"product_cat","embeddable":true,"href":"https:\/\/tpufabrics.com\/vi\/wp-json\/wp\/v2\/product_cat?post=1448"},{"taxonomy":"product_tag","embeddable":true,"href":"https:\/\/tpufabrics.com\/vi\/wp-json\/wp\/v2\/product_tag?post=1448"}],"curies":[{"name":"wp","href":"https:\/\/api.w.org\/{rel}","templated":true}]}}