{"id":1447,"date":"2026-03-09T09:45:26","date_gmt":"2026-03-09T09:45:26","guid":{"rendered":"https:\/\/tpufabrics.com\/?post_type=product&#038;p=1447"},"modified":"2026-03-11T09:02:15","modified_gmt":"2026-03-11T09:02:15","slug":"xl-tpu-coated-ripstop-70d-nylon","status":"publish","type":"product","link":"https:\/\/tpufabrics.com\/vi\/product\/xl-tpu-coated-ripstop-70d-nylon\/","title":{"rendered":"V\u1ea3i nylon Ripstop 70D ph\u1ee7 TPU c\u1ee1 XL"},"content":{"rendered":"<div data-page-id=\"C9jPdxmMborzFPxCjBQc4r9anKf\" data-lark-html-role=\"root\" data-docx-has-block-data=\"false\">\n<div class=\"ace-line ace-line old-record-id-U4jrd8aYkoKO8nxvsj9cQ1gHnrb\">Nylon Ripstop 70D ph\u1ee7 TPU XL l\u00e0 lo\u1ea1i v\u1ea3i t\u1ed5ng h\u1ee3p hi\u1ec7u su\u1ea5t cao \u0111\u01b0\u1ee3c ph\u00e1t tri\u1ec3n cho c\u00e1c thi\u1ebft b\u1ecb ch\u1ee9c n\u0103ng b\u1ec1n b\u1ec9. V\u1eadt li\u1ec7u n\u00e0y \u0111\u01b0\u1ee3c c\u1ea5u t\u1ea1o v\u1edbi m\u1ed9t <strong>t\u1ea5m v\u1ea3i n\u1ec1n nylon ripstop 70D<\/strong> k\u1ebft h\u1ee3p v\u1edbi m\u1ed9t <strong>l\u1edbp ph\u1ee7 ch\u1ee9c n\u0103ng TPU d\u00f2ng XL<\/strong>, t\u1ea1o th\u00e0nh m\u1ed9t c\u1ea5u tr\u00fac t\u1ed5ng h\u1ee3p \u1ed5n \u0111\u1ecbnh c\u00e2n b\u1eb1ng gi\u1eefa ki\u1ec3m so\u00e1t tr\u1ecdng l\u01b0\u1ee3ng, kh\u1ea3 n\u0103ng ch\u1ed1ng r\u00e1ch v\u00e0 hi\u1ec7u su\u1ea5t ch\u1ed1ng th\u1ea5m n\u01b0\u1edbc.<\/div>\n<div><\/div>\n<div class=\"ace-line ace-line old-record-id-WvGJdRK4foblVjxVUgyc1XExn3b\">Trong c\u00e1c lo\u1ea1i v\u1ea3i k\u1ef9 thu\u1eadt, thi\u1ebft k\u1ebf c\u1ea5u tr\u00fac c\u1ee7a d\u1ec7t may th\u01b0\u1eddng quy\u1ebft \u0111\u1ecbnh \u0111\u1ed9 tin c\u1eady t\u1ed5ng th\u1ec3 c\u1ee7a v\u1eadt li\u1ec7u. B\u1ea3n th\u00e2n s\u1ee3i nylon 70D cung c\u1ea5p \u0111\u1ed9 b\u1ec1n c\u01a1 h\u1ecdc v\u1eefng ch\u1eafc v\u00e0 kh\u1ea3 n\u0103ng ch\u1ed1ng m\u1ecfi tuy\u1ec7t v\u1eddi, trong khi <strong>d\u1ec7t gia c\u01b0\u1eddng ripstop<\/strong> c\u00f2n t\u0103ng c\u01b0\u1eddng th\u00eam t\u00ednh \u1ed5n \u0111\u1ecbnh c\u1ee7a v\u1ea3i trong c\u00e1c \u0111i\u1ec1u ki\u1ec7n kh\u1eafc nghi\u1ec7t. B\u1eb1ng c\u00e1ch t\u00edch h\u1ee3p \u0111\u1ec1u \u0111\u1eb7n c\u00e1c s\u1ee3i gia c\u01b0\u1eddng v\u00e0o c\u1ea5u tr\u00fac v\u1ea3i, m\u1ed9t m\u00f4 h\u00ecnh l\u01b0\u1edbi \u0111\u01b0\u1ee3c h\u00ecnh th\u00e0nh gi\u00fap ng\u0103n ch\u1eb7n v\u1ebft c\u1eaft ho\u1eb7c v\u1ebft th\u1ee7ng nh\u1ecf lan r\u1ed9ng. Khi v\u1ea3i ti\u1ebfp x\u00fac v\u1edbi c\u00e1c v\u1eadt s\u1eafc nh\u1ecdn ho\u1eb7c ch\u1ecbu l\u1ef1c c\u1ee5c b\u1ed9, v\u1ebft r\u00e1ch s\u1ebd \u0111\u01b0\u1ee3c gi\u1edbi h\u1ea1n trong m\u1ed9t khu v\u1ef1c nh\u1ea5t \u0111\u1ecbnh, ng\u0103n ng\u1eeba hi\u1ec7u qu\u1ea3 s\u1ef1 lan r\u1ed9ng th\u00eam.<\/div>\n<\/div>","protected":false},"excerpt":{"rendered":"<p>XL TPU Coated Ripstop 70D Nylon is a high-performance composite fabric developed for durable functional equipment. The material is constructed with a 70D ripstop nylon base fabric combined with an XL series TPU functional coating, forming a stable composite structure that balances weight control, tear resistance, and waterproof sealing performance. In technical fabrics, the structural [&hellip;]<\/p>","protected":false},"featured_media":977,"comment_status":"open","ping_status":"closed","template":"","meta":{"_acf_changed":false},"product_brand":[],"product_cat":[34],"product_tag":[],"class_list":{"0":"post-1447","1":"product","2":"type-product","3":"status-publish","4":"has-post-thumbnail","6":"product_cat-airtight-tpu-fabrics","8":"first","9":"instock","10":"shipping-taxable","11":"product-type-simple"},"acf":[],"_links":{"self":[{"href":"https:\/\/tpufabrics.com\/vi\/wp-json\/wp\/v2\/product\/1447","targetHints":{"allow":["GET"]}}],"collection":[{"href":"https:\/\/tpufabrics.com\/vi\/wp-json\/wp\/v2\/product"}],"about":[{"href":"https:\/\/tpufabrics.com\/vi\/wp-json\/wp\/v2\/types\/product"}],"replies":[{"embeddable":true,"href":"https:\/\/tpufabrics.com\/vi\/wp-json\/wp\/v2\/comments?post=1447"}],"wp:featuredmedia":[{"embeddable":true,"href":"https:\/\/tpufabrics.com\/vi\/wp-json\/wp\/v2\/media\/977"}],"wp:attachment":[{"href":"https:\/\/tpufabrics.com\/vi\/wp-json\/wp\/v2\/media?parent=1447"}],"wp:term":[{"taxonomy":"product_brand","embeddable":true,"href":"https:\/\/tpufabrics.com\/vi\/wp-json\/wp\/v2\/product_brand?post=1447"},{"taxonomy":"product_cat","embeddable":true,"href":"https:\/\/tpufabrics.com\/vi\/wp-json\/wp\/v2\/product_cat?post=1447"},{"taxonomy":"product_tag","embeddable":true,"href":"https:\/\/tpufabrics.com\/vi\/wp-json\/wp\/v2\/product_tag?post=1447"}],"curies":[{"name":"wp","href":"https:\/\/api.w.org\/{rel}","templated":true}]}}