{"id":1232,"date":"2026-03-06T07:31:01","date_gmt":"2026-03-06T07:31:01","guid":{"rendered":"https:\/\/tpufabrics.com\/?post_type=product&#038;p=1232"},"modified":"2026-03-09T08:09:22","modified_gmt":"2026-03-09T08:09:22","slug":"xl-tpu-coated-20d-nylon","status":"publish","type":"product","link":"https:\/\/tpufabrics.com\/vi\/product\/xl-tpu-coated-20d-nylon\/","title":{"rendered":"V\u1ea3i nylon 20D ph\u1ee7 TPU c\u1ee1 XL"},"content":{"rendered":"<div data-page-id=\"ImFUdhxkKoCkD9xtUgdco9UQnAh\" data-lark-html-role=\"root\" data-docx-has-block-data=\"false\">\n<div class=\"ace-line ace-line old-record-id-M2LxdeF00oIrhvx1s33czE1onJc\">Khoa h\u1ecdc v\u1eadt li\u1ec7u c\u00f3 m\u1ed9t th\u00f3i quen th\u00fa v\u1ecb l\u00e0 th\u01b0\u1edfng cho s\u1ef1 ti\u1ebft ch\u1ebf. Khi c\u00e1c k\u1ef9 s\u01b0 c\u1ed1 g\u1eafng t\u1ea1o ra m\u1ed9t th\u1ee9 g\u00ec \u0111\u00f3 c\u1ef1c k\u1ef3 nh\u1eb9, h\u1ecd th\u01b0\u1eddng ph\u1ea3i suy ngh\u0129 c\u1ea9n th\u1eadn h\u01a1n v\u1ec1 c\u1ea5u tr\u00fac, l\u1edbp ph\u1ee7 v\u00e0 s\u1ef1 c\u00e2n b\u1eb1ng gi\u1eefa hi\u1ec7u su\u1ea5t. V\u1ea3i si\u00eau nh\u1eb9 l\u00e0 m\u1ed9t v\u00ed d\u1ee5 ho\u00e0n h\u1ea3o cho nguy\u00ean l\u00fd n\u00e0y. M\u1ed9t lo\u1ea1i v\u1ea3i c\u00f3 tr\u1ecdng l\u01b0\u1ee3ng r\u1ea5t nh\u1eb9 v\u1eabn c\u1ea7n ch\u1ed1ng r\u00e1ch, ng\u0103n n\u01b0\u1edbc v\u00e0 \u0111\u00f4i khi th\u1eadm ch\u00ed gi\u1eef \u0111\u01b0\u1ee3c kh\u00ed. \u0110\u1ec3 \u0111\u1ea1t \u0111\u01b0\u1ee3c t\u1ea5t c\u1ea3 nh\u1eefng \u0111i\u1ec1u \u0111\u00f3, kh\u00f4ng ch\u1ec9 \u0111\u01a1n thu\u1ea7n ch\u1ecdn m\u1ed9t lo\u1ea1i v\u1ea3i m\u1ecfng m\u00e0 c\u00f2n c\u1ea7n m\u1ed9t v\u1eadt li\u1ec7u composite \u0111\u01b0\u1ee3c thi\u1ebft k\u1ebf c\u1ea9n th\u1eadn.<\/div>\n<div><\/div>\n<div class=\"ace-line ace-line old-record-id-LNbFdDl1toK8byxUjYic9JmJnuf\"><strong>XL <\/strong><strong>TPU<\/strong><strong> 20D ph\u1ee7 <\/strong><strong>Nylon<\/strong> thu\u1ed9c lo\u1ea1i v\u1ea3i k\u1ef9 thu\u1eadt n\u00e0y. N\u00f3 k\u1ebft h\u1ee3p n\u1ec1n nylon v\u1eeba ch\u1eafc ch\u1eafn v\u1eeba nh\u1eb9 v\u1edbi l\u1edbp ph\u1ee7 TPU chuy\u00ean d\u1ee5ng \u0111\u1ec3 mang l\u1ea1i hi\u1ec7u su\u1ea5t ch\u1ed1ng n\u01b0\u1edbc, \u0111\u1ed9 b\u1ec1n v\u00e0 kh\u1ea3 n\u0103ng h\u00e0n trong c\u00e1c \u1ee9ng d\u1ee5ng n\u01a1i tr\u1ecdng l\u01b0\u1ee3ng v\u00e0 t\u00ednh g\u1ecdn nh\u1eb9 \u0111\u00f3ng vai tr\u00f2 quan tr\u1ecdng nh\u1ea5t.<\/div>\n<\/div>","protected":false},"excerpt":{"rendered":"<p>Materials science has a funny habit of rewarding restraint. When engineers try to make something extremely light, they often have to think more carefully about structure, coatings, and performance balance. Ultralight fabrics are a perfect example of this principle. A fabric that weighs very little still needs to resist tearing, block water, and sometimes even [&hellip;]<\/p>","protected":false},"featured_media":1233,"comment_status":"open","ping_status":"closed","template":"","meta":{"_acf_changed":false},"product_brand":[],"product_cat":[34],"product_tag":[],"class_list":{"0":"post-1232","1":"product","2":"type-product","3":"status-publish","4":"has-post-thumbnail","6":"product_cat-airtight-tpu-fabrics","8":"first","9":"instock","10":"shipping-taxable","11":"product-type-simple"},"acf":[],"_links":{"self":[{"href":"https:\/\/tpufabrics.com\/vi\/wp-json\/wp\/v2\/product\/1232","targetHints":{"allow":["GET"]}}],"collection":[{"href":"https:\/\/tpufabrics.com\/vi\/wp-json\/wp\/v2\/product"}],"about":[{"href":"https:\/\/tpufabrics.com\/vi\/wp-json\/wp\/v2\/types\/product"}],"replies":[{"embeddable":true,"href":"https:\/\/tpufabrics.com\/vi\/wp-json\/wp\/v2\/comments?post=1232"}],"wp:featuredmedia":[{"embeddable":true,"href":"https:\/\/tpufabrics.com\/vi\/wp-json\/wp\/v2\/media\/1233"}],"wp:attachment":[{"href":"https:\/\/tpufabrics.com\/vi\/wp-json\/wp\/v2\/media?parent=1232"}],"wp:term":[{"taxonomy":"product_brand","embeddable":true,"href":"https:\/\/tpufabrics.com\/vi\/wp-json\/wp\/v2\/product_brand?post=1232"},{"taxonomy":"product_cat","embeddable":true,"href":"https:\/\/tpufabrics.com\/vi\/wp-json\/wp\/v2\/product_cat?post=1232"},{"taxonomy":"product_tag","embeddable":true,"href":"https:\/\/tpufabrics.com\/vi\/wp-json\/wp\/v2\/product_tag?post=1232"}],"curies":[{"name":"wp","href":"https:\/\/api.w.org\/{rel}","templated":true}]}}