{"id":941,"date":"2026-03-05T02:46:55","date_gmt":"2026-03-05T02:46:55","guid":{"rendered":"https:\/\/tpufabrics.com\/?page_id=941"},"modified":"2026-03-06T05:37:58","modified_gmt":"2026-03-06T05:37:58","slug":"product-sustainable-tpu-fabrics","status":"publish","type":"page","link":"https:\/\/tpufabrics.com\/vi\/product-sustainable-tpu-fabrics\/","title":{"rendered":"V\u1ea3i TPU b\u1ec1n v\u1eefng cho s\u1ea3n ph\u1ea9m"},"content":{"rendered":"<div data-elementor-type=\"wp-page\" data-elementor-id=\"941\" class=\"elementor elementor-941\" data-elementor-post-type=\"page\">\n\t\t\t\t<div class=\"elementor-element elementor-element-1a8ecb7 e-flex e-con-boxed e-con e-parent\" data-id=\"1a8ecb7\" data-element_type=\"container\" data-settings=\"{&quot;background_background&quot;:&quot;classic&quot;}\">\n\t\t\t\t\t<div class=\"e-con-inner\">\n\t\t\t\t<div class=\"elementor-element elementor-element-e79f023 elementor-widget elementor-widget-heading\" data-id=\"e79f023\" data-element_type=\"widget\" data-widget_type=\"heading.default\">\n\t\t\t\t\t<h2 class=\"elementor-heading-title elementor-size-default\">V\u1ea3i TPU b\u1ec1n v\u1eefng<\/h2>\t\t\t\t<\/div>\n\t\t\t\t<div class=\"elementor-element elementor-element-efe1562 elementor-widget elementor-widget-text-editor\" data-id=\"efe1562\" data-element_type=\"widget\" data-widget_type=\"text-editor.default\">\n\t\t\t\t\t\t\t\t\t<p><a href=\"#\">Trang ch\u1ee7<\/a> \/S\u1ea3n ph\u1ea9m\/V\u1ea3i TPU b\u1ec1n v\u1eefng<\/p>\t\t\t\t\t\t\t\t<\/div>\n\t\t\t\t\t<\/div>\n\t\t\t\t<\/div>\n\t\t<div class=\"elementor-element elementor-element-87e2e2f e-flex e-con-boxed e-con e-parent\" data-id=\"87e2e2f\" data-element_type=\"container\">\n\t\t\t\t\t<div class=\"e-con-inner\">\n\t\t<div class=\"elementor-element elementor-element-c083b8a e-con-full e-flex e-con e-child\" data-id=\"c083b8a\" data-element_type=\"container\">\n\t\t\t\t<div class=\"elementor-element elementor-element-be1ca3f elementor-widget elementor-widget-heading\" data-id=\"be1ca3f\" data-element_type=\"widget\" data-widget_type=\"heading.default\">\n\t\t\t\t\t<h3 class=\"elementor-heading-title elementor-size-default\">D\u1eabn \u0111\u1ea7u t\u01b0\u01a1ng lai c\u1ee7a s\u1ea3n xu\u1ea5t c\u00f3 tr\u00e1ch nhi\u1ec7m<\/h3>\t\t\t\t<\/div>\n\t\t\t\t<div class=\"elementor-element elementor-element-8c284a4 elementor-widget elementor-widget-text-editor\" data-id=\"8c284a4\" data-element_type=\"widget\" data-widget_type=\"text-editor.default\">\n\t\t\t\t\t\t\t\t\t<p>Khi nh\u1eadn th\u1ee9c v\u1ec1 m\u00f4i tr\u01b0\u1eddng to\u00e0n c\u1ea7u ng\u00e0y c\u00e0ng t\u0103ng, t\u00ednh b\u1ec1n v\u1eefng kh\u00f4ng c\u00f2n l\u00e0 l\u1ef1a ch\u1ecdn n\u1eefa, m\u00e0 \u0111\u00e3 tr\u1edf th\u00e0nh m\u1ed9t tr\u00e1ch nhi\u1ec7m. D\u00f2ng v\u1ea3i TPU b\u1ec1n v\u1eefng c\u1ee7a ch\u00fang t\u00f4i \u0111\u01b0\u1ee3c thi\u1ebft k\u1ebf \u0111\u1ec3 gi\u00fap th\u01b0\u01a1ng hi\u1ec7u c\u1ee7a b\u1ea1n \u0111\u00e1p \u1ee9ng v\u00e0 v\u01b0\u1ee3t qua k\u1ef3 v\u1ecdng c\u1ee7a th\u1ecb tr\u01b0\u1eddng \u0111\u1ed1i v\u1edbi c\u00e1c s\u1ea3n ph\u1ea9m th\u00e2n thi\u1ec7n v\u1edbi m\u00f4i tr\u01b0\u1eddng. B\u1eb1ng c\u00e1ch s\u1eed d\u1ee5ng v\u1eadt li\u1ec7u t\u00e1i ch\u1ebf sau ti\u00eau d\u00f9ng v\u00e0 sau c\u00f4ng nghi\u1ec7p, c\u0169ng nh\u01b0 ph\u00e1t tri\u1ec3n c\u00e1c polyme c\u00f3 th\u1ec3 ph\u00e2n h\u1ee7y sinh h\u1ecdc trong \u0111i\u1ec1u ki\u1ec7n c\u1ee5 th\u1ec3, ch\u00fang t\u00f4i mang \u0111\u1ebfn cho b\u1ea1n nh\u1eefng v\u1eadt li\u1ec7u ti\u00ean ti\u1ebfn, gi\u1ea3m thi\u1ec3u t\u00e1c \u0111\u1ed9ng m\u00f4i tr\u01b0\u1eddng trong khi v\u1eabn gi\u1eef \u0111\u01b0\u1ee3c \u0111\u1ed9 b\u1ec1n v\u00e0 s\u1ee9c m\u1ea1nh v\u1ed1n c\u00f3 c\u1ee7a TPU.<\/p>\t\t\t\t\t\t\t\t<\/div>\n\t\t\t\t<\/div>\n\t\t<div class=\"elementor-element elementor-element-72b23fd e-con-full e-flex e-con e-child\" data-id=\"72b23fd\" data-element_type=\"container\">\n\t\t<div class=\"elementor-element elementor-element-f3d8ba1 e-con-full e-flex e-con e-child\" data-id=\"f3d8ba1\" data-element_type=\"container\" data-settings=\"{&quot;background_background&quot;:&quot;classic&quot;}\">\n\t\t\t\t<div class=\"elementor-element elementor-element-93eeac2 elementor-widget elementor-widget-heading\" data-id=\"93eeac2\" data-element_type=\"widget\" data-widget_type=\"heading.default\">\n\t\t\t\t\t<h4 class=\"elementor-heading-title elementor-size-default\">C\u00e1c s\u1ea3n ph\u1ea9m kh\u00e1c<\/h4>\t\t\t\t<\/div>\n\t\t\t\t<div class=\"elementor-element elementor-element-71702a2 elementor-widget-divider--view-line elementor-widget elementor-widget-divider\" data-id=\"71702a2\" data-element_type=\"widget\" data-widget_type=\"divider.default\">\n\t\t\t\t\t\t\t<div class=\"elementor-divider\">\n\t\t\t<span class=\"elementor-divider-separator\">\n\t\t\t\t\t\t<\/span>\n\t\t<\/div>\n\t\t\t\t\t\t<\/div>\n\t\t\t\t<div class=\"elementor-element elementor-element-d941827 elementor-icon-list--layout-traditional elementor-list-item-link-full_width elementor-widget elementor-widget-icon-list\" data-id=\"d941827\" data-element_type=\"widget\" data-widget_type=\"icon-list.default\">\n\t\t\t\t\t\t\t<ul class=\"elementor-icon-list-items\">\n\t\t\t\t\t\t\t<li class=\"elementor-icon-list-item\">\n\t\t\t\t\t\t\t\t\t\t\t<a href=\"#\">\n\n\t\t\t\t\t\t\t\t\t\t\t\t<span class=\"elementor-icon-list-icon\">\n\t\t\t\t\t\t\t<i aria-hidden=\"true\" class=\"rtmicon rtmicon-circle-arrow-right\"><\/i>\t\t\t\t\t\t<\/span>\n\t\t\t\t\t\t\t\t\t\t<span class=\"elementor-icon-list-text\">V\u1ea3i TPU k\u00edn kh\u00ed<\/span>\n\t\t\t\t\t\t\t\t\t\t\t<\/a>\n\t\t\t\t\t\t\t\t\t<\/li>\n\t\t\t\t\t\t\t\t<li class=\"elementor-icon-list-item\">\n\t\t\t\t\t\t\t\t\t\t\t<a href=\"#\">\n\n\t\t\t\t\t\t\t\t\t\t\t\t<span class=\"elementor-icon-list-icon\">\n\t\t\t\t\t\t\t<i aria-hidden=\"true\" class=\"rtmicon rtmicon-circle-arrow-right\"><\/i>\t\t\t\t\t\t<\/span>\n\t\t\t\t\t\t\t\t\t\t<span class=\"elementor-icon-list-text\">V\u1ea3i TPU c\u00f4ng nghi\u1ec7p<\/span>\n\t\t\t\t\t\t\t\t\t\t\t<\/a>\n\t\t\t\t\t\t\t\t\t<\/li>\n\t\t\t\t\t\t\t\t<li class=\"elementor-icon-list-item\">\n\t\t\t\t\t\t\t\t\t\t\t<a href=\"#\">\n\n\t\t\t\t\t\t\t\t\t\t\t\t<span class=\"elementor-icon-list-icon\">\n\t\t\t\t\t\t\t<i aria-hidden=\"true\" class=\"rtmicon rtmicon-circle-arrow-right\"><\/i>\t\t\t\t\t\t<\/span>\n\t\t\t\t\t\t\t\t\t\t<span class=\"elementor-icon-list-text\">V\u1ea3i TPU y t\u1ebf<\/span>\n\t\t\t\t\t\t\t\t\t\t\t<\/a>\n\t\t\t\t\t\t\t\t\t<\/li>\n\t\t\t\t\t\t\t\t<li class=\"elementor-icon-list-item\">\n\t\t\t\t\t\t\t\t\t\t\t<a href=\"#\">\n\n\t\t\t\t\t\t\t\t\t\t\t\t<span class=\"elementor-icon-list-icon\">\n\t\t\t\t\t\t\t<i aria-hidden=\"true\" class=\"rtmicon rtmicon-circle-arrow-right\"><\/i>\t\t\t\t\t\t<\/span>\n\t\t\t\t\t\t\t\t\t\t<span class=\"elementor-icon-list-text\">M\u00e0ng TPU<\/span>\n\t\t\t\t\t\t\t\t\t\t\t<\/a>\n\t\t\t\t\t\t\t\t\t<\/li>\n\t\t\t\t\t\t<\/ul>\n\t\t\t\t\t\t<\/div>\n\t\t\t\t<\/div>\n\t\t\t\t<\/div>\n\t\t\t\t\t<\/div>\n\t\t\t\t<\/div>\n\t\t<div class=\"elementor-element elementor-element-5e87566 e-flex e-con-boxed e-con e-parent\" data-id=\"5e87566\" data-element_type=\"container\">\n\t\t\t\t\t<div class=\"e-con-inner\">\n\t\t<div class=\"elementor-element elementor-element-5a11782 e-con-full e-flex e-con e-child\" data-id=\"5a11782\" data-element_type=\"container\">\n\t\t\t\t<div class=\"elementor-element elementor-element-d68475a elementor-widget elementor-widget-text-editor\" data-id=\"d68475a\" data-element_type=\"widget\" data-widget_type=\"text-editor.default\">\n\t\t\t\t\t\t\t\t\t<p><strong><b>B\u1ed9 s\u01b0u t\u1eadp s\u1ea3n ph\u1ea9m<\/b><\/strong><\/p>\t\t\t\t\t\t\t\t<\/div>\n\t\t<div class=\"elementor-element elementor-element-81a6481 e-con-full e-flex e-con e-child\" data-id=\"81a6481\" data-element_type=\"container\" data-settings=\"{&quot;background_background&quot;:&quot;classic&quot;}\">\n\t\t\t\t<\/div>\n\t\t\t\t<\/div>\n\t\t<div class=\"elementor-element elementor-element-1de1069 e-con-full e-flex e-con e-child\" data-id=\"1de1069\" data-element_type=\"container\">\n\t\t<div class=\"elementor-element elementor-element-78a759c e-con-full e-flex e-con e-child\" data-id=\"78a759c\" data-element_type=\"container\">\n\t\t\t\t<div class=\"elementor-element elementor-element-de7f777 elementor-widget elementor-widget-text-editor\" data-id=\"de7f777\" data-element_type=\"widget\" data-widget_type=\"text-editor.default\">\n\t\t\t\t\t\t\t\t\t<p><strong>V\u1ea3i TPU t\u00e1i ch\u1ebf<\/strong><\/p>\t\t\t\t\t\t\t\t<\/div>\n\t\t\t\t<div class=\"elementor-element elementor-element-5b3a29f elementor-widget elementor-widget-text-editor\" data-id=\"5b3a29f\" data-element_type=\"widget\" data-widget_type=\"text-editor.default\">\n\t\t\t\t\t\t\t\t\t<p>D\u00f2ng v\u1ea3i n\u00e0y ch\u1ee9a h\u00e0m l\u01b0\u1ee3ng cao TPU t\u00e1i ch\u1ebf sau ti\u00eau d\u00f9ng ho\u1eb7c t\u00e1i ch\u1ebf sau c\u00f4ng nghi\u1ec7p, \u0111\u01b0\u1ee3c thi\u1ebft k\u1ebf \u0111\u1ec3 gi\u1ea3m s\u1ef1 ph\u1ee5 thu\u1ed9c v\u00e0o ngu\u1ed3n nguy\u00ean li\u1ec7u m\u1edbi v\u00e0 gi\u1ea3m \u0111\u00e1ng k\u1ec3 d\u1ea5u ch\u00e2n carbon c\u1ee7a s\u1ea3n ph\u1ea9m. M\u1ed7i m\u00e9t v\u1ea3i \u0111\u1ec1u g\u00f3p ph\u1ea7n v\u00e0o n\u1ec1n kinh t\u1ebf tu\u1ea7n ho\u00e0n.<\/p>\t\t\t\t\t\t\t\t<\/div>\n\t\t<div class=\"elementor-element elementor-element-7cbd59f e-con-full e-flex e-con e-child\" data-id=\"7cbd59f\" data-element_type=\"container\">\n\t\t\t\t<div class=\"elementor-element elementor-element-2d562c1 elementor-widget__width-initial elementor-widget elementor-widget-text-editor\" data-id=\"2d562c1\" data-element_type=\"widget\" data-widget_type=\"text-editor.default\">\n\t\t\t\t\t\t\t\t\t<p>H\u00e0m l\u01b0\u1ee3ng t\u00e1i ch\u1ebf cao<\/p>\t\t\t\t\t\t\t\t<\/div>\n\t\t\t\t<div class=\"elementor-element elementor-element-0c40d4b elementor-widget__width-initial elementor-widget elementor-widget-text-editor\" data-id=\"0c40d4b\" data-element_type=\"widget\" data-widget_type=\"text-editor.default\">\n\t\t\t\t\t\t\t\t\t<p>Gi\u1ea3m d\u1ea5u ch\u00e2n carbon<\/p>\t\t\t\t\t\t\t\t<\/div>\n\t\t\t\t<div class=\"elementor-element elementor-element-9aa53d7 elementor-widget__width-initial elementor-widget elementor-widget-text-editor\" data-id=\"9aa53d7\" data-element_type=\"widget\" data-widget_type=\"text-editor.default\">\n\t\t\t\t\t\t\t\t\t<p>Hi\u1ec7u su\u1ea5t \u0111\u1ed3ng nh\u1ea5t<\/p>\t\t\t\t\t\t\t\t<\/div>\n\t\t\t\t<\/div>\n\t\t\t\t<div class=\"elementor-element elementor-element-7da4ffd elementor-widget elementor-widget-text-editor\" data-id=\"7da4ffd\" data-element_type=\"widget\" data-widget_type=\"text-editor.default\">\n\t\t\t\t\t\t\t\t\t<p><strong>\u1ee8ng d\u1ee5ng \u0111i\u1ec3n h\u00ecnh: <\/strong>Ba l\u00f4 th\u00e2n thi\u1ec7n v\u1edbi m\u00f4i tr\u01b0\u1eddng, ph\u1ee5 ki\u1ec7n \u0111\u1ed3 d\u00f9ng ngo\u00e0i tr\u1eddi<\/p>\t\t\t\t\t\t\t\t<\/div>\n\t\t<div class=\"elementor-element elementor-element-404be94 e-con-full e-flex e-con e-child\" data-id=\"404be94\" data-element_type=\"container\">\n\t\t\t\t<div class=\"elementor-element elementor-element-9e0bb44 elementor-widget__width-initial animated-slow elementor-invisible elementor-widget elementor-widget-rkit_image_box\" data-id=\"9e0bb44\" data-element_type=\"widget\" data-settings=\"{&quot;_animation&quot;:&quot;fadeInLeft&quot;}\" data-widget_type=\"rkit_image_box.default\">\n\t\t\t\t<div class=\"elementor-widget-container\">\n\t\t\t\t\t        <div class=\"rkit-image_box rkit-image_box__def-card\">\r\n\r\n            <div class=\"rkit-image_box-card\">\r\n                <div class=\"rkit-image_box__img\">\r\n                    <img fetchpriority=\"high\" decoding=\"async\" width=\"900\" height=\"900\" src=\"https:\/\/tpufabrics.com\/wp-content\/uploads\/2026\/01\/Project-Image-1.jpg\" class=\"attachment-full size-full wp-image-44\" alt=\"\" srcset=\"https:\/\/tpufabrics.com\/wp-content\/uploads\/2026\/01\/Project-Image-1.jpg 900w, https:\/\/tpufabrics.com\/wp-content\/uploads\/2026\/01\/Project-Image-1-300x300.jpg 300w, https:\/\/tpufabrics.com\/wp-content\/uploads\/2026\/01\/Project-Image-1-100x100.jpg 100w, https:\/\/tpufabrics.com\/wp-content\/uploads\/2026\/01\/Project-Image-1-600x600.jpg 600w, https:\/\/tpufabrics.com\/wp-content\/uploads\/2026\/01\/Project-Image-1-150x150.jpg 150w, https:\/\/tpufabrics.com\/wp-content\/uploads\/2026\/01\/Project-Image-1-768x768.jpg 768w\" sizes=\"(max-width: 900px) 100vw, 900px\" \/>                <\/div>\r\n\r\n\r\n\r\n                <div class=\"rkit-image_box_det def-card\">\r\n                    <div class=\"rkit-image_box__detail def-detail\">\r\n\r\n                        <div class=\"rkit-container-top\">\r\n                            <div class=\"left\">\r\n                                                            <\/div>\r\n\r\n                            \r\n                        <\/div>\r\n                        <h4 class=\"rkit-image_box__title\">V\u1ea3i cotton<\/h4>\r\n                        <div class=\"image-box-item-desc  def-card-desc-ext\">\r\n                            <span class=\"rkit-image_box__description\"><\/span>\r\n                                                                <div class=\"rkit-readmore-imagebox-div\">\r\n                                        <a  class=\"rkit-readmore-imagebox-btn\" type=\"button\">\r\n                                            <i aria-hidden=\"true\" class=\"rkit-icon-readmore-ib rtmicon rtmicon-circle-arrow-right\"><\/i>                                            \u0110\u1eccC TH\u00caM                                        <\/a>\r\n                                    <\/div>\r\n                                                    <\/div>\r\n                    <\/div>\r\n                <\/div>\r\n\r\n                <div class=\"\"><\/div>\r\n            <\/div>\r\n        <\/div>\r\n\t\t\t\t<\/div>\n\t\t\t\t<\/div>\n\t\t\t\t<\/div>\n\t\t\t\t<\/div>\n\t\t<div class=\"elementor-element elementor-element-abd526f e-con-full e-flex e-con e-child\" data-id=\"abd526f\" data-element_type=\"container\">\n\t\t\t\t<div class=\"elementor-element elementor-element-d5852c8 elementor-widget elementor-widget-image\" data-id=\"d5852c8\" data-element_type=\"widget\" data-widget_type=\"image.default\">\n\t\t\t\t\t\t\t\t\t\t\t\t\t\t\t<img decoding=\"async\" width=\"800\" height=\"534\" src=\"https:\/\/tpufabrics.com\/wp-content\/uploads\/2026\/03\/Recycled-TPU-Fabrics-1024x683.png\" class=\"attachment-large size-large wp-image-950\" alt=\"\" srcset=\"https:\/\/tpufabrics.com\/wp-content\/uploads\/2026\/03\/Recycled-TPU-Fabrics-1024x683.png 1024w, https:\/\/tpufabrics.com\/wp-content\/uploads\/2026\/03\/Recycled-TPU-Fabrics-600x400.png 600w, https:\/\/tpufabrics.com\/wp-content\/uploads\/2026\/03\/Recycled-TPU-Fabrics-300x200.png 300w, https:\/\/tpufabrics.com\/wp-content\/uploads\/2026\/03\/Recycled-TPU-Fabrics-768x512.png 768w, https:\/\/tpufabrics.com\/wp-content\/uploads\/2026\/03\/Recycled-TPU-Fabrics-1536x1024.png 1536w, https:\/\/tpufabrics.com\/wp-content\/uploads\/2026\/03\/Recycled-TPU-Fabrics-2048x1365.png 2048w\" sizes=\"(max-width: 800px) 100vw, 800px\" \/>\t\t\t\t\t\t\t\t\t\t\t\t\t\t\t<\/div>\n\t\t\t\t<\/div>\n\t\t\t\t<\/div>\n\t\t\t\t\t<\/div>\n\t\t\t\t<\/div>\n\t\t<div class=\"elementor-element elementor-element-53d5b8c e-flex e-con-boxed e-con e-parent\" data-id=\"53d5b8c\" data-element_type=\"container\">\n\t\t\t\t\t<div class=\"e-con-inner\">\n\t\t<div class=\"elementor-element elementor-element-1336894 e-con-full e-flex e-con e-child\" data-id=\"1336894\" data-element_type=\"container\">\n\t\t<div class=\"elementor-element elementor-element-4d64181 e-con-full e-flex e-con e-child\" data-id=\"4d64181\" data-element_type=\"container\" data-settings=\"{&quot;background_background&quot;:&quot;classic&quot;}\">\n\t\t\t\t<\/div>\n\t\t\t\t<\/div>\n\t\t<div class=\"elementor-element elementor-element-a02c15f e-con-full e-flex e-con e-child\" data-id=\"a02c15f\" data-element_type=\"container\">\n\t\t<div class=\"elementor-element elementor-element-47e4415 e-con-full e-flex e-con e-child\" data-id=\"47e4415\" data-element_type=\"container\">\n\t\t\t\t<div class=\"elementor-element elementor-element-03aee9c elementor-widget elementor-widget-image\" data-id=\"03aee9c\" data-element_type=\"widget\" data-widget_type=\"image.default\">\n\t\t\t\t\t\t\t\t\t\t\t\t\t\t\t<img decoding=\"async\" width=\"800\" height=\"537\" src=\"https:\/\/tpufabrics.com\/wp-content\/uploads\/2026\/03\/GRS-Certified-Fabrics-1024x687.png\" class=\"attachment-large size-large wp-image-951\" alt=\"\" srcset=\"https:\/\/tpufabrics.com\/wp-content\/uploads\/2026\/03\/GRS-Certified-Fabrics-1024x687.png 1024w, https:\/\/tpufabrics.com\/wp-content\/uploads\/2026\/03\/GRS-Certified-Fabrics-600x403.png 600w, https:\/\/tpufabrics.com\/wp-content\/uploads\/2026\/03\/GRS-Certified-Fabrics-300x201.png 300w, https:\/\/tpufabrics.com\/wp-content\/uploads\/2026\/03\/GRS-Certified-Fabrics-768x515.png 768w, https:\/\/tpufabrics.com\/wp-content\/uploads\/2026\/03\/GRS-Certified-Fabrics.png 1264w\" sizes=\"(max-width: 800px) 100vw, 800px\" \/>\t\t\t\t\t\t\t\t\t\t\t\t\t\t\t<\/div>\n\t\t\t\t<\/div>\n\t\t<div class=\"elementor-element elementor-element-d6b5cd2 e-con-full e-flex e-con e-child\" data-id=\"d6b5cd2\" data-element_type=\"container\">\n\t\t\t\t<div class=\"elementor-element elementor-element-2923974 elementor-widget elementor-widget-text-editor\" data-id=\"2923974\" data-element_type=\"widget\" data-widget_type=\"text-editor.default\">\n\t\t\t\t\t\t\t\t\t<p><strong>V\u1ea3i \u0111\u01b0\u1ee3c ch\u1ee9ng nh\u1eadn GRS<\/strong><\/p>\t\t\t\t\t\t\t\t<\/div>\n\t\t\t\t<div class=\"elementor-element elementor-element-a29efc4 elementor-widget elementor-widget-text-editor\" data-id=\"a29efc4\" data-element_type=\"widget\" data-widget_type=\"text-editor.default\">\n\t\t\t\t\t\t\t\t\t<p>\u0110em \u0111\u1ebfn s\u1ef1 b\u1ea3o ch\u1ee9ng uy t\u00edn cho cam k\u1ebft b\u1ea3o v\u1ec7 m\u00f4i tr\u01b0\u1eddng c\u1ee7a b\u1ea1n. D\u00f2ng v\u1ea3i n\u00e0y \u0111\u01b0\u1ee3c ch\u1ee9ng nh\u1eadn b\u1edfi Ti\u00eau chu\u1ea9n T\u00e1i ch\u1ebf To\u00e0n c\u1ea7u (GRS), \u0111\u1ea3m b\u1ea3o r\u1eb1ng h\u00e0m l\u01b0\u1ee3ng t\u00e1i ch\u1ebf, chu\u1ed7i ki\u1ec3m so\u00e1t, tr\u00e1ch nhi\u1ec7m x\u00e3 h\u1ed9i v\u00e0 c\u00e1c th\u1ef1c h\u00e0nh m\u00f4i tr\u01b0\u1eddng c\u1ee7a n\u00f3 \u0111\u00e1p \u1ee9ng c\u00e1c ti\u00eau chu\u1ea9n qu\u1ed1c t\u1ebf cao nh\u1ea5t, mang \u0111\u1ebfn m\u1ed9t tuy\u00ean b\u1ed1 b\u1ec1n v\u1eefng ho\u00e0n to\u00e0n minh b\u1ea1ch v\u00e0 c\u00f3 th\u1ec3 truy xu\u1ea5t ngu\u1ed3n g\u1ed1c cho s\u1ea3n ph\u1ea9m c\u1ee7a b\u1ea1n.<\/p>\t\t\t\t\t\t\t\t<\/div>\n\t\t<div class=\"elementor-element elementor-element-cba36c8 e-con-full e-flex e-con e-child\" data-id=\"cba36c8\" data-element_type=\"container\">\n\t\t\t\t<div class=\"elementor-element elementor-element-e0898d1 elementor-widget__width-initial elementor-widget elementor-widget-text-editor\" data-id=\"e0898d1\" data-element_type=\"widget\" data-widget_type=\"text-editor.default\">\n\t\t\t\t\t\t\t\t\t<p>Ch\u1ee9ng nh\u1eadn GRS<\/p>\t\t\t\t\t\t\t\t<\/div>\n\t\t\t\t<div class=\"elementor-element elementor-element-a7a0611 elementor-widget__width-initial elementor-widget elementor-widget-text-editor\" data-id=\"a7a0611\" data-element_type=\"widget\" data-widget_type=\"text-editor.default\">\n\t\t\t\t\t\t\t\t\t<p>Chu\u1ed7i ki\u1ec3m so\u00e1t \u0111\u1ea7y \u0111\u1ee7<\/p>\t\t\t\t\t\t\t\t<\/div>\n\t\t\t\t<div class=\"elementor-element elementor-element-4d90921 elementor-widget__width-initial elementor-widget elementor-widget-text-editor\" data-id=\"4d90921\" data-element_type=\"widget\" data-widget_type=\"text-editor.default\">\n\t\t\t\t\t\t\t\t\t<p>Tuy\u00ean b\u1ed1 m\u00f4i tr\u01b0\u1eddng c\u00f3 th\u1ec3 x\u00e1c minh<\/p>\t\t\t\t\t\t\t\t<\/div>\n\t\t\t\t<\/div>\n\t\t\t\t<div class=\"elementor-element elementor-element-625ddd1 elementor-widget elementor-widget-text-editor\" data-id=\"625ddd1\" data-element_type=\"widget\" data-widget_type=\"text-editor.default\">\n\t\t\t\t\t\t\t\t\t<p><strong>\u1ee8ng d\u1ee5ng \u0111i\u1ec3n h\u00ecnh: <\/strong>B\u1ea5t k\u1ef3 s\u1ea3n ph\u1ea9m n\u00e0o y\u00eau c\u1ea7u ch\u1ee9ng nh\u1eadn m\u00f4i tr\u01b0\u1eddng r\u00f5 r\u00e0ng<\/p>\t\t\t\t\t\t\t\t<\/div>\n\t\t<div class=\"elementor-element elementor-element-aba49b0 e-con-full e-flex e-con e-child\" data-id=\"aba49b0\" data-element_type=\"container\">\n\t\t\t\t<div class=\"elementor-element elementor-element-276ae84 elementor-widget__width-initial animated-slow elementor-invisible elementor-widget elementor-widget-rkit_image_box\" data-id=\"276ae84\" data-element_type=\"widget\" data-settings=\"{&quot;_animation&quot;:&quot;fadeInLeft&quot;}\" data-widget_type=\"rkit_image_box.default\">\n\t\t\t\t<div class=\"elementor-widget-container\">\n\t\t\t\t\t        <div class=\"rkit-image_box rkit-image_box__def-card\">\r\n\r\n            <div class=\"rkit-image_box-card\">\r\n                <div class=\"rkit-image_box__img\">\r\n                    <img fetchpriority=\"high\" decoding=\"async\" width=\"900\" height=\"900\" src=\"https:\/\/tpufabrics.com\/wp-content\/uploads\/2026\/01\/Project-Image-1.jpg\" class=\"attachment-full size-full wp-image-44\" alt=\"\" srcset=\"https:\/\/tpufabrics.com\/wp-content\/uploads\/2026\/01\/Project-Image-1.jpg 900w, https:\/\/tpufabrics.com\/wp-content\/uploads\/2026\/01\/Project-Image-1-300x300.jpg 300w, https:\/\/tpufabrics.com\/wp-content\/uploads\/2026\/01\/Project-Image-1-100x100.jpg 100w, https:\/\/tpufabrics.com\/wp-content\/uploads\/2026\/01\/Project-Image-1-600x600.jpg 600w, https:\/\/tpufabrics.com\/wp-content\/uploads\/2026\/01\/Project-Image-1-150x150.jpg 150w, https:\/\/tpufabrics.com\/wp-content\/uploads\/2026\/01\/Project-Image-1-768x768.jpg 768w\" sizes=\"(max-width: 900px) 100vw, 900px\" \/>                <\/div>\r\n\r\n\r\n\r\n                <div class=\"rkit-image_box_det def-card\">\r\n                    <div class=\"rkit-image_box__detail def-detail\">\r\n\r\n                        <div class=\"rkit-container-top\">\r\n                            <div class=\"left\">\r\n                                                            <\/div>\r\n\r\n                            \r\n                        <\/div>\r\n                        <h4 class=\"rkit-image_box__title\">V\u1ea3i cotton<\/h4>\r\n                        <div class=\"image-box-item-desc  def-card-desc-ext\">\r\n                            <span class=\"rkit-image_box__description\"><\/span>\r\n                                                                <div class=\"rkit-readmore-imagebox-div\">\r\n                                        <a  class=\"rkit-readmore-imagebox-btn\" type=\"button\">\r\n                                            <i aria-hidden=\"true\" class=\"rkit-icon-readmore-ib rtmicon rtmicon-circle-arrow-right\"><\/i>                                            \u0110\u1eccC TH\u00caM                                        <\/a>\r\n                                    <\/div>\r\n                                                    <\/div>\r\n                    <\/div>\r\n                <\/div>\r\n\r\n                <div class=\"\"><\/div>\r\n            <\/div>\r\n        <\/div>\r\n\t\t\t\t<\/div>\n\t\t\t\t<\/div>\n\t\t\t\t<\/div>\n\t\t\t\t<\/div>\n\t\t\t\t<\/div>\n\t\t\t\t\t<\/div>\n\t\t\t\t<\/div>\n\t\t\t\t<\/div>","protected":false},"excerpt":{"rendered":"<p>Sustainable TPU Fabrics Home \/Product\/Sustainable TPU Fabrics Leading the Future of Responsible Manufacturing As global environmental awareness grows, sustainability is no longer an option, but a responsibility. Our sustainable TPU fabric series is designed to help your brand meet and exceed market expectations for eco-friendly products. By utilizing post-consumer and post-industrial recycled materials, and developing [&hellip;]<\/p>","protected":false},"author":1,"featured_media":0,"parent":0,"menu_order":0,"comment_status":"closed","ping_status":"closed","template":"","meta":{"_acf_changed":false,"footnotes":""},"class_list":["post-941","page","type-page","status-publish","hentry"],"acf":[],"_hostinger_reach_plugin_has_subscription_block":false,"_hostinger_reach_plugin_is_elementor":false,"_links":{"self":[{"href":"https:\/\/tpufabrics.com\/vi\/wp-json\/wp\/v2\/pages\/941","targetHints":{"allow":["GET"]}}],"collection":[{"href":"https:\/\/tpufabrics.com\/vi\/wp-json\/wp\/v2\/pages"}],"about":[{"href":"https:\/\/tpufabrics.com\/vi\/wp-json\/wp\/v2\/types\/page"}],"author":[{"embeddable":true,"href":"https:\/\/tpufabrics.com\/vi\/wp-json\/wp\/v2\/users\/1"}],"replies":[{"embeddable":true,"href":"https:\/\/tpufabrics.com\/vi\/wp-json\/wp\/v2\/comments?post=941"}],"version-history":[{"count":10,"href":"https:\/\/tpufabrics.com\/vi\/wp-json\/wp\/v2\/pages\/941\/revisions"}],"predecessor-version":[{"id":1222,"href":"https:\/\/tpufabrics.com\/vi\/wp-json\/wp\/v2\/pages\/941\/revisions\/1222"}],"wp:attachment":[{"href":"https:\/\/tpufabrics.com\/vi\/wp-json\/wp\/v2\/media?parent=941"}],"curies":[{"name":"wp","href":"https:\/\/api.w.org\/{rel}","templated":true}]}}