{"id":853,"date":"2026-03-04T08:25:06","date_gmt":"2026-03-04T08:25:06","guid":{"rendered":"https:\/\/tpufabrics.com\/?page_id=853"},"modified":"2026-03-17T06:40:12","modified_gmt":"2026-03-17T06:40:12","slug":"san-pham-cua-chung-toi","status":"publish","type":"page","link":"https:\/\/tpufabrics.com\/vi\/san-pham-cua-chung-toi\/","title":{"rendered":"S\u1ea3n ph\u1ea9m c\u1ee7a ch\u00fang t\u00f4i"},"content":{"rendered":"<div data-elementor-type=\"wp-page\" data-elementor-id=\"853\" class=\"elementor elementor-853\" data-elementor-post-type=\"page\">\n\t\t\t\t<div class=\"elementor-element elementor-element-42f42c5 e-flex e-con-boxed e-con e-parent\" data-id=\"42f42c5\" data-element_type=\"container\" data-e-type=\"container\" data-settings=\"{&quot;background_background&quot;:&quot;classic&quot;}\">\n\t\t\t\t\t<div class=\"e-con-inner\">\n\t\t\t\t<div class=\"elementor-element elementor-element-4dd8f44 elementor-widget elementor-widget-woocommerce-breadcrumb\" data-id=\"4dd8f44\" data-element_type=\"widget\" data-e-type=\"widget\" data-widget_type=\"woocommerce-breadcrumb.default\">\n\t\t\t\t\t<nav class=\"woocommerce-breadcrumb\" aria-label=\"Breadcrumb\" data-no-translation=\"\" data-trp-gettext=\"\">Trang ch\u1ee7<\/nav>\t\t\t\t<\/div>\n\t\t\t\t\t<\/div>\n\t\t\t\t<\/div>\n\t\t<div class=\"elementor-element elementor-element-241b998 e-flex e-con-boxed e-con e-parent\" data-id=\"241b998\" data-element_type=\"container\" data-e-type=\"container\">\n\t\t\t\t\t<div class=\"e-con-inner\">\n\t\t\t\t<div class=\"elementor-element elementor-element-d5f866b elementor-widget elementor-widget-heading\" data-id=\"d5f866b\" data-element_type=\"widget\" data-e-type=\"widget\" data-widget_type=\"heading.default\">\n\t\t\t\t\t<h2 class=\"elementor-heading-title elementor-size-default\">S\u1ea2N PH\u1ea8M C\u1ee6A CH\u00daNG T\u00d4I<\/h2>\t\t\t\t<\/div>\n\t\t<div class=\"elementor-element elementor-element-e3c9902 e-con-full e-flex e-con e-child\" data-id=\"e3c9902\" data-element_type=\"container\" data-e-type=\"container\">\n\t\t\t\t<div class=\"elementor-element elementor-element-a0e2832 animated-slow elementor-invisible elementor-widget elementor-widget-heading\" data-id=\"a0e2832\" data-element_type=\"widget\" data-e-type=\"widget\" data-settings=\"{&quot;_animation&quot;:&quot;fadeInUp&quot;}\" data-widget_type=\"heading.default\">\n\t\t\t\t\t<h3 class=\"elementor-heading-title elementor-size-default\">Danh m\u1ee5c s\u1ea3n ph\u1ea9m c\u1ee7a ch\u00fang t\u00f4i<\/h3>\t\t\t\t<\/div>\n\t\t\t\t<\/div>\n\t\t\t\t<div class=\"elementor-element elementor-element-05ebb68 elementor-widget__width-initial elementor-widget elementor-widget-text-editor\" data-id=\"05ebb68\" data-element_type=\"widget\" data-e-type=\"widget\" data-widget_type=\"text-editor.default\">\n\t\t\t\t\t\t\t\t\t<p>\u00a0C\u00e1c gi\u1ea3i ph\u00e1p TPU k\u1ef9 thu\u1eadt d\u00e0nh cho m\u1ecdi ng\u00e0nh c\u00f4ng nghi\u1ec7p.<\/p>\t\t\t\t\t\t\t\t<\/div>\n\t\t<div class=\"elementor-element elementor-element-b21c722 e-con-full e-flex e-con e-child\" data-id=\"b21c722\" data-element_type=\"container\" data-e-type=\"container\">\n\t\t\t\t<div class=\"elementor-element elementor-element-2a1f1d3 elementor-widget__width-initial animated-slow image-hover-zoom-in elementor-invisible elementor-widget elementor-widget-rkit_image_box\" data-id=\"2a1f1d3\" data-element_type=\"widget\" data-e-type=\"widget\" data-settings=\"{&quot;_animation&quot;:&quot;fadeInLeft&quot;}\" data-widget_type=\"rkit_image_box.default\">\n\t\t\t\t<div class=\"elementor-widget-container\">\n\t\t\t\t\t        <div class=\"rkit-image_box rkit-image_box__def-card\">\n\n            <div class=\"rkit-image_box-card\">\n                <div class=\"rkit-image_box__img\">\n                    <img fetchpriority=\"high\" decoding=\"async\" width=\"2508\" height=\"1672\" src=\"https:\/\/tpufabrics.com\/wp-content\/uploads\/2026\/03\/Airtight-TPU-Fabrics.png\" class=\"attachment-full size-full wp-image-864\" alt=\"V\u1ea3i ph\u1ee7 TPU\" srcset=\"https:\/\/tpufabrics.com\/wp-content\/uploads\/2026\/03\/Airtight-TPU-Fabrics.png 2508w, https:\/\/tpufabrics.com\/wp-content\/uploads\/2026\/03\/Airtight-TPU-Fabrics-600x400.png 600w, https:\/\/tpufabrics.com\/wp-content\/uploads\/2026\/03\/Airtight-TPU-Fabrics-300x200.png 300w, https:\/\/tpufabrics.com\/wp-content\/uploads\/2026\/03\/Airtight-TPU-Fabrics-1024x683.png 1024w, https:\/\/tpufabrics.com\/wp-content\/uploads\/2026\/03\/Airtight-TPU-Fabrics-768x512.png 768w, https:\/\/tpufabrics.com\/wp-content\/uploads\/2026\/03\/Airtight-TPU-Fabrics-1536x1024.png 1536w, https:\/\/tpufabrics.com\/wp-content\/uploads\/2026\/03\/Airtight-TPU-Fabrics-2048x1365.png 2048w\" sizes=\"(max-width: 2508px) 100vw, 2508px\" \/>                <\/div>\n\n\n\n                <div class=\"rkit-image_box_det def-card\">\n                    <div class=\"rkit-image_box__detail def-detail\">\n\n                        <div class=\"rkit-container-top\">\n                            <div class=\"left\">\n                                                            <\/div>\n\n                            \n                        <\/div>\n                        <h4 class=\"rkit-image_box__title\">V\u1ea3i TPU k\u00edn kh\u00ed<\/h4>\n                        <div class=\"image-box-item-desc  def-card-desc-ext\">\n                            <span class=\"rkit-image_box__description\">\u0110\u1ec3 \u0111\u1ea3m b\u1ea3o kh\u1ea3 n\u0103ng gi\u1eef kh\u00ed v\u00e0 ch\u1ea5t l\u1ecfng v\u01b0\u1ee3t tr\u1ed9i trong c\u00e1c s\u1ea3n ph\u1ea9m b\u01a1m h\u01a1i v\u00e0 h\u1ec7 th\u1ed1ng ch\u1ee9a.<\/span>\n                                                                <div class=\"rkit-readmore-imagebox-div\">\n                                        <a href=\"https:\/\/tpufabrics.com\/vi\/product-category\/vai-tpu-chong-tham\/\" class=\"rkit-readmore-imagebox-btn\" type=\"button\">\n                                            <i aria-hidden=\"true\" class=\"rkit-icon-readmore-ib rtmicon rtmicon-circle-arrow-right\"><\/i>                                            EXPLORE MORE                                        <\/a>\n                                    <\/div>\n                                                    <\/div>\n                    <\/div>\n                <\/div>\n\n                <div class=\"\"><\/div>\n            <\/div>\n        <\/div>\n\t\t\t\t<\/div>\n\t\t\t\t<\/div>\n\t\t\t\t<div class=\"elementor-element elementor-element-bb1f504 elementor-widget__width-initial animated-slow image-hover-zoom-in elementor-invisible elementor-widget elementor-widget-rkit_image_box\" data-id=\"bb1f504\" data-element_type=\"widget\" data-e-type=\"widget\" data-settings=\"{&quot;_animation&quot;:&quot;fadeInUp&quot;}\" data-widget_type=\"rkit_image_box.default\">\n\t\t\t\t<div class=\"elementor-widget-container\">\n\t\t\t\t\t        <div class=\"rkit-image_box rkit-image_box__def-card\">\n\n            <div class=\"rkit-image_box-card\">\n                <div class=\"rkit-image_box__img\">\n                    <img decoding=\"async\" width=\"1264\" height=\"848\" src=\"https:\/\/tpufabrics.com\/wp-content\/uploads\/2026\/03\/Industrial-TPU-Fabrics.png\" class=\"attachment-full size-full wp-image-865\" alt=\"\" srcset=\"https:\/\/tpufabrics.com\/wp-content\/uploads\/2026\/03\/Industrial-TPU-Fabrics.png 1264w, https:\/\/tpufabrics.com\/wp-content\/uploads\/2026\/03\/Industrial-TPU-Fabrics-600x403.png 600w, https:\/\/tpufabrics.com\/wp-content\/uploads\/2026\/03\/Industrial-TPU-Fabrics-300x201.png 300w, https:\/\/tpufabrics.com\/wp-content\/uploads\/2026\/03\/Industrial-TPU-Fabrics-1024x687.png 1024w, https:\/\/tpufabrics.com\/wp-content\/uploads\/2026\/03\/Industrial-TPU-Fabrics-768x515.png 768w\" sizes=\"(max-width: 1264px) 100vw, 1264px\" \/>                <\/div>\n\n\n\n                <div class=\"rkit-image_box_det def-card\">\n                    <div class=\"rkit-image_box__detail def-detail\">\n\n                        <div class=\"rkit-container-top\">\n                            <div class=\"left\">\n                                                            <\/div>\n\n                            \n                        <\/div>\n                        <h4 class=\"rkit-image_box__title\">V\u1ea3i TPU c\u00f4ng nghi\u1ec7p<\/h4>\n                        <div class=\"image-box-item-desc  def-card-desc-ext\">\n                            <span class=\"rkit-image_box__description\">\u0110\u1ed9 b\u1ec1n v\u00e0 kh\u1ea3 n\u0103ng ch\u1ecbu l\u1ef1c v\u01b0\u1ee3t tr\u1ed9i, ph\u00f9 h\u1ee3p v\u1edbi c\u00e1c \u1ee9ng d\u1ee5ng c\u00f4ng nghi\u1ec7p \u0111\u00f2i h\u1ecfi kh\u1eaft khe nh\u1ea5t.<\/span>\n                                                                <div class=\"rkit-readmore-imagebox-div\">\n                                        <a href=\"https:\/\/tpufabrics.com\/vi\/product-category\/vai-tpu-cong-nghiep\/\" class=\"rkit-readmore-imagebox-btn\" type=\"button\">\n                                            <i aria-hidden=\"true\" class=\"rkit-icon-readmore-ib rtmicon rtmicon-circle-arrow-right\"><\/i>                                            EXPLORE MORE                                        <\/a>\n                                    <\/div>\n                                                    <\/div>\n                    <\/div>\n                <\/div>\n\n                <div class=\"\"><\/div>\n            <\/div>\n        <\/div>\n\t\t\t\t<\/div>\n\t\t\t\t<\/div>\n\t\t\t\t<div class=\"elementor-element elementor-element-93d3a00 elementor-widget__width-initial animated-slow image-hover-zoom-in elementor-invisible elementor-widget elementor-widget-rkit_image_box\" data-id=\"93d3a00\" data-element_type=\"widget\" data-e-type=\"widget\" data-settings=\"{&quot;_animation&quot;:&quot;fadeInRight&quot;}\" data-widget_type=\"rkit_image_box.default\">\n\t\t\t\t<div class=\"elementor-widget-container\">\n\t\t\t\t\t        <div class=\"rkit-image_box rkit-image_box__def-card\">\n\n            <div class=\"rkit-image_box-card\">\n                <div class=\"rkit-image_box__img\">\n                    <img decoding=\"async\" width=\"2508\" height=\"1672\" src=\"https:\/\/tpufabrics.com\/wp-content\/uploads\/2026\/03\/Sustainable-TPU-Fabrics.png\" class=\"attachment-full size-full wp-image-867\" alt=\"\" srcset=\"https:\/\/tpufabrics.com\/wp-content\/uploads\/2026\/03\/Sustainable-TPU-Fabrics.png 2508w, https:\/\/tpufabrics.com\/wp-content\/uploads\/2026\/03\/Sustainable-TPU-Fabrics-600x400.png 600w, https:\/\/tpufabrics.com\/wp-content\/uploads\/2026\/03\/Sustainable-TPU-Fabrics-300x200.png 300w, https:\/\/tpufabrics.com\/wp-content\/uploads\/2026\/03\/Sustainable-TPU-Fabrics-1024x683.png 1024w, https:\/\/tpufabrics.com\/wp-content\/uploads\/2026\/03\/Sustainable-TPU-Fabrics-768x512.png 768w, https:\/\/tpufabrics.com\/wp-content\/uploads\/2026\/03\/Sustainable-TPU-Fabrics-1536x1024.png 1536w, https:\/\/tpufabrics.com\/wp-content\/uploads\/2026\/03\/Sustainable-TPU-Fabrics-2048x1365.png 2048w\" sizes=\"(max-width: 2508px) 100vw, 2508px\" \/>                <\/div>\n\n\n\n                <div class=\"rkit-image_box_det def-card\">\n                    <div class=\"rkit-image_box__detail def-detail\">\n\n                        <div class=\"rkit-container-top\">\n                            <div class=\"left\">\n                                                            <\/div>\n\n                            \n                        <\/div>\n                        <h4 class=\"rkit-image_box__title\">V\u1ea3i TPU b\u1ec1n v\u1eefng<\/h4>\n                        <div class=\"image-box-item-desc  def-card-desc-ext\">\n                            <span class=\"rkit-image_box__description\">C\u00e1c gi\u1ea3i ph\u00e1p th\u00e2n thi\u1ec7n v\u1edbi m\u00f4i tr\u01b0\u1eddng, bao g\u1ed3m c\u00e1c s\u1ea3n ph\u1ea9m t\u00e1i ch\u1ebf v\u00e0 ph\u00e2n h\u1ee7y sinh h\u1ecdc.<\/span>\n                                                                <div class=\"rkit-readmore-imagebox-div\">\n                                        <a href=\"https:\/\/tpufabrics.com\/vi\/product-category\/vai-tpu-than-thien-voi-moi-truong\/\" class=\"rkit-readmore-imagebox-btn\" type=\"button\">\n                                            <i aria-hidden=\"true\" class=\"rkit-icon-readmore-ib rtmicon rtmicon-circle-arrow-right\"><\/i>                                            EXPLORE MORE                                        <\/a>\n                                    <\/div>\n                                                    <\/div>\n                    <\/div>\n                <\/div>\n\n                <div class=\"\"><\/div>\n            <\/div>\n        <\/div>\n\t\t\t\t<\/div>\n\t\t\t\t<\/div>\n\t\t\t\t<div class=\"elementor-element elementor-element-929daa0 elementor-widget__width-initial animated-slow image-hover-zoom-in elementor-invisible elementor-widget elementor-widget-rkit_image_box\" data-id=\"929daa0\" data-element_type=\"widget\" data-e-type=\"widget\" data-settings=\"{&quot;_animation&quot;:&quot;fadeInRight&quot;}\" data-widget_type=\"rkit_image_box.default\">\n\t\t\t\t<div class=\"elementor-widget-container\">\n\t\t\t\t\t        <div class=\"rkit-image_box rkit-image_box__def-card\">\n\n            <div class=\"rkit-image_box-card\">\n                <div class=\"rkit-image_box__img\">\n                    <img loading=\"lazy\" decoding=\"async\" width=\"2508\" height=\"1672\" src=\"https:\/\/tpufabrics.com\/wp-content\/uploads\/2026\/03\/Medical-TPU-Fabrics.png\" class=\"attachment-full size-full wp-image-866\" alt=\"V\u1ea3i ph\u1ee7 TPU so v\u1edbi v\u1ea3i ph\u1ee7 PVC trong c\u00e1c h\u1ec7 th\u1ed1ng kh\u00ed y t\u1ebf k\u00edn kh\u00ed\" srcset=\"https:\/\/tpufabrics.com\/wp-content\/uploads\/2026\/03\/Medical-TPU-Fabrics.png 2508w, https:\/\/tpufabrics.com\/wp-content\/uploads\/2026\/03\/Medical-TPU-Fabrics-600x400.png 600w, https:\/\/tpufabrics.com\/wp-content\/uploads\/2026\/03\/Medical-TPU-Fabrics-300x200.png 300w, https:\/\/tpufabrics.com\/wp-content\/uploads\/2026\/03\/Medical-TPU-Fabrics-1024x683.png 1024w, https:\/\/tpufabrics.com\/wp-content\/uploads\/2026\/03\/Medical-TPU-Fabrics-768x512.png 768w, https:\/\/tpufabrics.com\/wp-content\/uploads\/2026\/03\/Medical-TPU-Fabrics-1536x1024.png 1536w, https:\/\/tpufabrics.com\/wp-content\/uploads\/2026\/03\/Medical-TPU-Fabrics-2048x1365.png 2048w\" sizes=\"(max-width: 2508px) 100vw, 2508px\" \/>                <\/div>\n\n\n\n                <div class=\"rkit-image_box_det def-card\">\n                    <div class=\"rkit-image_box__detail def-detail\">\n\n                        <div class=\"rkit-container-top\">\n                            <div class=\"left\">\n                                                            <\/div>\n\n                            \n                        <\/div>\n                        <h4 class=\"rkit-image_box__title\">V\u1ea3i TPU y t\u1ebf<\/h4>\n                        <div class=\"image-box-item-desc  def-card-desc-ext\">\n                            <span class=\"rkit-image_box__description\">C\u00e1c gi\u1ea3i ph\u00e1p th\u00e2n thi\u1ec7n v\u1edbi m\u00f4i tr\u01b0\u1eddng, bao g\u1ed3m c\u00e1c s\u1ea3n ph\u1ea9m t\u00e1i ch\u1ebf v\u00e0 ph\u00e2n h\u1ee7y sinh h\u1ecdc.<\/span>\n                                                                <div class=\"rkit-readmore-imagebox-div\">\n                                        <a href=\"https:\/\/tpufabrics.com\/vi\/product-category\/vai-tpu-y-te\/\" class=\"rkit-readmore-imagebox-btn\" type=\"button\">\n                                            <i aria-hidden=\"true\" class=\"rkit-icon-readmore-ib rtmicon rtmicon-circle-arrow-right\"><\/i>                                            EXPLORE MORE                                        <\/a>\n                                    <\/div>\n                                                    <\/div>\n                    <\/div>\n                <\/div>\n\n                <div class=\"\"><\/div>\n            <\/div>\n        <\/div>\n\t\t\t\t<\/div>\n\t\t\t\t<\/div>\n\t\t\t\t<div class=\"elementor-element elementor-element-0789ae5 elementor-widget__width-initial animated-slow image-hover-zoom-in elementor-invisible elementor-widget elementor-widget-rkit_image_box\" data-id=\"0789ae5\" data-element_type=\"widget\" data-e-type=\"widget\" data-settings=\"{&quot;_animation&quot;:&quot;fadeInLeft&quot;}\" data-widget_type=\"rkit_image_box.default\">\n\t\t\t\t<div class=\"elementor-widget-container\">\n\t\t\t\t\t        <div class=\"rkit-image_box rkit-image_box__def-card\">\n\n            <div class=\"rkit-image_box-card\">\n                <div class=\"rkit-image_box__img\">\n                    <img loading=\"lazy\" decoding=\"async\" width=\"2508\" height=\"1672\" src=\"https:\/\/tpufabrics.com\/wp-content\/uploads\/2026\/03\/TPU-Film-1.png\" class=\"attachment-full size-full wp-image-871\" alt=\"\" srcset=\"https:\/\/tpufabrics.com\/wp-content\/uploads\/2026\/03\/TPU-Film-1.png 2508w, https:\/\/tpufabrics.com\/wp-content\/uploads\/2026\/03\/TPU-Film-1-600x400.png 600w, https:\/\/tpufabrics.com\/wp-content\/uploads\/2026\/03\/TPU-Film-1-300x200.png 300w, https:\/\/tpufabrics.com\/wp-content\/uploads\/2026\/03\/TPU-Film-1-1024x683.png 1024w, https:\/\/tpufabrics.com\/wp-content\/uploads\/2026\/03\/TPU-Film-1-768x512.png 768w, https:\/\/tpufabrics.com\/wp-content\/uploads\/2026\/03\/TPU-Film-1-1536x1024.png 1536w, https:\/\/tpufabrics.com\/wp-content\/uploads\/2026\/03\/TPU-Film-1-2048x1365.png 2048w\" sizes=\"(max-width: 2508px) 100vw, 2508px\" \/>                <\/div>\n\n\n\n                <div class=\"rkit-image_box_det def-card\">\n                    <div class=\"rkit-image_box__detail def-detail\">\n\n                        <div class=\"rkit-container-top\">\n                            <div class=\"left\">\n                                                            <\/div>\n\n                            \n                        <\/div>\n                        <h4 class=\"rkit-image_box__title\">M\u00e0ng TPU<\/h4>\n                        <div class=\"image-box-item-desc  def-card-desc-ext\">\n                            <span class=\"rkit-image_box__description\">M\u00e0ng phim hi\u1ec7u su\u1ea5t cao d\u00f9ng trong c\u00e1c \u1ee9ng d\u1ee5ng quang h\u1ecdc, b\u1ea3o v\u1ec7 v\u00e0 y t\u1ebf.<\/span>\n                                                                <div class=\"rkit-readmore-imagebox-div\">\n                                        <a href=\"https:\/\/tpufabrics.com\/vi\/product-category\/mang-tpu\/\" class=\"rkit-readmore-imagebox-btn\" type=\"button\">\n                                            <i aria-hidden=\"true\" class=\"rkit-icon-readmore-ib rtmicon rtmicon-circle-arrow-right\"><\/i>                                            EXPLORE MORE                                        <\/a>\n                                    <\/div>\n                                                    <\/div>\n                    <\/div>\n                <\/div>\n\n                <div class=\"\"><\/div>\n            <\/div>\n        <\/div>\n\t\t\t\t<\/div>\n\t\t\t\t<\/div>\n\t\t\t\t<\/div>\n\t\t\t\t\t<\/div>\n\t\t\t\t<\/div>\n\t\t<div class=\"elementor-element elementor-element-cfdb309 e-flex e-con-boxed e-con e-parent\" data-id=\"cfdb309\" data-element_type=\"container\" data-e-type=\"container\" data-settings=\"{&quot;background_background&quot;:&quot;classic&quot;}\">\n\t\t\t\t\t<div class=\"e-con-inner\">\n\t\t\t\t<div class=\"elementor-element elementor-element-aae9452 elementor-widget elementor-widget-heading\" data-id=\"aae9452\" data-element_type=\"widget\" data-e-type=\"widget\" data-widget_type=\"heading.default\">\n\t\t\t\t\t<h3 class=\"elementor-heading-title elementor-size-default\">Tham kh\u1ea3o \u00fd ki\u1ebfn ch\u00fang t\u00f4i \u0111\u1ec3 ch\u1ecdn v\u1eadt li\u1ec7u ph\u00f9 h\u1ee3p cho d\u1ef1 \u00e1n c\u1ee7a b\u1ea1n<\/h3>\t\t\t\t<\/div>\n\t\t\t\t<div class=\"elementor-element elementor-element-51c33e6 elementor-widget__width-initial elementor-widget elementor-widget-text-editor\" data-id=\"51c33e6\" data-element_type=\"widget\" data-e-type=\"widget\" data-widget_type=\"text-editor.default\">\n\t\t\t\t\t\t\t\t\t<p>H\u00e3y cho ch\u00fang t\u00f4i bi\u1ebft t\u1ea7m nh\u00ecn c\u1ee7a b\u1ea1n, v\u00e0 ch\u00fang t\u00f4i s\u1ebd thi\u1ebft k\u1ebf gi\u1ea3i ph\u00e1p TPU ho\u1eb7c PVC ho\u00e0n h\u1ea3o \u0111\u1ec3 \u0111\u1ea3m b\u1ea3o s\u1ef1 th\u00e0nh c\u00f4ng v\u00e0 b\u1ec1n v\u1eefng cho d\u1ef1 \u00e1n c\u1ee7a b\u1ea1n<\/p>\t\t\t\t\t\t\t\t<\/div>\n\t\t\t\t<div class=\"elementor-element elementor-element-9aa026c elementor-align-center elementor-widget elementor-widget-button\" data-id=\"9aa026c\" data-element_type=\"widget\" data-e-type=\"widget\" data-widget_type=\"button.default\">\n\t\t\t\t\t\t\t\t\t\t<a class=\"elementor-button elementor-button-link elementor-size-sm\" href=\"https:\/\/tpufabrics.com\/vi\/lien-he-voi-chung-toi\/\">\n\t\t\t\t\t\t<span class=\"elementor-button-content-wrapper\">\n\t\t\t\t\t\t\t\t\t<span class=\"elementor-button-text\">LI\u00caN H\u1ec6 V\u1edaI CH\u00daNG T\u00d4I<\/span>\n\t\t\t\t\t<\/span>\n\t\t\t\t\t<\/a>\n\t\t\t\t\t\t\t\t<\/div>\n\t\t\t\t\t<\/div>\n\t\t\t\t<\/div>\n\t\t\t\t<\/div>","protected":false},"excerpt":{"rendered":"<p>OUR PRODUCT Our Product Portfolio \u00a0Engineered TPU Solutions for Every Industry. Airtight TPU Fabrics For superior air and liquid retention in inflatables and containment systems. EXPLORE MORE Industrial TPU Fabrics Extreme durability and resistance for the most demanding industrial applications. EXPLORE MORE Sustainable TPU Fabrics Eco-conscious solutions including recycled and biodegradable options. EXPLORE MORE Medical [&hellip;]<\/p>","protected":false},"author":1,"featured_media":0,"parent":0,"menu_order":0,"comment_status":"closed","ping_status":"closed","template":"","meta":{"_acf_changed":false,"footnotes":""},"class_list":["post-853","page","type-page","status-publish","hentry"],"acf":[],"_hostinger_reach_plugin_has_subscription_block":false,"_hostinger_reach_plugin_is_elementor":false,"_links":{"self":[{"href":"https:\/\/tpufabrics.com\/vi\/wp-json\/wp\/v2\/pages\/853","targetHints":{"allow":["GET"]}}],"collection":[{"href":"https:\/\/tpufabrics.com\/vi\/wp-json\/wp\/v2\/pages"}],"about":[{"href":"https:\/\/tpufabrics.com\/vi\/wp-json\/wp\/v2\/types\/page"}],"author":[{"embeddable":true,"href":"https:\/\/tpufabrics.com\/vi\/wp-json\/wp\/v2\/users\/1"}],"replies":[{"embeddable":true,"href":"https:\/\/tpufabrics.com\/vi\/wp-json\/wp\/v2\/comments?post=853"}],"version-history":[{"count":34,"href":"https:\/\/tpufabrics.com\/vi\/wp-json\/wp\/v2\/pages\/853\/revisions"}],"predecessor-version":[{"id":1850,"href":"https:\/\/tpufabrics.com\/vi\/wp-json\/wp\/v2\/pages\/853\/revisions\/1850"}],"wp:attachment":[{"href":"https:\/\/tpufabrics.com\/vi\/wp-json\/wp\/v2\/media?parent=853"}],"curies":[{"name":"wp","href":"https:\/\/api.w.org\/{rel}","templated":true}]}}