{"id":776,"date":"2026-02-09T07:21:05","date_gmt":"2026-02-09T07:21:05","guid":{"rendered":"https:\/\/tpufabrics.com\/?page_id=776"},"modified":"2026-03-20T02:06:19","modified_gmt":"2026-03-20T02:06:19","slug":"xuong","status":"publish","type":"page","link":"https:\/\/tpufabrics.com\/vi\/xuong\/","title":{"rendered":"Xu\u1ed1ng"},"content":{"rendered":"<div data-elementor-type=\"wp-page\" data-elementor-id=\"776\" class=\"elementor elementor-776\" data-elementor-post-type=\"page\">\n\t\t\t\t<div class=\"elementor-element elementor-element-47a1cd2 e-flex e-con-boxed e-con e-parent\" data-id=\"47a1cd2\" data-element_type=\"container\" data-e-type=\"container\" data-settings=\"{&quot;background_background&quot;:&quot;classic&quot;}\">\n\t\t\t\t\t<div class=\"e-con-inner\">\n\t\t\t\t<div class=\"elementor-element elementor-element-69560f2 elementor-widget elementor-widget-heading\" data-id=\"69560f2\" data-element_type=\"widget\" data-e-type=\"widget\" data-widget_type=\"heading.default\">\n\t\t\t\t\t<h1 class=\"elementor-heading-title elementor-size-default\">T\u1ea3i xu\u1ed1ng<\/h1>\t\t\t\t<\/div>\n\t\t\t\t<div class=\"elementor-element elementor-element-9935ecf elementor-widget elementor-widget-text-editor\" data-id=\"9935ecf\" data-element_type=\"widget\" data-e-type=\"widget\" data-widget_type=\"text-editor.default\">\n\t\t\t\t\t\t\t\t\t<p><a href=\"#\">Trang ch\u1ee7<\/a> \/ T\u1ea3i xu\u1ed1ng<\/p>\t\t\t\t\t\t\t\t<\/div>\n\t\t\t\t\t<\/div>\n\t\t\t\t<\/div>\n\t\t<div class=\"elementor-element elementor-element-1ad4826 e-con-full e-flex e-con e-parent\" data-id=\"1ad4826\" data-element_type=\"container\" data-e-type=\"container\">\n\t\t<div class=\"elementor-element elementor-element-6acdde1 e-con-full e-flex e-con e-child\" data-id=\"6acdde1\" data-element_type=\"container\" data-e-type=\"container\">\n\t\t<div class=\"elementor-element elementor-element-0608237 e-con-full e-flex e-con e-child\" data-id=\"0608237\" data-element_type=\"container\" data-e-type=\"container\">\n\t\t\t\t<div class=\"elementor-element elementor-element-8ea589e elementor-position-top elementor-widget elementor-widget-image-box\" data-id=\"8ea589e\" data-element_type=\"widget\" data-e-type=\"widget\" data-widget_type=\"image-box.default\">\n\t\t\t\t\t<div class=\"elementor-image-box-wrapper\"><figure class=\"elementor-image-box-img\"><img fetchpriority=\"high\" decoding=\"async\" width=\"1376\" height=\"768\" src=\"https:\/\/tpufabrics.com\/wp-content\/uploads\/2026\/02\/Certification\u914d\u56fe.png\" class=\"attachment-full size-full wp-image-781\" alt=\"\" srcset=\"https:\/\/tpufabrics.com\/wp-content\/uploads\/2026\/02\/Certification\u914d\u56fe.png 1376w, https:\/\/tpufabrics.com\/wp-content\/uploads\/2026\/02\/Certification\u914d\u56fe-600x335.png 600w, https:\/\/tpufabrics.com\/wp-content\/uploads\/2026\/02\/Certification\u914d\u56fe-300x167.png 300w, https:\/\/tpufabrics.com\/wp-content\/uploads\/2026\/02\/Certification\u914d\u56fe-1024x572.png 1024w, https:\/\/tpufabrics.com\/wp-content\/uploads\/2026\/02\/Certification\u914d\u56fe-768x429.png 768w\" sizes=\"(max-width: 1376px) 100vw, 1376px\" \/><\/figure><\/div>\t\t\t\t<\/div>\n\t\t\t\t<\/div>\n\t\t<div class=\"elementor-element elementor-element-9d253ef e-con-full e-flex e-con e-child\" data-id=\"9d253ef\" data-element_type=\"container\" data-e-type=\"container\">\n\t\t<div class=\"elementor-element elementor-element-ecf41a7 e-con-full e-flex e-con e-child\" data-id=\"ecf41a7\" data-element_type=\"container\" data-e-type=\"container\">\n\t\t\t\t<div class=\"elementor-element elementor-element-42e9666 elementor-widget__width-initial elementor-widget elementor-widget-heading\" data-id=\"42e9666\" data-element_type=\"widget\" data-e-type=\"widget\" data-widget_type=\"heading.default\">\n\t\t\t\t\t<h2 class=\"elementor-heading-title elementor-size-default\">ISO 9001<\/h2>\t\t\t\t<\/div>\n\t\t\t\t<div class=\"elementor-element elementor-element-16216b1 elementor-widget elementor-widget-html\" data-id=\"16216b1\" data-element_type=\"widget\" data-e-type=\"widget\" data-widget_type=\"html.default\">\n\t\t\t\t\t<div style=\"text-align:center;\">\r\n  <a href=\"https:\/\/tpufabrics.com\/wp-content\/uploads\/2026\/02\/ISO9001.pdf\"\r\n     download=\"ISO9001.pdf\"\r\n     style=\"       display:inline-block;       padding:14px 20px;       background:#a6587c;       color:#fff;       font-size:20px;       font-weight:600;       text-decoration:none;       border-radius:6px;       letter-spacing:0.5px;     \">\r\n    T\u1ea3i xu\u1ed1ng\r\n  <\/a>\r\n<\/div>\r\n\t\t\t\t<\/div>\n\t\t\t\t<\/div>\n\t\t<div class=\"elementor-element elementor-element-1f5bdaa e-con-full e-flex e-con e-child\" data-id=\"1f5bdaa\" data-element_type=\"container\" data-e-type=\"container\">\n\t\t\t\t<div class=\"elementor-element elementor-element-6fa0809 elementor-widget__width-initial elementor-widget elementor-widget-heading\" data-id=\"6fa0809\" data-element_type=\"widget\" data-e-type=\"widget\" data-widget_type=\"heading.default\">\n\t\t\t\t\t<h2 class=\"elementor-heading-title elementor-size-default\">ISO 14001<\/h2>\t\t\t\t<\/div>\n\t\t\t\t<div class=\"elementor-element elementor-element-4b02ef6 elementor-widget elementor-widget-html\" data-id=\"4b02ef6\" data-element_type=\"widget\" data-e-type=\"widget\" data-widget_type=\"html.default\">\n\t\t\t\t\t<div style=\"text-align:center;\">\r\n  <a href=\"https:\/\/tpufabrics.com\/wp-content\/uploads\/2026\/02\/ISO14001.pdf\"\r\n     download=\"ISO14001.pdf\"\r\n     style=\"       display:inline-block;       padding:14px 20px;       background:#a6587c;       color:#fff;       font-size:20px;       font-weight:600;       text-decoration:none;       border-radius:6px;       letter-spacing:0.5px;     \">\r\n    T\u1ea3i xu\u1ed1ng\r\n  <\/a>\r\n<\/div>\r\n\t\t\t\t<\/div>\n\t\t\t\t<\/div>\n\t\t<div class=\"elementor-element elementor-element-c318a07 e-con-full e-flex e-con e-child\" data-id=\"c318a07\" data-element_type=\"container\" data-e-type=\"container\">\n\t\t\t\t<div class=\"elementor-element elementor-element-9da0e7f elementor-widget__width-initial elementor-widget elementor-widget-heading\" data-id=\"9da0e7f\" data-element_type=\"widget\" data-e-type=\"widget\" data-widget_type=\"heading.default\">\n\t\t\t\t\t<h2 class=\"elementor-heading-title elementor-size-default\">ISO 45001<\/h2>\t\t\t\t<\/div>\n\t\t\t\t<div class=\"elementor-element elementor-element-7be65cd elementor-widget elementor-widget-html\" data-id=\"7be65cd\" data-element_type=\"widget\" data-e-type=\"widget\" data-widget_type=\"html.default\">\n\t\t\t\t\t<div style=\"text-align:center;\">\r\n  <a href=\"https:\/\/tpufabrics.com\/wp-content\/uploads\/2026\/02\/ISO45001.pdff\"\r\n     download=\"ISO45001.pdf\"\r\n     style=\"       display:inline-block;       padding:14px 20px;       background:#a6587c;       color:#fff;       font-size:20px;       font-weight:600;       text-decoration:none;       border-radius:6px;       letter-spacing:0.5px;     \">\r\n    T\u1ea3i xu\u1ed1ng\r\n  <\/a>\r\n<\/div>\r\n\t\t\t\t<\/div>\n\t\t\t\t<\/div>\n\t\t\t\t<\/div>\n\t\t\t\t<\/div>\n\t\t<div class=\"elementor-element elementor-element-e257c63 e-con-full e-flex e-con e-child\" data-id=\"e257c63\" data-element_type=\"container\" data-e-type=\"container\">\n\t\t<div class=\"elementor-element elementor-element-4a3bd0f e-con-full e-flex e-con e-child\" data-id=\"4a3bd0f\" data-element_type=\"container\" data-e-type=\"container\">\n\t\t\t\t<div class=\"elementor-element elementor-element-0d0c615 elementor-position-top elementor-widget elementor-widget-image-box\" data-id=\"0d0c615\" data-element_type=\"widget\" data-e-type=\"widget\" data-widget_type=\"image-box.default\">\n\t\t\t\t\t<div class=\"elementor-image-box-wrapper\"><figure class=\"elementor-image-box-img\"><img decoding=\"async\" width=\"1376\" height=\"768\" src=\"https:\/\/tpufabrics.com\/wp-content\/uploads\/2026\/02\/Technical-Dataheet\u914d\u56fe.png\" class=\"attachment-full size-full wp-image-782\" alt=\"\" srcset=\"https:\/\/tpufabrics.com\/wp-content\/uploads\/2026\/02\/Technical-Dataheet\u914d\u56fe.png 1376w, https:\/\/tpufabrics.com\/wp-content\/uploads\/2026\/02\/Technical-Dataheet\u914d\u56fe-600x335.png 600w, https:\/\/tpufabrics.com\/wp-content\/uploads\/2026\/02\/Technical-Dataheet\u914d\u56fe-300x167.png 300w, https:\/\/tpufabrics.com\/wp-content\/uploads\/2026\/02\/Technical-Dataheet\u914d\u56fe-1024x572.png 1024w, https:\/\/tpufabrics.com\/wp-content\/uploads\/2026\/02\/Technical-Dataheet\u914d\u56fe-768x429.png 768w\" sizes=\"(max-width: 1376px) 100vw, 1376px\" \/><\/figure><\/div>\t\t\t\t<\/div>\n\t\t\t\t<\/div>\n\t\t<div class=\"elementor-element elementor-element-f3cc675 e-con-full e-flex e-con e-child\" data-id=\"f3cc675\" data-element_type=\"container\" data-e-type=\"container\">\n\t\t<div class=\"elementor-element elementor-element-dcb9ee6 e-con-full e-flex e-con e-child\" data-id=\"dcb9ee6\" data-element_type=\"container\" data-e-type=\"container\">\n\t\t\t\t<div class=\"elementor-element elementor-element-7d5c04c elementor-widget__width-initial elementor-widget elementor-widget-heading\" data-id=\"7d5c04c\" data-element_type=\"widget\" data-e-type=\"widget\" data-widget_type=\"heading.default\">\n\t\t\t\t\t<h2 class=\"elementor-heading-title elementor-size-default\">Nylon 70D ph\u1ee7 TPU c\u1ee1 XL<\/h2>\t\t\t\t<\/div>\n\t\t\t\t<div class=\"elementor-element elementor-element-0f15232 elementor-widget elementor-widget-html\" data-id=\"0f15232\" data-element_type=\"widget\" data-e-type=\"widget\" data-widget_type=\"html.default\">\n\t\t\t\t\t<div style=\"text-align:center;\">\r\n  <a href=\"https:\/\/tpufabrics.com\/wp-content\/uploads\/2026\/03\/TDS-XL-TPU-Coated-Nylon70D.pdf\"\r\n     download=\"TDS-XL-TPU-Coated-Nylon70D.pdf\"\r\n     style=\"       display:inline-block;       padding:14px 20px;       background:#a6587c;       color:#fff;       font-size:20px;       font-weight:600;       text-decoration:none;       border-radius:6px;       letter-spacing:0.5px;     \">\r\n    T\u1ea3i xu\u1ed1ng\r\n  <\/a>\r\n<\/div>\t\t\t\t<\/div>\n\t\t\t\t<\/div>\n\t\t<div class=\"elementor-element elementor-element-58a15e3 e-con-full e-flex e-con e-child\" data-id=\"58a15e3\" data-element_type=\"container\" data-e-type=\"container\">\n\t\t\t\t<div class=\"elementor-element elementor-element-954ef66 elementor-widget__width-initial elementor-widget elementor-widget-heading\" data-id=\"954ef66\" data-element_type=\"widget\" data-e-type=\"widget\" data-widget_type=\"heading.default\">\n\t\t\t\t\t<h2 class=\"elementor-heading-title elementor-size-default\">XL Nylon 210D ph\u1ee7 TPU<\/h2>\t\t\t\t<\/div>\n\t\t\t\t<div class=\"elementor-element elementor-element-7273d96 elementor-widget elementor-widget-html\" data-id=\"7273d96\" data-element_type=\"widget\" data-e-type=\"widget\" data-widget_type=\"html.default\">\n\t\t\t\t\t<div style=\"text-align:center;\">\r\n  <a href=\"https:\/\/tpufabrics.com\/wp-content\/uploads\/2026\/03\/TDS-XL-TPU-Coated-Nylon-210D.pdf\"\r\n     download=\"TDS-XL-TPU-Coated-Nylon-210D.pdf\"\r\n     style=\"       display:inline-block;       padding:14px 20px;       background:#a6587c;       color:#fff;       font-size:20px;       font-weight:600;       text-decoration:none;       border-radius:6px;       letter-spacing:0.5px;     \">\r\n    T\u1ea3i xu\u1ed1ng\r\n  <\/a>\r\n<\/div>\t\t\t\t<\/div>\n\t\t\t\t<\/div>\n\t\t<div class=\"elementor-element elementor-element-812f028 e-con-full e-flex e-con e-child\" data-id=\"812f028\" data-element_type=\"container\" data-e-type=\"container\">\n\t\t\t\t<div class=\"elementor-element elementor-element-38a5d25 elementor-widget__width-initial elementor-widget elementor-widget-heading\" data-id=\"38a5d25\" data-element_type=\"widget\" data-e-type=\"widget\" data-widget_type=\"heading.default\">\n\t\t\t\t\t<h2 class=\"elementor-heading-title elementor-size-default\">XL Nylon 420D ph\u1ee7 TPU<\/h2>\t\t\t\t<\/div>\n\t\t\t\t<div class=\"elementor-element elementor-element-9e01101 elementor-widget elementor-widget-html\" data-id=\"9e01101\" data-element_type=\"widget\" data-e-type=\"widget\" data-widget_type=\"html.default\">\n\t\t\t\t\t<div style=\"text-align:center;\">\r\n  <a href=\"https:\/\/tpufabrics.com\/wp-content\/uploads\/2026\/03\/TDS-XL-TPU-Coated-Nylon-420D.pdf\"\r\n     download=\"TDS-XL-TPU-Coated-Nylon42D.pdf\"\r\n     style=\"       display:inline-block;       padding:14px 20px;       background:#a6587c;       color:#fff;       font-size:20px;       font-weight:600;       text-decoration:none;       border-radius:6px;       letter-spacing:0.5px;     \">\r\n    T\u1ea3i xu\u1ed1ng\r\n  <\/a>\r\n<\/div>\t\t\t\t<\/div>\n\t\t\t\t<\/div>\n\t\t\t\t<\/div>\n\t\t\t\t<\/div>\n\t\t\t\t<\/div>\n\t\t<div class=\"elementor-element elementor-element-2e9f0fc e-flex e-con-boxed e-con e-parent\" data-id=\"2e9f0fc\" data-element_type=\"container\" data-e-type=\"container\">\n\t\t\t\t\t<div class=\"e-con-inner\">\n\t\t\t\t<div class=\"elementor-element elementor-element-5bc5042 elementor-widget elementor-widget-heading\" data-id=\"5bc5042\" data-element_type=\"widget\" data-e-type=\"widget\" data-widget_type=\"heading.default\">\n\t\t\t\t\t<h4 class=\"elementor-heading-title elementor-size-default\">B\u1ea1n \u0111ang t\u00ecm ki\u1ebfm th\u00eam c\u00e1c t\u00e0i li\u1ec7u k\u1ef9 thu\u1eadt? H\u00e3y li\u00ean h\u1ec7 v\u1edbi ch\u00fang t\u00f4i ngay h\u00f4m nay!<\/h4>\t\t\t\t<\/div>\n\t\t\t\t\t<\/div>\n\t\t\t\t<\/div>\n\t\t<div class=\"elementor-element elementor-element-06f8db9 e-flex e-con-boxed e-con e-parent\" data-id=\"06f8db9\" data-element_type=\"container\" data-e-type=\"container\" data-settings=\"{&quot;background_background&quot;:&quot;classic&quot;}\">\n\t\t\t\t\t<div class=\"e-con-inner\">\n\t\t\t\t<div class=\"elementor-element elementor-element-08d0b3a elementor-widget elementor-widget-heading\" data-id=\"08d0b3a\" data-element_type=\"widget\" data-e-type=\"widget\" data-widget_type=\"heading.default\">\n\t\t\t\t\t<h3 class=\"elementor-heading-title elementor-size-default\">Tham kh\u1ea3o \u00fd ki\u1ebfn ch\u00fang t\u00f4i \u0111\u1ec3 ch\u1ecdn v\u1eadt li\u1ec7u ph\u00f9 h\u1ee3p cho d\u1ef1 \u00e1n c\u1ee7a b\u1ea1n<\/h3>\t\t\t\t<\/div>\n\t\t\t\t<div class=\"elementor-element elementor-element-9de26ec elementor-widget__width-initial elementor-widget elementor-widget-text-editor\" data-id=\"9de26ec\" data-element_type=\"widget\" data-e-type=\"widget\" data-widget_type=\"text-editor.default\">\n\t\t\t\t\t\t\t\t\t<p>H\u00e3y cho ch\u00fang t\u00f4i bi\u1ebft t\u1ea7m nh\u00ecn c\u1ee7a b\u1ea1n, v\u00e0 ch\u00fang t\u00f4i s\u1ebd thi\u1ebft k\u1ebf gi\u1ea3i ph\u00e1p TPU ho\u1eb7c PVC ho\u00e0n h\u1ea3o \u0111\u1ec3 \u0111\u1ea3m b\u1ea3o s\u1ef1 th\u00e0nh c\u00f4ng v\u00e0 b\u1ec1n v\u1eefng cho d\u1ef1 \u00e1n c\u1ee7a b\u1ea1n<\/p>\t\t\t\t\t\t\t\t<\/div>\n\t\t\t\t<div class=\"elementor-element elementor-element-5675aa7 elementor-align-center elementor-widget elementor-widget-button\" data-id=\"5675aa7\" data-element_type=\"widget\" data-e-type=\"widget\" data-widget_type=\"button.default\">\n\t\t\t\t\t\t\t\t\t\t<a class=\"elementor-button elementor-button-link elementor-size-sm\" href=\"#\">\n\t\t\t\t\t\t<span class=\"elementor-button-content-wrapper\">\n\t\t\t\t\t\t\t\t\t<span class=\"elementor-button-text\">LI\u00caN H\u1ec6 V\u1edaI CH\u00daNG T\u00d4I<\/span>\n\t\t\t\t\t<\/span>\n\t\t\t\t\t<\/a>\n\t\t\t\t\t\t\t\t<\/div>\n\t\t\t\t\t<\/div>\n\t\t\t\t<\/div>\n\t\t\t\t<\/div>","protected":false},"excerpt":{"rendered":"<p>Download Home \/ Download ISO9001 Download ISO14001 Download ISO45001 Download XL TPU Coated 70D Nylon Download XL TPU Coated 210D Nylon Download XL TPU Coated 420D Nylon Download Looking for more datasheets? Get in touch today! Consult With Us The Suitable Material for Your Project Tell us your vision, and we will engineer the perfect [&hellip;]<\/p>","protected":false},"author":1,"featured_media":0,"parent":0,"menu_order":0,"comment_status":"closed","ping_status":"closed","template":"","meta":{"_acf_changed":false,"footnotes":""},"class_list":["post-776","page","type-page","status-publish","hentry"],"acf":[],"_hostinger_reach_plugin_has_subscription_block":false,"_hostinger_reach_plugin_is_elementor":false,"_links":{"self":[{"href":"https:\/\/tpufabrics.com\/vi\/wp-json\/wp\/v2\/pages\/776","targetHints":{"allow":["GET"]}}],"collection":[{"href":"https:\/\/tpufabrics.com\/vi\/wp-json\/wp\/v2\/pages"}],"about":[{"href":"https:\/\/tpufabrics.com\/vi\/wp-json\/wp\/v2\/types\/page"}],"author":[{"embeddable":true,"href":"https:\/\/tpufabrics.com\/vi\/wp-json\/wp\/v2\/users\/1"}],"replies":[{"embeddable":true,"href":"https:\/\/tpufabrics.com\/vi\/wp-json\/wp\/v2\/comments?post=776"}],"version-history":[{"count":104,"href":"https:\/\/tpufabrics.com\/vi\/wp-json\/wp\/v2\/pages\/776\/revisions"}],"predecessor-version":[{"id":1947,"href":"https:\/\/tpufabrics.com\/vi\/wp-json\/wp\/v2\/pages\/776\/revisions\/1947"}],"wp:attachment":[{"href":"https:\/\/tpufabrics.com\/vi\/wp-json\/wp\/v2\/media?parent=776"}],"curies":[{"name":"wp","href":"https:\/\/api.w.org\/{rel}","templated":true}]}}