{"id":109,"date":"2026-01-19T02:43:47","date_gmt":"2026-01-19T02:43:47","guid":{"rendered":"https:\/\/tpufabrics.com\/?page_id=109"},"modified":"2026-03-10T07:22:49","modified_gmt":"2026-03-10T07:22:49","slug":"cau-hoi-thuong-gap","status":"publish","type":"page","link":"https:\/\/tpufabrics.com\/vi\/cau-hoi-thuong-gap\/","title":{"rendered":"C\u00e2u h\u1ecfi th\u01b0\u1eddng g\u1eb7p"},"content":{"rendered":"<div data-elementor-type=\"wp-page\" data-elementor-id=\"109\" class=\"elementor elementor-109\" data-elementor-post-type=\"page\">\n\t\t\t\t<div class=\"elementor-element elementor-element-6293155c e-flex e-con-boxed e-con e-parent\" data-id=\"6293155c\" data-element_type=\"container\" data-e-type=\"container\" data-settings=\"{&quot;background_background&quot;:&quot;classic&quot;}\">\n\t\t\t\t\t<div class=\"e-con-inner\">\n\t\t\t\t<div class=\"elementor-element elementor-element-2874174f elementor-widget elementor-widget-heading\" data-id=\"2874174f\" data-element_type=\"widget\" data-e-type=\"widget\" data-widget_type=\"heading.default\">\n\t\t\t\t\t<h1 class=\"elementor-heading-title elementor-size-default\">C\u00e2u h\u1ecfi th\u01b0\u1eddng g\u1eb7p<\/h1>\t\t\t\t<\/div>\n\t\t\t\t<div class=\"elementor-element elementor-element-4a8b617e elementor-widget elementor-widget-text-editor\" data-id=\"4a8b617e\" data-element_type=\"widget\" data-e-type=\"widget\" data-widget_type=\"text-editor.default\">\n\t\t\t\t\t\t\t\t\t<p><a href=\"#\">Trang ch\u1ee7<\/a> \/ C\u00e2u h\u1ecfi th\u01b0\u1eddng g\u1eb7p<\/p>\t\t\t\t\t\t\t\t<\/div>\n\t\t\t\t\t<\/div>\n\t\t\t\t<\/div>\n\t\t<div class=\"elementor-element elementor-element-3f7a8abc e-flex e-con-boxed e-con e-parent\" data-id=\"3f7a8abc\" data-element_type=\"container\" data-e-type=\"container\">\n\t\t\t\t\t<div class=\"e-con-inner\">\n\t\t<div class=\"elementor-element elementor-element-73770fbd e-con-full e-flex e-con e-child\" data-id=\"73770fbd\" data-element_type=\"container\" data-e-type=\"container\">\n\t\t<div class=\"elementor-element elementor-element-6db07b89 e-con-full e-flex e-con e-child\" data-id=\"6db07b89\" data-element_type=\"container\" data-e-type=\"container\">\n\t\t\t\t<div class=\"elementor-element elementor-element-7bcd82e8 elementor-widget elementor-widget-heading\" data-id=\"7bcd82e8\" data-element_type=\"widget\" data-e-type=\"widget\" data-widget_type=\"heading.default\">\n\t\t\t\t\t<div class=\"elementor-heading-title elementor-size-default\">C\u00e2u h\u1ecfi th\u01b0\u1eddng g\u1eb7p<\/div>\t\t\t\t<\/div>\n\t\t<div class=\"elementor-element elementor-element-29e65b65 e-con-full e-flex e-con e-child\" data-id=\"29e65b65\" data-element_type=\"container\" data-e-type=\"container\">\n\t\t\t\t<div class=\"elementor-element elementor-element-7f51b5ef animated-slow elementor-invisible elementor-widget elementor-widget-heading\" data-id=\"7f51b5ef\" data-element_type=\"widget\" data-e-type=\"widget\" data-settings=\"{&quot;_animation&quot;:&quot;fadeInUp&quot;}\" data-widget_type=\"heading.default\">\n\t\t\t\t\t<h2 class=\"elementor-heading-title elementor-size-default\">C\u00e2u h\u1ecfi \u0111\u01b0\u1ee3c y\u00eau th\u00edch nh\u1ea5t<\/h2>\t\t\t\t<\/div>\n\t\t\t\t<\/div>\n\t\t\t\t<\/div>\n\t\t<div class=\"elementor-element elementor-element-792b8550 e-con-full e-flex e-con e-child\" data-id=\"792b8550\" data-element_type=\"container\" data-e-type=\"container\">\n\t\t\t\t<\/div>\n\t\t\t\t<\/div>\n\t\t<div class=\"elementor-element elementor-element-347e4ef2 e-con-full e-flex e-con e-child\" data-id=\"347e4ef2\" data-element_type=\"container\" data-e-type=\"container\">\n\t\t\t\t<div class=\"elementor-element elementor-element-2df5d86 animated-slow elementor-invisible elementor-widget elementor-widget-n-accordion\" data-id=\"2df5d86\" data-element_type=\"widget\" data-e-type=\"widget\" data-settings=\"{&quot;_animation&quot;:&quot;fadeInLeft&quot;,&quot;default_state&quot;:&quot;expanded&quot;,&quot;max_items_expended&quot;:&quot;one&quot;,&quot;n_accordion_animation_duration&quot;:{&quot;unit&quot;:&quot;ms&quot;,&quot;size&quot;:400,&quot;sizes&quot;:[]}}\" data-widget_type=\"nested-accordion.default\">\n\t\t\t\t\t\t\t<div class=\"e-n-accordion\" aria-label=\"Accordion. M\u1edf li\u00ean k\u1ebft b\u1eb1ng Enter ho\u1eb7c Space, \u0111\u00f3ng b\u1eb1ng Escape, di chuy\u1ec3n b\u1eb1ng c\u00e1c ph\u00edm m\u0169i t\u00ean\">\n\t\t\t\t\t\t<details id=\"e-n-accordion-item-4810\" class=\"e-n-accordion-item\" open>\n\t\t\t\t<summary class=\"e-n-accordion-item-title\" data-accordion-index=\"1\" tabindex=\"0\" aria-expanded=\"true\" aria-controls=\"e-n-accordion-item-4810\" >\n\t\t\t\t\t<span class='e-n-accordion-item-title-header'><div class=\"e-n-accordion-item-title-text\">  B\u1ea1n c\u00f3 th\u1ec3 t\u00f9y ch\u1ec9nh lo\u1ea1i v\u1ea3i n\u1ec1n v\u00e0 \u0111\u1ed9 d\u00e0y l\u1edbp ph\u1ee7 theo nhu c\u1ea7u c\u1ee5 th\u1ec3 c\u1ee7a ch\u00fang t\u00f4i kh\u00f4ng? <\/div><\/span>\n\t\t\t\t\t\t\t<span class='e-n-accordion-item-title-icon'>\n\t\t\t<span class='e-opened' ><i aria-hidden=\"true\" class=\"rtmicon rtmicon-circle-arrow-up\"><\/i><\/span>\n\t\t\t<span class='e-closed'><i aria-hidden=\"true\" class=\"rtmicon rtmicon-circle-arrow-down\"><\/i><\/span>\n\t\t<\/span>\n\n\t\t\t\t\t\t<\/summary>\n\t\t\t\t<div role=\"region\" aria-labelledby=\"e-n-accordion-item-4810\" class=\"elementor-element elementor-element-421b542b e-con-full e-flex e-con e-child\" data-id=\"421b542b\" data-element_type=\"container\" data-e-type=\"container\">\n\t\t\t\t<div class=\"elementor-element elementor-element-d9ccfc2 elementor-widget elementor-widget-text-editor\" data-id=\"d9ccfc2\" data-element_type=\"widget\" data-e-type=\"widget\" data-widget_type=\"text-editor.default\">\n\t\t\t\t\t\t\t\t\t<p>Ch\u1eafc ch\u1eafn r\u1ed3i. L\u00e0 nh\u00e0 s\u1ea3n xu\u1ea5t tr\u1ef1c ti\u1ebfp, ch\u00fang t\u00f4i cung c\u1ea5p d\u1ecbch v\u1ee5 t\u00f9y ch\u1ec9nh \u0111\u1ea7y \u0111\u1ee7. B\u1ea1n c\u00f3 th\u1ec3 l\u1ef1a ch\u1ecdn t\u1eeb nylon \u0111\u1ed9 b\u1ec1n cao, polyester ho\u1eb7c c\u00e1c ch\u1ea5t n\u1ec1n t\u00e1i ch\u1ebf, v\u00e0 ch\u00fang t\u00f4i c\u00f3 th\u1ec3 \u0111i\u1ec1u ch\u1ec9nh \u0111\u1ed9 d\u00e0y m\u00e0ng TPU\/PVC, tr\u1ecdng l\u01b0\u1ee3ng t\u1ed5ng (GSM) c\u0169ng nh\u01b0 m\u00e0u s\u1eafc (Pantone) \u0111\u1ec3 \u0111\u00e1p \u1ee9ng c\u00e1c y\u00eau c\u1ea7u k\u1ef9 thu\u1eadt c\u1ee7a d\u1ef1 \u00e1n b\u1ea1n.<\/p>\t\t\t\t\t\t\t\t<\/div>\n\t\t\t\t<\/div>\n\t\t\t\t\t<\/details>\n\t\t\t\t\t\t<details id=\"e-n-accordion-item-4811\" class=\"e-n-accordion-item\" >\n\t\t\t\t<summary class=\"e-n-accordion-item-title\" data-accordion-index=\"2\" tabindex=\"-1\" aria-expanded=\"false\" aria-controls=\"e-n-accordion-item-4811\" >\n\t\t\t\t\t<span class='e-n-accordion-item-title-header'><div class=\"e-n-accordion-item-title-text\"> V\u1eadt li\u1ec7u c\u1ee7a b\u1ea1n c\u00f3 tu\u00e2n th\u1ee7 c\u00e1c ti\u00eau chu\u1ea9n m\u00f4i tr\u01b0\u1eddng v\u00e0 an to\u00e0n qu\u1ed1c t\u1ebf kh\u00f4ng? <\/div><\/span>\n\t\t\t\t\t\t\t<span class='e-n-accordion-item-title-icon'>\n\t\t\t<span class='e-opened' ><i aria-hidden=\"true\" class=\"rtmicon rtmicon-circle-arrow-up\"><\/i><\/span>\n\t\t\t<span class='e-closed'><i aria-hidden=\"true\" class=\"rtmicon rtmicon-circle-arrow-down\"><\/i><\/span>\n\t\t<\/span>\n\n\t\t\t\t\t\t<\/summary>\n\t\t\t\t<div role=\"region\" aria-labelledby=\"e-n-accordion-item-4811\" class=\"elementor-element elementor-element-2d26b126 e-con-full e-flex e-con e-child\" data-id=\"2d26b126\" data-element_type=\"container\" data-e-type=\"container\">\n\t\t\t\t<div class=\"elementor-element elementor-element-4302c7d1 elementor-widget elementor-widget-text-editor\" data-id=\"4302c7d1\" data-element_type=\"widget\" data-e-type=\"widget\" data-widget_type=\"text-editor.default\">\n\t\t\t\t\t\t\t\t\t<p>\u00a0C\u00f3. Nh\u00e0 m\u00e1y c\u1ee7a ch\u00fang t\u00f4i \u0111\u01b0\u1ee3c ch\u1ee9ng nh\u1eadn ISO 9001, ISO 14001 v\u00e0 ISO 45001. S\u1ea3n ph\u1ea9m c\u1ee7a ch\u00fang t\u00f4i \u0111\u01b0\u1ee3c thi\u1ebft k\u1ebf \u0111\u1ec3 \u0111\u00e1p \u1ee9ng c\u00e1c ti\u00eau chu\u1ea9n to\u00e0n c\u1ea7u bao g\u1ed3m REACH, RoHS v\u00e0 GRS (Ti\u00eau chu\u1ea9n T\u00e1i ch\u1ebf To\u00e0n c\u1ea7u). Ch\u00fang t\u00f4i c\u0169ng cung c\u1ea5p c\u00e1c l\u1ef1a ch\u1ecdn t\u01b0\u01a1ng th\u00edch sinh h\u1ecdc cho c\u00e1c \u1ee9ng d\u1ee5ng y t\u1ebf.<\/p>\t\t\t\t\t\t\t\t<\/div>\n\t\t\t\t<\/div>\n\t\t\t\t\t<\/details>\n\t\t\t\t\t\t<details id=\"e-n-accordion-item-4812\" class=\"e-n-accordion-item\" >\n\t\t\t\t<summary class=\"e-n-accordion-item-title\" data-accordion-index=\"3\" tabindex=\"-1\" aria-expanded=\"false\" aria-controls=\"e-n-accordion-item-4812\" >\n\t\t\t\t\t<span class='e-n-accordion-item-title-header'><div class=\"e-n-accordion-item-title-text\"> V\u1ea3i TPU c\u1ee7a b\u1ea1n ho\u1ea1t \u0111\u1ed9ng th\u1ebf n\u00e0o trong c\u00e1c \u0111i\u1ec1u ki\u1ec7n m\u00f4i tr\u01b0\u1eddng kh\u1eafc nghi\u1ec7t? <\/div><\/span>\n\t\t\t\t\t\t\t<span class='e-n-accordion-item-title-icon'>\n\t\t\t<span class='e-opened' ><i aria-hidden=\"true\" class=\"rtmicon rtmicon-circle-arrow-up\"><\/i><\/span>\n\t\t\t<span class='e-closed'><i aria-hidden=\"true\" class=\"rtmicon rtmicon-circle-arrow-down\"><\/i><\/span>\n\t\t<\/span>\n\n\t\t\t\t\t\t<\/summary>\n\t\t\t\t<div role=\"region\" aria-labelledby=\"e-n-accordion-item-4812\" class=\"elementor-element elementor-element-55842907 e-con-full e-flex e-con e-child\" data-id=\"55842907\" data-element_type=\"container\" data-e-type=\"container\">\n\t\t\t\t<div class=\"elementor-element elementor-element-7e436bf7 elementor-widget elementor-widget-text-editor\" data-id=\"7e436bf7\" data-element_type=\"widget\" data-e-type=\"widget\" data-widget_type=\"text-editor.default\">\n\t\t\t\t\t\t\t\t\t<p>V\u1ea3i TPU c\u1ee7a ch\u00fang t\u00f4i \u0111\u01b0\u1ee3c thi\u1ebft k\u1ebf \u0111\u1ec3 \u0111\u1ea3m b\u1ea3o \u0111\u1ed9 tin c\u1eady quan tr\u1ecdng trong nhi\u1ec7m v\u1ee5. Ch\u00fang c\u00f3 kh\u1ea3 n\u0103ng u\u1ed1n d\u1ebbo tuy\u1ec7t v\u1eddi \u1edf nhi\u1ec7t \u0111\u1ed9 th\u1ea5p (t\u1edbi -40\u00b0C), ch\u1ed1ng tia UV v\u01b0\u1ee3t tr\u1ed9i, kh\u00e1ng th\u1ee7y ph\u00e2n cao v\u00e0 hi\u1ec7u su\u1ea5t k\u00edn kh\u00ed\/ch\u1ed1ng th\u1ea5m n\u01b0\u1edbc, r\u1ea5t ph\u00f9 h\u1ee3p cho m\u00f4i tr\u01b0\u1eddng ngo\u00e0i tr\u1eddi v\u00e0 bi\u1ec3n.<\/p><p>\u00a0<\/p>\t\t\t\t\t\t\t\t<\/div>\n\t\t\t\t<\/div>\n\t\t\t\t\t<\/details>\n\t\t\t\t\t<\/div>\n\t\t\t\t\t\t<\/div>\n\t\t\t\t<div class=\"elementor-element elementor-element-58a19e58 animated-slow elementor-invisible elementor-widget elementor-widget-n-accordion\" data-id=\"58a19e58\" data-element_type=\"widget\" data-e-type=\"widget\" data-settings=\"{&quot;_animation&quot;:&quot;fadeInRight&quot;,&quot;default_state&quot;:&quot;expanded&quot;,&quot;max_items_expended&quot;:&quot;one&quot;,&quot;n_accordion_animation_duration&quot;:{&quot;unit&quot;:&quot;ms&quot;,&quot;size&quot;:400,&quot;sizes&quot;:[]}}\" data-widget_type=\"nested-accordion.default\">\n\t\t\t\t\t\t\t<div class=\"e-n-accordion\" aria-label=\"Accordion. M\u1edf li\u00ean k\u1ebft b\u1eb1ng Enter ho\u1eb7c Space, \u0111\u00f3ng b\u1eb1ng Escape, di chuy\u1ec3n b\u1eb1ng c\u00e1c ph\u00edm m\u0169i t\u00ean\">\n\t\t\t\t\t\t<details id=\"e-n-accordion-item-1480\" class=\"e-n-accordion-item\" open>\n\t\t\t\t<summary class=\"e-n-accordion-item-title\" data-accordion-index=\"1\" tabindex=\"0\" aria-expanded=\"true\" aria-controls=\"e-n-accordion-item-1480\" >\n\t\t\t\t\t<span class='e-n-accordion-item-title-header'><div class=\"e-n-accordion-item-title-text\">  Th\u1eddi gian chu\u1ea9n b\u1ecb \u0111i\u1ec3n h\u00ecnh cho s\u1ea3n xu\u1ea5t v\u00e0 l\u1ea5y m\u1eabu t\u00f9y ch\u1ec9nh l\u00e0 bao l\u00e2u? <\/div><\/span>\n\t\t\t\t\t\t\t<span class='e-n-accordion-item-title-icon'>\n\t\t\t<span class='e-opened' ><i aria-hidden=\"true\" class=\"rtmicon rtmicon-circle-arrow-up\"><\/i><\/span>\n\t\t\t<span class='e-closed'><i aria-hidden=\"true\" class=\"rtmicon rtmicon-circle-arrow-down\"><\/i><\/span>\n\t\t<\/span>\n\n\t\t\t\t\t\t<\/summary>\n\t\t\t\t<div role=\"region\" aria-labelledby=\"e-n-accordion-item-1480\" class=\"elementor-element elementor-element-6b67a208 e-con-full e-flex e-con e-child\" data-id=\"6b67a208\" data-element_type=\"container\" data-e-type=\"container\">\n\t\t\t\t<div class=\"elementor-element elementor-element-c26a9c9 elementor-widget elementor-widget-text-editor\" data-id=\"c26a9c9\" data-element_type=\"widget\" data-e-type=\"widget\" data-widget_type=\"text-editor.default\">\n\t\t\t\t\t\t\t\t\t<p>\u0110\u1ed1i v\u1edbi m\u1eabu c\u00f3 s\u1eb5n, ch\u00fang t\u00f4i c\u00f3 th\u1ec3 giao h\u00e0ng trong v\u00f2ng 24-48 gi\u1edd. \u0110\u1ed1i v\u1edbi \u0111\u01a1n h\u00e0ng s\u1ea3n xu\u1ea5t t\u00f9y ch\u1ec9nh, th\u1eddi gian chu\u1ea9n b\u1ecb th\u01b0\u1eddng dao \u0111\u1ed9ng t\u1eeb 15 \u0111\u1ebfn 25 ng\u00e0y, t\u00f9y thu\u1ed9c v\u00e0o m\u1ee9c \u0111\u1ed9 ph\u1ee9c t\u1ea1p c\u1ee7a th\u00f4ng s\u1ed1 k\u1ef9 thu\u1eadt v\u00e0 l\u1ecbch s\u1ea3n xu\u1ea5t hi\u1ec7n t\u1ea1i c\u1ee7a ch\u00fang t\u00f4i.<\/p>\t\t\t\t\t\t\t\t<\/div>\n\t\t\t\t<\/div>\n\t\t\t\t\t<\/details>\n\t\t\t\t\t\t<details id=\"e-n-accordion-item-1481\" class=\"e-n-accordion-item\" >\n\t\t\t\t<summary class=\"e-n-accordion-item-title\" data-accordion-index=\"2\" tabindex=\"-1\" aria-expanded=\"false\" aria-controls=\"e-n-accordion-item-1481\" >\n\t\t\t\t\t<span class='e-n-accordion-item-title-header'><div class=\"e-n-accordion-item-title-text\"> S\u1ed1 l\u01b0\u1ee3ng \u0111\u1eb7t h\u00e0ng t\u1ed1i thi\u1ec3u (MOQ) cho \u0111\u01a1n h\u00e0ng t\u00f9y ch\u1ec9nh l\u00e0 bao nhi\u00eau? <\/div><\/span>\n\t\t\t\t\t\t\t<span class='e-n-accordion-item-title-icon'>\n\t\t\t<span class='e-opened' ><i aria-hidden=\"true\" class=\"rtmicon rtmicon-circle-arrow-up\"><\/i><\/span>\n\t\t\t<span class='e-closed'><i aria-hidden=\"true\" class=\"rtmicon rtmicon-circle-arrow-down\"><\/i><\/span>\n\t\t<\/span>\n\n\t\t\t\t\t\t<\/summary>\n\t\t\t\t<div role=\"region\" aria-labelledby=\"e-n-accordion-item-1481\" class=\"elementor-element elementor-element-7eba586c e-con-full e-flex e-con e-child\" data-id=\"7eba586c\" data-element_type=\"container\" data-e-type=\"container\">\n\t\t\t\t<div class=\"elementor-element elementor-element-97f163b elementor-widget elementor-widget-text-editor\" data-id=\"97f163b\" data-element_type=\"widget\" data-e-type=\"widget\" data-widget_type=\"text-editor.default\">\n\t\t\t\t\t\t\t\t\t<p>Th\u00f4ng th\u01b0\u1eddng, s\u1ed1 l\u01b0\u1ee3ng \u0111\u1eb7t h\u00e0ng t\u1ed1i thi\u1ec3u (MOQ) c\u1ee7a ch\u00fang t\u00f4i \u0111\u1ed1i v\u1edbi c\u00e1c m\u00e0u s\u1eafc ho\u1eb7c th\u00f4ng s\u1ed1 k\u1ef9 thu\u1eadt t\u00f9y ch\u1ec9nh l\u00e0 1.000 \u2013 1.500 m\u00e9t. Tuy nhi\u00ean, ch\u00fang t\u00f4i th\u1ea5u hi\u1ec3u nhu c\u1ea7u c\u1ee7a c\u00e1c d\u1ef1 \u00e1n th\u1eed nghi\u1ec7m v\u00e0 c\u00e1c c\u00f4ng ty kh\u1edfi nghi\u1ec7p, v\u00ec v\u1eady ch\u00fang t\u00f4i s\u1eb5n s\u00e0ng th\u1ea3o lu\u1eadn v\u1ec1 c\u00e1c \u0111\u01a1n h\u00e0ng th\u1eed nghi\u1ec7m v\u1edbi s\u1ed1 l\u01b0\u1ee3ng nh\u1ecf h\u01a1n t\u00f9y thu\u1ed9c v\u00e0o lo\u1ea1i v\u1eadt li\u1ec7u.<\/p>\t\t\t\t\t\t\t\t<\/div>\n\t\t\t\t<\/div>\n\t\t\t\t\t<\/details>\n\t\t\t\t\t\t<details id=\"e-n-accordion-item-1482\" class=\"e-n-accordion-item\" >\n\t\t\t\t<summary class=\"e-n-accordion-item-title\" data-accordion-index=\"3\" tabindex=\"-1\" aria-expanded=\"false\" aria-controls=\"e-n-accordion-item-1482\" >\n\t\t\t\t\t<span class='e-n-accordion-item-title-header'><div class=\"e-n-accordion-item-title-text\"> L\u00e0m th\u1ebf n\u00e0o \u0111\u1ec3 b\u1ea1n \u0111\u1ea3m b\u1ea3o ch\u1ea5t l\u01b0\u1ee3ng \u0111\u1ed3ng nh\u1ea5t trong c\u00e1c l\u00f4 s\u1ea3n xu\u1ea5t quy m\u00f4 l\u1edbn? <\/div><\/span>\n\t\t\t\t\t\t\t<span class='e-n-accordion-item-title-icon'>\n\t\t\t<span class='e-opened' ><i aria-hidden=\"true\" class=\"rtmicon rtmicon-circle-arrow-up\"><\/i><\/span>\n\t\t\t<span class='e-closed'><i aria-hidden=\"true\" class=\"rtmicon rtmicon-circle-arrow-down\"><\/i><\/span>\n\t\t<\/span>\n\n\t\t\t\t\t\t<\/summary>\n\t\t\t\t<div role=\"region\" aria-labelledby=\"e-n-accordion-item-1482\" class=\"elementor-element elementor-element-204d2c92 e-con-full e-flex e-con e-child\" data-id=\"204d2c92\" data-element_type=\"container\" data-e-type=\"container\">\n\t\t\t\t<div class=\"elementor-element elementor-element-5a936bf2 elementor-widget elementor-widget-text-editor\" data-id=\"5a936bf2\" data-element_type=\"widget\" data-e-type=\"widget\" data-widget_type=\"text-editor.default\">\n\t\t\t\t\t\t\t\t\t<p>Ch\u00fang t\u00f4i \u00e1p d\u1ee5ng h\u1ec7 th\u1ed1ng ki\u1ec3m tra to\u00e0n b\u1ed9 quy tr\u00ecnh 100%. T\u1eeb ki\u1ec3m tra nguy\u00ean li\u1ec7u \u0111\u1ea7u v\u00e0o t\u1edbi gi\u00e1m s\u00e1t \u0111\u1ed9 d\u00e0y t\u1ef1 \u0111\u1ed9ng b\u1eb1ng h\u1ed3ng ngo\u1ea1i trong qu\u00e1 tr\u00ecnh c\u00e1n m\u00e0ng, m\u1ed7i m\u00e9t v\u1ea3i \u0111\u1ec1u \u0111\u01b0\u1ee3c theo d\u00f5i. Ch\u00fang t\u00f4i c\u0169ng ti\u1ebfn h\u00e0nh c\u00e1c th\u1eed nghi\u1ec7m trong ph\u00f2ng th\u00ed nghi\u1ec7m n\u1ed9i b\u1ed9 v\u1ec1 \u0111\u1ed9 b\u00e1m d\u00ednh, \u0111\u1ed9 k\u00edn kh\u00ed v\u00e0 kh\u1ea3 n\u0103ng ch\u1ed1ng m\u00e0i m\u00f2n cho t\u1eebng l\u00f4 \u0111\u1ec3 \u0111\u1ea3m b\u1ea3o s\u1ea3n ph\u1ea9m \u0111\u00e1p \u1ee9ng c\u00e1c ti\u00eau chu\u1ea9n c\u00f4ng nghi\u1ec7p c\u1ee5 th\u1ec3 c\u1ee7a b\u1ea1n tr\u01b0\u1edbc khi giao h\u00e0ng.<\/p>\t\t\t\t\t\t\t\t<\/div>\n\t\t\t\t<\/div>\n\t\t\t\t\t<\/details>\n\t\t\t\t\t<\/div>\n\t\t\t\t\t\t<\/div>\n\t\t\t\t<\/div>\n\t\t\t\t\t<\/div>\n\t\t\t\t<\/div>\n\t\t<div class=\"elementor-element elementor-element-1ecd4c3 e-flex e-con-boxed e-con e-parent\" data-id=\"1ecd4c3\" data-element_type=\"container\" data-e-type=\"container\">\n\t\t\t\t\t<div class=\"e-con-inner\">\n\t\t\t\t<div class=\"elementor-element elementor-element-13cd87b elementor-widget elementor-widget-heading\" data-id=\"13cd87b\" data-element_type=\"widget\" data-e-type=\"widget\" data-widget_type=\"heading.default\">\n\t\t\t\t\t<h4 class=\"elementor-heading-title elementor-size-default\">B\u1ea1n ch\u01b0a t\u00ecm th\u1ea5y c\u00e2u tr\u1ea3 l\u1eddi cho c\u00e2u h\u1ecfi c\u1ee7a m\u00ecnh? Vui l\u00f2ng \u0111\u1eb7t c\u00e2u h\u1ecfi t\u1ea1i \u0111\u00e2y<\/h4>\t\t\t\t<\/div>\n\t\t\t\t\t<\/div>\n\t\t\t\t<\/div>\n\t\t\t\t<\/div>","protected":false},"excerpt":{"rendered":"<p>Frequently Asked Questions Home \/ FAQ FAQ Most Favorite Question Can you customize the base fabric and coating thickness to our specific needs? Absolutely. As a direct manufacturer, we offer full customization. You can select from high-tenacity nylon, polyester, or recycled substrates, and we can adjust the TPU\/PVC film thickness, total weight (GSM), and color [&hellip;]<\/p>","protected":false},"author":1,"featured_media":0,"parent":0,"menu_order":0,"comment_status":"closed","ping_status":"closed","template":"elementor_header_footer","meta":{"_acf_changed":false,"footnotes":""},"class_list":["post-109","page","type-page","status-publish","hentry"],"acf":[],"_hostinger_reach_plugin_has_subscription_block":false,"_hostinger_reach_plugin_is_elementor":false,"_links":{"self":[{"href":"https:\/\/tpufabrics.com\/vi\/wp-json\/wp\/v2\/pages\/109","targetHints":{"allow":["GET"]}}],"collection":[{"href":"https:\/\/tpufabrics.com\/vi\/wp-json\/wp\/v2\/pages"}],"about":[{"href":"https:\/\/tpufabrics.com\/vi\/wp-json\/wp\/v2\/types\/page"}],"author":[{"embeddable":true,"href":"https:\/\/tpufabrics.com\/vi\/wp-json\/wp\/v2\/users\/1"}],"replies":[{"embeddable":true,"href":"https:\/\/tpufabrics.com\/vi\/wp-json\/wp\/v2\/comments?post=109"}],"version-history":[{"count":16,"href":"https:\/\/tpufabrics.com\/vi\/wp-json\/wp\/v2\/pages\/109\/revisions"}],"predecessor-version":[{"id":1489,"href":"https:\/\/tpufabrics.com\/vi\/wp-json\/wp\/v2\/pages\/109\/revisions\/1489"}],"wp:attachment":[{"href":"https:\/\/tpufabrics.com\/vi\/wp-json\/wp\/v2\/media?parent=109"}],"curies":[{"name":"wp","href":"https:\/\/api.w.org\/{rel}","templated":true}]}}