{"id":581,"date":"2026-01-26T06:27:35","date_gmt":"2026-01-26T06:27:35","guid":{"rendered":"https:\/\/tpufabrics.com\/?post_type=product&#038;p=581"},"modified":"2026-03-12T03:41:36","modified_gmt":"2026-03-12T03:41:36","slug":"xl-tpu-coated-70d-nylon","status":"publish","type":"product","link":"https:\/\/tpufabrics.com\/tr\/product\/xl-tpu-coated-70d-nylon\/","title":{"rendered":"XL TPU Kaplamal\u0131 70D Naylon"},"content":{"rendered":"<div data-page-id=\"ZS1ydcJ8aoBbm3xFsEnc9gBUn9b\" data-lark-html-role=\"root\" data-docx-has-block-data=\"false\">\n<div class=\"ace-line ace-line old-record-id-XHEldpediortHfxXaipc33JznJb\">XL TPU Kaplamal\u0131 70D Naylon, 70D naylon bazl\u0131 kuma\u015f \u00fczerine in\u015fa edilmi\u015f ve XL serisi TPU fonksiyonel kaplama ile g\u00fc\u00e7lendirilmi\u015f bir kompozit malzemedir. Bu yap\u0131, hafif yap\u0131n\u0131n ve uzun \u00f6m\u00fcrl\u00fc dayan\u0131kl\u0131l\u0131\u011f\u0131n aras\u0131nda istikrarl\u0131 bir denge olu\u015fturarak malzemenin geni\u015f \u00e7apl\u0131 a\u00e7\u0131k hava ekipmanlar\u0131 ve \u015fi\u015fme \u00fcr\u00fcnlerde g\u00fcvenilir koruma ve yap\u0131sal destek sa\u011flayabilmesini sa\u011flar.<\/div>\n<div><\/div>\n<div class=\"ace-line ace-line old-record-id-SUc1dMz4fo4hckxSGAWcfziGnZd\">Teknik kuma\u015flar alan\u0131nda, naylon ipli\u011fin denier de\u011feri \u00e7o\u011fu zaman malzemenin konumland\u0131r\u0131lmas\u0131n\u0131 belirler. Daha hafif naylon yap\u0131lar\u0131yla kar\u015f\u0131la\u015ft\u0131r\u0131ld\u0131\u011f\u0131nda, 70D kuma\u015f daha iyi \u00e7ekme mukavemeti ve y\u0131rt\u0131lma direnci sunarken h\u00e2l\u00e2 iyi esnekli\u011fe sahiptir. Bu da onu fonksiyonel ekipmanlarda yayg\u0131n olarak kullan\u0131lan bir yap\u0131sal malzeme haline getirir; son \u00fcr\u00fcn \u00fczerinde a\u015f\u0131r\u0131 a\u011f\u0131rl\u0131k eklemeksizin zorlu kullan\u0131m ortamlar\u0131na dayanabilir.<\/div>\n<\/div>","protected":false},"excerpt":{"rendered":"<p>XL TPU Coated 70D Nylon is a composite material built on a 70D nylon base fabric and enhanced with the XL series TPU functional coating. This structure creates a stable balance between lightweight construction and long-term durability, allowing the material to deliver reliable protection and structural support across a wide range of outdoor equipment and [&hellip;]<\/p>","protected":false},"featured_media":1270,"comment_status":"open","ping_status":"closed","template":"","meta":{"_acf_changed":false},"product_brand":[],"product_cat":[34],"product_tag":[],"class_list":{"0":"post-581","1":"product","2":"type-product","3":"status-publish","4":"has-post-thumbnail","6":"product_cat-airtight-tpu-fabrics","8":"first","9":"instock","10":"shipping-taxable","11":"product-type-simple"},"acf":[],"_links":{"self":[{"href":"https:\/\/tpufabrics.com\/tr\/wp-json\/wp\/v2\/product\/581","targetHints":{"allow":["GET"]}}],"collection":[{"href":"https:\/\/tpufabrics.com\/tr\/wp-json\/wp\/v2\/product"}],"about":[{"href":"https:\/\/tpufabrics.com\/tr\/wp-json\/wp\/v2\/types\/product"}],"replies":[{"embeddable":true,"href":"https:\/\/tpufabrics.com\/tr\/wp-json\/wp\/v2\/comments?post=581"}],"wp:featuredmedia":[{"embeddable":true,"href":"https:\/\/tpufabrics.com\/tr\/wp-json\/wp\/v2\/media\/1270"}],"wp:attachment":[{"href":"https:\/\/tpufabrics.com\/tr\/wp-json\/wp\/v2\/media?parent=581"}],"wp:term":[{"taxonomy":"product_brand","embeddable":true,"href":"https:\/\/tpufabrics.com\/tr\/wp-json\/wp\/v2\/product_brand?post=581"},{"taxonomy":"product_cat","embeddable":true,"href":"https:\/\/tpufabrics.com\/tr\/wp-json\/wp\/v2\/product_cat?post=581"},{"taxonomy":"product_tag","embeddable":true,"href":"https:\/\/tpufabrics.com\/tr\/wp-json\/wp\/v2\/product_tag?post=581"}],"curies":[{"name":"wp","href":"https:\/\/api.w.org\/{rel}","templated":true}]}}