{"id":2043,"date":"2026-04-24T14:03:28","date_gmt":"2026-04-24T14:03:28","guid":{"rendered":"https:\/\/tpufabrics.com\/?post_type=product&#038;p=2043"},"modified":"2026-04-24T14:03:29","modified_gmt":"2026-04-24T14:03:29","slug":"xl-tpu-film-highly-transparent","status":"publish","type":"product","link":"https:\/\/tpufabrics.com\/tr\/product\/xl-tpu-film-highly-transparent\/","title":{"rendered":"XL TPU Film \u2013 Y\u00fcksek \u015eeffaf"},"content":{"rendered":"<div data-page-id=\"HhvvdKM4foWtU2xUHGWc8ZKOn4b\" data-lark-html-role=\"root\" data-docx-has-block-data=\"false\">\n<div class=\"ace-line ace-line old-record-id-DZTudPtTYoOtEZxBXoXcces7nSe\">T\u0131bbi s\u0131n\u0131f TPU filmi, ola\u011fan\u00fcst\u00fc optik netlik ve ultra d\u00fc\u015f\u00fck bulan\u0131kl\u0131k performans\u0131na sahiptir; hassas izleme aray\u00fczleri ve g\u00f6rsel do\u011fruluk ile malzeme g\u00fcvenilirli\u011finin bir arada olmas\u0131 gereken y\u00fcksek \u00e7\u00f6z\u00fcn\u00fcrl\u00fckl\u00fc \u015feffaf bariyer sistemleri i\u00e7in tasarlanm\u0131\u015ft\u0131r.<\/div>\n<\/div>","protected":false},"excerpt":{"rendered":"<p>T\u0131bbi s\u0131n\u0131f TPU filmi, ola\u011fan\u00fcst\u00fc optik netlik ve ultra d\u00fc\u015f\u00fck bulan\u0131kl\u0131k performans\u0131na sahiptir; hassas izleme aray\u00fczleri ve g\u00f6rsel do\u011fruluk ile malzeme g\u00fcvenilirli\u011finin bir arada olmas\u0131 gereken y\u00fcksek \u00e7\u00f6z\u00fcn\u00fcrl\u00fckl\u00fc \u015feffaf bariyer sistemleri i\u00e7in tasarlanm\u0131\u015ft\u0131r.<\/p>","protected":false},"featured_media":1948,"comment_status":"open","ping_status":"closed","template":"","meta":{"_acf_changed":false},"product_brand":[],"product_cat":[38],"product_tag":[],"class_list":{"0":"post-2043","1":"product","2":"type-product","3":"status-publish","4":"has-post-thumbnail","6":"product_cat-tpu-film","8":"first","9":"instock","10":"shipping-taxable","11":"product-type-simple"},"acf":[],"_links":{"self":[{"href":"https:\/\/tpufabrics.com\/tr\/wp-json\/wp\/v2\/product\/2043","targetHints":{"allow":["GET"]}}],"collection":[{"href":"https:\/\/tpufabrics.com\/tr\/wp-json\/wp\/v2\/product"}],"about":[{"href":"https:\/\/tpufabrics.com\/tr\/wp-json\/wp\/v2\/types\/product"}],"replies":[{"embeddable":true,"href":"https:\/\/tpufabrics.com\/tr\/wp-json\/wp\/v2\/comments?post=2043"}],"wp:featuredmedia":[{"embeddable":true,"href":"https:\/\/tpufabrics.com\/tr\/wp-json\/wp\/v2\/media\/1948"}],"wp:attachment":[{"href":"https:\/\/tpufabrics.com\/tr\/wp-json\/wp\/v2\/media?parent=2043"}],"wp:term":[{"taxonomy":"product_brand","embeddable":true,"href":"https:\/\/tpufabrics.com\/tr\/wp-json\/wp\/v2\/product_brand?post=2043"},{"taxonomy":"product_cat","embeddable":true,"href":"https:\/\/tpufabrics.com\/tr\/wp-json\/wp\/v2\/product_cat?post=2043"},{"taxonomy":"product_tag","embeddable":true,"href":"https:\/\/tpufabrics.com\/tr\/wp-json\/wp\/v2\/product_tag?post=2043"}],"curies":[{"name":"wp","href":"https:\/\/api.w.org\/{rel}","templated":true}]}}