{"id":1984,"date":"2026-03-26T15:11:42","date_gmt":"2026-03-26T15:11:42","guid":{"rendered":"https:\/\/tpufabrics.com\/?post_type=product&#038;p=1984"},"modified":"2026-03-26T15:11:42","modified_gmt":"2026-03-26T15:11:42","slug":"xl-tpu-coated-2520d-polyester","status":"publish","type":"product","link":"https:\/\/tpufabrics.com\/tr\/product\/xl-tpu-coated-2520d-polyester\/","title":{"rendered":"XL TPU Kaplamal\u0131 2520D Polyester"},"content":{"rendered":"<div data-page-id=\"LD6odck65oefixxSR5fcQwQrnnf\" data-lark-html-role=\"root\" data-docx-has-block-data=\"false\">\n<div class=\"ace-line ace-line old-record-id-Db8KdYts5obYvwxGURxcF84KnVf\">XL TPU Kaplamal\u0131 2520D Polyester \u2013 Ya\u011f Diren\u00e7li S\u0131n\u0131f, uzun s\u00fcre ya\u011flar, yak\u0131tlar ve kimyasal maddelerle temas etmenin ka\u00e7\u0131n\u0131lmaz oldu\u011fu ortamlar i\u00e7in tasarlanm\u0131\u015f y\u00fcksek dayan\u0131ml\u0131 end\u00fcstriyel bir kuma\u015ft\u0131r. Ultra yo\u011fun 2520D polyester baz \u00fczerine in\u015fa edilmi\u015f ve \u00f6zel ya\u011f diren\u00e7li TPU form\u00fclasyonuyla e\u015fle\u015ftirilmi\u015f bu malzeme, s\u00fcrekli kimyasal temasa bile dayanarak yap\u0131sal b\u00fct\u00fcnl\u00fc\u011f\u00fcn\u00fc, esnekli\u011fini ve s\u0131zd\u0131rmazl\u0131k performans\u0131n\u0131 korur.<\/div>\n<div class=\"ace-line ace-line old-record-id-UEgKdOIFCoAj3CxXl9acehX7n3f\">Bu kuma\u015f, ba\u015far\u0131s\u0131zl\u0131\u011f\u0131n kabul edilemeyece\u011fi tutma sistemleri, koruyucu bariyerler ve end\u00fcstriyel ekipman kapaklar\u0131 i\u00e7in geli\u015ftirilmi\u015ftir. RF\/HF kaynaklama ile desteklenen kuma\u015f, agresif s\u0131v\u0131lar\u0131, mekanik stresi ve zorlu end\u00fcstriyel ko\u015fullarda uzun s\u00fcreli kullan\u0131m durumlar\u0131n\u0131 kar\u015f\u0131layabilen s\u0131zd\u0131rmaz yap\u0131lar olu\u015fturur.<\/div>\n<\/div>","protected":false},"excerpt":{"rendered":"<p>XL TPU Coated 2520D Polyester \u2013 Oil Resistant Grade is a heavy-duty industrial fabric designed for environments where prolonged exposure to oils, fuels, and chemical agents is unavoidable. Built on an ultra-dense 2520D polyester base and paired with a specialized oil-resistant TPU formulation, this material maintains structural integrity, flexibility, and sealing performance even under continuous [&hellip;]<\/p>","protected":false},"featured_media":1175,"comment_status":"open","ping_status":"closed","template":"","meta":{"_acf_changed":false},"product_brand":[],"product_cat":[35],"product_tag":[],"class_list":{"0":"post-1984","1":"product","2":"type-product","3":"status-publish","4":"has-post-thumbnail","6":"product_cat-industrial-tpu-fabrics","8":"first","9":"instock","10":"shipping-taxable","11":"product-type-simple"},"acf":[],"_links":{"self":[{"href":"https:\/\/tpufabrics.com\/tr\/wp-json\/wp\/v2\/product\/1984","targetHints":{"allow":["GET"]}}],"collection":[{"href":"https:\/\/tpufabrics.com\/tr\/wp-json\/wp\/v2\/product"}],"about":[{"href":"https:\/\/tpufabrics.com\/tr\/wp-json\/wp\/v2\/types\/product"}],"replies":[{"embeddable":true,"href":"https:\/\/tpufabrics.com\/tr\/wp-json\/wp\/v2\/comments?post=1984"}],"wp:featuredmedia":[{"embeddable":true,"href":"https:\/\/tpufabrics.com\/tr\/wp-json\/wp\/v2\/media\/1175"}],"wp:attachment":[{"href":"https:\/\/tpufabrics.com\/tr\/wp-json\/wp\/v2\/media?parent=1984"}],"wp:term":[{"taxonomy":"product_brand","embeddable":true,"href":"https:\/\/tpufabrics.com\/tr\/wp-json\/wp\/v2\/product_brand?post=1984"},{"taxonomy":"product_cat","embeddable":true,"href":"https:\/\/tpufabrics.com\/tr\/wp-json\/wp\/v2\/product_cat?post=1984"},{"taxonomy":"product_tag","embeddable":true,"href":"https:\/\/tpufabrics.com\/tr\/wp-json\/wp\/v2\/product_tag?post=1984"}],"curies":[{"name":"wp","href":"https:\/\/api.w.org\/{rel}","templated":true}]}}