{"id":1982,"date":"2026-03-26T14:45:29","date_gmt":"2026-03-26T14:45:29","guid":{"rendered":"https:\/\/tpufabrics.com\/?post_type=product&#038;p=1982"},"modified":"2026-03-26T14:45:29","modified_gmt":"2026-03-26T14:45:29","slug":"xl-tpu-coated-500d-polyester-camouflage","status":"publish","type":"product","link":"https:\/\/tpufabrics.com\/tr\/product\/xl-tpu-coated-500d-polyester-camouflage\/","title":{"rendered":"XL TPU Kaplamal\u0131 500D Polyester-Kamuflaj"},"content":{"rendered":"<div data-page-id=\"Qk0sdQ0cuooLGzxRzqqc45pVnCc\" data-lark-html-role=\"root\" data-docx-has-block-data=\"false\">\n<div class=\"ace-line ace-line old-record-id-LSZQd6ahNoH8HdxWFWzcAj50nsO\">\n<div data-page-id=\"Qk0sdQ0cuooLGzxRzqqc45pVnCc\" data-lark-html-role=\"root\" data-docx-has-block-data=\"false\">\n<div class=\"ace-line ace-line old-record-id-X1Mhdx9cFo3Q8Axm2GKcYkVFnTO\">XL TPU Kaplamal\u0131 500D Polyester \u2013 Kamuflaj, a\u00e7\u0131k hava, taktik ve \u015febekeden ba\u011f\u0131ms\u0131z ortamlarda kullan\u0131lan katlanabilir su depolama sistemleri i\u00e7in tasarlanm\u0131\u015ft\u0131r. Sa\u011flam 500D polyester taban ile g\u00fcvenilir bir TPU i\u00e7 katman\u0131 bir araya getirilerek b\u00fcy\u00fck hacimli s\u0131v\u0131 tutumu sa\u011flan\u0131rken ta\u015f\u0131nabilirlik korunmaktad\u0131r.<\/div>\n<div class=\"ace-line ace-line old-record-id-GqzXdZ7t3oxliJxd39Uc9RP9nlc\">Kamuflaj y\u00fczeyi do\u011fal \u00e7evrede g\u00f6rsel a\u00e7\u0131dan ortaya \u00e7\u0131kmas\u0131n\u0131 azaltmaya yard\u0131mc\u0131 olurken esnek yap\u0131s\u0131 sayesinde tanklar ve \u015fi\u015feler kolayca katlanabilir, ta\u015f\u0131nabilir ve kolayca yerle\u015ftirilebilir. Bu malzeme \u00f6zellikle sahada su depolaman\u0131n gizli ve g\u00fcvenilir olmas\u0131 gereken uygulamalara uygun olarak tasarlanm\u0131\u015ft\u0131r.<\/div>\n<\/div>\n<\/div>\n<\/div>","protected":false},"excerpt":{"rendered":"<p>XL TPU Coated 500D Polyester \u2013 Camouflage is designed for collapsible water storage systems used in outdoor, tactical, and off-grid environments. It combines a rugged 500D polyester base with a reliable TPU inner layer to support large-volume liquid containment while maintaining portability. The camouflage surface helps reduce visual exposure in natural surroundings, while the flexible [&hellip;]<\/p>","protected":false},"featured_media":1172,"comment_status":"open","ping_status":"closed","template":"","meta":{"_acf_changed":false},"product_brand":[],"product_cat":[35],"product_tag":[],"class_list":{"0":"post-1982","1":"product","2":"type-product","3":"status-publish","4":"has-post-thumbnail","6":"product_cat-industrial-tpu-fabrics","8":"first","9":"instock","10":"shipping-taxable","11":"product-type-simple"},"acf":[],"_links":{"self":[{"href":"https:\/\/tpufabrics.com\/tr\/wp-json\/wp\/v2\/product\/1982","targetHints":{"allow":["GET"]}}],"collection":[{"href":"https:\/\/tpufabrics.com\/tr\/wp-json\/wp\/v2\/product"}],"about":[{"href":"https:\/\/tpufabrics.com\/tr\/wp-json\/wp\/v2\/types\/product"}],"replies":[{"embeddable":true,"href":"https:\/\/tpufabrics.com\/tr\/wp-json\/wp\/v2\/comments?post=1982"}],"wp:featuredmedia":[{"embeddable":true,"href":"https:\/\/tpufabrics.com\/tr\/wp-json\/wp\/v2\/media\/1172"}],"wp:attachment":[{"href":"https:\/\/tpufabrics.com\/tr\/wp-json\/wp\/v2\/media?parent=1982"}],"wp:term":[{"taxonomy":"product_brand","embeddable":true,"href":"https:\/\/tpufabrics.com\/tr\/wp-json\/wp\/v2\/product_brand?post=1982"},{"taxonomy":"product_cat","embeddable":true,"href":"https:\/\/tpufabrics.com\/tr\/wp-json\/wp\/v2\/product_cat?post=1982"},{"taxonomy":"product_tag","embeddable":true,"href":"https:\/\/tpufabrics.com\/tr\/wp-json\/wp\/v2\/product_tag?post=1982"}],"curies":[{"name":"wp","href":"https:\/\/api.w.org\/{rel}","templated":true}]}}