{"id":1978,"date":"2026-03-24T09:47:53","date_gmt":"2026-03-24T09:47:53","guid":{"rendered":"https:\/\/tpufabrics.com\/?post_type=product&#038;p=1978"},"modified":"2026-03-24T09:47:53","modified_gmt":"2026-03-24T09:47:53","slug":"xl-tpu-coated-1000d-polyester-red","status":"publish","type":"product","link":"https:\/\/tpufabrics.com\/tr\/product\/xl-tpu-coated-1000d-polyester-red\/","title":{"rendered":"XL TPU Kaplamal\u0131 1000D Polyester-K\u0131rm\u0131z\u0131"},"content":{"rendered":"<div data-page-id=\"UZFad1xy6oDYGXxB2vNcUDynnLg\" data-lark-html-role=\"root\" data-docx-has-block-data=\"false\">\n<div class=\"ace-line ace-line old-record-id-GUGDduFjWotvZKx5USVci1y6nAh\"><strong>XL <\/strong><strong>TPU<\/strong><strong> Kaplama 1000D Polyester \u2013 K\u0131rm\u0131z\u0131<\/strong> A\u015f\u0131r\u0131 dayan\u0131kl\u0131, \u00e7ift tarafl\u0131 TPU kaplamal\u0131 polyester kuma\u015ft\u0131r; y\u00fcksek stresli end\u00fcstriyel, \u015fi\u015firilebilir ve konteyner uygulamalar\u0131 i\u00e7in tasarlanm\u0131\u015ft\u0131r. Ultra yo\u011fun 1000D polyester baz \u00fczerine in\u015fa edilen bu malzeme a\u015f\u0131nmaya, delinmeye, y\u0131rt\u0131lmaya ve uzun s\u00fcreli mekanik yorulmaya kar\u015f\u0131 ola\u011fan\u00fcst\u00fc diren\u00e7 sunar. Her iki tarafta tamamen TPU ile kaplanan bu malzeme son derece hava ge\u00e7irmez ve su ge\u00e7irmez bir bariyer olu\u015fturur; bu nedenle y\u00fcksek bas\u0131n\u00e7l\u0131 \u015fi\u015firilebilir sistemler ve kritik s\u0131v\u0131 konteyner \u00e7\u00f6z\u00fcmleri i\u00e7in idealdir.<\/div>\n<div class=\"ace-line ace-line old-record-id-NqbQdzEn8oxdkEx7eZ6cyoK9nyc\">Ar\u0131za kabul edilmeyen ortamlar i\u00e7in tasarlanm\u0131\u015f bu a\u011f\u0131r i\u015flevli TPU kaplamal\u0131 kuma\u015f, RF\/HF kaynaklama ile kal\u0131c\u0131, hermetik \u015fekilde kapal\u0131 diki\u015fler olu\u015fturmay\u0131 destekler ve ola\u011fan\u00fcst\u00fc yap\u0131sal mukavemete sahiptir. Y\u00fcksek g\u00f6r\u00fcn\u00fcrl\u00fckle dikkat \u00e7eken k\u0131rm\u0131z\u0131 renk, end\u00fcstriyel, kurtarma ve a\u00e7\u0131k hava operasyonlar\u0131nda g\u00fcvenli\u011fi art\u0131r\u0131rken polyester \u00e7ekirdek, uzun s\u00fcreli maruziyet alt\u0131nda \u00fcst\u00fcn UV direnci ve boyutsal kararl\u0131l\u0131k sa\u011flar.<\/div>\n<\/div>","protected":false},"excerpt":{"rendered":"<p>XL TPU Coated 1000D Polyester \u2013 Red is an extreme-duty, double-sided TPU coated polyester fabric engineered for high-stress industrial, inflatable, and containment applications. Built on an ultra-dense 1000D polyester base, this material delivers exceptional resistance to abrasion, punctures, tearing, and long-term mechanical fatigue. The full TPU encapsulation on both sides creates a highly airtight and [&hellip;]<\/p>","protected":false},"featured_media":1286,"comment_status":"open","ping_status":"closed","template":"","meta":{"_acf_changed":false},"product_brand":[],"product_cat":[35],"product_tag":[],"class_list":{"0":"post-1978","1":"product","2":"type-product","3":"status-publish","4":"has-post-thumbnail","6":"product_cat-industrial-tpu-fabrics","8":"first","9":"instock","10":"shipping-taxable","11":"product-type-simple"},"acf":[],"_links":{"self":[{"href":"https:\/\/tpufabrics.com\/tr\/wp-json\/wp\/v2\/product\/1978","targetHints":{"allow":["GET"]}}],"collection":[{"href":"https:\/\/tpufabrics.com\/tr\/wp-json\/wp\/v2\/product"}],"about":[{"href":"https:\/\/tpufabrics.com\/tr\/wp-json\/wp\/v2\/types\/product"}],"replies":[{"embeddable":true,"href":"https:\/\/tpufabrics.com\/tr\/wp-json\/wp\/v2\/comments?post=1978"}],"wp:featuredmedia":[{"embeddable":true,"href":"https:\/\/tpufabrics.com\/tr\/wp-json\/wp\/v2\/media\/1286"}],"wp:attachment":[{"href":"https:\/\/tpufabrics.com\/tr\/wp-json\/wp\/v2\/media?parent=1978"}],"wp:term":[{"taxonomy":"product_brand","embeddable":true,"href":"https:\/\/tpufabrics.com\/tr\/wp-json\/wp\/v2\/product_brand?post=1978"},{"taxonomy":"product_cat","embeddable":true,"href":"https:\/\/tpufabrics.com\/tr\/wp-json\/wp\/v2\/product_cat?post=1978"},{"taxonomy":"product_tag","embeddable":true,"href":"https:\/\/tpufabrics.com\/tr\/wp-json\/wp\/v2\/product_tag?post=1978"}],"curies":[{"name":"wp","href":"https:\/\/api.w.org\/{rel}","templated":true}]}}