{"id":1977,"date":"2026-03-24T09:42:40","date_gmt":"2026-03-24T09:42:40","guid":{"rendered":"https:\/\/tpufabrics.com\/?post_type=product&#038;p=1977"},"modified":"2026-03-24T09:43:18","modified_gmt":"2026-03-24T09:43:18","slug":"xl-tpu-coated-600d-polyester-fluorescent-pink","status":"publish","type":"product","link":"https:\/\/tpufabrics.com\/tr\/product\/xl-tpu-coated-600d-polyester-fluorescent-pink\/","title":{"rendered":"XL TPU Kaplamal\u0131 600D Polyester-Floresan Pembe"},"content":{"rendered":"<div data-page-id=\"IfZsd5U9yoMM3dxuoAIc6SWhnWe\" data-lark-html-role=\"root\" data-docx-has-block-data=\"false\">\n<div class=\"ace-line ace-line old-record-id-JFRBdMPYpo8WwtxBYWHcu5V9nLf\">Bu y\u00fcksek g\u00f6r\u00fcn\u00fcrl\u00fckl\u00fc, fluoresan pembe XL TPU Kaplamal\u0131 600D Polyester, hem g\u00fcvenlik hem de a\u00e7\u0131k hava uygulamalar\u0131 i\u00e7in tasarlanm\u0131\u015f dayan\u0131kl\u0131, \u00e7ok ama\u00e7l\u0131 ve hava ko\u015fullar\u0131na kar\u015f\u0131 diren\u00e7li bir kuma\u015ft\u0131r. Sa\u011flam 600D polyester baz ile tamamen kaplanm\u0131\u015f TPU kombinasyonu sayesinde \u00fcst\u00fcn a\u015f\u0131nma direnci, y\u0131rt\u0131lma g\u00fcc\u00fc ve su ge\u00e7irmez performans sunar.<\/div>\n<div class=\"ace-line ace-line old-record-id-JFRBdMPYpo8WwtxBYWHcu5V9nLf\">Parlak rengi, d\u00fc\u015f\u00fck \u0131\u015f\u0131k ve karma\u015f\u0131k ortamlarda g\u00f6r\u00fcn\u00fcrl\u00fc\u011f\u00fc art\u0131r\u0131r; bu nedenle y\u00fcksek performansl\u0131 s\u0131rt \u00e7antalar\u0131, g\u00fcvenlik ekipmanlar\u0131, a\u00e7\u0131k hava ekipmanlar\u0131 ve end\u00fcstriyel koruyucu kapaklar i\u00e7in idealdir. Malzeme HF\/RF kaynaklanabilir oldu\u011fundan \u00fcreticiler esnekli\u011fi kaybetmeden s\u0131zd\u0131rmaz ve uzun \u00f6m\u00fcrl\u00fc tasar\u0131mlar olu\u015fturabilirler.<\/div>\n<\/div>","protected":false},"excerpt":{"rendered":"<p>This high-visibility, fluorescent pink XL TPU Coated 600D Polyester is a durable, versatile, and weather-resistant fabric designed for both safety and outdoor applications. Combining a rugged 600D polyester base with a full TPU coating, it offers superior abrasion resistance, tear strength, and waterproof performance. Its bright color enhances visibility in low-light and complex environments, making [&hellip;]<\/p>","protected":false},"featured_media":1284,"comment_status":"open","ping_status":"closed","template":"","meta":{"_acf_changed":false},"product_brand":[],"product_cat":[35],"product_tag":[],"class_list":{"0":"post-1977","1":"product","2":"type-product","3":"status-publish","4":"has-post-thumbnail","6":"product_cat-industrial-tpu-fabrics","8":"first","9":"instock","10":"shipping-taxable","11":"product-type-simple"},"acf":[],"_links":{"self":[{"href":"https:\/\/tpufabrics.com\/tr\/wp-json\/wp\/v2\/product\/1977","targetHints":{"allow":["GET"]}}],"collection":[{"href":"https:\/\/tpufabrics.com\/tr\/wp-json\/wp\/v2\/product"}],"about":[{"href":"https:\/\/tpufabrics.com\/tr\/wp-json\/wp\/v2\/types\/product"}],"replies":[{"embeddable":true,"href":"https:\/\/tpufabrics.com\/tr\/wp-json\/wp\/v2\/comments?post=1977"}],"wp:featuredmedia":[{"embeddable":true,"href":"https:\/\/tpufabrics.com\/tr\/wp-json\/wp\/v2\/media\/1284"}],"wp:attachment":[{"href":"https:\/\/tpufabrics.com\/tr\/wp-json\/wp\/v2\/media?parent=1977"}],"wp:term":[{"taxonomy":"product_brand","embeddable":true,"href":"https:\/\/tpufabrics.com\/tr\/wp-json\/wp\/v2\/product_brand?post=1977"},{"taxonomy":"product_cat","embeddable":true,"href":"https:\/\/tpufabrics.com\/tr\/wp-json\/wp\/v2\/product_cat?post=1977"},{"taxonomy":"product_tag","embeddable":true,"href":"https:\/\/tpufabrics.com\/tr\/wp-json\/wp\/v2\/product_tag?post=1977"}],"curies":[{"name":"wp","href":"https:\/\/api.w.org\/{rel}","templated":true}]}}