{"id":1974,"date":"2026-03-24T09:33:19","date_gmt":"2026-03-24T09:33:19","guid":{"rendered":"https:\/\/tpufabrics.com\/?post_type=product&#038;p=1974"},"modified":"2026-03-24T09:35:04","modified_gmt":"2026-03-24T09:35:04","slug":"xl-tpu-coated-500d-polyester-moss-green","status":"publish","type":"product","link":"https:\/\/tpufabrics.com\/tr\/product\/xl-tpu-coated-500d-polyester-moss-green\/","title":{"rendered":"XL TPU Kaplamal\u0131 500D Polyester-Yosun Ye\u015fili"},"content":{"rendered":"<div data-page-id=\"LIq6dyQ6XosNv8x8ONDcU4E7nig\" data-lark-html-role=\"root\" data-docx-has-block-data=\"false\">\n<div class=\"ace-line ace-line old-record-id-BfcXdy0t3o6TmbxoIpac7Y28npb\">\n<div data-page-id=\"LIq6dyQ6XosNv8x8ONDcU4E7nig\" data-lark-html-role=\"root\" data-docx-has-block-data=\"false\">\n<div class=\"ace-line ace-line old-record-id-BfcXdy0t3o6TmbxoIpac7Y28npb\">Hafif A\u011f\u0131rl\u0131kl\u0131 \u00c7ift Tarafl\u0131 TPU Polyester Kuma\u015f, Hava Ge\u00e7irmeyen \u015ei\u015firilebilir Yap\u0131lar ve End\u00fcstriyel Kapsama i\u00e7in.<\/div>\n<div><\/div>\n<div class=\"ace-line ace-line old-record-id-FAGDd2rJeoJfURx9dnWcxh0sn5e\">Bu 500D polyester kuma\u015f her iki taraf\u0131 da XL serisi TPU ile tamamen kaplanm\u0131\u015ft\u0131r; bu sayede ola\u011fan\u00fcst\u00fc hava tutma, a\u015f\u0131nmaya dayan\u0131kl\u0131l\u0131k ve yap\u0131sal dayan\u0131kl\u0131l\u0131k sa\u011flar. Y\u00fcksek bas\u0131n\u00e7l\u0131 \u015fi\u015firilebilirler, esnek tanklar ve uzun s\u00fcreli a\u00e7\u0131k hava end\u00fcstriyel uygulamalar i\u00e7in idealdir.<\/div>\n<\/div>\n<\/div>\n<\/div>","protected":false},"excerpt":{"rendered":"<p>Hava ge\u00e7irmez \u015fi\u015firilebilir yap\u0131lar ve end\u00fcstriyel kaplama i\u00e7in a\u011f\u0131r hizmet tipi \u00e7ift tarafl\u0131 TPU polyester kuma\u015f. Bu 500D polyester kuma\u015f\u0131n her iki taraf\u0131 da XL serisi TPU ile tamamen kaplanm\u0131\u015ft\u0131r; bu sayede ola\u011fan\u00fcst\u00fc hava tutma, a\u015f\u0131nmaya dayan\u0131kl\u0131l\u0131k ve yap\u0131sal dayan\u0131kl\u0131l\u0131k sa\u011flanmaktad\u0131r. Y\u00fcksek bas\u0131n\u00e7l\u0131 \u015fi\u015firilebilirler, esnek tanklar ve uzun s\u00fcreli a\u00e7\u0131k hava end\u00fcstriyel uygulamalar i\u00e7in idealdir.<\/p>","protected":false},"featured_media":1272,"comment_status":"open","ping_status":"closed","template":"","meta":{"_acf_changed":false},"product_brand":[],"product_cat":[35],"product_tag":[],"class_list":{"0":"post-1974","1":"product","2":"type-product","3":"status-publish","4":"has-post-thumbnail","6":"product_cat-industrial-tpu-fabrics","8":"first","9":"instock","10":"shipping-taxable","11":"product-type-simple"},"acf":[],"_links":{"self":[{"href":"https:\/\/tpufabrics.com\/tr\/wp-json\/wp\/v2\/product\/1974","targetHints":{"allow":["GET"]}}],"collection":[{"href":"https:\/\/tpufabrics.com\/tr\/wp-json\/wp\/v2\/product"}],"about":[{"href":"https:\/\/tpufabrics.com\/tr\/wp-json\/wp\/v2\/types\/product"}],"replies":[{"embeddable":true,"href":"https:\/\/tpufabrics.com\/tr\/wp-json\/wp\/v2\/comments?post=1974"}],"wp:featuredmedia":[{"embeddable":true,"href":"https:\/\/tpufabrics.com\/tr\/wp-json\/wp\/v2\/media\/1272"}],"wp:attachment":[{"href":"https:\/\/tpufabrics.com\/tr\/wp-json\/wp\/v2\/media?parent=1974"}],"wp:term":[{"taxonomy":"product_brand","embeddable":true,"href":"https:\/\/tpufabrics.com\/tr\/wp-json\/wp\/v2\/product_brand?post=1974"},{"taxonomy":"product_cat","embeddable":true,"href":"https:\/\/tpufabrics.com\/tr\/wp-json\/wp\/v2\/product_cat?post=1974"},{"taxonomy":"product_tag","embeddable":true,"href":"https:\/\/tpufabrics.com\/tr\/wp-json\/wp\/v2\/product_tag?post=1974"}],"curies":[{"name":"wp","href":"https:\/\/api.w.org\/{rel}","templated":true}]}}