{"id":1885,"date":"2026-03-18T07:23:41","date_gmt":"2026-03-18T07:23:41","guid":{"rendered":"https:\/\/tpufabrics.com\/?post_type=product&#038;p=1885"},"modified":"2026-03-18T07:34:32","modified_gmt":"2026-03-18T07:34:32","slug":"xl-double-sided-tpu-coated-20d-ripstop-nylon-white","status":"publish","type":"product","link":"https:\/\/tpufabrics.com\/tr\/product\/xl-double-sided-tpu-coated-20d-ripstop-nylon-white\/","title":{"rendered":"XL \u00c7ift Tarafl\u0131 TPU Kaplamal\u0131 20D Y\u0131rt\u0131lmaz Naylon-Beyaz"},"content":{"rendered":"<div data-page-id=\"DNa2dPjZVoHOU3xrIaZcxsCtnfm\" data-lark-html-role=\"root\" data-docx-has-block-data=\"false\">\n<div class=\"ace-line ace-line old-record-id-LWBMdKvyCotjVVxl3fychq9unFg\">Hidrasyon rezervuarlar\u0131 ve i\u00e7ilebilir su depolama sistemleri i\u00e7in geli\u015ftirilmi\u015f, ultra hafif, g\u0131da g\u00fcvenli ve tad\u0131 n\u00f6tr olan bir TPU kaplamal\u0131 ripstop naylon kuma\u015f.<\/div>\n<div><\/div>\n<div class=\"ace-line ace-line old-record-id-FgM6dHh4SoSNVhx2ulIcLyaqnpb\">\u00c7ift tarafl\u0131 TPU yap\u0131s\u0131, do\u011frudan suyla temas eden temiz bir i\u00e7 y\u00fczey olu\u015fturarak zorlu a\u00e7\u0131k hava ve t\u0131bbi uygulamalarda tazelik, g\u00fcvenlik ve tutarl\u0131 performans\u0131 korumaya yard\u0131mc\u0131 olur.<\/div>\n<\/div>","protected":false},"excerpt":{"rendered":"<p>Hidrasyon rezervuarlar\u0131 ve i\u00e7ilebilir su depolama sistemleri i\u00e7in geli\u015ftirilmi\u015f, ultra hafif, g\u0131da g\u00fcvenli ve tad\u0131 n\u00f6tr olan TPU kaplamal\u0131 ripstop naylon kuma\u015f. \u00c7ift tarafl\u0131 TPU yap\u0131s\u0131, suyla do\u011frudan temas eden temiz bir i\u00e7 y\u00fczey olu\u015fturarak, zorlu a\u00e7\u0131k hava ve t\u0131bbi uygulamalarda tazelik, g\u00fcvenlik ve istikrarl\u0131 performans\u0131n korunmas\u0131na yard\u0131mc\u0131 olur.<\/p>","protected":false},"featured_media":1886,"comment_status":"open","ping_status":"closed","template":"","meta":{"_acf_changed":false},"product_brand":[],"product_cat":[34],"product_tag":[],"class_list":{"0":"post-1885","1":"product","2":"type-product","3":"status-publish","4":"has-post-thumbnail","6":"product_cat-airtight-tpu-fabrics","8":"first","9":"instock","10":"shipping-taxable","11":"product-type-simple"},"acf":[],"_links":{"self":[{"href":"https:\/\/tpufabrics.com\/tr\/wp-json\/wp\/v2\/product\/1885","targetHints":{"allow":["GET"]}}],"collection":[{"href":"https:\/\/tpufabrics.com\/tr\/wp-json\/wp\/v2\/product"}],"about":[{"href":"https:\/\/tpufabrics.com\/tr\/wp-json\/wp\/v2\/types\/product"}],"replies":[{"embeddable":true,"href":"https:\/\/tpufabrics.com\/tr\/wp-json\/wp\/v2\/comments?post=1885"}],"wp:featuredmedia":[{"embeddable":true,"href":"https:\/\/tpufabrics.com\/tr\/wp-json\/wp\/v2\/media\/1886"}],"wp:attachment":[{"href":"https:\/\/tpufabrics.com\/tr\/wp-json\/wp\/v2\/media?parent=1885"}],"wp:term":[{"taxonomy":"product_brand","embeddable":true,"href":"https:\/\/tpufabrics.com\/tr\/wp-json\/wp\/v2\/product_brand?post=1885"},{"taxonomy":"product_cat","embeddable":true,"href":"https:\/\/tpufabrics.com\/tr\/wp-json\/wp\/v2\/product_cat?post=1885"},{"taxonomy":"product_tag","embeddable":true,"href":"https:\/\/tpufabrics.com\/tr\/wp-json\/wp\/v2\/product_tag?post=1885"}],"curies":[{"name":"wp","href":"https:\/\/api.w.org\/{rel}","templated":true}]}}