{"id":1664,"date":"2026-03-12T09:18:50","date_gmt":"2026-03-12T09:18:50","guid":{"rendered":"https:\/\/tpufabrics.com\/?post_type=product&#038;p=1664"},"modified":"2026-03-12T09:19:24","modified_gmt":"2026-03-12T09:19:24","slug":"xl-tpu-kapli-840d-naylon","status":"publish","type":"product","link":"https:\/\/tpufabrics.com\/tr\/product\/xl-tpu-kapli-840d-naylon\/","title":{"rendered":"XL TPU Kaplamal\u0131 840D Naylon"},"content":{"rendered":"<div data-page-id=\"IqrsdKA7lod4k8xFqs4cYKREnvc\" data-lark-html-role=\"root\" data-docx-has-block-data=\"false\">\n<div class=\"ace-line ace-line old-record-id-E2mWd4uusoo9v3xqOmacb7q2nph\">XL TPU Kaplamal\u0131 840D Naylon, zorlu koruyucu uygulamalar i\u00e7in geli\u015ftirilmi\u015f y\u00fcksek mukavemetli bir kompozit tekstil malzemedir. Bu malzeme yo\u011fun bir <strong>840D balistik naylon taban kuma\u015f\u0131n\u0131<\/strong> XL serisi fonksiyonel <strong>TPU kaplamas\u0131yla birle\u015ftirerek<\/strong>, a\u015f\u0131nmaya, darbeye ve sert \u00e7evresel etkilere dayan\u0131kl\u0131 hale getirilmi\u015f sa\u011flam \u00e7ok katmanl\u0131 bir yap\u0131 olu\u015fturur.<\/div>\n<div class=\"ace-line ace-line old-record-id-S4fSdDc0No3C9jxRYlmcDSn0nAg\">Y\u00fcksek denier naylon yap\u0131s\u0131 m\u00fckemmel y\u0131rt\u0131lma direnci, delinme direnci ve uzun \u00f6m\u00fcrl\u00fc dayan\u0131kl\u0131l\u0131k sa\u011flar. Ayn\u0131 zamanda TPU kaplama, kuma\u015f y\u00fczeyinde s\u00fcrekli bir koruyucu bariyer olu\u015fturarak su ge\u00e7i\u015fini \u00f6nlerken ya\u011flara, kimyasallara ve end\u00fcstriyel kirleticilere kar\u015f\u0131 direnci art\u0131r\u0131r.<\/div>\n<div class=\"ace-line ace-line old-record-id-Z1FmdBWB3oN9e9xYUqAcFxaZnhc\">Koruyucu performans\u0131 ve yap\u0131sal kararl\u0131l\u0131\u011f\u0131 sayesinde bu <strong>840D <\/strong><strong>TPU<\/strong><strong> kaplamal\u0131 naylon kuma\u015f<\/strong> a\u011f\u0131r ekipman korumas\u0131, end\u00fcstriyel ta\u015f\u0131ma \u00f6rt\u00fcleri, a\u00e7\u0131k hava m\u00fchendislik ekipmanlar\u0131 ve malzemelerin s\u00fcrekli a\u015f\u0131nmaya ve mekanik strese maruz kalmas\u0131 gereken di\u011fer ortamlarda yayg\u0131n olarak kullan\u0131l\u0131r.<\/div>\n<\/div>","protected":false},"excerpt":{"rendered":"<p>XL TPU Coated 840D Nylon is a high-strength composite textile developed for demanding protective applications. The material combines a dense 840D ballistic nylon base fabric with the XL series functional TPU coating, forming a durable multilayer structure designed to withstand abrasion, impact, and harsh environmental exposure. The high-denier nylon construction provides excellent tear resistance, puncture [&hellip;]<\/p>","protected":false},"featured_media":981,"comment_status":"open","ping_status":"closed","template":"","meta":{"_acf_changed":false},"product_brand":[],"product_cat":[34],"product_tag":[],"class_list":{"0":"post-1664","1":"product","2":"type-product","3":"status-publish","4":"has-post-thumbnail","6":"product_cat-airtight-tpu-fabrics","8":"first","9":"instock","10":"shipping-taxable","11":"product-type-simple"},"acf":[],"_links":{"self":[{"href":"https:\/\/tpufabrics.com\/tr\/wp-json\/wp\/v2\/product\/1664","targetHints":{"allow":["GET"]}}],"collection":[{"href":"https:\/\/tpufabrics.com\/tr\/wp-json\/wp\/v2\/product"}],"about":[{"href":"https:\/\/tpufabrics.com\/tr\/wp-json\/wp\/v2\/types\/product"}],"replies":[{"embeddable":true,"href":"https:\/\/tpufabrics.com\/tr\/wp-json\/wp\/v2\/comments?post=1664"}],"wp:featuredmedia":[{"embeddable":true,"href":"https:\/\/tpufabrics.com\/tr\/wp-json\/wp\/v2\/media\/981"}],"wp:attachment":[{"href":"https:\/\/tpufabrics.com\/tr\/wp-json\/wp\/v2\/media?parent=1664"}],"wp:term":[{"taxonomy":"product_brand","embeddable":true,"href":"https:\/\/tpufabrics.com\/tr\/wp-json\/wp\/v2\/product_brand?post=1664"},{"taxonomy":"product_cat","embeddable":true,"href":"https:\/\/tpufabrics.com\/tr\/wp-json\/wp\/v2\/product_cat?post=1664"},{"taxonomy":"product_tag","embeddable":true,"href":"https:\/\/tpufabrics.com\/tr\/wp-json\/wp\/v2\/product_tag?post=1664"}],"curies":[{"name":"wp","href":"https:\/\/api.w.org\/{rel}","templated":true}]}}