{"id":1654,"date":"2026-03-12T09:14:51","date_gmt":"2026-03-12T09:14:51","guid":{"rendered":"https:\/\/tpufabrics.com\/?post_type=product&#038;p=1654"},"modified":"2026-03-12T09:16:00","modified_gmt":"2026-03-12T09:16:00","slug":"xl-tpu-kapli-420d-naylon","status":"publish","type":"product","link":"https:\/\/tpufabrics.com\/tr\/product\/xl-tpu-kapli-420d-naylon\/","title":{"rendered":"XL TPU Kaplamal\u0131 420D Naylon"},"content":{"rendered":"<div data-page-id=\"YpFKdlPpCo1lAWxwUBrcKy4BnGd\" data-lark-html-role=\"root\" data-docx-has-block-data=\"false\">\n<div class=\"ace-line ace-line old-record-id-OemKdBbnVoAfhkxNuvrcaNsLnGg\">XL TPU Kaplamal\u0131 420D Naylon, y\u00fcksek y\u00fckl\u00fc ekipmanlar ve zorlu end\u00fcstriyel ortamlar i\u00e7in geli\u015ftirilmi\u015f a\u011f\u0131r hizmet tipi kompozit bir kuma\u015ft\u0131r. Bu malzeme bir <strong>y\u00fcksek yo\u011funluklu 420D naylon taban kuma\u015f\u0131<\/strong> bizimle birle\u015ftirilerek <strong>XL serisi TPU fonksiyonel kaplama<\/strong>, dayan\u0131kl\u0131 ve istikrarl\u0131 bir kompozit yap\u0131 olu\u015fturur. Bu yap\u0131, kuma\u015f\u0131n \u00fcst\u00fcn mekanik mukavemet, a\u015f\u0131nma direnci ve \u00e7evre korumas\u0131 sunmas\u0131n\u0131 sa\u011flar.<\/div>\n<div class=\"ace-line ace-line old-record-id-DRYKdzRMMoaIbBx69V0cMup7nib\">Yo\u011fun naylon yap\u0131s\u0131 m\u00fckemmel gerilme ve y\u0131rt\u0131lma direnci sa\u011flarken, TPU kaplama, g\u00fcvenilir su ge\u00e7irmezlik ve hava ge\u00e7irmezlik performans\u0131 sunan s\u00fcrekli bir koruyucu katman olu\u015fturur. \u00c7evre korumas\u0131n\u0131n yan\u0131 s\u0131ra, TPU y\u00fczeyi <strong>y\u00fcksek frekansl\u0131 kaynak (<\/strong><strong>HF<\/strong><strong> kaynak)<\/strong>, \u00fcreticilerin geleneksel diki\u015f kullanmadan s\u0131zd\u0131rmaz yap\u0131 diki\u015fleri olu\u015fturmas\u0131n\u0131 sa\u011flar.<\/div>\n<div class=\"ace-line ace-line old-record-id-LApVdCTJQoC6i9xihkScjbcEnzb\">G\u00fc\u00e7l\u00fc yap\u0131s\u0131, istikrar\u0131 ve s\u0131zd\u0131rmazl\u0131k kabiliyeti sayesinde bu malzeme end\u00fcstriyel koruma sistemlerinde, \u015fi\u015firilebilir yap\u0131larda ve uzun s\u00fcreli dayan\u0131kl\u0131l\u0131\u011f\u0131n esas oldu\u011fu a\u011f\u0131r hizmet d\u0131\u015f mekan ekipmanlar\u0131nda yayg\u0131n olarak kullan\u0131lmaktad\u0131r.<\/div>\n<\/div>","protected":false},"excerpt":{"rendered":"<p>XL TPU Coated 420D Nylon is a heavy-duty composite fabric developed for high-load equipment and demanding industrial environments. The material uses a high-density 420D nylon base fabric combined with our XL series TPU functional coating, forming a durable and stable composite structure. This construction allows the fabric to deliver outstanding mechanical strength, abrasion resistance, and [&hellip;]<\/p>","protected":false},"featured_media":1170,"comment_status":"open","ping_status":"closed","template":"","meta":{"_acf_changed":false},"product_brand":[],"product_cat":[34],"product_tag":[],"class_list":{"0":"post-1654","1":"product","2":"type-product","3":"status-publish","4":"has-post-thumbnail","6":"product_cat-airtight-tpu-fabrics","8":"first","9":"instock","10":"shipping-taxable","11":"product-type-simple"},"acf":[],"_links":{"self":[{"href":"https:\/\/tpufabrics.com\/tr\/wp-json\/wp\/v2\/product\/1654","targetHints":{"allow":["GET"]}}],"collection":[{"href":"https:\/\/tpufabrics.com\/tr\/wp-json\/wp\/v2\/product"}],"about":[{"href":"https:\/\/tpufabrics.com\/tr\/wp-json\/wp\/v2\/types\/product"}],"replies":[{"embeddable":true,"href":"https:\/\/tpufabrics.com\/tr\/wp-json\/wp\/v2\/comments?post=1654"}],"wp:featuredmedia":[{"embeddable":true,"href":"https:\/\/tpufabrics.com\/tr\/wp-json\/wp\/v2\/media\/1170"}],"wp:attachment":[{"href":"https:\/\/tpufabrics.com\/tr\/wp-json\/wp\/v2\/media?parent=1654"}],"wp:term":[{"taxonomy":"product_brand","embeddable":true,"href":"https:\/\/tpufabrics.com\/tr\/wp-json\/wp\/v2\/product_brand?post=1654"},{"taxonomy":"product_cat","embeddable":true,"href":"https:\/\/tpufabrics.com\/tr\/wp-json\/wp\/v2\/product_cat?post=1654"},{"taxonomy":"product_tag","embeddable":true,"href":"https:\/\/tpufabrics.com\/tr\/wp-json\/wp\/v2\/product_tag?post=1654"}],"curies":[{"name":"wp","href":"https:\/\/api.w.org\/{rel}","templated":true}]}}