{"id":1642,"date":"2026-03-12T08:51:46","date_gmt":"2026-03-12T08:51:46","guid":{"rendered":"https:\/\/tpufabrics.com\/?post_type=product&#038;p=1642"},"modified":"2026-03-12T08:52:53","modified_gmt":"2026-03-12T08:52:53","slug":"xl-pvc-coated-70d-nylon-grey","status":"publish","type":"product","link":"https:\/\/tpufabrics.com\/tr\/product\/xl-pvc-coated-70d-nylon-grey\/","title":{"rendered":"XL PVC Kaplamal\u0131 70D Naylon-Gri"},"content":{"rendered":"<div data-page-id=\"CbwYdPQtMojsfFxIygNcVyOwnlg\" data-lark-html-role=\"root\" data-docx-has-block-data=\"false\">\n<div class=\"ace-line ace-line old-record-id-U96DdRM9VoNymKxFuttcuvyRnZw\">T\u0131bbi ekipmanlar ve sa\u011fl\u0131k hizmetleri ortamlar\u0131 i\u00e7in tasarlanm\u0131\u015f dayan\u0131kl\u0131 ve hijyenik PVC kaplamal\u0131 naylon kuma\u015f.<\/div>\n<div class=\"ace-line ace-line old-record-id-PUQCdRUuDomGb6xXC3rcYl5anUh\">XL PVC Kaplamal\u0131 70D Naylon, hijyen, dayan\u0131kl\u0131l\u0131k ve kolay bak\u0131m\u0131n esas oldu\u011fu uygulamalar i\u00e7in tasarlanm\u0131\u015f teknik su ge\u00e7irmez t\u0131bbi bir kuma\u015ft\u0131r. G\u00fc\u00e7l\u00fc 70 denier naylon baz \u00fczerine in\u015fa edilmi\u015f ve t\u0131bbi s\u0131n\u0131f bir PVC kaplama ile lamine edilmi\u015f bu malzeme, esnekli\u011fi ve yap\u0131sal mukavemetini korurken g\u00fcvenilir bir s\u0131v\u0131 bariyeri olu\u015fturur.<\/div>\n<div class=\"ace-line ace-line old-record-id-Hbd6dv4DEo7NBdxdUjgc2TkjnPb\">P\u00fcr\u00fczs\u00fcz, g\u00f6zeneksiz PVC y\u00fczey, s\u0131v\u0131 n\u00fcfuz etmesini \u00f6nler ve yayg\u0131n hastane dezenfektanlar\u0131 kullan\u0131larak h\u0131zl\u0131 temizlenmeyi destekler. Y\u00fcksek frekansl\u0131 (HF) kaynakla m\u00fckemmel uyumuyla birle\u015fti\u011finde, kuma\u015f i\u011fne deliklerini ortadan kald\u0131ran sorunsuz bir yap\u0131m imkan\u0131 sunar ve hijyenik \u00fcr\u00fcn yap\u0131lar\u0131n\u0131 korumaya yard\u0131mc\u0131 olur.<\/div>\n<div class=\"ace-line ace-line old-record-id-Wcmdde3xioAJ5yxByH1cSnTdnZe\">Bu su ge\u00e7irmez koruma, kimyasal diren\u00e7 ve dayan\u0131kl\u0131 yap\u0131n\u0131n kombinasyonu, malzemeyi geni\u015f yelpazede t\u0131bbi cihaz kapaklar\u0131, yatak koruyucular\u0131 ve sa\u011fl\u0131k ekipman\u0131 bile\u015fenleri i\u00e7in uygun hale getirir.<\/div>\n<\/div>","protected":false},"excerpt":{"rendered":"<p>Durable and hygienic PVC coated nylon fabric designed for medical equipment and healthcare environments. XL PVC Coated 70D Nylon is a technical waterproof medical fabric engineered for applications where hygiene, durability, and easy maintenance are essential. Built on a strong 70-denier nylon base and laminated with a medical-grade PVC coating, this material forms a reliable [&hellip;]<\/p>","protected":false},"featured_media":1399,"comment_status":"open","ping_status":"closed","template":"","meta":{"_acf_changed":false},"product_brand":[],"product_cat":[36],"product_tag":[],"class_list":{"0":"post-1642","1":"product","2":"type-product","3":"status-publish","4":"has-post-thumbnail","6":"product_cat-medical-tpu-fabrics","8":"first","9":"instock","10":"shipping-taxable","11":"product-type-simple"},"acf":[],"_links":{"self":[{"href":"https:\/\/tpufabrics.com\/tr\/wp-json\/wp\/v2\/product\/1642","targetHints":{"allow":["GET"]}}],"collection":[{"href":"https:\/\/tpufabrics.com\/tr\/wp-json\/wp\/v2\/product"}],"about":[{"href":"https:\/\/tpufabrics.com\/tr\/wp-json\/wp\/v2\/types\/product"}],"replies":[{"embeddable":true,"href":"https:\/\/tpufabrics.com\/tr\/wp-json\/wp\/v2\/comments?post=1642"}],"wp:featuredmedia":[{"embeddable":true,"href":"https:\/\/tpufabrics.com\/tr\/wp-json\/wp\/v2\/media\/1399"}],"wp:attachment":[{"href":"https:\/\/tpufabrics.com\/tr\/wp-json\/wp\/v2\/media?parent=1642"}],"wp:term":[{"taxonomy":"product_brand","embeddable":true,"href":"https:\/\/tpufabrics.com\/tr\/wp-json\/wp\/v2\/product_brand?post=1642"},{"taxonomy":"product_cat","embeddable":true,"href":"https:\/\/tpufabrics.com\/tr\/wp-json\/wp\/v2\/product_cat?post=1642"},{"taxonomy":"product_tag","embeddable":true,"href":"https:\/\/tpufabrics.com\/tr\/wp-json\/wp\/v2\/product_tag?post=1642"}],"curies":[{"name":"wp","href":"https:\/\/api.w.org\/{rel}","templated":true}]}}