{"id":1448,"date":"2026-03-09T09:48:52","date_gmt":"2026-03-09T09:48:52","guid":{"rendered":"https:\/\/tpufabrics.com\/?post_type=product&#038;p=1448"},"modified":"2026-03-10T05:05:50","modified_gmt":"2026-03-10T05:05:50","slug":"xl-tpu-kapli-210d-naylon","status":"publish","type":"product","link":"https:\/\/tpufabrics.com\/tr\/product\/xl-tpu-kapli-210d-naylon\/","title":{"rendered":"XL TPU Kaplamal\u0131 210D Naylon"},"content":{"rendered":"<div data-page-id=\"MB3kdGVrNoa0tVxCEQ6cuYk1nod\" data-lark-html-role=\"root\" data-docx-has-block-data=\"false\">\n<div class=\"ace-line ace-line old-record-id-KKnOd3VsQoKb7rxw9K9cB6annhb\"><strong>XL <\/strong><strong>TPU<\/strong><strong> Kaplamal\u0131 210D <\/strong><strong>Naylon<\/strong> y\u00fcksek y\u00fck uygulamalar\u0131 ve uzun s\u00fcreli operasyonel ortamlar i\u00e7in geli\u015ftirilmi\u015f dayan\u0131kl\u0131 bir kompozit kuma\u015ft\u0131r. Malzeme, y\u00fcksek y\u00fcke dayan\u0131kl\u0131 bir <strong>210D y\u00fcksek mukavemetli naylon taban kuma\u015f\u0131<\/strong>ile birlikte <strong>XL serisi TPU fonksiyonel kaplama<\/strong> stabil bir kompozit yap\u0131 olu\u015fturmak i\u00e7in. Bu yap\u0131, kuma\u015f\u0131n a\u015f\u0131nma direnci, gerilme mukavemeti ve \u00e7evresel uyumlulukta daha y\u00fcksek performans seviyelerine ula\u015fmas\u0131n\u0131 sa\u011flar.<\/div>\n<div class=\"ace-line ace-line old-record-id-OnNZdD1opoev9Ex68YscD56nn2b\">Performans tekstil sistemlerinde, farkl\u0131 denye seviyelerine sahip naylon kuma\u015flar genellikle farkl\u0131 uygulama rollerine kar\u015f\u0131l\u0131k gelir. Hafif kuma\u015flar ile kar\u015f\u0131la\u015ft\u0131r\u0131ld\u0131\u011f\u0131nda, <strong>210D <\/strong><strong>Naylon<\/strong><strong> yap\u0131sal sa\u011flaml\u0131k ve dayan\u0131kl\u0131l\u0131\u011f\u0131 vurgular<\/strong>. Daha kal\u0131n iplik yap\u0131s\u0131, daha g\u00fc\u00e7l\u00fc ve daha istikrarl\u0131 bir tekstil yap\u0131s\u0131 olu\u015fturarak malzemenin a\u011f\u0131r d\u0131\u015f stres veya uzun s\u00fcreli s\u00fcrt\u00fcnme ko\u015fullar\u0131 alt\u0131nda bile tutarl\u0131 performans\u0131n\u0131 korumas\u0131n\u0131 sa\u011flar. Bu yap\u0131sal \u00f6zellikler <strong>210D kuma\u015flar profesyonel ekipmanlarda ve end\u00fcstriyel \u00fcr\u00fcnlerde yayg\u0131n bir temel malzemedir<\/strong>.<\/div>\n<\/div>","protected":false},"excerpt":{"rendered":"<p>XL TPU Coated 210D Nylon is a durable composite fabric developed for high-load applications and long-term operational environments. The material is constructed with a 210D high-strength nylon base fabric, combined with an XL series TPU functional coating to form a stable composite structure. This structure enables the fabric to achieve higher performance levels in abrasion [&hellip;]<\/p>","protected":false},"featured_media":1171,"comment_status":"open","ping_status":"closed","template":"","meta":{"_acf_changed":false},"product_brand":[],"product_cat":[34],"product_tag":[],"class_list":{"0":"post-1448","1":"product","2":"type-product","3":"status-publish","4":"has-post-thumbnail","6":"product_cat-airtight-tpu-fabrics","8":"first","9":"instock","10":"shipping-taxable","11":"product-type-simple"},"acf":[],"_links":{"self":[{"href":"https:\/\/tpufabrics.com\/tr\/wp-json\/wp\/v2\/product\/1448","targetHints":{"allow":["GET"]}}],"collection":[{"href":"https:\/\/tpufabrics.com\/tr\/wp-json\/wp\/v2\/product"}],"about":[{"href":"https:\/\/tpufabrics.com\/tr\/wp-json\/wp\/v2\/types\/product"}],"replies":[{"embeddable":true,"href":"https:\/\/tpufabrics.com\/tr\/wp-json\/wp\/v2\/comments?post=1448"}],"wp:featuredmedia":[{"embeddable":true,"href":"https:\/\/tpufabrics.com\/tr\/wp-json\/wp\/v2\/media\/1171"}],"wp:attachment":[{"href":"https:\/\/tpufabrics.com\/tr\/wp-json\/wp\/v2\/media?parent=1448"}],"wp:term":[{"taxonomy":"product_brand","embeddable":true,"href":"https:\/\/tpufabrics.com\/tr\/wp-json\/wp\/v2\/product_brand?post=1448"},{"taxonomy":"product_cat","embeddable":true,"href":"https:\/\/tpufabrics.com\/tr\/wp-json\/wp\/v2\/product_cat?post=1448"},{"taxonomy":"product_tag","embeddable":true,"href":"https:\/\/tpufabrics.com\/tr\/wp-json\/wp\/v2\/product_tag?post=1448"}],"curies":[{"name":"wp","href":"https:\/\/api.w.org\/{rel}","templated":true}]}}