{"id":1232,"date":"2026-03-06T07:31:01","date_gmt":"2026-03-06T07:31:01","guid":{"rendered":"https:\/\/tpufabrics.com\/?post_type=product&#038;p=1232"},"modified":"2026-03-09T08:09:22","modified_gmt":"2026-03-09T08:09:22","slug":"xl-tpu-coated-20d-nylon","status":"publish","type":"product","link":"https:\/\/tpufabrics.com\/tr\/product\/xl-tpu-coated-20d-nylon\/","title":{"rendered":"XL TPU Kaplamal\u0131 20D Naylon"},"content":{"rendered":"<div data-page-id=\"ImFUdhxkKoCkD9xtUgdco9UQnAh\" data-lark-html-role=\"root\" data-docx-has-block-data=\"false\">\n<div class=\"ace-line ace-line old-record-id-M2LxdeF00oIrhvx1s33czE1onJc\">Malzeme bilimi, tutumlu davranmay\u0131 \u00f6d\u00fcllendiren ilgin\u00e7 bir al\u0131\u015fkanl\u0131\u011fa sahiptir. M\u00fchendisler \u00e7ok hafif bir \u015fey yapmaya \u00e7al\u0131\u015ft\u0131\u011f\u0131nda, genellikle yap\u0131, kaplamalar ve performans dengesi konusunda daha dikkatli d\u00fc\u015f\u00fcnmek zorunda kal\u0131rlar. Ultralight kuma\u015flar bu prensibin m\u00fckemmel bir \u00f6rne\u011fidir. \u00c7ok az a\u011f\u0131rl\u0131\u011fa sahip olan bir kuma\u015f\u0131n h\u00e2l\u00e2 y\u0131rt\u0131lmaya kar\u015f\u0131 dayan\u0131kl\u0131 olmas\u0131, suyu engellemesi ve bazen hava tutmas\u0131 bile gereklidir. B\u00fct\u00fcn bunlar\u0131 ba\u015farmak sadece ince bir tekstil se\u00e7mekten ibaret de\u011fildir. Dikkatlice tasarlanm\u0131\u015f bir kompozit malzeme gerektirir.<\/div>\n<div><\/div>\n<div class=\"ace-line ace-line old-record-id-LNbFdDl1toK8byxUjYic9JmJnuf\"><strong>XL <\/strong><strong>TPU<\/strong><strong> Kaplama 20D <\/strong><strong>Naylon<\/strong> bu kategorideki m\u00fchendislik kuma\u015flar\u0131na aittir. G\u00fc\u00e7l\u00fc ancak hafif bir naylon taban ile \u00f6zel bir TPU kaplama kombinasyonu sayesinde, a\u011f\u0131rl\u0131k ve paketlenebilirli\u011fin en \u00f6nemli oldu\u011fu uygulamalarda su ge\u00e7irmez performans, dayan\u0131kl\u0131l\u0131k ve kaynaklanabilirlik sunar.<\/div>\n<\/div>","protected":false},"excerpt":{"rendered":"<p>Materials science has a funny habit of rewarding restraint. When engineers try to make something extremely light, they often have to think more carefully about structure, coatings, and performance balance. Ultralight fabrics are a perfect example of this principle. A fabric that weighs very little still needs to resist tearing, block water, and sometimes even [&hellip;]<\/p>","protected":false},"featured_media":1233,"comment_status":"open","ping_status":"closed","template":"","meta":{"_acf_changed":false},"product_brand":[],"product_cat":[34],"product_tag":[],"class_list":{"0":"post-1232","1":"product","2":"type-product","3":"status-publish","4":"has-post-thumbnail","6":"product_cat-airtight-tpu-fabrics","8":"first","9":"instock","10":"shipping-taxable","11":"product-type-simple"},"acf":[],"_links":{"self":[{"href":"https:\/\/tpufabrics.com\/tr\/wp-json\/wp\/v2\/product\/1232","targetHints":{"allow":["GET"]}}],"collection":[{"href":"https:\/\/tpufabrics.com\/tr\/wp-json\/wp\/v2\/product"}],"about":[{"href":"https:\/\/tpufabrics.com\/tr\/wp-json\/wp\/v2\/types\/product"}],"replies":[{"embeddable":true,"href":"https:\/\/tpufabrics.com\/tr\/wp-json\/wp\/v2\/comments?post=1232"}],"wp:featuredmedia":[{"embeddable":true,"href":"https:\/\/tpufabrics.com\/tr\/wp-json\/wp\/v2\/media\/1233"}],"wp:attachment":[{"href":"https:\/\/tpufabrics.com\/tr\/wp-json\/wp\/v2\/media?parent=1232"}],"wp:term":[{"taxonomy":"product_brand","embeddable":true,"href":"https:\/\/tpufabrics.com\/tr\/wp-json\/wp\/v2\/product_brand?post=1232"},{"taxonomy":"product_cat","embeddable":true,"href":"https:\/\/tpufabrics.com\/tr\/wp-json\/wp\/v2\/product_cat?post=1232"},{"taxonomy":"product_tag","embeddable":true,"href":"https:\/\/tpufabrics.com\/tr\/wp-json\/wp\/v2\/product_tag?post=1232"}],"curies":[{"name":"wp","href":"https:\/\/api.w.org\/{rel}","templated":true}]}}