{"id":853,"date":"2026-03-04T08:25:06","date_gmt":"2026-03-04T08:25:06","guid":{"rendered":"https:\/\/tpufabrics.com\/?page_id=853"},"modified":"2026-03-17T06:40:12","modified_gmt":"2026-03-17T06:40:12","slug":"urunumuz","status":"publish","type":"page","link":"https:\/\/tpufabrics.com\/tr\/urunumuz\/","title":{"rendered":"\u00dcr\u00fcn\u00fcm\u00fcz"},"content":{"rendered":"<div data-elementor-type=\"wp-page\" data-elementor-id=\"853\" class=\"elementor elementor-853\" data-elementor-post-type=\"page\">\n\t\t\t\t<div class=\"elementor-element elementor-element-42f42c5 e-flex e-con-boxed e-con e-parent\" data-id=\"42f42c5\" data-element_type=\"container\" data-e-type=\"container\" data-settings=\"{&quot;background_background&quot;:&quot;classic&quot;}\">\n\t\t\t\t\t<div class=\"e-con-inner\">\n\t\t\t\t<div class=\"elementor-element elementor-element-4dd8f44 elementor-widget elementor-widget-woocommerce-breadcrumb\" data-id=\"4dd8f44\" data-element_type=\"widget\" data-e-type=\"widget\" data-widget_type=\"woocommerce-breadcrumb.default\">\n\t\t\t\t\t<nav class=\"woocommerce-breadcrumb\" aria-label=\"Breadcrumb\" data-no-translation=\"\" data-trp-gettext=\"\">Ana Sayfa<\/nav>\t\t\t\t<\/div>\n\t\t\t\t\t<\/div>\n\t\t\t\t<\/div>\n\t\t<div class=\"elementor-element elementor-element-241b998 e-flex e-con-boxed e-con e-parent\" data-id=\"241b998\" data-element_type=\"container\" data-e-type=\"container\">\n\t\t\t\t\t<div class=\"e-con-inner\">\n\t\t\t\t<div class=\"elementor-element elementor-element-d5f866b elementor-widget elementor-widget-heading\" data-id=\"d5f866b\" data-element_type=\"widget\" data-e-type=\"widget\" data-widget_type=\"heading.default\">\n\t\t\t\t\t<h2 class=\"elementor-heading-title elementor-size-default\">\u00dcR\u00dcN\u00dcM\u00dcZ<\/h2>\t\t\t\t<\/div>\n\t\t<div class=\"elementor-element elementor-element-e3c9902 e-con-full e-flex e-con e-child\" data-id=\"e3c9902\" data-element_type=\"container\" data-e-type=\"container\">\n\t\t\t\t<div class=\"elementor-element elementor-element-a0e2832 animated-slow elementor-invisible elementor-widget elementor-widget-heading\" data-id=\"a0e2832\" data-element_type=\"widget\" data-e-type=\"widget\" data-settings=\"{&quot;_animation&quot;:&quot;fadeInUp&quot;}\" data-widget_type=\"heading.default\">\n\t\t\t\t\t<h3 class=\"elementor-heading-title elementor-size-default\">\u00dcr\u00fcn Portf\u00f6y\u00fcm\u00fcz<\/h3>\t\t\t\t<\/div>\n\t\t\t\t<\/div>\n\t\t\t\t<div class=\"elementor-element elementor-element-05ebb68 elementor-widget__width-initial elementor-widget elementor-widget-text-editor\" data-id=\"05ebb68\" data-element_type=\"widget\" data-e-type=\"widget\" data-widget_type=\"text-editor.default\">\n\t\t\t\t\t\t\t\t\t<p>\u00a0Her Sekt\u00f6r \u0130\u00e7in M\u00fchendislik \u00c7\u00f6z\u00fcmleri TPU<\/p>\t\t\t\t\t\t\t\t<\/div>\n\t\t<div class=\"elementor-element elementor-element-b21c722 e-con-full e-flex e-con e-child\" data-id=\"b21c722\" data-element_type=\"container\" data-e-type=\"container\">\n\t\t\t\t<div class=\"elementor-element elementor-element-2a1f1d3 elementor-widget__width-initial animated-slow image-hover-zoom-in elementor-invisible elementor-widget elementor-widget-rkit_image_box\" data-id=\"2a1f1d3\" data-element_type=\"widget\" data-e-type=\"widget\" data-settings=\"{&quot;_animation&quot;:&quot;fadeInLeft&quot;}\" data-widget_type=\"rkit_image_box.default\">\n\t\t\t\t<div class=\"elementor-widget-container\">\n\t\t\t\t\t        <div class=\"rkit-image_box rkit-image_box__def-card\">\n\n            <div class=\"rkit-image_box-card\">\n                <div class=\"rkit-image_box__img\">\n                    <img fetchpriority=\"high\" decoding=\"async\" width=\"2508\" height=\"1672\" src=\"https:\/\/tpufabrics.com\/wp-content\/uploads\/2026\/03\/Airtight-TPU-Fabrics.png\" class=\"attachment-full size-full wp-image-864\" alt=\"TPU Kaplamal\u0131 Kuma\u015f\" srcset=\"https:\/\/tpufabrics.com\/wp-content\/uploads\/2026\/03\/Airtight-TPU-Fabrics.png 2508w, https:\/\/tpufabrics.com\/wp-content\/uploads\/2026\/03\/Airtight-TPU-Fabrics-600x400.png 600w, https:\/\/tpufabrics.com\/wp-content\/uploads\/2026\/03\/Airtight-TPU-Fabrics-300x200.png 300w, https:\/\/tpufabrics.com\/wp-content\/uploads\/2026\/03\/Airtight-TPU-Fabrics-1024x683.png 1024w, https:\/\/tpufabrics.com\/wp-content\/uploads\/2026\/03\/Airtight-TPU-Fabrics-768x512.png 768w, https:\/\/tpufabrics.com\/wp-content\/uploads\/2026\/03\/Airtight-TPU-Fabrics-1536x1024.png 1536w, https:\/\/tpufabrics.com\/wp-content\/uploads\/2026\/03\/Airtight-TPU-Fabrics-2048x1365.png 2048w\" sizes=\"(max-width: 2508px) 100vw, 2508px\" \/>                <\/div>\n\n\n\n                <div class=\"rkit-image_box_det def-card\">\n                    <div class=\"rkit-image_box__detail def-detail\">\n\n                        <div class=\"rkit-container-top\">\n                            <div class=\"left\">\n                                                            <\/div>\n\n                            \n                        <\/div>\n                        <h4 class=\"rkit-image_box__title\">Hava Ge\u00e7irmez TPU Kuma\u015flar<\/h4>\n                        <div class=\"image-box-item-desc  def-card-desc-ext\">\n                            <span class=\"rkit-image_box__description\">\u015ei\u015firilebilir \u00fcr\u00fcnlerde ve kaplama sistemlerinde \u00fcst\u00fcn hava ve s\u0131v\u0131 tutma i\u00e7in.<\/span>\n                                                                <div class=\"rkit-readmore-imagebox-div\">\n                                        <a href=\"https:\/\/tpufabrics.com\/tr\/product-category\/hava-gecirmez-tpu-kumaslar\/\" class=\"rkit-readmore-imagebox-btn\" type=\"button\">\n                                            <i aria-hidden=\"true\" class=\"rkit-icon-readmore-ib rtmicon rtmicon-circle-arrow-right\"><\/i>                                            EXPLORE MORE                                        <\/a>\n                                    <\/div>\n                                                    <\/div>\n                    <\/div>\n                <\/div>\n\n                <div class=\"\"><\/div>\n            <\/div>\n        <\/div>\n\t\t\t\t<\/div>\n\t\t\t\t<\/div>\n\t\t\t\t<div class=\"elementor-element elementor-element-bb1f504 elementor-widget__width-initial animated-slow image-hover-zoom-in elementor-invisible elementor-widget elementor-widget-rkit_image_box\" data-id=\"bb1f504\" data-element_type=\"widget\" data-e-type=\"widget\" data-settings=\"{&quot;_animation&quot;:&quot;fadeInUp&quot;}\" data-widget_type=\"rkit_image_box.default\">\n\t\t\t\t<div class=\"elementor-widget-container\">\n\t\t\t\t\t        <div class=\"rkit-image_box rkit-image_box__def-card\">\n\n            <div class=\"rkit-image_box-card\">\n                <div class=\"rkit-image_box__img\">\n                    <img decoding=\"async\" width=\"1264\" height=\"848\" src=\"https:\/\/tpufabrics.com\/wp-content\/uploads\/2026\/03\/Industrial-TPU-Fabrics.png\" class=\"attachment-full size-full wp-image-865\" alt=\"\" srcset=\"https:\/\/tpufabrics.com\/wp-content\/uploads\/2026\/03\/Industrial-TPU-Fabrics.png 1264w, https:\/\/tpufabrics.com\/wp-content\/uploads\/2026\/03\/Industrial-TPU-Fabrics-600x403.png 600w, https:\/\/tpufabrics.com\/wp-content\/uploads\/2026\/03\/Industrial-TPU-Fabrics-300x201.png 300w, https:\/\/tpufabrics.com\/wp-content\/uploads\/2026\/03\/Industrial-TPU-Fabrics-1024x687.png 1024w, https:\/\/tpufabrics.com\/wp-content\/uploads\/2026\/03\/Industrial-TPU-Fabrics-768x515.png 768w\" sizes=\"(max-width: 1264px) 100vw, 1264px\" \/>                <\/div>\n\n\n\n                <div class=\"rkit-image_box_det def-card\">\n                    <div class=\"rkit-image_box__detail def-detail\">\n\n                        <div class=\"rkit-container-top\">\n                            <div class=\"left\">\n                                                            <\/div>\n\n                            \n                        <\/div>\n                        <h4 class=\"rkit-image_box__title\">End\u00fcstriyel TPU Kuma\u015flar<\/h4>\n                        <div class=\"image-box-item-desc  def-card-desc-ext\">\n                            <span class=\"rkit-image_box__description\">En zorlu end\u00fcstriyel uygulamalar i\u00e7in son derece dayan\u0131kl\u0131 ve diren\u00e7li.<\/span>\n                                                                <div class=\"rkit-readmore-imagebox-div\">\n                                        <a href=\"https:\/\/tpufabrics.com\/tr\/product-category\/endustri%cc%87yel-tpu-kumaslar\/\" class=\"rkit-readmore-imagebox-btn\" type=\"button\">\n                                            <i aria-hidden=\"true\" class=\"rkit-icon-readmore-ib rtmicon rtmicon-circle-arrow-right\"><\/i>                                            EXPLORE MORE                                        <\/a>\n                                    <\/div>\n                                                    <\/div>\n                    <\/div>\n                <\/div>\n\n                <div class=\"\"><\/div>\n            <\/div>\n        <\/div>\n\t\t\t\t<\/div>\n\t\t\t\t<\/div>\n\t\t\t\t<div class=\"elementor-element elementor-element-93d3a00 elementor-widget__width-initial animated-slow image-hover-zoom-in elementor-invisible elementor-widget elementor-widget-rkit_image_box\" data-id=\"93d3a00\" data-element_type=\"widget\" data-e-type=\"widget\" data-settings=\"{&quot;_animation&quot;:&quot;fadeInRight&quot;}\" data-widget_type=\"rkit_image_box.default\">\n\t\t\t\t<div class=\"elementor-widget-container\">\n\t\t\t\t\t        <div class=\"rkit-image_box rkit-image_box__def-card\">\n\n            <div class=\"rkit-image_box-card\">\n                <div class=\"rkit-image_box__img\">\n                    <img decoding=\"async\" width=\"2508\" height=\"1672\" src=\"https:\/\/tpufabrics.com\/wp-content\/uploads\/2026\/03\/Sustainable-TPU-Fabrics.png\" class=\"attachment-full size-full wp-image-867\" alt=\"\" srcset=\"https:\/\/tpufabrics.com\/wp-content\/uploads\/2026\/03\/Sustainable-TPU-Fabrics.png 2508w, https:\/\/tpufabrics.com\/wp-content\/uploads\/2026\/03\/Sustainable-TPU-Fabrics-600x400.png 600w, https:\/\/tpufabrics.com\/wp-content\/uploads\/2026\/03\/Sustainable-TPU-Fabrics-300x200.png 300w, https:\/\/tpufabrics.com\/wp-content\/uploads\/2026\/03\/Sustainable-TPU-Fabrics-1024x683.png 1024w, https:\/\/tpufabrics.com\/wp-content\/uploads\/2026\/03\/Sustainable-TPU-Fabrics-768x512.png 768w, https:\/\/tpufabrics.com\/wp-content\/uploads\/2026\/03\/Sustainable-TPU-Fabrics-1536x1024.png 1536w, https:\/\/tpufabrics.com\/wp-content\/uploads\/2026\/03\/Sustainable-TPU-Fabrics-2048x1365.png 2048w\" sizes=\"(max-width: 2508px) 100vw, 2508px\" \/>                <\/div>\n\n\n\n                <div class=\"rkit-image_box_det def-card\">\n                    <div class=\"rkit-image_box__detail def-detail\">\n\n                        <div class=\"rkit-container-top\">\n                            <div class=\"left\">\n                                                            <\/div>\n\n                            \n                        <\/div>\n                        <h4 class=\"rkit-image_box__title\">S\u00fcrd\u00fcr\u00fclebilir TPU Kuma\u015flar<\/h4>\n                        <div class=\"image-box-item-desc  def-card-desc-ext\">\n                            <span class=\"rkit-image_box__description\">Geri d\u00f6n\u00fc\u015ft\u00fcr\u00fclm\u00fc\u015f ve biyobozunur se\u00e7enekler dahil olmak \u00fczere \u00e7evre dostu \u00e7\u00f6z\u00fcmler.<\/span>\n                                                                <div class=\"rkit-readmore-imagebox-div\">\n                                        <a href=\"https:\/\/tpufabrics.com\/tr\/product-category\/surdurulebi%cc%87li%cc%87r-tpu-kumaslar\/\" class=\"rkit-readmore-imagebox-btn\" type=\"button\">\n                                            <i aria-hidden=\"true\" class=\"rkit-icon-readmore-ib rtmicon rtmicon-circle-arrow-right\"><\/i>                                            EXPLORE MORE                                        <\/a>\n                                    <\/div>\n                                                    <\/div>\n                    <\/div>\n                <\/div>\n\n                <div class=\"\"><\/div>\n            <\/div>\n        <\/div>\n\t\t\t\t<\/div>\n\t\t\t\t<\/div>\n\t\t\t\t<div class=\"elementor-element elementor-element-929daa0 elementor-widget__width-initial animated-slow image-hover-zoom-in elementor-invisible elementor-widget elementor-widget-rkit_image_box\" data-id=\"929daa0\" data-element_type=\"widget\" data-e-type=\"widget\" data-settings=\"{&quot;_animation&quot;:&quot;fadeInRight&quot;}\" data-widget_type=\"rkit_image_box.default\">\n\t\t\t\t<div class=\"elementor-widget-container\">\n\t\t\t\t\t        <div class=\"rkit-image_box rkit-image_box__def-card\">\n\n            <div class=\"rkit-image_box-card\">\n                <div class=\"rkit-image_box__img\">\n                    <img loading=\"lazy\" decoding=\"async\" width=\"2508\" height=\"1672\" src=\"https:\/\/tpufabrics.com\/wp-content\/uploads\/2026\/03\/Medical-TPU-Fabrics.png\" class=\"attachment-full size-full wp-image-866\" alt=\"Hava Ge\u00e7irmez Medikal Hava Sistemleri i\u00e7in TPU vs PVC Kapl\u0131 Kuma\u015f\" srcset=\"https:\/\/tpufabrics.com\/wp-content\/uploads\/2026\/03\/Medical-TPU-Fabrics.png 2508w, https:\/\/tpufabrics.com\/wp-content\/uploads\/2026\/03\/Medical-TPU-Fabrics-600x400.png 600w, https:\/\/tpufabrics.com\/wp-content\/uploads\/2026\/03\/Medical-TPU-Fabrics-300x200.png 300w, https:\/\/tpufabrics.com\/wp-content\/uploads\/2026\/03\/Medical-TPU-Fabrics-1024x683.png 1024w, https:\/\/tpufabrics.com\/wp-content\/uploads\/2026\/03\/Medical-TPU-Fabrics-768x512.png 768w, https:\/\/tpufabrics.com\/wp-content\/uploads\/2026\/03\/Medical-TPU-Fabrics-1536x1024.png 1536w, https:\/\/tpufabrics.com\/wp-content\/uploads\/2026\/03\/Medical-TPU-Fabrics-2048x1365.png 2048w\" sizes=\"(max-width: 2508px) 100vw, 2508px\" \/>                <\/div>\n\n\n\n                <div class=\"rkit-image_box_det def-card\">\n                    <div class=\"rkit-image_box__detail def-detail\">\n\n                        <div class=\"rkit-container-top\">\n                            <div class=\"left\">\n                                                            <\/div>\n\n                            \n                        <\/div>\n                        <h4 class=\"rkit-image_box__title\">T\u0131bbi TPU Kuma\u015flar<\/h4>\n                        <div class=\"image-box-item-desc  def-card-desc-ext\">\n                            <span class=\"rkit-image_box__description\">Geri d\u00f6n\u00fc\u015ft\u00fcr\u00fclm\u00fc\u015f ve biyobozunur se\u00e7enekler dahil olmak \u00fczere \u00e7evre dostu \u00e7\u00f6z\u00fcmler.<\/span>\n                                                                <div class=\"rkit-readmore-imagebox-div\">\n                                        <a href=\"https:\/\/tpufabrics.com\/tr\/product-category\/tibbi%cc%87-tpu-kumaslar\/\" class=\"rkit-readmore-imagebox-btn\" type=\"button\">\n                                            <i aria-hidden=\"true\" class=\"rkit-icon-readmore-ib rtmicon rtmicon-circle-arrow-right\"><\/i>                                            EXPLORE MORE                                        <\/a>\n                                    <\/div>\n                                                    <\/div>\n                    <\/div>\n                <\/div>\n\n                <div class=\"\"><\/div>\n            <\/div>\n        <\/div>\n\t\t\t\t<\/div>\n\t\t\t\t<\/div>\n\t\t\t\t<div class=\"elementor-element elementor-element-0789ae5 elementor-widget__width-initial animated-slow image-hover-zoom-in elementor-invisible elementor-widget elementor-widget-rkit_image_box\" data-id=\"0789ae5\" data-element_type=\"widget\" data-e-type=\"widget\" data-settings=\"{&quot;_animation&quot;:&quot;fadeInLeft&quot;}\" data-widget_type=\"rkit_image_box.default\">\n\t\t\t\t<div class=\"elementor-widget-container\">\n\t\t\t\t\t        <div class=\"rkit-image_box rkit-image_box__def-card\">\n\n            <div class=\"rkit-image_box-card\">\n                <div class=\"rkit-image_box__img\">\n                    <img loading=\"lazy\" decoding=\"async\" width=\"2508\" height=\"1672\" src=\"https:\/\/tpufabrics.com\/wp-content\/uploads\/2026\/03\/TPU-Film-1.png\" class=\"attachment-full size-full wp-image-871\" alt=\"\" srcset=\"https:\/\/tpufabrics.com\/wp-content\/uploads\/2026\/03\/TPU-Film-1.png 2508w, https:\/\/tpufabrics.com\/wp-content\/uploads\/2026\/03\/TPU-Film-1-600x400.png 600w, https:\/\/tpufabrics.com\/wp-content\/uploads\/2026\/03\/TPU-Film-1-300x200.png 300w, https:\/\/tpufabrics.com\/wp-content\/uploads\/2026\/03\/TPU-Film-1-1024x683.png 1024w, https:\/\/tpufabrics.com\/wp-content\/uploads\/2026\/03\/TPU-Film-1-768x512.png 768w, https:\/\/tpufabrics.com\/wp-content\/uploads\/2026\/03\/TPU-Film-1-1536x1024.png 1536w, https:\/\/tpufabrics.com\/wp-content\/uploads\/2026\/03\/TPU-Film-1-2048x1365.png 2048w\" sizes=\"(max-width: 2508px) 100vw, 2508px\" \/>                <\/div>\n\n\n\n                <div class=\"rkit-image_box_det def-card\">\n                    <div class=\"rkit-image_box__detail def-detail\">\n\n                        <div class=\"rkit-container-top\">\n                            <div class=\"left\">\n                                                            <\/div>\n\n                            \n                        <\/div>\n                        <h4 class=\"rkit-image_box__title\">TPU Film<\/h4>\n                        <div class=\"image-box-item-desc  def-card-desc-ext\">\n                            <span class=\"rkit-image_box__description\">Optik, koruyucu ve t\u0131bbi uygulamalar i\u00e7in y\u00fcksek performansl\u0131 filmler.<\/span>\n                                                                <div class=\"rkit-readmore-imagebox-div\">\n                                        <a href=\"https:\/\/tpufabrics.com\/tr\/product-category\/tpu-film\/\" class=\"rkit-readmore-imagebox-btn\" type=\"button\">\n                                            <i aria-hidden=\"true\" class=\"rkit-icon-readmore-ib rtmicon rtmicon-circle-arrow-right\"><\/i>                                            EXPLORE MORE                                        <\/a>\n                                    <\/div>\n                                                    <\/div>\n                    <\/div>\n                <\/div>\n\n                <div class=\"\"><\/div>\n            <\/div>\n        <\/div>\n\t\t\t\t<\/div>\n\t\t\t\t<\/div>\n\t\t\t\t<\/div>\n\t\t\t\t\t<\/div>\n\t\t\t\t<\/div>\n\t\t<div class=\"elementor-element elementor-element-cfdb309 e-flex e-con-boxed e-con e-parent\" data-id=\"cfdb309\" data-element_type=\"container\" data-e-type=\"container\" data-settings=\"{&quot;background_background&quot;:&quot;classic&quot;}\">\n\t\t\t\t\t<div class=\"e-con-inner\">\n\t\t\t\t<div class=\"elementor-element elementor-element-aae9452 elementor-widget elementor-widget-heading\" data-id=\"aae9452\" data-element_type=\"widget\" data-e-type=\"widget\" data-widget_type=\"heading.default\">\n\t\t\t\t\t<h3 class=\"elementor-heading-title elementor-size-default\">Projeniz i\u00e7in Uygun Malzemeyi Bizimle \u0130leti\u015fime Ge\u00e7erek Belirleyin<\/h3>\t\t\t\t<\/div>\n\t\t\t\t<div class=\"elementor-element elementor-element-51c33e6 elementor-widget__width-initial elementor-widget elementor-widget-text-editor\" data-id=\"51c33e6\" data-element_type=\"widget\" data-e-type=\"widget\" data-widget_type=\"text-editor.default\">\n\t\t\t\t\t\t\t\t\t<p>Bize vizyonunuzu anlat\u0131n, biz de projenizin ba\u015far\u0131s\u0131n\u0131 ve dayan\u0131kl\u0131l\u0131\u011f\u0131n\u0131 garanti edecek m\u00fckemmel TPU veya PVC \u00e7\u00f6z\u00fcm\u00fcn\u00fc m\u00fchendislikle \u00fcretece\u011fiz<\/p>\t\t\t\t\t\t\t\t<\/div>\n\t\t\t\t<div class=\"elementor-element elementor-element-9aa026c elementor-align-center elementor-widget elementor-widget-button\" data-id=\"9aa026c\" data-element_type=\"widget\" data-e-type=\"widget\" data-widget_type=\"button.default\">\n\t\t\t\t\t\t\t\t\t\t<a class=\"elementor-button elementor-button-link elementor-size-sm\" href=\"https:\/\/tpufabrics.com\/tr\/bize-ulasin\/\">\n\t\t\t\t\t\t<span class=\"elementor-button-content-wrapper\">\n\t\t\t\t\t\t\t\t\t<span class=\"elementor-button-text\">B\u0130ZE ULA\u015eIN<\/span>\n\t\t\t\t\t<\/span>\n\t\t\t\t\t<\/a>\n\t\t\t\t\t\t\t\t<\/div>\n\t\t\t\t\t<\/div>\n\t\t\t\t<\/div>\n\t\t\t\t<\/div>","protected":false},"excerpt":{"rendered":"<p>OUR PRODUCT Our Product Portfolio \u00a0Engineered TPU Solutions for Every Industry. Airtight TPU Fabrics For superior air and liquid retention in inflatables and containment systems. EXPLORE MORE Industrial TPU Fabrics Extreme durability and resistance for the most demanding industrial applications. EXPLORE MORE Sustainable TPU Fabrics Eco-conscious solutions including recycled and biodegradable options. EXPLORE MORE Medical [&hellip;]<\/p>","protected":false},"author":1,"featured_media":0,"parent":0,"menu_order":0,"comment_status":"closed","ping_status":"closed","template":"","meta":{"_acf_changed":false,"footnotes":""},"class_list":["post-853","page","type-page","status-publish","hentry"],"acf":[],"_hostinger_reach_plugin_has_subscription_block":false,"_hostinger_reach_plugin_is_elementor":false,"_links":{"self":[{"href":"https:\/\/tpufabrics.com\/tr\/wp-json\/wp\/v2\/pages\/853","targetHints":{"allow":["GET"]}}],"collection":[{"href":"https:\/\/tpufabrics.com\/tr\/wp-json\/wp\/v2\/pages"}],"about":[{"href":"https:\/\/tpufabrics.com\/tr\/wp-json\/wp\/v2\/types\/page"}],"author":[{"embeddable":true,"href":"https:\/\/tpufabrics.com\/tr\/wp-json\/wp\/v2\/users\/1"}],"replies":[{"embeddable":true,"href":"https:\/\/tpufabrics.com\/tr\/wp-json\/wp\/v2\/comments?post=853"}],"version-history":[{"count":34,"href":"https:\/\/tpufabrics.com\/tr\/wp-json\/wp\/v2\/pages\/853\/revisions"}],"predecessor-version":[{"id":1850,"href":"https:\/\/tpufabrics.com\/tr\/wp-json\/wp\/v2\/pages\/853\/revisions\/1850"}],"wp:attachment":[{"href":"https:\/\/tpufabrics.com\/tr\/wp-json\/wp\/v2\/media?parent=853"}],"curies":[{"name":"wp","href":"https:\/\/api.w.org\/{rel}","templated":true}]}}