{"id":776,"date":"2026-02-09T07:21:05","date_gmt":"2026-02-09T07:21:05","guid":{"rendered":"https:\/\/tpufabrics.com\/?page_id=776"},"modified":"2026-03-20T02:06:19","modified_gmt":"2026-03-20T02:06:19","slug":"asagi","status":"publish","type":"page","link":"https:\/\/tpufabrics.com\/tr\/asagi\/","title":{"rendered":"A\u015fa\u011f\u0131"},"content":{"rendered":"<div data-elementor-type=\"wp-page\" data-elementor-id=\"776\" class=\"elementor elementor-776\" data-elementor-post-type=\"page\">\n\t\t\t\t<div class=\"elementor-element elementor-element-47a1cd2 e-flex e-con-boxed e-con e-parent\" data-id=\"47a1cd2\" data-element_type=\"container\" data-e-type=\"container\" data-settings=\"{&quot;background_background&quot;:&quot;classic&quot;}\">\n\t\t\t\t\t<div class=\"e-con-inner\">\n\t\t\t\t<div class=\"elementor-element elementor-element-69560f2 elementor-widget elementor-widget-heading\" data-id=\"69560f2\" data-element_type=\"widget\" data-e-type=\"widget\" data-widget_type=\"heading.default\">\n\t\t\t\t\t<h1 class=\"elementor-heading-title elementor-size-default\">\u0130ndir<\/h1>\t\t\t\t<\/div>\n\t\t\t\t<div class=\"elementor-element elementor-element-9935ecf elementor-widget elementor-widget-text-editor\" data-id=\"9935ecf\" data-element_type=\"widget\" data-e-type=\"widget\" data-widget_type=\"text-editor.default\">\n\t\t\t\t\t\t\t\t\t<p><a href=\"#\">Ana Sayfa<\/a> \/ \u0130ndir<\/p>\t\t\t\t\t\t\t\t<\/div>\n\t\t\t\t\t<\/div>\n\t\t\t\t<\/div>\n\t\t<div class=\"elementor-element elementor-element-1ad4826 e-con-full e-flex e-con e-parent\" data-id=\"1ad4826\" data-element_type=\"container\" data-e-type=\"container\">\n\t\t<div class=\"elementor-element elementor-element-6acdde1 e-con-full e-flex e-con e-child\" data-id=\"6acdde1\" data-element_type=\"container\" data-e-type=\"container\">\n\t\t<div class=\"elementor-element elementor-element-0608237 e-con-full e-flex e-con e-child\" data-id=\"0608237\" data-element_type=\"container\" data-e-type=\"container\">\n\t\t\t\t<div class=\"elementor-element elementor-element-8ea589e elementor-position-top elementor-widget elementor-widget-image-box\" data-id=\"8ea589e\" data-element_type=\"widget\" data-e-type=\"widget\" data-widget_type=\"image-box.default\">\n\t\t\t\t\t<div class=\"elementor-image-box-wrapper\"><figure class=\"elementor-image-box-img\"><img fetchpriority=\"high\" decoding=\"async\" width=\"1376\" height=\"768\" src=\"https:\/\/tpufabrics.com\/wp-content\/uploads\/2026\/02\/Certification\u914d\u56fe.png\" class=\"attachment-full size-full wp-image-781\" alt=\"\" srcset=\"https:\/\/tpufabrics.com\/wp-content\/uploads\/2026\/02\/Certification\u914d\u56fe.png 1376w, https:\/\/tpufabrics.com\/wp-content\/uploads\/2026\/02\/Certification\u914d\u56fe-600x335.png 600w, https:\/\/tpufabrics.com\/wp-content\/uploads\/2026\/02\/Certification\u914d\u56fe-300x167.png 300w, https:\/\/tpufabrics.com\/wp-content\/uploads\/2026\/02\/Certification\u914d\u56fe-1024x572.png 1024w, https:\/\/tpufabrics.com\/wp-content\/uploads\/2026\/02\/Certification\u914d\u56fe-768x429.png 768w\" sizes=\"(max-width: 1376px) 100vw, 1376px\" \/><\/figure><\/div>\t\t\t\t<\/div>\n\t\t\t\t<\/div>\n\t\t<div class=\"elementor-element elementor-element-9d253ef e-con-full e-flex e-con e-child\" data-id=\"9d253ef\" data-element_type=\"container\" data-e-type=\"container\">\n\t\t<div class=\"elementor-element elementor-element-ecf41a7 e-con-full e-flex e-con e-child\" data-id=\"ecf41a7\" data-element_type=\"container\" data-e-type=\"container\">\n\t\t\t\t<div class=\"elementor-element elementor-element-42e9666 elementor-widget__width-initial elementor-widget elementor-widget-heading\" data-id=\"42e9666\" data-element_type=\"widget\" data-e-type=\"widget\" data-widget_type=\"heading.default\">\n\t\t\t\t\t<h2 class=\"elementor-heading-title elementor-size-default\">ISO9001<\/h2>\t\t\t\t<\/div>\n\t\t\t\t<div class=\"elementor-element elementor-element-16216b1 elementor-widget elementor-widget-html\" data-id=\"16216b1\" data-element_type=\"widget\" data-e-type=\"widget\" data-widget_type=\"html.default\">\n\t\t\t\t\t<div style=\"text-align:center;\">\r\n  <a href=\"https:\/\/tpufabrics.com\/wp-content\/uploads\/2026\/02\/ISO9001.pdf\"\r\n     download=\"ISO9001.pdf\"\r\n     style=\"       display:inline-block;       padding:14px 20px;       background:#a6587c;       color:#fff;       font-size:20px;       font-weight:600;       text-decoration:none;       border-radius:6px;       letter-spacing:0.5px;     \">\r\n    \u0130ndir\r\n  <\/a>\r\n<\/div>\r\n\t\t\t\t<\/div>\n\t\t\t\t<\/div>\n\t\t<div class=\"elementor-element elementor-element-1f5bdaa e-con-full e-flex e-con e-child\" data-id=\"1f5bdaa\" data-element_type=\"container\" data-e-type=\"container\">\n\t\t\t\t<div class=\"elementor-element elementor-element-6fa0809 elementor-widget__width-initial elementor-widget elementor-widget-heading\" data-id=\"6fa0809\" data-element_type=\"widget\" data-e-type=\"widget\" data-widget_type=\"heading.default\">\n\t\t\t\t\t<h2 class=\"elementor-heading-title elementor-size-default\">ISO14001<\/h2>\t\t\t\t<\/div>\n\t\t\t\t<div class=\"elementor-element elementor-element-4b02ef6 elementor-widget elementor-widget-html\" data-id=\"4b02ef6\" data-element_type=\"widget\" data-e-type=\"widget\" data-widget_type=\"html.default\">\n\t\t\t\t\t<div style=\"text-align:center;\">\r\n  <a href=\"https:\/\/tpufabrics.com\/wp-content\/uploads\/2026\/02\/ISO14001.pdf\"\r\n     download=\"ISO14001.pdf\"\r\n     style=\"       display:inline-block;       padding:14px 20px;       background:#a6587c;       color:#fff;       font-size:20px;       font-weight:600;       text-decoration:none;       border-radius:6px;       letter-spacing:0.5px;     \">\r\n    \u0130ndir\r\n  <\/a>\r\n<\/div>\r\n\t\t\t\t<\/div>\n\t\t\t\t<\/div>\n\t\t<div class=\"elementor-element elementor-element-c318a07 e-con-full e-flex e-con e-child\" data-id=\"c318a07\" data-element_type=\"container\" data-e-type=\"container\">\n\t\t\t\t<div class=\"elementor-element elementor-element-9da0e7f elementor-widget__width-initial elementor-widget elementor-widget-heading\" data-id=\"9da0e7f\" data-element_type=\"widget\" data-e-type=\"widget\" data-widget_type=\"heading.default\">\n\t\t\t\t\t<h2 class=\"elementor-heading-title elementor-size-default\">ISO45001<\/h2>\t\t\t\t<\/div>\n\t\t\t\t<div class=\"elementor-element elementor-element-7be65cd elementor-widget elementor-widget-html\" data-id=\"7be65cd\" data-element_type=\"widget\" data-e-type=\"widget\" data-widget_type=\"html.default\">\n\t\t\t\t\t<div style=\"text-align:center;\">\r\n  <a href=\"https:\/\/tpufabrics.com\/wp-content\/uploads\/2026\/02\/ISO45001.pdff\"\r\n     download=\"ISO45001.pdf\"\r\n     style=\"       display:inline-block;       padding:14px 20px;       background:#a6587c;       color:#fff;       font-size:20px;       font-weight:600;       text-decoration:none;       border-radius:6px;       letter-spacing:0.5px;     \">\r\n    \u0130ndir\r\n  <\/a>\r\n<\/div>\r\n\t\t\t\t<\/div>\n\t\t\t\t<\/div>\n\t\t\t\t<\/div>\n\t\t\t\t<\/div>\n\t\t<div class=\"elementor-element elementor-element-e257c63 e-con-full e-flex e-con e-child\" data-id=\"e257c63\" data-element_type=\"container\" data-e-type=\"container\">\n\t\t<div class=\"elementor-element elementor-element-4a3bd0f e-con-full e-flex e-con e-child\" data-id=\"4a3bd0f\" data-element_type=\"container\" data-e-type=\"container\">\n\t\t\t\t<div class=\"elementor-element elementor-element-0d0c615 elementor-position-top elementor-widget elementor-widget-image-box\" data-id=\"0d0c615\" data-element_type=\"widget\" data-e-type=\"widget\" data-widget_type=\"image-box.default\">\n\t\t\t\t\t<div class=\"elementor-image-box-wrapper\"><figure class=\"elementor-image-box-img\"><img decoding=\"async\" width=\"1376\" height=\"768\" src=\"https:\/\/tpufabrics.com\/wp-content\/uploads\/2026\/02\/Technical-Dataheet\u914d\u56fe.png\" class=\"attachment-full size-full wp-image-782\" alt=\"\" srcset=\"https:\/\/tpufabrics.com\/wp-content\/uploads\/2026\/02\/Technical-Dataheet\u914d\u56fe.png 1376w, https:\/\/tpufabrics.com\/wp-content\/uploads\/2026\/02\/Technical-Dataheet\u914d\u56fe-600x335.png 600w, https:\/\/tpufabrics.com\/wp-content\/uploads\/2026\/02\/Technical-Dataheet\u914d\u56fe-300x167.png 300w, https:\/\/tpufabrics.com\/wp-content\/uploads\/2026\/02\/Technical-Dataheet\u914d\u56fe-1024x572.png 1024w, https:\/\/tpufabrics.com\/wp-content\/uploads\/2026\/02\/Technical-Dataheet\u914d\u56fe-768x429.png 768w\" sizes=\"(max-width: 1376px) 100vw, 1376px\" \/><\/figure><\/div>\t\t\t\t<\/div>\n\t\t\t\t<\/div>\n\t\t<div class=\"elementor-element elementor-element-f3cc675 e-con-full e-flex e-con e-child\" data-id=\"f3cc675\" data-element_type=\"container\" data-e-type=\"container\">\n\t\t<div class=\"elementor-element elementor-element-dcb9ee6 e-con-full e-flex e-con e-child\" data-id=\"dcb9ee6\" data-element_type=\"container\" data-e-type=\"container\">\n\t\t\t\t<div class=\"elementor-element elementor-element-7d5c04c elementor-widget__width-initial elementor-widget elementor-widget-heading\" data-id=\"7d5c04c\" data-element_type=\"widget\" data-e-type=\"widget\" data-widget_type=\"heading.default\">\n\t\t\t\t\t<h2 class=\"elementor-heading-title elementor-size-default\">XL TPU Kaplamal\u0131 70D Naylon<\/h2>\t\t\t\t<\/div>\n\t\t\t\t<div class=\"elementor-element elementor-element-0f15232 elementor-widget elementor-widget-html\" data-id=\"0f15232\" data-element_type=\"widget\" data-e-type=\"widget\" data-widget_type=\"html.default\">\n\t\t\t\t\t<div style=\"text-align:center;\">\r\n  <a href=\"https:\/\/tpufabrics.com\/wp-content\/uploads\/2026\/03\/TDS-XL-TPU-Coated-Nylon70D.pdf\"\r\n     download=\"TDS-XL-TPU-Coated-Nylon70D.pdf\"\r\n     style=\"       display:inline-block;       padding:14px 20px;       background:#a6587c;       color:#fff;       font-size:20px;       font-weight:600;       text-decoration:none;       border-radius:6px;       letter-spacing:0.5px;     \">\r\n    \u0130ndir\r\n  <\/a>\r\n<\/div>\t\t\t\t<\/div>\n\t\t\t\t<\/div>\n\t\t<div class=\"elementor-element elementor-element-58a15e3 e-con-full e-flex e-con e-child\" data-id=\"58a15e3\" data-element_type=\"container\" data-e-type=\"container\">\n\t\t\t\t<div class=\"elementor-element elementor-element-954ef66 elementor-widget__width-initial elementor-widget elementor-widget-heading\" data-id=\"954ef66\" data-element_type=\"widget\" data-e-type=\"widget\" data-widget_type=\"heading.default\">\n\t\t\t\t\t<h2 class=\"elementor-heading-title elementor-size-default\">XL TPU Kaplamal\u0131 210D Naylon<\/h2>\t\t\t\t<\/div>\n\t\t\t\t<div class=\"elementor-element elementor-element-7273d96 elementor-widget elementor-widget-html\" data-id=\"7273d96\" data-element_type=\"widget\" data-e-type=\"widget\" data-widget_type=\"html.default\">\n\t\t\t\t\t<div style=\"text-align:center;\">\r\n  <a href=\"https:\/\/tpufabrics.com\/wp-content\/uploads\/2026\/03\/TDS-XL-TPU-Coated-Nylon-210D.pdf\"\r\n     download=\"TDS-XL-TPU-Coated-Nylon-210D.pdf\"\r\n     style=\"       display:inline-block;       padding:14px 20px;       background:#a6587c;       color:#fff;       font-size:20px;       font-weight:600;       text-decoration:none;       border-radius:6px;       letter-spacing:0.5px;     \">\r\n    \u0130ndir\r\n  <\/a>\r\n<\/div>\t\t\t\t<\/div>\n\t\t\t\t<\/div>\n\t\t<div class=\"elementor-element elementor-element-812f028 e-con-full e-flex e-con e-child\" data-id=\"812f028\" data-element_type=\"container\" data-e-type=\"container\">\n\t\t\t\t<div class=\"elementor-element elementor-element-38a5d25 elementor-widget__width-initial elementor-widget elementor-widget-heading\" data-id=\"38a5d25\" data-element_type=\"widget\" data-e-type=\"widget\" data-widget_type=\"heading.default\">\n\t\t\t\t\t<h2 class=\"elementor-heading-title elementor-size-default\">XL TPU Kaplamal\u0131 420D Naylon<\/h2>\t\t\t\t<\/div>\n\t\t\t\t<div class=\"elementor-element elementor-element-9e01101 elementor-widget elementor-widget-html\" data-id=\"9e01101\" data-element_type=\"widget\" data-e-type=\"widget\" data-widget_type=\"html.default\">\n\t\t\t\t\t<div style=\"text-align:center;\">\r\n  <a href=\"https:\/\/tpufabrics.com\/wp-content\/uploads\/2026\/03\/TDS-XL-TPU-Coated-Nylon-420D.pdf\"\r\n     download=\"TDS-XL-TPU-Coated-Nylon42D.pdf\"\r\n     style=\"       display:inline-block;       padding:14px 20px;       background:#a6587c;       color:#fff;       font-size:20px;       font-weight:600;       text-decoration:none;       border-radius:6px;       letter-spacing:0.5px;     \">\r\n    \u0130ndir\r\n  <\/a>\r\n<\/div>\t\t\t\t<\/div>\n\t\t\t\t<\/div>\n\t\t\t\t<\/div>\n\t\t\t\t<\/div>\n\t\t\t\t<\/div>\n\t\t<div class=\"elementor-element elementor-element-2e9f0fc e-flex e-con-boxed e-con e-parent\" data-id=\"2e9f0fc\" data-element_type=\"container\" data-e-type=\"container\">\n\t\t\t\t\t<div class=\"e-con-inner\">\n\t\t\t\t<div class=\"elementor-element elementor-element-5bc5042 elementor-widget elementor-widget-heading\" data-id=\"5bc5042\" data-element_type=\"widget\" data-e-type=\"widget\" data-widget_type=\"heading.default\">\n\t\t\t\t\t<h4 class=\"elementor-heading-title elementor-size-default\">Daha fazla veri sayfas\u0131 m\u0131 ar\u0131yorsunuz? Bug\u00fcn ileti\u015fime ge\u00e7in!<\/h4>\t\t\t\t<\/div>\n\t\t\t\t\t<\/div>\n\t\t\t\t<\/div>\n\t\t<div class=\"elementor-element elementor-element-06f8db9 e-flex e-con-boxed e-con e-parent\" data-id=\"06f8db9\" data-element_type=\"container\" data-e-type=\"container\" data-settings=\"{&quot;background_background&quot;:&quot;classic&quot;}\">\n\t\t\t\t\t<div class=\"e-con-inner\">\n\t\t\t\t<div class=\"elementor-element elementor-element-08d0b3a elementor-widget elementor-widget-heading\" data-id=\"08d0b3a\" data-element_type=\"widget\" data-e-type=\"widget\" data-widget_type=\"heading.default\">\n\t\t\t\t\t<h3 class=\"elementor-heading-title elementor-size-default\">Projeniz i\u00e7in Uygun Malzemeyi Bizimle \u0130leti\u015fime Ge\u00e7erek Belirleyin<\/h3>\t\t\t\t<\/div>\n\t\t\t\t<div class=\"elementor-element elementor-element-9de26ec elementor-widget__width-initial elementor-widget elementor-widget-text-editor\" data-id=\"9de26ec\" data-element_type=\"widget\" data-e-type=\"widget\" data-widget_type=\"text-editor.default\">\n\t\t\t\t\t\t\t\t\t<p>Bize vizyonunuzu anlat\u0131n, biz de projenizin ba\u015far\u0131s\u0131n\u0131 ve dayan\u0131kl\u0131l\u0131\u011f\u0131n\u0131 garanti edecek m\u00fckemmel TPU veya PVC \u00e7\u00f6z\u00fcm\u00fcn\u00fc m\u00fchendislikle \u00fcretece\u011fiz<\/p>\t\t\t\t\t\t\t\t<\/div>\n\t\t\t\t<div class=\"elementor-element elementor-element-5675aa7 elementor-align-center elementor-widget elementor-widget-button\" data-id=\"5675aa7\" data-element_type=\"widget\" data-e-type=\"widget\" data-widget_type=\"button.default\">\n\t\t\t\t\t\t\t\t\t\t<a class=\"elementor-button elementor-button-link elementor-size-sm\" href=\"#\">\n\t\t\t\t\t\t<span class=\"elementor-button-content-wrapper\">\n\t\t\t\t\t\t\t\t\t<span class=\"elementor-button-text\">B\u0130ZE ULA\u015eIN<\/span>\n\t\t\t\t\t<\/span>\n\t\t\t\t\t<\/a>\n\t\t\t\t\t\t\t\t<\/div>\n\t\t\t\t\t<\/div>\n\t\t\t\t<\/div>\n\t\t\t\t<\/div>","protected":false},"excerpt":{"rendered":"<p>Download Home \/ Download ISO9001 Download ISO14001 Download ISO45001 Download XL TPU Coated 70D Nylon Download XL TPU Coated 210D Nylon Download XL TPU Coated 420D Nylon Download Looking for more datasheets? Get in touch today! Consult With Us The Suitable Material for Your Project Tell us your vision, and we will engineer the perfect [&hellip;]<\/p>","protected":false},"author":1,"featured_media":0,"parent":0,"menu_order":0,"comment_status":"closed","ping_status":"closed","template":"","meta":{"_acf_changed":false,"footnotes":""},"class_list":["post-776","page","type-page","status-publish","hentry"],"acf":[],"_hostinger_reach_plugin_has_subscription_block":false,"_hostinger_reach_plugin_is_elementor":false,"_links":{"self":[{"href":"https:\/\/tpufabrics.com\/tr\/wp-json\/wp\/v2\/pages\/776","targetHints":{"allow":["GET"]}}],"collection":[{"href":"https:\/\/tpufabrics.com\/tr\/wp-json\/wp\/v2\/pages"}],"about":[{"href":"https:\/\/tpufabrics.com\/tr\/wp-json\/wp\/v2\/types\/page"}],"author":[{"embeddable":true,"href":"https:\/\/tpufabrics.com\/tr\/wp-json\/wp\/v2\/users\/1"}],"replies":[{"embeddable":true,"href":"https:\/\/tpufabrics.com\/tr\/wp-json\/wp\/v2\/comments?post=776"}],"version-history":[{"count":104,"href":"https:\/\/tpufabrics.com\/tr\/wp-json\/wp\/v2\/pages\/776\/revisions"}],"predecessor-version":[{"id":1947,"href":"https:\/\/tpufabrics.com\/tr\/wp-json\/wp\/v2\/pages\/776\/revisions\/1947"}],"wp:attachment":[{"href":"https:\/\/tpufabrics.com\/tr\/wp-json\/wp\/v2\/media?parent=776"}],"curies":[{"name":"wp","href":"https:\/\/api.w.org\/{rel}","templated":true}]}}