{"id":109,"date":"2026-01-19T02:43:47","date_gmt":"2026-01-19T02:43:47","guid":{"rendered":"https:\/\/tpufabrics.com\/?page_id=109"},"modified":"2026-03-10T07:22:49","modified_gmt":"2026-03-10T07:22:49","slug":"sss","status":"publish","type":"page","link":"https:\/\/tpufabrics.com\/tr\/sss\/","title":{"rendered":"SSS"},"content":{"rendered":"<div data-elementor-type=\"wp-page\" data-elementor-id=\"109\" class=\"elementor elementor-109\" data-elementor-post-type=\"page\">\n\t\t\t\t<div class=\"elementor-element elementor-element-6293155c e-flex e-con-boxed e-con e-parent\" data-id=\"6293155c\" data-element_type=\"container\" data-e-type=\"container\" data-settings=\"{&quot;background_background&quot;:&quot;classic&quot;}\">\n\t\t\t\t\t<div class=\"e-con-inner\">\n\t\t\t\t<div class=\"elementor-element elementor-element-2874174f elementor-widget elementor-widget-heading\" data-id=\"2874174f\" data-element_type=\"widget\" data-e-type=\"widget\" data-widget_type=\"heading.default\">\n\t\t\t\t\t<h1 class=\"elementor-heading-title elementor-size-default\">S\u0131k\u00e7a Sorulan Sorular<\/h1>\t\t\t\t<\/div>\n\t\t\t\t<div class=\"elementor-element elementor-element-4a8b617e elementor-widget elementor-widget-text-editor\" data-id=\"4a8b617e\" data-element_type=\"widget\" data-e-type=\"widget\" data-widget_type=\"text-editor.default\">\n\t\t\t\t\t\t\t\t\t<p><a href=\"#\">Ana Sayfa<\/a> \/ SSS<\/p>\t\t\t\t\t\t\t\t<\/div>\n\t\t\t\t\t<\/div>\n\t\t\t\t<\/div>\n\t\t<div class=\"elementor-element elementor-element-3f7a8abc e-flex e-con-boxed e-con e-parent\" data-id=\"3f7a8abc\" data-element_type=\"container\" data-e-type=\"container\">\n\t\t\t\t\t<div class=\"e-con-inner\">\n\t\t<div class=\"elementor-element elementor-element-73770fbd e-con-full e-flex e-con e-child\" data-id=\"73770fbd\" data-element_type=\"container\" data-e-type=\"container\">\n\t\t<div class=\"elementor-element elementor-element-6db07b89 e-con-full e-flex e-con e-child\" data-id=\"6db07b89\" data-element_type=\"container\" data-e-type=\"container\">\n\t\t\t\t<div class=\"elementor-element elementor-element-7bcd82e8 elementor-widget elementor-widget-heading\" data-id=\"7bcd82e8\" data-element_type=\"widget\" data-e-type=\"widget\" data-widget_type=\"heading.default\">\n\t\t\t\t\t<div class=\"elementor-heading-title elementor-size-default\">SSS<\/div>\t\t\t\t<\/div>\n\t\t<div class=\"elementor-element elementor-element-29e65b65 e-con-full e-flex e-con e-child\" data-id=\"29e65b65\" data-element_type=\"container\" data-e-type=\"container\">\n\t\t\t\t<div class=\"elementor-element elementor-element-7f51b5ef animated-slow elementor-invisible elementor-widget elementor-widget-heading\" data-id=\"7f51b5ef\" data-element_type=\"widget\" data-e-type=\"widget\" data-settings=\"{&quot;_animation&quot;:&quot;fadeInUp&quot;}\" data-widget_type=\"heading.default\">\n\t\t\t\t\t<h2 class=\"elementor-heading-title elementor-size-default\">En Sevdi\u011fim Soru<\/h2>\t\t\t\t<\/div>\n\t\t\t\t<\/div>\n\t\t\t\t<\/div>\n\t\t<div class=\"elementor-element elementor-element-792b8550 e-con-full e-flex e-con e-child\" data-id=\"792b8550\" data-element_type=\"container\" data-e-type=\"container\">\n\t\t\t\t<\/div>\n\t\t\t\t<\/div>\n\t\t<div class=\"elementor-element elementor-element-347e4ef2 e-con-full e-flex e-con e-child\" data-id=\"347e4ef2\" data-element_type=\"container\" data-e-type=\"container\">\n\t\t\t\t<div class=\"elementor-element elementor-element-2df5d86 animated-slow elementor-invisible elementor-widget elementor-widget-n-accordion\" data-id=\"2df5d86\" data-element_type=\"widget\" data-e-type=\"widget\" data-settings=\"{&quot;_animation&quot;:&quot;fadeInLeft&quot;,&quot;default_state&quot;:&quot;expanded&quot;,&quot;max_items_expended&quot;:&quot;one&quot;,&quot;n_accordion_animation_duration&quot;:{&quot;unit&quot;:&quot;ms&quot;,&quot;size&quot;:400,&quot;sizes&quot;:[]}}\" data-widget_type=\"nested-accordion.default\">\n\t\t\t\t\t\t\t<div class=\"e-n-accordion\" aria-label=\"Akordeon. Linkleri Enter veya Space ile a\u00e7\u0131n, Escape ile kapat\u0131n ve Y\u00f6n Tu\u015flar\u0131yla gezinin\">\n\t\t\t\t\t\t<details id=\"e-n-accordion-item-4810\" class=\"e-n-accordion-item\" open>\n\t\t\t\t<summary class=\"e-n-accordion-item-title\" data-accordion-index=\"1\" tabindex=\"0\" aria-expanded=\"true\" aria-controls=\"e-n-accordion-item-4810\" >\n\t\t\t\t\t<span class='e-n-accordion-item-title-header'><div class=\"e-n-accordion-item-title-text\">  Taban kuma\u015f\u0131 ve kaplama kal\u0131nl\u0131\u011f\u0131n\u0131 belirli ihtiya\u00e7lar\u0131m\u0131za g\u00f6re \u00f6zelle\u015ftirebilir misiniz? <\/div><\/span>\n\t\t\t\t\t\t\t<span class='e-n-accordion-item-title-icon'>\n\t\t\t<span class='e-opened' ><i aria-hidden=\"true\" class=\"rtmicon rtmicon-circle-arrow-up\"><\/i><\/span>\n\t\t\t<span class='e-closed'><i aria-hidden=\"true\" class=\"rtmicon rtmicon-circle-arrow-down\"><\/i><\/span>\n\t\t<\/span>\n\n\t\t\t\t\t\t<\/summary>\n\t\t\t\t<div role=\"region\" aria-labelledby=\"e-n-accordion-item-4810\" class=\"elementor-element elementor-element-421b542b e-con-full e-flex e-con e-child\" data-id=\"421b542b\" data-element_type=\"container\" data-e-type=\"container\">\n\t\t\t\t<div class=\"elementor-element elementor-element-d9ccfc2 elementor-widget elementor-widget-text-editor\" data-id=\"d9ccfc2\" data-element_type=\"widget\" data-e-type=\"widget\" data-widget_type=\"text-editor.default\">\n\t\t\t\t\t\t\t\t\t<p>Kesinlikle. Do\u011frudan \u00fcretici olarak tam \u00f6zelle\u015ftirme imk\u00e2n\u0131 sunuyoruz. Y\u00fcksek dayan\u0131ml\u0131 naylon, polyester veya geri d\u00f6n\u00fc\u015ft\u00fcr\u00fclm\u00fc\u015f substratlardan se\u00e7im yapabilirsiniz; ayr\u0131ca TPU\/PVC film kal\u0131nl\u0131\u011f\u0131n\u0131, toplam a\u011f\u0131rl\u0131\u011f\u0131 (GSM) ve rengi (Pantone) projenizin teknik gereksinimlerine uygun \u015fekilde ayarlayabiliriz.<\/p>\t\t\t\t\t\t\t\t<\/div>\n\t\t\t\t<\/div>\n\t\t\t\t\t<\/details>\n\t\t\t\t\t\t<details id=\"e-n-accordion-item-4811\" class=\"e-n-accordion-item\" >\n\t\t\t\t<summary class=\"e-n-accordion-item-title\" data-accordion-index=\"2\" tabindex=\"-1\" aria-expanded=\"false\" aria-controls=\"e-n-accordion-item-4811\" >\n\t\t\t\t\t<span class='e-n-accordion-item-title-header'><div class=\"e-n-accordion-item-title-text\"> Malzemeleriniz uluslararas\u0131 \u00e7evre ve g\u00fcvenlik standartlar\u0131na uygun mu? <\/div><\/span>\n\t\t\t\t\t\t\t<span class='e-n-accordion-item-title-icon'>\n\t\t\t<span class='e-opened' ><i aria-hidden=\"true\" class=\"rtmicon rtmicon-circle-arrow-up\"><\/i><\/span>\n\t\t\t<span class='e-closed'><i aria-hidden=\"true\" class=\"rtmicon rtmicon-circle-arrow-down\"><\/i><\/span>\n\t\t<\/span>\n\n\t\t\t\t\t\t<\/summary>\n\t\t\t\t<div role=\"region\" aria-labelledby=\"e-n-accordion-item-4811\" class=\"elementor-element elementor-element-2d26b126 e-con-full e-flex e-con e-child\" data-id=\"2d26b126\" data-element_type=\"container\" data-e-type=\"container\">\n\t\t\t\t<div class=\"elementor-element elementor-element-4302c7d1 elementor-widget elementor-widget-text-editor\" data-id=\"4302c7d1\" data-element_type=\"widget\" data-e-type=\"widget\" data-widget_type=\"text-editor.default\">\n\t\t\t\t\t\t\t\t\t<p>\u00a0Evet. Fabrikam\u0131z ISO 9001, ISO 14001 ve ISO 45001 sertifikal\u0131d\u0131r. \u00dcr\u00fcnlerimiz REACH, RoHS ve GRS (Global Geri D\u00f6n\u00fc\u015f\u00fcm Standard\u0131) dahil olmak \u00fczere k\u00fcresel standartlara uygun olarak tasarlanm\u0131\u015ft\u0131r. Ayr\u0131ca t\u0131bbi s\u0131n\u0131f uygulamalar i\u00e7in biyokompatibilite se\u00e7enekleri de sunuyoruz.<\/p>\t\t\t\t\t\t\t\t<\/div>\n\t\t\t\t<\/div>\n\t\t\t\t\t<\/details>\n\t\t\t\t\t\t<details id=\"e-n-accordion-item-4812\" class=\"e-n-accordion-item\" >\n\t\t\t\t<summary class=\"e-n-accordion-item-title\" data-accordion-index=\"3\" tabindex=\"-1\" aria-expanded=\"false\" aria-controls=\"e-n-accordion-item-4812\" >\n\t\t\t\t\t<span class='e-n-accordion-item-title-header'><div class=\"e-n-accordion-item-title-text\"> TPU kuma\u015flar\u0131n\u0131z a\u015f\u0131r\u0131 \u00e7evresel ko\u015fullarda nas\u0131l performans g\u00f6sterir? <\/div><\/span>\n\t\t\t\t\t\t\t<span class='e-n-accordion-item-title-icon'>\n\t\t\t<span class='e-opened' ><i aria-hidden=\"true\" class=\"rtmicon rtmicon-circle-arrow-up\"><\/i><\/span>\n\t\t\t<span class='e-closed'><i aria-hidden=\"true\" class=\"rtmicon rtmicon-circle-arrow-down\"><\/i><\/span>\n\t\t<\/span>\n\n\t\t\t\t\t\t<\/summary>\n\t\t\t\t<div role=\"region\" aria-labelledby=\"e-n-accordion-item-4812\" class=\"elementor-element elementor-element-55842907 e-con-full e-flex e-con e-child\" data-id=\"55842907\" data-element_type=\"container\" data-e-type=\"container\">\n\t\t\t\t<div class=\"elementor-element elementor-element-7e436bf7 elementor-widget elementor-widget-text-editor\" data-id=\"7e436bf7\" data-element_type=\"widget\" data-e-type=\"widget\" data-widget_type=\"text-editor.default\">\n\t\t\t\t\t\t\t\t\t<p>TPU kuma\u015flar\u0131m\u0131z g\u00f6rev kritik g\u00fcvenilirlik i\u00e7in tasarlanm\u0131\u015ft\u0131r. -40\u00b0C'ye kadar m\u00fckemmel d\u00fc\u015f\u00fck s\u0131cakl\u0131k esnekli\u011fi, \u00fcst\u00fcn UV direnci, y\u00fcksek hidroliz direnci ve hava ge\u00e7irmez\/su ge\u00e7irmez performans sa\u011flar; bu da onlar\u0131 a\u00e7\u0131k hava ve deniz ortamlar\u0131 i\u00e7in ideal hale getirir.<\/p><p>\u00a0<\/p>\t\t\t\t\t\t\t\t<\/div>\n\t\t\t\t<\/div>\n\t\t\t\t\t<\/details>\n\t\t\t\t\t<\/div>\n\t\t\t\t\t\t<\/div>\n\t\t\t\t<div class=\"elementor-element elementor-element-58a19e58 animated-slow elementor-invisible elementor-widget elementor-widget-n-accordion\" data-id=\"58a19e58\" data-element_type=\"widget\" data-e-type=\"widget\" data-settings=\"{&quot;_animation&quot;:&quot;fadeInRight&quot;,&quot;default_state&quot;:&quot;expanded&quot;,&quot;max_items_expended&quot;:&quot;one&quot;,&quot;n_accordion_animation_duration&quot;:{&quot;unit&quot;:&quot;ms&quot;,&quot;size&quot;:400,&quot;sizes&quot;:[]}}\" data-widget_type=\"nested-accordion.default\">\n\t\t\t\t\t\t\t<div class=\"e-n-accordion\" aria-label=\"Akordeon. Linkleri Enter veya Space ile a\u00e7\u0131n, Escape ile kapat\u0131n ve Y\u00f6n Tu\u015flar\u0131yla gezinin\">\n\t\t\t\t\t\t<details id=\"e-n-accordion-item-1480\" class=\"e-n-accordion-item\" open>\n\t\t\t\t<summary class=\"e-n-accordion-item-title\" data-accordion-index=\"1\" tabindex=\"0\" aria-expanded=\"true\" aria-controls=\"e-n-accordion-item-1480\" >\n\t\t\t\t\t<span class='e-n-accordion-item-title-header'><div class=\"e-n-accordion-item-title-text\">  \u00d6zel \u00fcretim ve numune alma i\u00e7in tipik teslimat s\u00fcreniz nedir? <\/div><\/span>\n\t\t\t\t\t\t\t<span class='e-n-accordion-item-title-icon'>\n\t\t\t<span class='e-opened' ><i aria-hidden=\"true\" class=\"rtmicon rtmicon-circle-arrow-up\"><\/i><\/span>\n\t\t\t<span class='e-closed'><i aria-hidden=\"true\" class=\"rtmicon rtmicon-circle-arrow-down\"><\/i><\/span>\n\t\t<\/span>\n\n\t\t\t\t\t\t<\/summary>\n\t\t\t\t<div role=\"region\" aria-labelledby=\"e-n-accordion-item-1480\" class=\"elementor-element elementor-element-6b67a208 e-con-full e-flex e-con e-child\" data-id=\"6b67a208\" data-element_type=\"container\" data-e-type=\"container\">\n\t\t\t\t<div class=\"elementor-element elementor-element-c26a9c9 elementor-widget elementor-widget-text-editor\" data-id=\"c26a9c9\" data-element_type=\"widget\" data-e-type=\"widget\" data-widget_type=\"text-editor.default\">\n\t\t\t\t\t\t\t\t\t<p>Stok numuneleri i\u00e7in 24-48 saat i\u00e7inde g\u00f6nderim yapabiliriz. \u00d6zel \u00fcretim sipari\u015flerinde ise teslimat s\u00fcresi genellikle 15 ila 25 g\u00fcn aras\u0131d\u0131r; bu s\u00fcre, spesifikasyonlar\u0131n karma\u015f\u0131kl\u0131\u011f\u0131na ve mevcut \u00fcretim program\u0131m\u0131za ba\u011fl\u0131d\u0131r.<\/p>\t\t\t\t\t\t\t\t<\/div>\n\t\t\t\t<\/div>\n\t\t\t\t\t<\/details>\n\t\t\t\t\t\t<details id=\"e-n-accordion-item-1481\" class=\"e-n-accordion-item\" >\n\t\t\t\t<summary class=\"e-n-accordion-item-title\" data-accordion-index=\"2\" tabindex=\"-1\" aria-expanded=\"false\" aria-controls=\"e-n-accordion-item-1481\" >\n\t\t\t\t\t<span class='e-n-accordion-item-title-header'><div class=\"e-n-accordion-item-title-text\"> \u00d6zel sipari\u015fler i\u00e7in Minimum Sipari\u015f Miktar\u0131 (MOQ) nedir? <\/div><\/span>\n\t\t\t\t\t\t\t<span class='e-n-accordion-item-title-icon'>\n\t\t\t<span class='e-opened' ><i aria-hidden=\"true\" class=\"rtmicon rtmicon-circle-arrow-up\"><\/i><\/span>\n\t\t\t<span class='e-closed'><i aria-hidden=\"true\" class=\"rtmicon rtmicon-circle-arrow-down\"><\/i><\/span>\n\t\t<\/span>\n\n\t\t\t\t\t\t<\/summary>\n\t\t\t\t<div role=\"region\" aria-labelledby=\"e-n-accordion-item-1481\" class=\"elementor-element elementor-element-7eba586c e-con-full e-flex e-con e-child\" data-id=\"7eba586c\" data-element_type=\"container\" data-e-type=\"container\">\n\t\t\t\t<div class=\"elementor-element elementor-element-97f163b elementor-widget elementor-widget-text-editor\" data-id=\"97f163b\" data-element_type=\"widget\" data-e-type=\"widget\" data-widget_type=\"text-editor.default\">\n\t\t\t\t\t\t\t\t\t<p>Genel olarak, \u00f6zel renkler veya spesifikasyonlar i\u00e7in MOQ'umuz 1.000 - 1.500 metredir. Bununla birlikte, prototip olu\u015fturma ve yeni ba\u015flayanlar\u0131n ihtiya\u00e7lar\u0131n\u0131 anl\u0131yoruz, bu nedenle malzeme t\u00fcr\u00fcne ba\u011fl\u0131 olarak daha k\u00fc\u00e7\u00fck deneme sipari\u015flerini tart\u0131\u015fmaya a\u00e7\u0131\u011f\u0131z.<\/p>\t\t\t\t\t\t\t\t<\/div>\n\t\t\t\t<\/div>\n\t\t\t\t\t<\/details>\n\t\t\t\t\t\t<details id=\"e-n-accordion-item-1482\" class=\"e-n-accordion-item\" >\n\t\t\t\t<summary class=\"e-n-accordion-item-title\" data-accordion-index=\"3\" tabindex=\"-1\" aria-expanded=\"false\" aria-controls=\"e-n-accordion-item-1482\" >\n\t\t\t\t\t<span class='e-n-accordion-item-title-header'><div class=\"e-n-accordion-item-title-text\"> B\u00fcy\u00fck \u00f6l\u00e7ekli \u00fcretim partilerinde kalitenin tutarl\u0131 olmas\u0131n\u0131 nas\u0131l sa\u011fl\u0131yorsunuz? <\/div><\/span>\n\t\t\t\t\t\t\t<span class='e-n-accordion-item-title-icon'>\n\t\t\t<span class='e-opened' ><i aria-hidden=\"true\" class=\"rtmicon rtmicon-circle-arrow-up\"><\/i><\/span>\n\t\t\t<span class='e-closed'><i aria-hidden=\"true\" class=\"rtmicon rtmicon-circle-arrow-down\"><\/i><\/span>\n\t\t<\/span>\n\n\t\t\t\t\t\t<\/summary>\n\t\t\t\t<div role=\"region\" aria-labelledby=\"e-n-accordion-item-1482\" class=\"elementor-element elementor-element-204d2c92 e-con-full e-flex e-con e-child\" data-id=\"204d2c92\" data-element_type=\"container\" data-e-type=\"container\">\n\t\t\t\t<div class=\"elementor-element elementor-element-5a936bf2 elementor-widget elementor-widget-text-editor\" data-id=\"5a936bf2\" data-element_type=\"widget\" data-e-type=\"widget\" data-widget_type=\"text-editor.default\">\n\t\t\t\t\t\t\t\t\t<p>Tam s\u00fcre\u00e7 denetim sistemimiz 100%'dir. Gelen ham madde testlerinden lamine i\u015flemi s\u0131ras\u0131nda otomatik k\u0131z\u0131l\u00f6tesi kal\u0131nl\u0131k izlemeye kadar her metre kuma\u015f takip edilir. Ayr\u0131ca her parti i\u00e7in soyma g\u00fcc\u00fc, hava ge\u00e7irmezlik ve a\u015f\u0131nma direnci konusunda i\u00e7 laboratuvar testleri ger\u00e7ekle\u015ftiriyoruz; b\u00f6ylece g\u00f6nderim \u00f6ncesinde belirtilen end\u00fcstriyel standartlara uygun oldu\u011fundan emin oluyoruz.<\/p>\t\t\t\t\t\t\t\t<\/div>\n\t\t\t\t<\/div>\n\t\t\t\t\t<\/details>\n\t\t\t\t\t<\/div>\n\t\t\t\t\t\t<\/div>\n\t\t\t\t<\/div>\n\t\t\t\t\t<\/div>\n\t\t\t\t<\/div>\n\t\t<div class=\"elementor-element elementor-element-1ecd4c3 e-flex e-con-boxed e-con e-parent\" data-id=\"1ecd4c3\" data-element_type=\"container\" data-e-type=\"container\">\n\t\t\t\t\t<div class=\"e-con-inner\">\n\t\t\t\t<div class=\"elementor-element elementor-element-13cd87b elementor-widget elementor-widget-heading\" data-id=\"13cd87b\" data-element_type=\"widget\" data-e-type=\"widget\" data-widget_type=\"heading.default\">\n\t\t\t\t\t<h4 class=\"elementor-heading-title elementor-size-default\">Sorunuzun cevab\u0131n\u0131 bulamad\u0131n\u0131z m\u0131? L\u00fctfen buradan sorun<\/h4>\t\t\t\t<\/div>\n\t\t\t\t\t<\/div>\n\t\t\t\t<\/div>\n\t\t\t\t<\/div>","protected":false},"excerpt":{"rendered":"<p>Frequently Asked Questions Home \/ FAQ FAQ Most Favorite Question Can you customize the base fabric and coating thickness to our specific needs? Absolutely. As a direct manufacturer, we offer full customization. You can select from high-tenacity nylon, polyester, or recycled substrates, and we can adjust the TPU\/PVC film thickness, total weight (GSM), and color [&hellip;]<\/p>","protected":false},"author":1,"featured_media":0,"parent":0,"menu_order":0,"comment_status":"closed","ping_status":"closed","template":"elementor_header_footer","meta":{"_acf_changed":false,"footnotes":""},"class_list":["post-109","page","type-page","status-publish","hentry"],"acf":[],"_hostinger_reach_plugin_has_subscription_block":false,"_hostinger_reach_plugin_is_elementor":false,"_links":{"self":[{"href":"https:\/\/tpufabrics.com\/tr\/wp-json\/wp\/v2\/pages\/109","targetHints":{"allow":["GET"]}}],"collection":[{"href":"https:\/\/tpufabrics.com\/tr\/wp-json\/wp\/v2\/pages"}],"about":[{"href":"https:\/\/tpufabrics.com\/tr\/wp-json\/wp\/v2\/types\/page"}],"author":[{"embeddable":true,"href":"https:\/\/tpufabrics.com\/tr\/wp-json\/wp\/v2\/users\/1"}],"replies":[{"embeddable":true,"href":"https:\/\/tpufabrics.com\/tr\/wp-json\/wp\/v2\/comments?post=109"}],"version-history":[{"count":16,"href":"https:\/\/tpufabrics.com\/tr\/wp-json\/wp\/v2\/pages\/109\/revisions"}],"predecessor-version":[{"id":1489,"href":"https:\/\/tpufabrics.com\/tr\/wp-json\/wp\/v2\/pages\/109\/revisions\/1489"}],"wp:attachment":[{"href":"https:\/\/tpufabrics.com\/tr\/wp-json\/wp\/v2\/media?parent=109"}],"curies":[{"name":"wp","href":"https:\/\/api.w.org\/{rel}","templated":true}]}}