{"id":2043,"date":"2026-04-24T14:03:28","date_gmt":"2026-04-24T14:03:28","guid":{"rendered":"https:\/\/tpufabrics.com\/?post_type=product&#038;p=2043"},"modified":"2026-04-24T14:03:29","modified_gmt":"2026-04-24T14:03:29","slug":"xl-tpu-film-highly-transparent","status":"publish","type":"product","link":"https:\/\/tpufabrics.com\/pt\/product\/xl-tpu-film-highly-transparent\/","title":{"rendered":"Filme XL TPU \u2013 Altamente Transparente"},"content":{"rendered":"<div data-page-id=\"HhvvdKM4foWtU2xUHGWc8ZKOn4b\" data-lark-html-role=\"root\" data-docx-has-block-data=\"false\">\n<div class=\"ace-line ace-line old-record-id-DZTudPtTYoOtEZxBXoXcces7nSe\">Filme de TPU de grau m\u00e9dico com clareza \u00f3ptica excepcional e desempenho de neblina ultrabaixo, projetado para interfaces de monitoramento de precis\u00e3o e sistemas de barreira transparentes de alta defini\u00e7\u00e3o, onde a fidelidade visual e a confiabilidade do material devem coexistir.<\/div>\n<\/div>","protected":false},"excerpt":{"rendered":"<p>Filme de TPU de grau m\u00e9dico com clareza \u00f3ptica excepcional e desempenho de neblina ultrabaixo, projetado para interfaces de monitoramento de precis\u00e3o e sistemas de barreira transparentes de alta defini\u00e7\u00e3o, onde a fidelidade visual e a confiabilidade do material devem coexistir.<\/p>","protected":false},"featured_media":1948,"comment_status":"open","ping_status":"closed","template":"","meta":{"_acf_changed":false},"product_brand":[],"product_cat":[38],"product_tag":[],"class_list":{"0":"post-2043","1":"product","2":"type-product","3":"status-publish","4":"has-post-thumbnail","6":"product_cat-tpu-film","8":"first","9":"instock","10":"shipping-taxable","11":"product-type-simple"},"acf":[],"_links":{"self":[{"href":"https:\/\/tpufabrics.com\/pt\/wp-json\/wp\/v2\/product\/2043","targetHints":{"allow":["GET"]}}],"collection":[{"href":"https:\/\/tpufabrics.com\/pt\/wp-json\/wp\/v2\/product"}],"about":[{"href":"https:\/\/tpufabrics.com\/pt\/wp-json\/wp\/v2\/types\/product"}],"replies":[{"embeddable":true,"href":"https:\/\/tpufabrics.com\/pt\/wp-json\/wp\/v2\/comments?post=2043"}],"wp:featuredmedia":[{"embeddable":true,"href":"https:\/\/tpufabrics.com\/pt\/wp-json\/wp\/v2\/media\/1948"}],"wp:attachment":[{"href":"https:\/\/tpufabrics.com\/pt\/wp-json\/wp\/v2\/media?parent=2043"}],"wp:term":[{"taxonomy":"product_brand","embeddable":true,"href":"https:\/\/tpufabrics.com\/pt\/wp-json\/wp\/v2\/product_brand?post=2043"},{"taxonomy":"product_cat","embeddable":true,"href":"https:\/\/tpufabrics.com\/pt\/wp-json\/wp\/v2\/product_cat?post=2043"},{"taxonomy":"product_tag","embeddable":true,"href":"https:\/\/tpufabrics.com\/pt\/wp-json\/wp\/v2\/product_tag?post=2043"}],"curies":[{"name":"wp","href":"https:\/\/api.w.org\/{rel}","templated":true}]}}