{"id":1654,"date":"2026-03-12T09:14:51","date_gmt":"2026-03-12T09:14:51","guid":{"rendered":"https:\/\/tpufabrics.com\/?post_type=product&#038;p=1654"},"modified":"2026-03-12T09:16:00","modified_gmt":"2026-03-12T09:16:00","slug":"xl-nylon-420d-revestido-de-tpu","status":"publish","type":"product","link":"https:\/\/tpufabrics.com\/pt\/product\/xl-nylon-420d-revestido-de-tpu\/","title":{"rendered":"Nylon 420D revestido com TPU XL"},"content":{"rendered":"<div data-page-id=\"YpFKdlPpCo1lAWxwUBrcKy4BnGd\" data-lark-html-role=\"root\" data-docx-has-block-data=\"false\">\n<div class=\"ace-line ace-line old-record-id-OemKdBbnVoAfhkxNuvrcaNsLnGg\">O XL TPU Coated 420D Nylon \u00e9 um tecido composto para servi\u00e7os pesados desenvolvido para equipamentos de alta carga e ambientes industriais exigentes. O material usa um <strong>tecido base de nylon 420D de alta densidade<\/strong> combinado com nosso <strong>revestimento funcional TPU da s\u00e9rie XL<\/strong>, formando uma estrutura composta dur\u00e1vel e est\u00e1vel. Essa constru\u00e7\u00e3o permite que o tecido ofere\u00e7a excepcional resist\u00eancia mec\u00e2nica, resist\u00eancia \u00e0 abras\u00e3o e prote\u00e7\u00e3o ambiental.<\/div>\n<div class=\"ace-line ace-line old-record-id-DRYKdzRMMoaIbBx69V0cMup7nib\">A estrutura densa de nylon proporciona excelente resist\u00eancia \u00e0 tra\u00e7\u00e3o e ao rasgo, enquanto o revestimento de TPU cria uma camada protetora cont\u00ednua que oferece desempenho confi\u00e1vel \u00e0 prova d'\u00e1gua e herm\u00e9tica. Al\u00e9m da prote\u00e7\u00e3o ambiental, a superf\u00edcie de TPU \u00e9 compat\u00edvel com <strong>soldagem de alta frequ\u00eancia (<\/strong><strong>HF<\/strong><strong> soldagem)<\/strong>, permitindo que os fabricantes criem costuras estruturais seladas sem costura tradicional.<\/div>\n<div class=\"ace-line ace-line old-record-id-LApVdCTJQoC6i9xihkScjbcEnzb\">Devido \u00e0 sua resist\u00eancia, estabilidade e capacidade de veda\u00e7\u00e3o, esse material \u00e9 amplamente utilizado em sistemas de prote\u00e7\u00e3o industrial, estruturas infl\u00e1veis e equipamentos para ambientes externos de uso pesado, onde a durabilidade a longo prazo \u00e9 essencial.<\/div>\n<\/div>","protected":false},"excerpt":{"rendered":"<p>XL TPU Coated 420D Nylon is a heavy-duty composite fabric developed for high-load equipment and demanding industrial environments. The material uses a high-density 420D nylon base fabric combined with our XL series TPU functional coating, forming a durable and stable composite structure. This construction allows the fabric to deliver outstanding mechanical strength, abrasion resistance, and [&hellip;]<\/p>","protected":false},"featured_media":1170,"comment_status":"open","ping_status":"closed","template":"","meta":{"_acf_changed":false},"product_brand":[],"product_cat":[34],"product_tag":[],"class_list":{"0":"post-1654","1":"product","2":"type-product","3":"status-publish","4":"has-post-thumbnail","6":"product_cat-airtight-tpu-fabrics","8":"first","9":"instock","10":"shipping-taxable","11":"product-type-simple"},"acf":[],"_links":{"self":[{"href":"https:\/\/tpufabrics.com\/pt\/wp-json\/wp\/v2\/product\/1654","targetHints":{"allow":["GET"]}}],"collection":[{"href":"https:\/\/tpufabrics.com\/pt\/wp-json\/wp\/v2\/product"}],"about":[{"href":"https:\/\/tpufabrics.com\/pt\/wp-json\/wp\/v2\/types\/product"}],"replies":[{"embeddable":true,"href":"https:\/\/tpufabrics.com\/pt\/wp-json\/wp\/v2\/comments?post=1654"}],"wp:featuredmedia":[{"embeddable":true,"href":"https:\/\/tpufabrics.com\/pt\/wp-json\/wp\/v2\/media\/1170"}],"wp:attachment":[{"href":"https:\/\/tpufabrics.com\/pt\/wp-json\/wp\/v2\/media?parent=1654"}],"wp:term":[{"taxonomy":"product_brand","embeddable":true,"href":"https:\/\/tpufabrics.com\/pt\/wp-json\/wp\/v2\/product_brand?post=1654"},{"taxonomy":"product_cat","embeddable":true,"href":"https:\/\/tpufabrics.com\/pt\/wp-json\/wp\/v2\/product_cat?post=1654"},{"taxonomy":"product_tag","embeddable":true,"href":"https:\/\/tpufabrics.com\/pt\/wp-json\/wp\/v2\/product_tag?post=1654"}],"curies":[{"name":"wp","href":"https:\/\/api.w.org\/{rel}","templated":true}]}}