{"id":1642,"date":"2026-03-12T08:51:46","date_gmt":"2026-03-12T08:51:46","guid":{"rendered":"https:\/\/tpufabrics.com\/?post_type=product&#038;p=1642"},"modified":"2026-03-12T08:52:53","modified_gmt":"2026-03-12T08:52:53","slug":"xl-pvc-coated-70d-nylon-grey","status":"publish","type":"product","link":"https:\/\/tpufabrics.com\/pt\/product\/xl-pvc-coated-70d-nylon-grey\/","title":{"rendered":"Nylon 70D XL revestido de PVC - cinza"},"content":{"rendered":"<div data-page-id=\"CbwYdPQtMojsfFxIygNcVyOwnlg\" data-lark-html-role=\"root\" data-docx-has-block-data=\"false\">\n<div class=\"ace-line ace-line old-record-id-U96DdRM9VoNymKxFuttcuvyRnZw\">Tecido de nylon revestido com PVC dur\u00e1vel e higi\u00eanico, projetado para equipamentos m\u00e9dicos e ambientes de sa\u00fade.<\/div>\n<div class=\"ace-line ace-line old-record-id-PUQCdRUuDomGb6xXC3rcYl5anUh\">O Nylon 70D com revestimento de PVC XL \u00e9 um tecido m\u00e9dico t\u00e9cnico \u00e0 prova d'\u00e1gua, desenvolvido para aplica\u00e7\u00f5es onde higiene, durabilidade e f\u00e1cil manuten\u00e7\u00e3o s\u00e3o essenciais. Constru\u00eddo sobre uma base forte de nylon 70 deniers e laminado com um revestimento de PVC de grau m\u00e9dico, este material forma uma barreira confi\u00e1vel contra fluidos, mantendo flexibilidade e resist\u00eancia estrutural.<\/div>\n<div class=\"ace-line ace-line old-record-id-Hbd6dv4DEo7NBdxdUjgc2TkjnPb\">A superf\u00edcie lisa e n\u00e3o porosa do PVC evita a penetra\u00e7\u00e3o de l\u00edquidos e facilita a limpeza r\u00e1pida com desinfetantes hospitalares comuns. Combinado com sua excelente compatibilidade com soldagem de alta frequ\u00eancia (HF), o tecido permite uma constru\u00e7\u00e3o sem costuras que elimina furos de agulha e ajuda a manter estruturas higi\u00eanicas dos produtos.<\/div>\n<div class=\"ace-line ace-line old-record-id-Wcmdde3xioAJ5yxByH1cSnTdnZe\">Esta combina\u00e7\u00e3o de prote\u00e7\u00e3o \u00e0 prova d'\u00e1gua, resist\u00eancia qu\u00edmica e constru\u00e7\u00e3o dur\u00e1vel torna o material adequado para uma ampla gama de capas de dispositivos m\u00e9dicos, protetores de colch\u00e3o e componentes de equipamentos de sa\u00fade.<\/div>\n<\/div>","protected":false},"excerpt":{"rendered":"<p>Durable and hygienic PVC coated nylon fabric designed for medical equipment and healthcare environments. XL PVC Coated 70D Nylon is a technical waterproof medical fabric engineered for applications where hygiene, durability, and easy maintenance are essential. Built on a strong 70-denier nylon base and laminated with a medical-grade PVC coating, this material forms a reliable [&hellip;]<\/p>","protected":false},"featured_media":1399,"comment_status":"open","ping_status":"closed","template":"","meta":{"_acf_changed":false},"product_brand":[],"product_cat":[36],"product_tag":[],"class_list":{"0":"post-1642","1":"product","2":"type-product","3":"status-publish","4":"has-post-thumbnail","6":"product_cat-medical-tpu-fabrics","8":"first","9":"instock","10":"shipping-taxable","11":"product-type-simple"},"acf":[],"_links":{"self":[{"href":"https:\/\/tpufabrics.com\/pt\/wp-json\/wp\/v2\/product\/1642","targetHints":{"allow":["GET"]}}],"collection":[{"href":"https:\/\/tpufabrics.com\/pt\/wp-json\/wp\/v2\/product"}],"about":[{"href":"https:\/\/tpufabrics.com\/pt\/wp-json\/wp\/v2\/types\/product"}],"replies":[{"embeddable":true,"href":"https:\/\/tpufabrics.com\/pt\/wp-json\/wp\/v2\/comments?post=1642"}],"wp:featuredmedia":[{"embeddable":true,"href":"https:\/\/tpufabrics.com\/pt\/wp-json\/wp\/v2\/media\/1399"}],"wp:attachment":[{"href":"https:\/\/tpufabrics.com\/pt\/wp-json\/wp\/v2\/media?parent=1642"}],"wp:term":[{"taxonomy":"product_brand","embeddable":true,"href":"https:\/\/tpufabrics.com\/pt\/wp-json\/wp\/v2\/product_brand?post=1642"},{"taxonomy":"product_cat","embeddable":true,"href":"https:\/\/tpufabrics.com\/pt\/wp-json\/wp\/v2\/product_cat?post=1642"},{"taxonomy":"product_tag","embeddable":true,"href":"https:\/\/tpufabrics.com\/pt\/wp-json\/wp\/v2\/product_tag?post=1642"}],"curies":[{"name":"wp","href":"https:\/\/api.w.org\/{rel}","templated":true}]}}