{"id":1654,"date":"2026-03-12T09:14:51","date_gmt":"2026-03-12T09:14:51","guid":{"rendered":"https:\/\/tpufabrics.com\/?post_type=product&#038;p=1654"},"modified":"2026-03-12T09:16:00","modified_gmt":"2026-03-12T09:16:00","slug":"nylon-420d-rivestito-in-tpu-xl","status":"publish","type":"product","link":"https:\/\/tpufabrics.com\/it\/product\/nylon-420d-rivestito-in-tpu-xl\/","title":{"rendered":"Nylon 420D rivestito in TPU XL"},"content":{"rendered":"<div data-page-id=\"YpFKdlPpCo1lAWxwUBrcKy4BnGd\" data-lark-html-role=\"root\" data-docx-has-block-data=\"false\">\n<div class=\"ace-line ace-line old-record-id-OemKdBbnVoAfhkxNuvrcaNsLnGg\">Il nylon 420D rivestito in TPU XL \u00e8 un tessuto composito per impieghi gravosi, sviluppato per attrezzature ad alto carico e ambienti industriali difficili. Il materiale utilizza un <strong>tessuto base in nylon 420D ad alta densit\u00e0<\/strong> combinato con la nostra <strong>rivestimento funzionale in TPU della serie XL<\/strong>, formando una struttura composita durevole e stabile. Questa costruzione consente al tessuto di offrire eccezionale resistenza meccanica, resistenza all'abrasione e protezione ambientale.<\/div>\n<div class=\"ace-line ace-line old-record-id-DRYKdzRMMoaIbBx69V0cMup7nib\">La struttura densa di nylon offre un'ottima resistenza alla trazione e allo strappo, mentre il rivestimento in TPU crea uno strato protettivo continuo che garantisce prestazioni affidabili di impermeabilit\u00e0 e tenuta all'aria. Oltre alla protezione ambientale, la superficie in TPU \u00e8 compatibile con <strong>saldatura ad alta frequenza (<\/strong><strong>. Attraverso la tecnologia di saldatura HF, i materiali possono essere sigillati direttamente durante la produzione senza ricorrere a metodi tradizionali di cucitura. Questo processo semplifica la produzione ed elimina il rischio di fori causati dall'ago che potrebbero provocare perdite d'acqua, assicurando che le aree di connessione mantengano una forte integrit\u00e0 impermeabile e stagna.<\/strong><strong> La combinazione di una struttura tessile robusta e del rivestimento in TPU crea un sistema composito che offre sia<\/strong>, consentendo ai produttori di creare giunti strutturali sigillati senza cuciture tradizionali.<\/div>\n<div class=\"ace-line ace-line old-record-id-LApVdCTJQoC6i9xihkScjbcEnzb\">Grazie alla sua resistenza, stabilit\u00e0 e capacit\u00e0 di sigillatura, questo materiale \u00e8 ampiamente utilizzato nei sistemi di protezione industriale, nelle strutture gonfiabili e nelle attrezzature da esterno per impieghi gravosi, dove la durata a lungo termine \u00e8 essenziale.<\/div>\n<\/div>","protected":false},"excerpt":{"rendered":"<p>XL TPU Coated 420D Nylon is a heavy-duty composite fabric developed for high-load equipment and demanding industrial environments. The material uses a high-density 420D nylon base fabric combined with our XL series TPU functional coating, forming a durable and stable composite structure. This construction allows the fabric to deliver outstanding mechanical strength, abrasion resistance, and [&hellip;]<\/p>","protected":false},"featured_media":1170,"comment_status":"open","ping_status":"closed","template":"","meta":{"_acf_changed":false},"product_brand":[],"product_cat":[34],"product_tag":[],"class_list":{"0":"post-1654","1":"product","2":"type-product","3":"status-publish","4":"has-post-thumbnail","6":"product_cat-airtight-tpu-fabrics","8":"first","9":"instock","10":"shipping-taxable","11":"product-type-simple"},"acf":[],"_links":{"self":[{"href":"https:\/\/tpufabrics.com\/it\/wp-json\/wp\/v2\/product\/1654","targetHints":{"allow":["GET"]}}],"collection":[{"href":"https:\/\/tpufabrics.com\/it\/wp-json\/wp\/v2\/product"}],"about":[{"href":"https:\/\/tpufabrics.com\/it\/wp-json\/wp\/v2\/types\/product"}],"replies":[{"embeddable":true,"href":"https:\/\/tpufabrics.com\/it\/wp-json\/wp\/v2\/comments?post=1654"}],"wp:featuredmedia":[{"embeddable":true,"href":"https:\/\/tpufabrics.com\/it\/wp-json\/wp\/v2\/media\/1170"}],"wp:attachment":[{"href":"https:\/\/tpufabrics.com\/it\/wp-json\/wp\/v2\/media?parent=1654"}],"wp:term":[{"taxonomy":"product_brand","embeddable":true,"href":"https:\/\/tpufabrics.com\/it\/wp-json\/wp\/v2\/product_brand?post=1654"},{"taxonomy":"product_cat","embeddable":true,"href":"https:\/\/tpufabrics.com\/it\/wp-json\/wp\/v2\/product_cat?post=1654"},{"taxonomy":"product_tag","embeddable":true,"href":"https:\/\/tpufabrics.com\/it\/wp-json\/wp\/v2\/product_tag?post=1654"}],"curies":[{"name":"wp","href":"https:\/\/api.w.org\/{rel}","templated":true}]}}