{"id":1448,"date":"2026-03-09T09:48:52","date_gmt":"2026-03-09T09:48:52","guid":{"rendered":"https:\/\/tpufabrics.com\/?post_type=product&#038;p=1448"},"modified":"2026-03-10T05:05:50","modified_gmt":"2026-03-10T05:05:50","slug":"xl-tpu-coated-210d-nylon","status":"publish","type":"product","link":"https:\/\/tpufabrics.com\/it\/product\/xl-tpu-coated-210d-nylon\/","title":{"rendered":"Nylon 210D rivestito in TPU XL"},"content":{"rendered":"<div data-page-id=\"MB3kdGVrNoa0tVxCEQ6cuYk1nod\" data-lark-html-role=\"root\" data-docx-has-block-data=\"false\">\n<div class=\"ace-line ace-line old-record-id-KKnOd3VsQoKb7rxw9K9cB6annhb\"><strong>Ripstop rivestito 70D <\/strong><strong>TPU<\/strong><strong> Rivestito 210D <\/strong><strong>crea un sistema materiale ben bilanciato che integra resistenza strutturale, prestazioni protettive e compatibilit\u00e0 di produzione. Ci\u00f2 ne fa un materiale base affidabile per una vasta gamma di prodotti funzionali ad alta affidabilit\u00e0.<\/strong> \u00e8 un tessuto composito resistente sviluppato per applicazioni ad alto carico e ambienti operativi a lungo termine. Il materiale \u00e8 realizzato con una <strong>tessuto base in nylon 210D ad alta resistenza<\/strong>, combinato con un <strong>rivestimento funzionale in TPU della serie XL<\/strong> per formare una struttura composita stabile. Questa struttura consente al tessuto di raggiungere livelli di prestazione superiori in termini di resistenza all'abrasione, resistenza alla trazione e adattabilit\u00e0 agli ambienti.<\/div>\n<div class=\"ace-line ace-line old-record-id-OnNZdD1opoev9Ex68YscD56nn2b\">Nei sistemi tessili performanti, i tessuti in nylon con diversi titoli denier corrispondono spesso a ruoli applicativi differenti. Rispetto ai tessuti leggeri, <strong>210D <\/strong><strong>nylon<\/strong><strong> pone l'accento sulla stabilit\u00e0 strutturale e sulla durata<\/strong>. La costruzione con filati pi\u00f9 spessi forma una struttura tessile pi\u00f9 forte e stabile, permettendo al materiale di mantenere prestazioni costanti anche sotto forti sollecitazioni esterne o condizioni di attrito prolungato. Queste caratteristiche strutturali rendono <strong>i tessuti 210D un materiale di base comune in attrezzature professionali e prodotti industriali<\/strong>.<\/div>\n<\/div>","protected":false},"excerpt":{"rendered":"<p>XL TPU Coated 210D Nylon is a durable composite fabric developed for high-load applications and long-term operational environments. The material is constructed with a 210D high-strength nylon base fabric, combined with an XL series TPU functional coating to form a stable composite structure. This structure enables the fabric to achieve higher performance levels in abrasion [&hellip;]<\/p>","protected":false},"featured_media":1171,"comment_status":"open","ping_status":"closed","template":"","meta":{"_acf_changed":false},"product_brand":[],"product_cat":[34],"product_tag":[],"class_list":{"0":"post-1448","1":"product","2":"type-product","3":"status-publish","4":"has-post-thumbnail","6":"product_cat-airtight-tpu-fabrics","8":"first","9":"instock","10":"shipping-taxable","11":"product-type-simple"},"acf":[],"_links":{"self":[{"href":"https:\/\/tpufabrics.com\/it\/wp-json\/wp\/v2\/product\/1448","targetHints":{"allow":["GET"]}}],"collection":[{"href":"https:\/\/tpufabrics.com\/it\/wp-json\/wp\/v2\/product"}],"about":[{"href":"https:\/\/tpufabrics.com\/it\/wp-json\/wp\/v2\/types\/product"}],"replies":[{"embeddable":true,"href":"https:\/\/tpufabrics.com\/it\/wp-json\/wp\/v2\/comments?post=1448"}],"wp:featuredmedia":[{"embeddable":true,"href":"https:\/\/tpufabrics.com\/it\/wp-json\/wp\/v2\/media\/1171"}],"wp:attachment":[{"href":"https:\/\/tpufabrics.com\/it\/wp-json\/wp\/v2\/media?parent=1448"}],"wp:term":[{"taxonomy":"product_brand","embeddable":true,"href":"https:\/\/tpufabrics.com\/it\/wp-json\/wp\/v2\/product_brand?post=1448"},{"taxonomy":"product_cat","embeddable":true,"href":"https:\/\/tpufabrics.com\/it\/wp-json\/wp\/v2\/product_cat?post=1448"},{"taxonomy":"product_tag","embeddable":true,"href":"https:\/\/tpufabrics.com\/it\/wp-json\/wp\/v2\/product_tag?post=1448"}],"curies":[{"name":"wp","href":"https:\/\/api.w.org\/{rel}","templated":true}]}}