{"id":1978,"date":"2026-03-24T09:47:53","date_gmt":"2026-03-24T09:47:53","guid":{"rendered":"https:\/\/tpufabrics.com\/?post_type=product&#038;p=1978"},"modified":"2026-03-24T09:47:53","modified_gmt":"2026-03-24T09:47:53","slug":"xl-tpu-coated-1000d-polyester-red","status":"publish","type":"product","link":"https:\/\/tpufabrics.com\/fr\/product\/xl-tpu-coated-1000d-polyester-red\/","title":{"rendered":"XL TPU Coated 1000D Polyester-Red"},"content":{"rendered":"<div data-page-id=\"UZFad1xy6oDYGXxB2vNcUDynnLg\" data-lark-html-role=\"root\" data-docx-has-block-data=\"false\">\n<div class=\"ace-line ace-line old-record-id-GUGDduFjWotvZKx5USVci1y6nAh\"><strong>XL <\/strong><strong>TPU<\/strong><strong> Polyester 1000D rev\u00eatu \u2013 Rouge<\/strong> est un tissu en polyester rev\u00eatu de TPU double face, con\u00e7u pour des applications industrielles, gonflables et de confinement soumises \u00e0 des contraintes \u00e9lev\u00e9es. Construit sur une base en polyester 1000D ultra-dense, ce mat\u00e9riau offre une r\u00e9sistance exceptionnelle \u00e0 l'abrasion, aux perforations, aux d\u00e9chirures et \u00e0 la fatigue m\u00e9canique \u00e0 long terme. L'enrobage int\u00e9gral de TPU sur les deux faces cr\u00e9e une barri\u00e8re hautement \u00e9tanche \u00e0 l'air et \u00e0 l'eau, le rendant id\u00e9al pour les syst\u00e8mes gonflables haute pression et les solutions critiques de confinement de liquides.<\/div>\n<div class=\"ace-line ace-line old-record-id-NqbQdzEn8oxdkEx7eZ6cyoK9nyc\">Con\u00e7u pour des environnements o\u00f9 l'\u00e9chec n'est pas une option, ce tissu robuste rev\u00eatu de TPU supporte la soudure RF\/HF afin de former des coutures permanentes et herm\u00e9tiquement scell\u00e9es dot\u00e9es d'une excellente r\u00e9sistance structurelle. La couleur rouge tr\u00e8s visible am\u00e9liore la s\u00e9curit\u00e9 dans les op\u00e9rations industrielles, de sauvetage et en ext\u00e9rieur, tandis que le c\u0153ur en polyester assure une excellente r\u00e9sistance aux UV et une stabilit\u00e9 dimensionnelle m\u00eame en exposition prolong\u00e9e.<\/div>\n<\/div>","protected":false},"excerpt":{"rendered":"<p>XL TPU Coated 1000D Polyester \u2013 Red is an extreme-duty, double-sided TPU coated polyester fabric engineered for high-stress industrial, inflatable, and containment applications. Built on an ultra-dense 1000D polyester base, this material delivers exceptional resistance to abrasion, punctures, tearing, and long-term mechanical fatigue. The full TPU encapsulation on both sides creates a highly airtight and [&hellip;]<\/p>","protected":false},"featured_media":1286,"comment_status":"open","ping_status":"closed","template":"","meta":{"_acf_changed":false},"product_brand":[],"product_cat":[35],"product_tag":[],"class_list":{"0":"post-1978","1":"product","2":"type-product","3":"status-publish","4":"has-post-thumbnail","6":"product_cat-industrial-tpu-fabrics","8":"first","9":"instock","10":"shipping-taxable","11":"product-type-simple"},"acf":[],"_links":{"self":[{"href":"https:\/\/tpufabrics.com\/fr\/wp-json\/wp\/v2\/product\/1978","targetHints":{"allow":["GET"]}}],"collection":[{"href":"https:\/\/tpufabrics.com\/fr\/wp-json\/wp\/v2\/product"}],"about":[{"href":"https:\/\/tpufabrics.com\/fr\/wp-json\/wp\/v2\/types\/product"}],"replies":[{"embeddable":true,"href":"https:\/\/tpufabrics.com\/fr\/wp-json\/wp\/v2\/comments?post=1978"}],"wp:featuredmedia":[{"embeddable":true,"href":"https:\/\/tpufabrics.com\/fr\/wp-json\/wp\/v2\/media\/1286"}],"wp:attachment":[{"href":"https:\/\/tpufabrics.com\/fr\/wp-json\/wp\/v2\/media?parent=1978"}],"wp:term":[{"taxonomy":"product_brand","embeddable":true,"href":"https:\/\/tpufabrics.com\/fr\/wp-json\/wp\/v2\/product_brand?post=1978"},{"taxonomy":"product_cat","embeddable":true,"href":"https:\/\/tpufabrics.com\/fr\/wp-json\/wp\/v2\/product_cat?post=1978"},{"taxonomy":"product_tag","embeddable":true,"href":"https:\/\/tpufabrics.com\/fr\/wp-json\/wp\/v2\/product_tag?post=1978"}],"curies":[{"name":"wp","href":"https:\/\/api.w.org\/{rel}","templated":true}]}}