{"id":1885,"date":"2026-03-18T07:23:41","date_gmt":"2026-03-18T07:23:41","guid":{"rendered":"https:\/\/tpufabrics.com\/?post_type=product&#038;p=1885"},"modified":"2026-03-18T07:34:32","modified_gmt":"2026-03-18T07:34:32","slug":"xl-double-sided-tpu-coated-20d-ripstop-nylon-white","status":"publish","type":"product","link":"https:\/\/tpufabrics.com\/fr\/product\/xl-double-sided-tpu-coated-20d-ripstop-nylon-white\/","title":{"rendered":"XL Nylon Ripstop 20D enduit de TPU sur les deux faces - Blanc"},"content":{"rendered":"<div data-page-id=\"DNa2dPjZVoHOU3xrIaZcxsCtnfm\" data-lark-html-role=\"root\" data-docx-has-block-data=\"false\">\n<div class=\"ace-line ace-line old-record-id-LWBMdKvyCotjVVxl3fychq9unFg\">Un tissu en nylon ripstop enduit de TPU ultral\u00e9ger, sans danger pour les aliments et neutre en go\u00fbt, d\u00e9velopp\u00e9 pour les r\u00e9servoirs d'hydratation et les syst\u00e8mes de stockage d'eau potable.<\/div>\n<div><\/div>\n<div class=\"ace-line ace-line old-record-id-FgM6dHh4SoSNVhx2ulIcLyaqnpb\">La construction double face en TPU cr\u00e9e une surface interne propre pour un contact direct avec l'eau, aidant \u00e0 maintenir la fra\u00eecheur, la s\u00e9curit\u00e9 et des performances constantes dans les applications ext\u00e9rieures et m\u00e9dicales exigeantes.<\/div>\n<\/div>","protected":false},"excerpt":{"rendered":"<p>Un tissu en nylon ripstop rev\u00eatu de TPU ultral\u00e9ger, sans danger pour les aliments et neutre en go\u00fbt, d\u00e9velopp\u00e9 pour les r\u00e9servoirs d'hydratation et les syst\u00e8mes de stockage d'eau potable. La construction double face en TPU cr\u00e9e une surface interne propre en contact direct avec l'eau, ce qui contribue \u00e0 pr\u00e9server la fra\u00eecheur, la s\u00e9curit\u00e9 et une performance constante dans les applications ext\u00e9rieures exigeantes et m\u00e9dicales.<\/p>","protected":false},"featured_media":1886,"comment_status":"open","ping_status":"closed","template":"","meta":{"_acf_changed":false},"product_brand":[],"product_cat":[34],"product_tag":[],"class_list":{"0":"post-1885","1":"product","2":"type-product","3":"status-publish","4":"has-post-thumbnail","6":"product_cat-airtight-tpu-fabrics","8":"first","9":"instock","10":"shipping-taxable","11":"product-type-simple"},"acf":[],"_links":{"self":[{"href":"https:\/\/tpufabrics.com\/fr\/wp-json\/wp\/v2\/product\/1885","targetHints":{"allow":["GET"]}}],"collection":[{"href":"https:\/\/tpufabrics.com\/fr\/wp-json\/wp\/v2\/product"}],"about":[{"href":"https:\/\/tpufabrics.com\/fr\/wp-json\/wp\/v2\/types\/product"}],"replies":[{"embeddable":true,"href":"https:\/\/tpufabrics.com\/fr\/wp-json\/wp\/v2\/comments?post=1885"}],"wp:featuredmedia":[{"embeddable":true,"href":"https:\/\/tpufabrics.com\/fr\/wp-json\/wp\/v2\/media\/1886"}],"wp:attachment":[{"href":"https:\/\/tpufabrics.com\/fr\/wp-json\/wp\/v2\/media?parent=1885"}],"wp:term":[{"taxonomy":"product_brand","embeddable":true,"href":"https:\/\/tpufabrics.com\/fr\/wp-json\/wp\/v2\/product_brand?post=1885"},{"taxonomy":"product_cat","embeddable":true,"href":"https:\/\/tpufabrics.com\/fr\/wp-json\/wp\/v2\/product_cat?post=1885"},{"taxonomy":"product_tag","embeddable":true,"href":"https:\/\/tpufabrics.com\/fr\/wp-json\/wp\/v2\/product_tag?post=1885"}],"curies":[{"name":"wp","href":"https:\/\/api.w.org\/{rel}","templated":true}]}}