{"id":1654,"date":"2026-03-12T09:14:51","date_gmt":"2026-03-12T09:14:51","guid":{"rendered":"https:\/\/tpufabrics.com\/?post_type=product&#038;p=1654"},"modified":"2026-03-12T09:16:00","modified_gmt":"2026-03-12T09:16:00","slug":"xl-nylon-420d-enduit-de-tpu","status":"publish","type":"product","link":"https:\/\/tpufabrics.com\/fr\/product\/xl-nylon-420d-enduit-de-tpu\/","title":{"rendered":"XL Nylon 420D enduit de TPU"},"content":{"rendered":"<div data-page-id=\"YpFKdlPpCo1lAWxwUBrcKy4BnGd\" data-lark-html-role=\"root\" data-docx-has-block-data=\"false\">\n<div class=\"ace-line ace-line old-record-id-OemKdBbnVoAfhkxNuvrcaNsLnGg\">Le XL TPU Coated 420D Nylon est un tissu composite tr\u00e8s r\u00e9sistant, con\u00e7u pour les \u00e9quipements \u00e0 forte charge et les environnements industriels exigeants. Le mat\u00e9riau utilise un <strong>Tissu de base en nylon 420D haute densit\u00e9<\/strong> combin\u00e9 \u00e0 notre <strong>Rev\u00eatement fonctionnel TPU de la s\u00e9rie XL<\/strong>, formant une structure composite durable et stable. Cette construction permet au tissu de fournir une r\u00e9sistance m\u00e9canique exceptionnelle, une r\u00e9sistance \u00e0 l'abrasion et une protection environnementale.<\/div>\n<div class=\"ace-line ace-line old-record-id-DRYKdzRMMoaIbBx69V0cMup7nib\">La structure dense du nylon offre une excellente r\u00e9sistance \u00e0 la traction et aux d\u00e9chirures, tandis que le rev\u00eatement TPU cr\u00e9e une couche protectrice continue qui assure une \u00e9tanch\u00e9it\u00e9 et une imperm\u00e9abilit\u00e9 fiables. Outre la protection environnementale, la surface en TPU est compatible avec <strong>le soudage \u00e0 haute fr\u00e9quence (<\/strong><strong>HF<\/strong><strong> soudage)<\/strong>, permettant ainsi aux fabricants de cr\u00e9er des coutures structurales \u00e9tanches sans couture traditionnelle.<\/div>\n<div class=\"ace-line ace-line old-record-id-LApVdCTJQoC6i9xihkScjbcEnzb\">Gr\u00e2ce \u00e0 sa r\u00e9sistance, sa stabilit\u00e9 et sa capacit\u00e9 d'\u00e9tanch\u00e9it\u00e9, ce mat\u00e9riau est largement utilis\u00e9 dans les syst\u00e8mes de protection industrielle, les structures gonflables et l'\u00e9quipement ext\u00e9rieur robuste o\u00f9 la durabilit\u00e9 \u00e0 long terme est essentielle.<\/div>\n<\/div>","protected":false},"excerpt":{"rendered":"<p>XL TPU Coated 420D Nylon is a heavy-duty composite fabric developed for high-load equipment and demanding industrial environments. The material uses a high-density 420D nylon base fabric combined with our XL series TPU functional coating, forming a durable and stable composite structure. This construction allows the fabric to deliver outstanding mechanical strength, abrasion resistance, and [&hellip;]<\/p>","protected":false},"featured_media":1170,"comment_status":"open","ping_status":"closed","template":"","meta":{"_acf_changed":false},"product_brand":[],"product_cat":[34],"product_tag":[],"class_list":{"0":"post-1654","1":"product","2":"type-product","3":"status-publish","4":"has-post-thumbnail","6":"product_cat-airtight-tpu-fabrics","8":"first","9":"instock","10":"shipping-taxable","11":"product-type-simple"},"acf":[],"_links":{"self":[{"href":"https:\/\/tpufabrics.com\/fr\/wp-json\/wp\/v2\/product\/1654","targetHints":{"allow":["GET"]}}],"collection":[{"href":"https:\/\/tpufabrics.com\/fr\/wp-json\/wp\/v2\/product"}],"about":[{"href":"https:\/\/tpufabrics.com\/fr\/wp-json\/wp\/v2\/types\/product"}],"replies":[{"embeddable":true,"href":"https:\/\/tpufabrics.com\/fr\/wp-json\/wp\/v2\/comments?post=1654"}],"wp:featuredmedia":[{"embeddable":true,"href":"https:\/\/tpufabrics.com\/fr\/wp-json\/wp\/v2\/media\/1170"}],"wp:attachment":[{"href":"https:\/\/tpufabrics.com\/fr\/wp-json\/wp\/v2\/media?parent=1654"}],"wp:term":[{"taxonomy":"product_brand","embeddable":true,"href":"https:\/\/tpufabrics.com\/fr\/wp-json\/wp\/v2\/product_brand?post=1654"},{"taxonomy":"product_cat","embeddable":true,"href":"https:\/\/tpufabrics.com\/fr\/wp-json\/wp\/v2\/product_cat?post=1654"},{"taxonomy":"product_tag","embeddable":true,"href":"https:\/\/tpufabrics.com\/fr\/wp-json\/wp\/v2\/product_tag?post=1654"}],"curies":[{"name":"wp","href":"https:\/\/api.w.org\/{rel}","templated":true}]}}