{"id":1642,"date":"2026-03-12T08:51:46","date_gmt":"2026-03-12T08:51:46","guid":{"rendered":"https:\/\/tpufabrics.com\/?post_type=product&#038;p=1642"},"modified":"2026-03-12T08:52:53","modified_gmt":"2026-03-12T08:52:53","slug":"xl-pvc-coated-70d-nylon-grey","status":"publish","type":"product","link":"https:\/\/tpufabrics.com\/fr\/product\/xl-pvc-coated-70d-nylon-grey\/","title":{"rendered":"XL PVC enduit 70D Nylon-Gris"},"content":{"rendered":"<div data-page-id=\"CbwYdPQtMojsfFxIygNcVyOwnlg\" data-lark-html-role=\"root\" data-docx-has-block-data=\"false\">\n<div class=\"ace-line ace-line old-record-id-U96DdRM9VoNymKxFuttcuvyRnZw\">Tissu en nylon enduit PVC durable et hygi\u00e9nique, con\u00e7u pour les \u00e9quipements m\u00e9dicaux et les environnements de soins de sant\u00e9.<\/div>\n<div class=\"ace-line ace-line old-record-id-PUQCdRUuDomGb6xXC3rcYl5anUh\">Le nylon 70D enduit PVC XL est un tissu m\u00e9dical technique imperm\u00e9able, sp\u00e9cialement con\u00e7u pour les applications o\u00f9 l'hygi\u00e8ne, la durabilit\u00e9 et l'entretien facile sont essentiels. Construit sur une base en nylon solide de 70 deniers et lamin\u00e9 avec un rev\u00eatement en PVC de qualit\u00e9 m\u00e9dicale, ce mat\u00e9riau forme une barri\u00e8re fiable contre les liquides tout en conservant sa flexibilit\u00e9 et sa r\u00e9sistance structurelle.<\/div>\n<div class=\"ace-line ace-line old-record-id-Hbd6dv4DEo7NBdxdUjgc2TkjnPb\">La surface lisse et non poreuse du PVC emp\u00eache la p\u00e9n\u00e9tration des liquides et facilite le nettoyage rapide \u00e0 l'aide de d\u00e9sinfectants hospitaliers courants. Combin\u00e9 \u00e0 son excellente compatibilit\u00e9 avec le soudage \u00e0 haute fr\u00e9quence (HF), ce tissu permet une construction sans couture qui \u00e9limine les trous d'aiguille et contribue \u00e0 maintenir des structures de produits hygi\u00e9niques.<\/div>\n<div class=\"ace-line ace-line old-record-id-Wcmdde3xioAJ5yxByH1cSnTdnZe\">Cette combinaison de protection imperm\u00e9able, de r\u00e9sistance aux produits chimiques et de construction durable rend ce mat\u00e9riau adapt\u00e9 \u00e0 une large gamme de housses pour dispositifs m\u00e9dicaux, de prot\u00e8ge-matelas et de composants d'\u00e9quipements de soins de sant\u00e9.<\/div>\n<\/div>","protected":false},"excerpt":{"rendered":"<p>Durable and hygienic PVC coated nylon fabric designed for medical equipment and healthcare environments. XL PVC Coated 70D Nylon is a technical waterproof medical fabric engineered for applications where hygiene, durability, and easy maintenance are essential. Built on a strong 70-denier nylon base and laminated with a medical-grade PVC coating, this material forms a reliable [&hellip;]<\/p>","protected":false},"featured_media":1399,"comment_status":"open","ping_status":"closed","template":"","meta":{"_acf_changed":false},"product_brand":[],"product_cat":[36],"product_tag":[],"class_list":{"0":"post-1642","1":"product","2":"type-product","3":"status-publish","4":"has-post-thumbnail","6":"product_cat-medical-tpu-fabrics","8":"first","9":"instock","10":"shipping-taxable","11":"product-type-simple"},"acf":[],"_links":{"self":[{"href":"https:\/\/tpufabrics.com\/fr\/wp-json\/wp\/v2\/product\/1642","targetHints":{"allow":["GET"]}}],"collection":[{"href":"https:\/\/tpufabrics.com\/fr\/wp-json\/wp\/v2\/product"}],"about":[{"href":"https:\/\/tpufabrics.com\/fr\/wp-json\/wp\/v2\/types\/product"}],"replies":[{"embeddable":true,"href":"https:\/\/tpufabrics.com\/fr\/wp-json\/wp\/v2\/comments?post=1642"}],"wp:featuredmedia":[{"embeddable":true,"href":"https:\/\/tpufabrics.com\/fr\/wp-json\/wp\/v2\/media\/1399"}],"wp:attachment":[{"href":"https:\/\/tpufabrics.com\/fr\/wp-json\/wp\/v2\/media?parent=1642"}],"wp:term":[{"taxonomy":"product_brand","embeddable":true,"href":"https:\/\/tpufabrics.com\/fr\/wp-json\/wp\/v2\/product_brand?post=1642"},{"taxonomy":"product_cat","embeddable":true,"href":"https:\/\/tpufabrics.com\/fr\/wp-json\/wp\/v2\/product_cat?post=1642"},{"taxonomy":"product_tag","embeddable":true,"href":"https:\/\/tpufabrics.com\/fr\/wp-json\/wp\/v2\/product_tag?post=1642"}],"curies":[{"name":"wp","href":"https:\/\/api.w.org\/{rel}","templated":true}]}}