{"id":941,"date":"2026-03-05T02:46:55","date_gmt":"2026-03-05T02:46:55","guid":{"rendered":"https:\/\/tpufabrics.com\/?page_id=941"},"modified":"2026-03-06T05:37:58","modified_gmt":"2026-03-06T05:37:58","slug":"product-sustainable-tpu-fabrics","status":"publish","type":"page","link":"https:\/\/tpufabrics.com\/fr\/product-sustainable-tpu-fabrics\/","title":{"rendered":"Tissus TPU durables pour produits"},"content":{"rendered":"<div data-elementor-type=\"wp-page\" data-elementor-id=\"941\" class=\"elementor elementor-941\" data-elementor-post-type=\"page\">\n\t\t\t\t<div class=\"elementor-element elementor-element-1a8ecb7 e-flex e-con-boxed e-con e-parent\" data-id=\"1a8ecb7\" data-element_type=\"container\" data-settings=\"{&quot;background_background&quot;:&quot;classic&quot;}\">\n\t\t\t\t\t<div class=\"e-con-inner\">\n\t\t\t\t<div class=\"elementor-element elementor-element-e79f023 elementor-widget elementor-widget-heading\" data-id=\"e79f023\" data-element_type=\"widget\" data-widget_type=\"heading.default\">\n\t\t\t\t\t<h2 class=\"elementor-heading-title elementor-size-default\">Tissus TPU durables<\/h2>\t\t\t\t<\/div>\n\t\t\t\t<div class=\"elementor-element elementor-element-efe1562 elementor-widget elementor-widget-text-editor\" data-id=\"efe1562\" data-element_type=\"widget\" data-widget_type=\"text-editor.default\">\n\t\t\t\t\t\t\t\t\t<p><a href=\"#\">Accueil<\/a> \/Produit\/Tissus TPU durables<\/p>\t\t\t\t\t\t\t\t<\/div>\n\t\t\t\t\t<\/div>\n\t\t\t\t<\/div>\n\t\t<div class=\"elementor-element elementor-element-87e2e2f e-flex e-con-boxed e-con e-parent\" data-id=\"87e2e2f\" data-element_type=\"container\">\n\t\t\t\t\t<div class=\"e-con-inner\">\n\t\t<div class=\"elementor-element elementor-element-c083b8a e-con-full e-flex e-con e-child\" data-id=\"c083b8a\" data-element_type=\"container\">\n\t\t\t\t<div class=\"elementor-element elementor-element-be1ca3f elementor-widget elementor-widget-heading\" data-id=\"be1ca3f\" data-element_type=\"widget\" data-widget_type=\"heading.default\">\n\t\t\t\t\t<h3 class=\"elementor-heading-title elementor-size-default\">Piloter l\u2019avenir de la fabrication responsable<\/h3>\t\t\t\t<\/div>\n\t\t\t\t<div class=\"elementor-element elementor-element-8c284a4 elementor-widget elementor-widget-text-editor\" data-id=\"8c284a4\" data-element_type=\"widget\" data-widget_type=\"text-editor.default\">\n\t\t\t\t\t\t\t\t\t<p>\u00c0 mesure que la prise de conscience environnementale mondiale grandit, la durabilit\u00e9 n\u2019est plus une option, mais une responsabilit\u00e9. Notre s\u00e9rie de tissus TPU durables est con\u00e7ue pour aider votre marque \u00e0 r\u00e9pondre et \u00e0 d\u00e9passer les attentes du march\u00e9 en mati\u00e8re de produits \u00e9cologiques. En utilisant des mat\u00e9riaux recycl\u00e9s post-consommation et post-industriels, ainsi qu\u2019en d\u00e9veloppant des polym\u00e8res biod\u00e9gradables dans des conditions sp\u00e9cifiques, nous vous proposons des mat\u00e9riaux avant-gardistes qui r\u00e9duisent l\u2019impact environnemental tout en conservant la r\u00e9sistance et la durabilit\u00e9 inh\u00e9rentes au TPU.<\/p>\t\t\t\t\t\t\t\t<\/div>\n\t\t\t\t<\/div>\n\t\t<div class=\"elementor-element elementor-element-72b23fd e-con-full e-flex e-con e-child\" data-id=\"72b23fd\" data-element_type=\"container\">\n\t\t<div class=\"elementor-element elementor-element-f3d8ba1 e-con-full e-flex e-con e-child\" data-id=\"f3d8ba1\" data-element_type=\"container\" data-settings=\"{&quot;background_background&quot;:&quot;classic&quot;}\">\n\t\t\t\t<div class=\"elementor-element elementor-element-93eeac2 elementor-widget elementor-widget-heading\" data-id=\"93eeac2\" data-element_type=\"widget\" data-widget_type=\"heading.default\">\n\t\t\t\t\t<h4 class=\"elementor-heading-title elementor-size-default\">Autres produits<\/h4>\t\t\t\t<\/div>\n\t\t\t\t<div class=\"elementor-element elementor-element-71702a2 elementor-widget-divider--view-line elementor-widget elementor-widget-divider\" data-id=\"71702a2\" data-element_type=\"widget\" data-widget_type=\"divider.default\">\n\t\t\t\t\t\t\t<div class=\"elementor-divider\">\n\t\t\t<span class=\"elementor-divider-separator\">\n\t\t\t\t\t\t<\/span>\n\t\t<\/div>\n\t\t\t\t\t\t<\/div>\n\t\t\t\t<div class=\"elementor-element elementor-element-d941827 elementor-icon-list--layout-traditional elementor-list-item-link-full_width elementor-widget elementor-widget-icon-list\" data-id=\"d941827\" data-element_type=\"widget\" data-widget_type=\"icon-list.default\">\n\t\t\t\t\t\t\t<ul class=\"elementor-icon-list-items\">\n\t\t\t\t\t\t\t<li class=\"elementor-icon-list-item\">\n\t\t\t\t\t\t\t\t\t\t\t<a href=\"#\">\n\n\t\t\t\t\t\t\t\t\t\t\t\t<span class=\"elementor-icon-list-icon\">\n\t\t\t\t\t\t\t<i aria-hidden=\"true\" class=\"rtmicon rtmicon-circle-arrow-right\"><\/i>\t\t\t\t\t\t<\/span>\n\t\t\t\t\t\t\t\t\t\t<span class=\"elementor-icon-list-text\">Tissus TPU \u00e9tanches \u00e0 l'air<\/span>\n\t\t\t\t\t\t\t\t\t\t\t<\/a>\n\t\t\t\t\t\t\t\t\t<\/li>\n\t\t\t\t\t\t\t\t<li class=\"elementor-icon-list-item\">\n\t\t\t\t\t\t\t\t\t\t\t<a href=\"#\">\n\n\t\t\t\t\t\t\t\t\t\t\t\t<span class=\"elementor-icon-list-icon\">\n\t\t\t\t\t\t\t<i aria-hidden=\"true\" class=\"rtmicon rtmicon-circle-arrow-right\"><\/i>\t\t\t\t\t\t<\/span>\n\t\t\t\t\t\t\t\t\t\t<span class=\"elementor-icon-list-text\">Tissus TPU industriels<\/span>\n\t\t\t\t\t\t\t\t\t\t\t<\/a>\n\t\t\t\t\t\t\t\t\t<\/li>\n\t\t\t\t\t\t\t\t<li class=\"elementor-icon-list-item\">\n\t\t\t\t\t\t\t\t\t\t\t<a href=\"#\">\n\n\t\t\t\t\t\t\t\t\t\t\t\t<span class=\"elementor-icon-list-icon\">\n\t\t\t\t\t\t\t<i aria-hidden=\"true\" class=\"rtmicon rtmicon-circle-arrow-right\"><\/i>\t\t\t\t\t\t<\/span>\n\t\t\t\t\t\t\t\t\t\t<span class=\"elementor-icon-list-text\">Tissus TPU m\u00e9dicaux<\/span>\n\t\t\t\t\t\t\t\t\t\t\t<\/a>\n\t\t\t\t\t\t\t\t\t<\/li>\n\t\t\t\t\t\t\t\t<li class=\"elementor-icon-list-item\">\n\t\t\t\t\t\t\t\t\t\t\t<a href=\"#\">\n\n\t\t\t\t\t\t\t\t\t\t\t\t<span class=\"elementor-icon-list-icon\">\n\t\t\t\t\t\t\t<i aria-hidden=\"true\" class=\"rtmicon rtmicon-circle-arrow-right\"><\/i>\t\t\t\t\t\t<\/span>\n\t\t\t\t\t\t\t\t\t\t<span class=\"elementor-icon-list-text\">Film TPU<\/span>\n\t\t\t\t\t\t\t\t\t\t\t<\/a>\n\t\t\t\t\t\t\t\t\t<\/li>\n\t\t\t\t\t\t<\/ul>\n\t\t\t\t\t\t<\/div>\n\t\t\t\t<\/div>\n\t\t\t\t<\/div>\n\t\t\t\t\t<\/div>\n\t\t\t\t<\/div>\n\t\t<div class=\"elementor-element elementor-element-5e87566 e-flex e-con-boxed e-con e-parent\" data-id=\"5e87566\" data-element_type=\"container\">\n\t\t\t\t\t<div class=\"e-con-inner\">\n\t\t<div class=\"elementor-element elementor-element-5a11782 e-con-full e-flex e-con e-child\" data-id=\"5a11782\" data-element_type=\"container\">\n\t\t\t\t<div class=\"elementor-element elementor-element-d68475a elementor-widget elementor-widget-text-editor\" data-id=\"d68475a\" data-element_type=\"widget\" data-widget_type=\"text-editor.default\">\n\t\t\t\t\t\t\t\t\t<p><strong><b>Collections de produits<\/b><\/strong><\/p>\t\t\t\t\t\t\t\t<\/div>\n\t\t<div class=\"elementor-element elementor-element-81a6481 e-con-full e-flex e-con e-child\" data-id=\"81a6481\" data-element_type=\"container\" data-settings=\"{&quot;background_background&quot;:&quot;classic&quot;}\">\n\t\t\t\t<\/div>\n\t\t\t\t<\/div>\n\t\t<div class=\"elementor-element elementor-element-1de1069 e-con-full e-flex e-con e-child\" data-id=\"1de1069\" data-element_type=\"container\">\n\t\t<div class=\"elementor-element elementor-element-78a759c e-con-full e-flex e-con e-child\" data-id=\"78a759c\" data-element_type=\"container\">\n\t\t\t\t<div class=\"elementor-element elementor-element-de7f777 elementor-widget elementor-widget-text-editor\" data-id=\"de7f777\" data-element_type=\"widget\" data-widget_type=\"text-editor.default\">\n\t\t\t\t\t\t\t\t\t<p><strong>Tissus TPU recycl\u00e9s<\/strong><\/p>\t\t\t\t\t\t\t\t<\/div>\n\t\t\t\t<div class=\"elementor-element elementor-element-5b3a29f elementor-widget elementor-widget-text-editor\" data-id=\"5b3a29f\" data-element_type=\"widget\" data-widget_type=\"text-editor.default\">\n\t\t\t\t\t\t\t\t\t<p>Cette s\u00e9rie de tissus contient un pourcentage \u00e9lev\u00e9 de TPU recycl\u00e9 post-consommation ou post-industriel, con\u00e7ue pour r\u00e9duire la d\u00e9pendance aux ressources vierges et diminuer significativement l'empreinte carbone d'un produit. Chaque m\u00e8tre repr\u00e9sente une contribution \u00e0 l'\u00e9conomie circulaire.<\/p>\t\t\t\t\t\t\t\t<\/div>\n\t\t<div class=\"elementor-element elementor-element-7cbd59f e-con-full e-flex e-con e-child\" data-id=\"7cbd59f\" data-element_type=\"container\">\n\t\t\t\t<div class=\"elementor-element elementor-element-2d562c1 elementor-widget__width-initial elementor-widget elementor-widget-text-editor\" data-id=\"2d562c1\" data-element_type=\"widget\" data-widget_type=\"text-editor.default\">\n\t\t\t\t\t\t\t\t\t<p>Teneur \u00e9lev\u00e9e en mati\u00e8res recycl\u00e9es<\/p>\t\t\t\t\t\t\t\t<\/div>\n\t\t\t\t<div class=\"elementor-element elementor-element-0c40d4b elementor-widget__width-initial elementor-widget elementor-widget-text-editor\" data-id=\"0c40d4b\" data-element_type=\"widget\" data-widget_type=\"text-editor.default\">\n\t\t\t\t\t\t\t\t\t<p>Empreinte carbone r\u00e9duite<\/p>\t\t\t\t\t\t\t\t<\/div>\n\t\t\t\t<div class=\"elementor-element elementor-element-9aa53d7 elementor-widget__width-initial elementor-widget elementor-widget-text-editor\" data-id=\"9aa53d7\" data-element_type=\"widget\" data-widget_type=\"text-editor.default\">\n\t\t\t\t\t\t\t\t\t<p>Performance constante<\/p>\t\t\t\t\t\t\t\t<\/div>\n\t\t\t\t<\/div>\n\t\t\t\t<div class=\"elementor-element elementor-element-7da4ffd elementor-widget elementor-widget-text-editor\" data-id=\"7da4ffd\" data-element_type=\"widget\" data-widget_type=\"text-editor.default\">\n\t\t\t\t\t\t\t\t\t<p><strong>Application typique : <\/strong>Sacs \u00e0 dos \u00e9co-conscients, accessoires pour \u00e9quipements de plein air<\/p>\t\t\t\t\t\t\t\t<\/div>\n\t\t<div class=\"elementor-element elementor-element-404be94 e-con-full e-flex e-con e-child\" data-id=\"404be94\" data-element_type=\"container\">\n\t\t\t\t<div class=\"elementor-element elementor-element-9e0bb44 elementor-widget__width-initial animated-slow elementor-invisible elementor-widget elementor-widget-rkit_image_box\" data-id=\"9e0bb44\" data-element_type=\"widget\" data-settings=\"{&quot;_animation&quot;:&quot;fadeInLeft&quot;}\" data-widget_type=\"rkit_image_box.default\">\n\t\t\t\t<div class=\"elementor-widget-container\">\n\t\t\t\t\t        <div class=\"rkit-image_box rkit-image_box__def-card\">\r\n\r\n            <div class=\"rkit-image_box-card\">\r\n                <div class=\"rkit-image_box__img\">\r\n                    <img fetchpriority=\"high\" decoding=\"async\" width=\"900\" height=\"900\" src=\"https:\/\/tpufabrics.com\/wp-content\/uploads\/2026\/01\/Project-Image-1.jpg\" class=\"attachment-full size-full wp-image-44\" alt=\"\" srcset=\"https:\/\/tpufabrics.com\/wp-content\/uploads\/2026\/01\/Project-Image-1.jpg 900w, https:\/\/tpufabrics.com\/wp-content\/uploads\/2026\/01\/Project-Image-1-300x300.jpg 300w, https:\/\/tpufabrics.com\/wp-content\/uploads\/2026\/01\/Project-Image-1-100x100.jpg 100w, https:\/\/tpufabrics.com\/wp-content\/uploads\/2026\/01\/Project-Image-1-600x600.jpg 600w, https:\/\/tpufabrics.com\/wp-content\/uploads\/2026\/01\/Project-Image-1-150x150.jpg 150w, https:\/\/tpufabrics.com\/wp-content\/uploads\/2026\/01\/Project-Image-1-768x768.jpg 768w\" sizes=\"(max-width: 900px) 100vw, 900px\" \/>                <\/div>\r\n\r\n\r\n\r\n                <div class=\"rkit-image_box_det def-card\">\r\n                    <div class=\"rkit-image_box__detail def-detail\">\r\n\r\n                        <div class=\"rkit-container-top\">\r\n                            <div class=\"left\">\r\n                                                            <\/div>\r\n\r\n                            \r\n                        <\/div>\r\n                        <h4 class=\"rkit-image_box__title\">Tissu de coton<\/h4>\r\n                        <div class=\"image-box-item-desc  def-card-desc-ext\">\r\n                            <span class=\"rkit-image_box__description\"><\/span>\r\n                                                                <div class=\"rkit-readmore-imagebox-div\">\r\n                                        <a  class=\"rkit-readmore-imagebox-btn\" type=\"button\">\r\n                                            <i aria-hidden=\"true\" class=\"rkit-icon-readmore-ib rtmicon rtmicon-circle-arrow-right\"><\/i>                                            EN SAVOIR PLUS                                        <\/a>\r\n                                    <\/div>\r\n                                                    <\/div>\r\n                    <\/div>\r\n                <\/div>\r\n\r\n                <div class=\"\"><\/div>\r\n            <\/div>\r\n        <\/div>\r\n\t\t\t\t<\/div>\n\t\t\t\t<\/div>\n\t\t\t\t<\/div>\n\t\t\t\t<\/div>\n\t\t<div class=\"elementor-element elementor-element-abd526f e-con-full e-flex e-con e-child\" data-id=\"abd526f\" data-element_type=\"container\">\n\t\t\t\t<div class=\"elementor-element elementor-element-d5852c8 elementor-widget elementor-widget-image\" data-id=\"d5852c8\" data-element_type=\"widget\" data-widget_type=\"image.default\">\n\t\t\t\t\t\t\t\t\t\t\t\t\t\t\t<img decoding=\"async\" width=\"800\" height=\"534\" src=\"https:\/\/tpufabrics.com\/wp-content\/uploads\/2026\/03\/Recycled-TPU-Fabrics-1024x683.png\" class=\"attachment-large size-large wp-image-950\" alt=\"\" srcset=\"https:\/\/tpufabrics.com\/wp-content\/uploads\/2026\/03\/Recycled-TPU-Fabrics-1024x683.png 1024w, https:\/\/tpufabrics.com\/wp-content\/uploads\/2026\/03\/Recycled-TPU-Fabrics-600x400.png 600w, https:\/\/tpufabrics.com\/wp-content\/uploads\/2026\/03\/Recycled-TPU-Fabrics-300x200.png 300w, https:\/\/tpufabrics.com\/wp-content\/uploads\/2026\/03\/Recycled-TPU-Fabrics-768x512.png 768w, https:\/\/tpufabrics.com\/wp-content\/uploads\/2026\/03\/Recycled-TPU-Fabrics-1536x1024.png 1536w, https:\/\/tpufabrics.com\/wp-content\/uploads\/2026\/03\/Recycled-TPU-Fabrics-2048x1365.png 2048w\" sizes=\"(max-width: 800px) 100vw, 800px\" \/>\t\t\t\t\t\t\t\t\t\t\t\t\t\t\t<\/div>\n\t\t\t\t<\/div>\n\t\t\t\t<\/div>\n\t\t\t\t\t<\/div>\n\t\t\t\t<\/div>\n\t\t<div class=\"elementor-element elementor-element-53d5b8c e-flex e-con-boxed e-con e-parent\" data-id=\"53d5b8c\" data-element_type=\"container\">\n\t\t\t\t\t<div class=\"e-con-inner\">\n\t\t<div class=\"elementor-element elementor-element-1336894 e-con-full e-flex e-con e-child\" data-id=\"1336894\" data-element_type=\"container\">\n\t\t<div class=\"elementor-element elementor-element-4d64181 e-con-full e-flex e-con e-child\" data-id=\"4d64181\" data-element_type=\"container\" data-settings=\"{&quot;background_background&quot;:&quot;classic&quot;}\">\n\t\t\t\t<\/div>\n\t\t\t\t<\/div>\n\t\t<div class=\"elementor-element elementor-element-a02c15f e-con-full e-flex e-con e-child\" data-id=\"a02c15f\" data-element_type=\"container\">\n\t\t<div class=\"elementor-element elementor-element-47e4415 e-con-full e-flex e-con e-child\" data-id=\"47e4415\" data-element_type=\"container\">\n\t\t\t\t<div class=\"elementor-element elementor-element-03aee9c elementor-widget elementor-widget-image\" data-id=\"03aee9c\" data-element_type=\"widget\" data-widget_type=\"image.default\">\n\t\t\t\t\t\t\t\t\t\t\t\t\t\t\t<img decoding=\"async\" width=\"800\" height=\"537\" src=\"https:\/\/tpufabrics.com\/wp-content\/uploads\/2026\/03\/GRS-Certified-Fabrics-1024x687.png\" class=\"attachment-large size-large wp-image-951\" alt=\"\" srcset=\"https:\/\/tpufabrics.com\/wp-content\/uploads\/2026\/03\/GRS-Certified-Fabrics-1024x687.png 1024w, https:\/\/tpufabrics.com\/wp-content\/uploads\/2026\/03\/GRS-Certified-Fabrics-600x403.png 600w, https:\/\/tpufabrics.com\/wp-content\/uploads\/2026\/03\/GRS-Certified-Fabrics-300x201.png 300w, https:\/\/tpufabrics.com\/wp-content\/uploads\/2026\/03\/GRS-Certified-Fabrics-768x515.png 768w, https:\/\/tpufabrics.com\/wp-content\/uploads\/2026\/03\/GRS-Certified-Fabrics.png 1264w\" sizes=\"(max-width: 800px) 100vw, 800px\" \/>\t\t\t\t\t\t\t\t\t\t\t\t\t\t\t<\/div>\n\t\t\t\t<\/div>\n\t\t<div class=\"elementor-element elementor-element-d6b5cd2 e-con-full e-flex e-con e-child\" data-id=\"d6b5cd2\" data-element_type=\"container\">\n\t\t\t\t<div class=\"elementor-element elementor-element-2923974 elementor-widget elementor-widget-text-editor\" data-id=\"2923974\" data-element_type=\"widget\" data-widget_type=\"text-editor.default\">\n\t\t\t\t\t\t\t\t\t<p><strong>Tissus certifi\u00e9s GRS<\/strong><\/p>\t\t\t\t\t\t\t\t<\/div>\n\t\t\t\t<div class=\"elementor-element elementor-element-a29efc4 elementor-widget elementor-widget-text-editor\" data-id=\"a29efc4\" data-element_type=\"widget\" data-widget_type=\"text-editor.default\">\n\t\t\t\t\t\t\t\t\t<p>Apportant une validation officielle \u00e0 votre engagement environnemental. Cette s\u00e9rie de tissus est certifi\u00e9e par le Global Recycled Standard (GRS), garantissant que son contenu recycl\u00e9, sa cha\u00eene de tra\u00e7abilit\u00e9, sa responsabilit\u00e9 sociale et ses pratiques environnementales respectent les normes internationales les plus strictes, offrant ainsi une revendication de durabilit\u00e9 totalement transparente et tra\u00e7able pour votre produit.<\/p>\t\t\t\t\t\t\t\t<\/div>\n\t\t<div class=\"elementor-element elementor-element-cba36c8 e-con-full e-flex e-con e-child\" data-id=\"cba36c8\" data-element_type=\"container\">\n\t\t\t\t<div class=\"elementor-element elementor-element-e0898d1 elementor-widget__width-initial elementor-widget elementor-widget-text-editor\" data-id=\"e0898d1\" data-element_type=\"widget\" data-widget_type=\"text-editor.default\">\n\t\t\t\t\t\t\t\t\t<p>Certifi\u00e9 GRS<\/p>\t\t\t\t\t\t\t\t<\/div>\n\t\t\t\t<div class=\"elementor-element elementor-element-a7a0611 elementor-widget__width-initial elementor-widget elementor-widget-text-editor\" data-id=\"a7a0611\" data-element_type=\"widget\" data-widget_type=\"text-editor.default\">\n\t\t\t\t\t\t\t\t\t<p>Cha\u00eene de tra\u00e7abilit\u00e9 compl\u00e8te<\/p>\t\t\t\t\t\t\t\t<\/div>\n\t\t\t\t<div class=\"elementor-element elementor-element-4d90921 elementor-widget__width-initial elementor-widget elementor-widget-text-editor\" data-id=\"4d90921\" data-element_type=\"widget\" data-widget_type=\"text-editor.default\">\n\t\t\t\t\t\t\t\t\t<p>Revendications \u00e9cologiques v\u00e9rifiables<\/p>\t\t\t\t\t\t\t\t<\/div>\n\t\t\t\t<\/div>\n\t\t\t\t<div class=\"elementor-element elementor-element-625ddd1 elementor-widget elementor-widget-text-editor\" data-id=\"625ddd1\" data-element_type=\"widget\" data-widget_type=\"text-editor.default\">\n\t\t\t\t\t\t\t\t\t<p><strong>Application typique : <\/strong>Tout produit n\u00e9cessitant des preuves d\u2019\u00e9co-qualit\u00e9s<\/p>\t\t\t\t\t\t\t\t<\/div>\n\t\t<div class=\"elementor-element elementor-element-aba49b0 e-con-full e-flex e-con e-child\" data-id=\"aba49b0\" data-element_type=\"container\">\n\t\t\t\t<div class=\"elementor-element elementor-element-276ae84 elementor-widget__width-initial animated-slow elementor-invisible elementor-widget elementor-widget-rkit_image_box\" data-id=\"276ae84\" data-element_type=\"widget\" data-settings=\"{&quot;_animation&quot;:&quot;fadeInLeft&quot;}\" data-widget_type=\"rkit_image_box.default\">\n\t\t\t\t<div class=\"elementor-widget-container\">\n\t\t\t\t\t        <div class=\"rkit-image_box rkit-image_box__def-card\">\r\n\r\n            <div class=\"rkit-image_box-card\">\r\n                <div class=\"rkit-image_box__img\">\r\n                    <img fetchpriority=\"high\" decoding=\"async\" width=\"900\" height=\"900\" src=\"https:\/\/tpufabrics.com\/wp-content\/uploads\/2026\/01\/Project-Image-1.jpg\" class=\"attachment-full size-full wp-image-44\" alt=\"\" srcset=\"https:\/\/tpufabrics.com\/wp-content\/uploads\/2026\/01\/Project-Image-1.jpg 900w, https:\/\/tpufabrics.com\/wp-content\/uploads\/2026\/01\/Project-Image-1-300x300.jpg 300w, https:\/\/tpufabrics.com\/wp-content\/uploads\/2026\/01\/Project-Image-1-100x100.jpg 100w, https:\/\/tpufabrics.com\/wp-content\/uploads\/2026\/01\/Project-Image-1-600x600.jpg 600w, https:\/\/tpufabrics.com\/wp-content\/uploads\/2026\/01\/Project-Image-1-150x150.jpg 150w, https:\/\/tpufabrics.com\/wp-content\/uploads\/2026\/01\/Project-Image-1-768x768.jpg 768w\" sizes=\"(max-width: 900px) 100vw, 900px\" \/>                <\/div>\r\n\r\n\r\n\r\n                <div class=\"rkit-image_box_det def-card\">\r\n                    <div class=\"rkit-image_box__detail def-detail\">\r\n\r\n                        <div class=\"rkit-container-top\">\r\n                            <div class=\"left\">\r\n                                                            <\/div>\r\n\r\n                            \r\n                        <\/div>\r\n                        <h4 class=\"rkit-image_box__title\">Tissu de coton<\/h4>\r\n                        <div class=\"image-box-item-desc  def-card-desc-ext\">\r\n                            <span class=\"rkit-image_box__description\"><\/span>\r\n                                                                <div class=\"rkit-readmore-imagebox-div\">\r\n                                        <a  class=\"rkit-readmore-imagebox-btn\" type=\"button\">\r\n                                            <i aria-hidden=\"true\" class=\"rkit-icon-readmore-ib rtmicon rtmicon-circle-arrow-right\"><\/i>                                            EN SAVOIR PLUS                                        <\/a>\r\n                                    <\/div>\r\n                                                    <\/div>\r\n                    <\/div>\r\n                <\/div>\r\n\r\n                <div class=\"\"><\/div>\r\n            <\/div>\r\n        <\/div>\r\n\t\t\t\t<\/div>\n\t\t\t\t<\/div>\n\t\t\t\t<\/div>\n\t\t\t\t<\/div>\n\t\t\t\t<\/div>\n\t\t\t\t\t<\/div>\n\t\t\t\t<\/div>\n\t\t\t\t<\/div>","protected":false},"excerpt":{"rendered":"<p>Sustainable TPU Fabrics Home \/Product\/Sustainable TPU Fabrics Leading the Future of Responsible Manufacturing As global environmental awareness grows, sustainability is no longer an option, but a responsibility. Our sustainable TPU fabric series is designed to help your brand meet and exceed market expectations for eco-friendly products. By utilizing post-consumer and post-industrial recycled materials, and developing [&hellip;]<\/p>","protected":false},"author":1,"featured_media":0,"parent":0,"menu_order":0,"comment_status":"closed","ping_status":"closed","template":"","meta":{"_acf_changed":false,"footnotes":""},"class_list":["post-941","page","type-page","status-publish","hentry"],"acf":[],"_hostinger_reach_plugin_has_subscription_block":false,"_hostinger_reach_plugin_is_elementor":false,"_links":{"self":[{"href":"https:\/\/tpufabrics.com\/fr\/wp-json\/wp\/v2\/pages\/941","targetHints":{"allow":["GET"]}}],"collection":[{"href":"https:\/\/tpufabrics.com\/fr\/wp-json\/wp\/v2\/pages"}],"about":[{"href":"https:\/\/tpufabrics.com\/fr\/wp-json\/wp\/v2\/types\/page"}],"author":[{"embeddable":true,"href":"https:\/\/tpufabrics.com\/fr\/wp-json\/wp\/v2\/users\/1"}],"replies":[{"embeddable":true,"href":"https:\/\/tpufabrics.com\/fr\/wp-json\/wp\/v2\/comments?post=941"}],"version-history":[{"count":10,"href":"https:\/\/tpufabrics.com\/fr\/wp-json\/wp\/v2\/pages\/941\/revisions"}],"predecessor-version":[{"id":1222,"href":"https:\/\/tpufabrics.com\/fr\/wp-json\/wp\/v2\/pages\/941\/revisions\/1222"}],"wp:attachment":[{"href":"https:\/\/tpufabrics.com\/fr\/wp-json\/wp\/v2\/media?parent=941"}],"curies":[{"name":"wp","href":"https:\/\/api.w.org\/{rel}","templated":true}]}}