{"id":109,"date":"2026-01-19T02:43:47","date_gmt":"2026-01-19T02:43:47","guid":{"rendered":"https:\/\/tpufabrics.com\/?page_id=109"},"modified":"2026-03-10T07:22:49","modified_gmt":"2026-03-10T07:22:49","slug":"faq","status":"publish","type":"page","link":"https:\/\/tpufabrics.com\/fr\/faq\/","title":{"rendered":"FAQ"},"content":{"rendered":"<div data-elementor-type=\"wp-page\" data-elementor-id=\"109\" class=\"elementor elementor-109\" data-elementor-post-type=\"page\">\n\t\t\t\t<div class=\"elementor-element elementor-element-6293155c e-flex e-con-boxed e-con e-parent\" data-id=\"6293155c\" data-element_type=\"container\" data-e-type=\"container\" data-settings=\"{&quot;background_background&quot;:&quot;classic&quot;}\">\n\t\t\t\t\t<div class=\"e-con-inner\">\n\t\t\t\t<div class=\"elementor-element elementor-element-2874174f elementor-widget elementor-widget-heading\" data-id=\"2874174f\" data-element_type=\"widget\" data-e-type=\"widget\" data-widget_type=\"heading.default\">\n\t\t\t\t\t<h1 class=\"elementor-heading-title elementor-size-default\">Questions fr\u00e9quemment pos\u00e9es<\/h1>\t\t\t\t<\/div>\n\t\t\t\t<div class=\"elementor-element elementor-element-4a8b617e elementor-widget elementor-widget-text-editor\" data-id=\"4a8b617e\" data-element_type=\"widget\" data-e-type=\"widget\" data-widget_type=\"text-editor.default\">\n\t\t\t\t\t\t\t\t\t<p><a href=\"#\">Accueil<\/a> \/ FAQ<\/p>\t\t\t\t\t\t\t\t<\/div>\n\t\t\t\t\t<\/div>\n\t\t\t\t<\/div>\n\t\t<div class=\"elementor-element elementor-element-3f7a8abc e-flex e-con-boxed e-con e-parent\" data-id=\"3f7a8abc\" data-element_type=\"container\" data-e-type=\"container\">\n\t\t\t\t\t<div class=\"e-con-inner\">\n\t\t<div class=\"elementor-element elementor-element-73770fbd e-con-full e-flex e-con e-child\" data-id=\"73770fbd\" data-element_type=\"container\" data-e-type=\"container\">\n\t\t<div class=\"elementor-element elementor-element-6db07b89 e-con-full e-flex e-con e-child\" data-id=\"6db07b89\" data-element_type=\"container\" data-e-type=\"container\">\n\t\t\t\t<div class=\"elementor-element elementor-element-7bcd82e8 elementor-widget elementor-widget-heading\" data-id=\"7bcd82e8\" data-element_type=\"widget\" data-e-type=\"widget\" data-widget_type=\"heading.default\">\n\t\t\t\t\t<div class=\"elementor-heading-title elementor-size-default\">FAQ<\/div>\t\t\t\t<\/div>\n\t\t<div class=\"elementor-element elementor-element-29e65b65 e-con-full e-flex e-con e-child\" data-id=\"29e65b65\" data-element_type=\"container\" data-e-type=\"container\">\n\t\t\t\t<div class=\"elementor-element elementor-element-7f51b5ef animated-slow elementor-invisible elementor-widget elementor-widget-heading\" data-id=\"7f51b5ef\" data-element_type=\"widget\" data-e-type=\"widget\" data-settings=\"{&quot;_animation&quot;:&quot;fadeInUp&quot;}\" data-widget_type=\"heading.default\">\n\t\t\t\t\t<h2 class=\"elementor-heading-title elementor-size-default\">Question pr\u00e9f\u00e9r\u00e9e<\/h2>\t\t\t\t<\/div>\n\t\t\t\t<\/div>\n\t\t\t\t<\/div>\n\t\t<div class=\"elementor-element elementor-element-792b8550 e-con-full e-flex e-con e-child\" data-id=\"792b8550\" data-element_type=\"container\" data-e-type=\"container\">\n\t\t\t\t<\/div>\n\t\t\t\t<\/div>\n\t\t<div class=\"elementor-element elementor-element-347e4ef2 e-con-full e-flex e-con e-child\" data-id=\"347e4ef2\" data-element_type=\"container\" data-e-type=\"container\">\n\t\t\t\t<div class=\"elementor-element elementor-element-2df5d86 animated-slow elementor-invisible elementor-widget elementor-widget-n-accordion\" data-id=\"2df5d86\" data-element_type=\"widget\" data-e-type=\"widget\" data-settings=\"{&quot;_animation&quot;:&quot;fadeInLeft&quot;,&quot;default_state&quot;:&quot;expanded&quot;,&quot;max_items_expended&quot;:&quot;one&quot;,&quot;n_accordion_animation_duration&quot;:{&quot;unit&quot;:&quot;ms&quot;,&quot;size&quot;:400,&quot;sizes&quot;:[]}}\" data-widget_type=\"nested-accordion.default\">\n\t\t\t\t\t\t\t<div class=\"e-n-accordion\" aria-label=\"Accord\u00e9on. Ouvrez les liens avec Enter ou Espace, fermez-les avec \u00c9chap, et naviguez avec les fl\u00e8ches directionnelles\">\n\t\t\t\t\t\t<details id=\"e-n-accordion-item-4810\" class=\"e-n-accordion-item\" open>\n\t\t\t\t<summary class=\"e-n-accordion-item-title\" data-accordion-index=\"1\" tabindex=\"0\" aria-expanded=\"true\" aria-controls=\"e-n-accordion-item-4810\" >\n\t\t\t\t\t<span class='e-n-accordion-item-title-header'><div class=\"e-n-accordion-item-title-text\">  Pouvez-vous personnaliser le tissu de base et l'\u00e9paisseur du rev\u00eatement selon nos besoins sp\u00e9cifiques ? <\/div><\/span>\n\t\t\t\t\t\t\t<span class='e-n-accordion-item-title-icon'>\n\t\t\t<span class='e-opened' ><i aria-hidden=\"true\" class=\"rtmicon rtmicon-circle-arrow-up\"><\/i><\/span>\n\t\t\t<span class='e-closed'><i aria-hidden=\"true\" class=\"rtmicon rtmicon-circle-arrow-down\"><\/i><\/span>\n\t\t<\/span>\n\n\t\t\t\t\t\t<\/summary>\n\t\t\t\t<div role=\"region\" aria-labelledby=\"e-n-accordion-item-4810\" class=\"elementor-element elementor-element-421b542b e-con-full e-flex e-con e-child\" data-id=\"421b542b\" data-element_type=\"container\" data-e-type=\"container\">\n\t\t\t\t<div class=\"elementor-element elementor-element-d9ccfc2 elementor-widget elementor-widget-text-editor\" data-id=\"d9ccfc2\" data-element_type=\"widget\" data-e-type=\"widget\" data-widget_type=\"text-editor.default\">\n\t\t\t\t\t\t\t\t\t<p>Absolument. En tant que fabricant direct, nous proposons une personnalisation compl\u00e8te. Vous pouvez choisir parmi des substrats en nylon haute t\u00e9nacit\u00e9, en polyester ou recycl\u00e9s, et nous pouvons ajuster l'\u00e9paisseur du film TPU\/PVC, le poids total (GSM) ainsi que la couleur (Pantone) pour r\u00e9pondre aux exigences techniques de votre projet.<\/p>\t\t\t\t\t\t\t\t<\/div>\n\t\t\t\t<\/div>\n\t\t\t\t\t<\/details>\n\t\t\t\t\t\t<details id=\"e-n-accordion-item-4811\" class=\"e-n-accordion-item\" >\n\t\t\t\t<summary class=\"e-n-accordion-item-title\" data-accordion-index=\"2\" tabindex=\"-1\" aria-expanded=\"false\" aria-controls=\"e-n-accordion-item-4811\" >\n\t\t\t\t\t<span class='e-n-accordion-item-title-header'><div class=\"e-n-accordion-item-title-text\"> Vos mat\u00e9riaux respectent-ils les normes internationales en mati\u00e8re d'environnement et de s\u00e9curit\u00e9 ? <\/div><\/span>\n\t\t\t\t\t\t\t<span class='e-n-accordion-item-title-icon'>\n\t\t\t<span class='e-opened' ><i aria-hidden=\"true\" class=\"rtmicon rtmicon-circle-arrow-up\"><\/i><\/span>\n\t\t\t<span class='e-closed'><i aria-hidden=\"true\" class=\"rtmicon rtmicon-circle-arrow-down\"><\/i><\/span>\n\t\t<\/span>\n\n\t\t\t\t\t\t<\/summary>\n\t\t\t\t<div role=\"region\" aria-labelledby=\"e-n-accordion-item-4811\" class=\"elementor-element elementor-element-2d26b126 e-con-full e-flex e-con e-child\" data-id=\"2d26b126\" data-element_type=\"container\" data-e-type=\"container\">\n\t\t\t\t<div class=\"elementor-element elementor-element-4302c7d1 elementor-widget elementor-widget-text-editor\" data-id=\"4302c7d1\" data-element_type=\"widget\" data-e-type=\"widget\" data-widget_type=\"text-editor.default\">\n\t\t\t\t\t\t\t\t\t<p>\u00a0Oui. Notre usine est certifi\u00e9e ISO 9001, ISO 14001 et ISO 45001. Nos produits sont con\u00e7us pour r\u00e9pondre aux normes mondiales, notamment REACH, RoHS et GRS (Global Recycled Standard). Nous proposons \u00e9galement des options biocompatibles pour les applications de qualit\u00e9 m\u00e9dicale.<\/p>\t\t\t\t\t\t\t\t<\/div>\n\t\t\t\t<\/div>\n\t\t\t\t\t<\/details>\n\t\t\t\t\t\t<details id=\"e-n-accordion-item-4812\" class=\"e-n-accordion-item\" >\n\t\t\t\t<summary class=\"e-n-accordion-item-title\" data-accordion-index=\"3\" tabindex=\"-1\" aria-expanded=\"false\" aria-controls=\"e-n-accordion-item-4812\" >\n\t\t\t\t\t<span class='e-n-accordion-item-title-header'><div class=\"e-n-accordion-item-title-text\"> Comment vos tissus TPU se comportent-ils dans des conditions environnementales extr\u00eames ? <\/div><\/span>\n\t\t\t\t\t\t\t<span class='e-n-accordion-item-title-icon'>\n\t\t\t<span class='e-opened' ><i aria-hidden=\"true\" class=\"rtmicon rtmicon-circle-arrow-up\"><\/i><\/span>\n\t\t\t<span class='e-closed'><i aria-hidden=\"true\" class=\"rtmicon rtmicon-circle-arrow-down\"><\/i><\/span>\n\t\t<\/span>\n\n\t\t\t\t\t\t<\/summary>\n\t\t\t\t<div role=\"region\" aria-labelledby=\"e-n-accordion-item-4812\" class=\"elementor-element elementor-element-55842907 e-con-full e-flex e-con e-child\" data-id=\"55842907\" data-element_type=\"container\" data-e-type=\"container\">\n\t\t\t\t<div class=\"elementor-element elementor-element-7e436bf7 elementor-widget elementor-widget-text-editor\" data-id=\"7e436bf7\" data-element_type=\"widget\" data-e-type=\"widget\" data-widget_type=\"text-editor.default\">\n\t\t\t\t\t\t\t\t\t<p>Nos tissus TPU sont con\u00e7us pour une fiabilit\u00e9 essentielle \u00e0 la mission. Ils offrent une excellente flexibilit\u00e9 \u00e0 basse temp\u00e9rature (jusqu'\u00e0 -40\u00b0C), une r\u00e9sistance sup\u00e9rieure aux UV, une grande r\u00e9sistance \u00e0 l'hydrolyse ainsi qu'une \u00e9tanch\u00e9it\u00e9 \u00e0 l'air et \u00e0 l'eau, ce qui les rend id\u00e9aux pour les environnements ext\u00e9rieurs et marins.<\/p><p>\u00a0<\/p>\t\t\t\t\t\t\t\t<\/div>\n\t\t\t\t<\/div>\n\t\t\t\t\t<\/details>\n\t\t\t\t\t<\/div>\n\t\t\t\t\t\t<\/div>\n\t\t\t\t<div class=\"elementor-element elementor-element-58a19e58 animated-slow elementor-invisible elementor-widget elementor-widget-n-accordion\" data-id=\"58a19e58\" data-element_type=\"widget\" data-e-type=\"widget\" data-settings=\"{&quot;_animation&quot;:&quot;fadeInRight&quot;,&quot;default_state&quot;:&quot;expanded&quot;,&quot;max_items_expended&quot;:&quot;one&quot;,&quot;n_accordion_animation_duration&quot;:{&quot;unit&quot;:&quot;ms&quot;,&quot;size&quot;:400,&quot;sizes&quot;:[]}}\" data-widget_type=\"nested-accordion.default\">\n\t\t\t\t\t\t\t<div class=\"e-n-accordion\" aria-label=\"Accord\u00e9on. Ouvrez les liens avec Enter ou Espace, fermez-les avec \u00c9chap, et naviguez avec les fl\u00e8ches directionnelles\">\n\t\t\t\t\t\t<details id=\"e-n-accordion-item-1480\" class=\"e-n-accordion-item\" open>\n\t\t\t\t<summary class=\"e-n-accordion-item-title\" data-accordion-index=\"1\" tabindex=\"0\" aria-expanded=\"true\" aria-controls=\"e-n-accordion-item-1480\" >\n\t\t\t\t\t<span class='e-n-accordion-item-title-header'><div class=\"e-n-accordion-item-title-text\">  Quel est votre d\u00e9lai de livraison typique pour la production personnalis\u00e9e et l'\u00e9chantillonnage ? <\/div><\/span>\n\t\t\t\t\t\t\t<span class='e-n-accordion-item-title-icon'>\n\t\t\t<span class='e-opened' ><i aria-hidden=\"true\" class=\"rtmicon rtmicon-circle-arrow-up\"><\/i><\/span>\n\t\t\t<span class='e-closed'><i aria-hidden=\"true\" class=\"rtmicon rtmicon-circle-arrow-down\"><\/i><\/span>\n\t\t<\/span>\n\n\t\t\t\t\t\t<\/summary>\n\t\t\t\t<div role=\"region\" aria-labelledby=\"e-n-accordion-item-1480\" class=\"elementor-element elementor-element-6b67a208 e-con-full e-flex e-con e-child\" data-id=\"6b67a208\" data-element_type=\"container\" data-e-type=\"container\">\n\t\t\t\t<div class=\"elementor-element elementor-element-c26a9c9 elementor-widget elementor-widget-text-editor\" data-id=\"c26a9c9\" data-element_type=\"widget\" data-e-type=\"widget\" data-widget_type=\"text-editor.default\">\n\t\t\t\t\t\t\t\t\t<p>Pour les \u00e9chantillons en stock, nous pouvons exp\u00e9dier dans un d\u00e9lai de 24 \u00e0 48 heures. Pour les commandes de production personnalis\u00e9e, le d\u00e9lai varie g\u00e9n\u00e9ralement de 15 \u00e0 25 jours, selon la complexit\u00e9 des sp\u00e9cifications et notre calendrier de production actuel.<\/p>\t\t\t\t\t\t\t\t<\/div>\n\t\t\t\t<\/div>\n\t\t\t\t\t<\/details>\n\t\t\t\t\t\t<details id=\"e-n-accordion-item-1481\" class=\"e-n-accordion-item\" >\n\t\t\t\t<summary class=\"e-n-accordion-item-title\" data-accordion-index=\"2\" tabindex=\"-1\" aria-expanded=\"false\" aria-controls=\"e-n-accordion-item-1481\" >\n\t\t\t\t\t<span class='e-n-accordion-item-title-header'><div class=\"e-n-accordion-item-title-text\"> Quelle est la quantit\u00e9 minimale de commande (MOQ) pour les commandes personnalis\u00e9es ? <\/div><\/span>\n\t\t\t\t\t\t\t<span class='e-n-accordion-item-title-icon'>\n\t\t\t<span class='e-opened' ><i aria-hidden=\"true\" class=\"rtmicon rtmicon-circle-arrow-up\"><\/i><\/span>\n\t\t\t<span class='e-closed'><i aria-hidden=\"true\" class=\"rtmicon rtmicon-circle-arrow-down\"><\/i><\/span>\n\t\t<\/span>\n\n\t\t\t\t\t\t<\/summary>\n\t\t\t\t<div role=\"region\" aria-labelledby=\"e-n-accordion-item-1481\" class=\"elementor-element elementor-element-7eba586c e-con-full e-flex e-con e-child\" data-id=\"7eba586c\" data-element_type=\"container\" data-e-type=\"container\">\n\t\t\t\t<div class=\"elementor-element elementor-element-97f163b elementor-widget elementor-widget-text-editor\" data-id=\"97f163b\" data-element_type=\"widget\" data-e-type=\"widget\" data-widget_type=\"text-editor.default\">\n\t\t\t\t\t\t\t\t\t<p>En g\u00e9n\u00e9ral, notre MOQ pour les couleurs ou les sp\u00e9cifications personnalis\u00e9es est de 1 000 \u00e0 1 500 m\u00e8tres. Toutefois, nous comprenons les besoins des prototypes et des start-ups, et nous sommes donc dispos\u00e9s \u00e0 discuter de commandes d'essai plus petites en fonction du type de mat\u00e9riau.<\/p>\t\t\t\t\t\t\t\t<\/div>\n\t\t\t\t<\/div>\n\t\t\t\t\t<\/details>\n\t\t\t\t\t\t<details id=\"e-n-accordion-item-1482\" class=\"e-n-accordion-item\" >\n\t\t\t\t<summary class=\"e-n-accordion-item-title\" data-accordion-index=\"3\" tabindex=\"-1\" aria-expanded=\"false\" aria-controls=\"e-n-accordion-item-1482\" >\n\t\t\t\t\t<span class='e-n-accordion-item-title-header'><div class=\"e-n-accordion-item-title-text\"> Comment assurez-vous une qualit\u00e9 constante sur des lots de production \u00e0 grande \u00e9chelle ? <\/div><\/span>\n\t\t\t\t\t\t\t<span class='e-n-accordion-item-title-icon'>\n\t\t\t<span class='e-opened' ><i aria-hidden=\"true\" class=\"rtmicon rtmicon-circle-arrow-up\"><\/i><\/span>\n\t\t\t<span class='e-closed'><i aria-hidden=\"true\" class=\"rtmicon rtmicon-circle-arrow-down\"><\/i><\/span>\n\t\t<\/span>\n\n\t\t\t\t\t\t<\/summary>\n\t\t\t\t<div role=\"region\" aria-labelledby=\"e-n-accordion-item-1482\" class=\"elementor-element elementor-element-204d2c92 e-con-full e-flex e-con e-child\" data-id=\"204d2c92\" data-element_type=\"container\" data-e-type=\"container\">\n\t\t\t\t<div class=\"elementor-element elementor-element-5a936bf2 elementor-widget elementor-widget-text-editor\" data-id=\"5a936bf2\" data-element_type=\"widget\" data-e-type=\"widget\" data-widget_type=\"text-editor.default\">\n\t\t\t\t\t\t\t\t\t<p>Nous mettons en \u0153uvre un syst\u00e8me d'inspection complet 100%. Depuis les tests des mati\u00e8res premi\u00e8res entrantes jusqu'\u00e0 notre surveillance automatis\u00e9e de l'\u00e9paisseur par infrarouge pendant le laminage, chaque m\u00e8tre de tissu est traqu\u00e9. Nous effectuons \u00e9galement des tests en laboratoire interne sur la r\u00e9sistance au pelage, l'\u00e9tanch\u00e9it\u00e9 \u00e0 l'air et la r\u00e9sistance \u00e0 l'abrasion sur chaque lot afin de garantir qu'il respecte vos normes industrielles sp\u00e9cifiques avant l'exp\u00e9dition.<\/p>\t\t\t\t\t\t\t\t<\/div>\n\t\t\t\t<\/div>\n\t\t\t\t\t<\/details>\n\t\t\t\t\t<\/div>\n\t\t\t\t\t\t<\/div>\n\t\t\t\t<\/div>\n\t\t\t\t\t<\/div>\n\t\t\t\t<\/div>\n\t\t<div class=\"elementor-element elementor-element-1ecd4c3 e-flex e-con-boxed e-con e-parent\" data-id=\"1ecd4c3\" data-element_type=\"container\" data-e-type=\"container\">\n\t\t\t\t\t<div class=\"e-con-inner\">\n\t\t\t\t<div class=\"elementor-element elementor-element-13cd87b elementor-widget elementor-widget-heading\" data-id=\"13cd87b\" data-element_type=\"widget\" data-e-type=\"widget\" data-widget_type=\"heading.default\">\n\t\t\t\t\t<h4 class=\"elementor-heading-title elementor-size-default\">Vous n'avez pas trouv\u00e9 la r\u00e9ponse \u00e0 votre question ? Posez votre question ici<\/h4>\t\t\t\t<\/div>\n\t\t\t\t\t<\/div>\n\t\t\t\t<\/div>\n\t\t\t\t<\/div>","protected":false},"excerpt":{"rendered":"<p>Frequently Asked Questions Home \/ FAQ FAQ Most Favorite Question Can you customize the base fabric and coating thickness to our specific needs? Absolutely. As a direct manufacturer, we offer full customization. You can select from high-tenacity nylon, polyester, or recycled substrates, and we can adjust the TPU\/PVC film thickness, total weight (GSM), and color [&hellip;]<\/p>","protected":false},"author":1,"featured_media":0,"parent":0,"menu_order":0,"comment_status":"closed","ping_status":"closed","template":"elementor_header_footer","meta":{"_acf_changed":false,"footnotes":""},"class_list":["post-109","page","type-page","status-publish","hentry"],"acf":[],"_hostinger_reach_plugin_has_subscription_block":false,"_hostinger_reach_plugin_is_elementor":false,"_links":{"self":[{"href":"https:\/\/tpufabrics.com\/fr\/wp-json\/wp\/v2\/pages\/109","targetHints":{"allow":["GET"]}}],"collection":[{"href":"https:\/\/tpufabrics.com\/fr\/wp-json\/wp\/v2\/pages"}],"about":[{"href":"https:\/\/tpufabrics.com\/fr\/wp-json\/wp\/v2\/types\/page"}],"author":[{"embeddable":true,"href":"https:\/\/tpufabrics.com\/fr\/wp-json\/wp\/v2\/users\/1"}],"replies":[{"embeddable":true,"href":"https:\/\/tpufabrics.com\/fr\/wp-json\/wp\/v2\/comments?post=109"}],"version-history":[{"count":16,"href":"https:\/\/tpufabrics.com\/fr\/wp-json\/wp\/v2\/pages\/109\/revisions"}],"predecessor-version":[{"id":1489,"href":"https:\/\/tpufabrics.com\/fr\/wp-json\/wp\/v2\/pages\/109\/revisions\/1489"}],"wp:attachment":[{"href":"https:\/\/tpufabrics.com\/fr\/wp-json\/wp\/v2\/media?parent=109"}],"curies":[{"name":"wp","href":"https:\/\/api.w.org\/{rel}","templated":true}]}}