{"id":108,"date":"2026-01-19T02:43:47","date_gmt":"2026-01-19T02:43:47","guid":{"rendered":"https:\/\/tpufabrics.com\/?page_id=108"},"modified":"2026-03-19T05:49:48","modified_gmt":"2026-03-19T05:49:48","slug":"nous-contacter","status":"publish","type":"page","link":"https:\/\/tpufabrics.com\/fr\/nous-contacter\/","title":{"rendered":"Nous contacter"},"content":{"rendered":"<div data-elementor-type=\"wp-page\" data-elementor-id=\"108\" class=\"elementor elementor-108\" data-elementor-post-type=\"page\">\n\t\t\t\t<div class=\"elementor-element elementor-element-3e1aacd9 e-flex e-con-boxed e-con e-parent\" data-id=\"3e1aacd9\" data-element_type=\"container\" data-e-type=\"container\" data-settings=\"{&quot;background_background&quot;:&quot;classic&quot;}\">\n\t\t\t\t\t<div class=\"e-con-inner\">\n\t\t\t\t<div class=\"elementor-element elementor-element-1ed39a17 elementor-widget elementor-widget-heading\" data-id=\"1ed39a17\" data-element_type=\"widget\" data-e-type=\"widget\" data-widget_type=\"heading.default\">\n\t\t\t\t\t<h1 class=\"elementor-heading-title elementor-size-default\">Nous contacter<\/h1>\t\t\t\t<\/div>\n\t\t\t\t<div class=\"elementor-element elementor-element-76ba5a2f elementor-widget elementor-widget-text-editor\" data-id=\"76ba5a2f\" data-element_type=\"widget\" data-e-type=\"widget\" data-widget_type=\"text-editor.default\">\n\t\t\t\t\t\t\t\t\t<p><a href=\"#\">Accueil<\/a> \/ Contactez-nous<\/p>\t\t\t\t\t\t\t\t<\/div>\n\t\t\t\t\t<\/div>\n\t\t\t\t<\/div>\n\t\t<div class=\"elementor-element elementor-element-6c97b965 e-flex e-con-boxed e-con e-parent\" data-id=\"6c97b965\" data-element_type=\"container\" data-e-type=\"container\">\n\t\t\t\t\t<div class=\"e-con-inner\">\n\t\t<div class=\"elementor-element elementor-element-36821038 e-con-full e-flex e-con e-child\" data-id=\"36821038\" data-element_type=\"container\" data-e-type=\"container\">\n\t\t\t\t<div class=\"elementor-element elementor-element-57322eb2 elementor-widget elementor-widget-heading\" data-id=\"57322eb2\" data-element_type=\"widget\" data-e-type=\"widget\" data-widget_type=\"heading.default\">\n\t\t\t\t\t<h2 class=\"elementor-heading-title elementor-size-default\">NOUS CONTACTER<\/h2>\t\t\t\t<\/div>\n\t\t<div class=\"elementor-element elementor-element-508676a5 e-con-full e-flex e-con e-child\" data-id=\"508676a5\" data-element_type=\"container\" data-e-type=\"container\">\n\t\t\t\t<div class=\"elementor-element elementor-element-39be1f95 animated-slow elementor-invisible elementor-widget elementor-widget-heading\" data-id=\"39be1f95\" data-element_type=\"widget\" data-e-type=\"widget\" data-settings=\"{&quot;_animation&quot;:&quot;fadeInUp&quot;}\" data-widget_type=\"heading.default\">\n\t\t\t\t\t<h3 class=\"elementor-heading-title elementor-size-default\">Entrer en contact<\/h3>\t\t\t\t<\/div>\n\t\t\t\t<\/div>\n\t\t\t\t<div class=\"elementor-element elementor-element-3b31f8e8 elementor-widget elementor-widget-text-editor\" data-id=\"3b31f8e8\" data-element_type=\"widget\" data-e-type=\"widget\" data-widget_type=\"text-editor.default\">\n\t\t\t\t\t\t\t\t\t<p>Pr\u00eat \u00e0 commencer votre projet personnalis\u00e9 ? Envoyez-nous un message pour obtenir des conseils techniques, demander des \u00e9chantillons ou obtenir des devis pour de grands volumes. Nous sommes l\u00e0 pour veiller \u00e0 ce que vos mat\u00e9riaux haute performance soient livr\u00e9s conform\u00e9ment aux sp\u00e9cifications et dans les d\u00e9lais.<\/p>\t\t\t\t\t\t\t\t<\/div>\n\t\t<div class=\"elementor-element elementor-element-6a9cae3 e-con-full elementor-hidden-desktop elementor-hidden-tablet elementor-hidden-mobile e-flex e-con e-child\" data-id=\"6a9cae3\" data-element_type=\"container\" data-e-type=\"container\">\n\t\t\t\t<\/div>\n\t\t\t\t<div class=\"elementor-element elementor-element-8d75bcd elementor-widget elementor-widget-shortcode\" data-id=\"8d75bcd\" data-element_type=\"widget\" data-e-type=\"widget\" data-widget_type=\"shortcode.default\">\n\t\t\t\t\t\t\t<div class=\"elementor-shortcode\"><style id=\"wpforms-css-vars-1841\">\n\t\t\t\t#wpforms-1841 {\n\t\t\t\t--wpforms-field-border-color: #a6587c;\n--wpforms-field-border-color-spare: #a6587c;\n--wpforms-field-text-color: rgba(0, 0, 0, 0.7);\n--wpforms-label-color: rgba(0, 0, 0, 0.85);\n--wpforms-label-sublabel-color: rgba(0, 0, 0, 0.55);\n--wpforms-label-error-color: #a6587c;\n--wpforms-button-background-color: #a6587c;\n--wpforms-background-color: rgba(0, 0, 0, 0);\n--wpforms-field-size-input-height: 43px;\n--wpforms-field-size-input-spacing: 15px;\n--wpforms-field-size-font-size: 16px;\n--wpforms-field-size-line-height: 19px;\n--wpforms-field-size-padding-h: 14px;\n--wpforms-field-size-checkbox-size: 16px;\n--wpforms-field-size-sublabel-spacing: 5px;\n--wpforms-field-size-icon-size: 1;\n--wpforms-label-size-font-size: 16px;\n--wpforms-label-size-line-height: 19px;\n--wpforms-label-size-sublabel-font-size: 14px;\n--wpforms-label-size-sublabel-line-height: 17px;\n--wpforms-button-size-font-size: 17px;\n--wpforms-button-size-height: 41px;\n--wpforms-button-size-padding-h: 15px;\n--wpforms-button-size-margin-top: 10px;\n--wpforms-container-shadow-size-box-shadow: none;\n\t\t\t}\n\t\t\t<\/style><div class=\"wpforms-container wpforms-container-full wpforms-render-modern\" id=\"wpforms-1841\"><form id=\"wpforms-form-1841\" class=\"wpforms-validate wpforms-form wpforms-ajax-form\" data-formid=\"1841\" method=\"post\" enctype=\"multipart\/form-data\" action=\"\/fr\/wp-json\/wp\/v2\/pages\/108\" data-token=\"afb00dda64d0acd51ad781995bca9e79\" data-token-time=\"1777609201\" data-trp-original-action=\"\/fr\/wp-json\/wp\/v2\/pages\/108\"><noscript class=\"wpforms-error-noscript\">Veuillez activer JavaScript dans votre navigateur pour remplir ce formulaire.<\/noscript><div id=\"wpforms-error-noscript\" style=\"display: none;\">Veuillez activer JavaScript dans votre navigateur pour remplir ce formulaire.<\/div><div class=\"wpforms-field-container\"><div id=\"wpforms-1841-field_1-container\" class=\"wpforms-field wpforms-field-text\" data-field-id=\"1\"><label class=\"wpforms-field-label\" for=\"wpforms-1841-field_1\">Nom<\/label><input type=\"text\" id=\"wpforms-1841-field_1\" class=\"wpforms-field-large\" name=\"wpforms[fields][1]\" placeholder=\"Nom et nom de l&#039;entreprise\" aria-errormessage=\"wpforms-1841-field_1-error\" ><\/div>\t\t<div id=\"wpforms-1841-field_3-container\"\n\t\t\tclass=\"wpforms-field wpforms-field-text\"\n\t\t\tdata-field-type=\"text\"\n\t\t\tdata-field-id=\"3\"\n\t\t\t>\n\t\t\t<label class=\"wpforms-field-label\" for=\"wpforms-1841-field_3\" >Num\u00e9ro Mat\u00e9riel T\u00e9l\u00e9phone<\/label>\n\t\t\t<input type=\"text\" id=\"wpforms-1841-field_3\" class=\"wpforms-field-medium\" name=\"wpforms[fields][3]\" >\n\t\t<\/div>\n\t\t<div id=\"wpforms-1841-field_2-container\" class=\"wpforms-field wpforms-field-email\" data-field-id=\"2\"><label class=\"wpforms-field-label\" for=\"wpforms-1841-field_2\">Courriel <span class=\"wpforms-required-label\" aria-hidden=\"true\">*<\/span><\/label><input type=\"email\" id=\"wpforms-1841-field_2\" class=\"wpforms-field-large wpforms-field-required\" name=\"wpforms[fields][2]\" placeholder=\"Adresse courriel\" spellcheck=\"false\" aria-errormessage=\"wpforms-1841-field_2-error\" required><\/div><div id=\"wpforms-1841-field_7-container\" class=\"wpforms-field wpforms-field-number\" data-field-id=\"7\"><label class=\"wpforms-field-label\" for=\"wpforms-1841-field_7\">Num\u00e9ro de t\u00e9l\u00e9phone<\/label><input type=\"number\" id=\"wpforms-1841-field_7\" class=\"wpforms-field-large\" name=\"wpforms[fields][7]\" placeholder=\"T\u00e9l\u00e9phone\/WhatsApp\/Wechat (tr\u00e8s important)\" step=\"any\" aria-errormessage=\"wpforms-1841-field_7-error\" ><\/div><div id=\"wpforms-1841-field_4-container\" class=\"wpforms-field wpforms-field-text\" data-field-id=\"4\"><label class=\"wpforms-field-label\" for=\"wpforms-1841-field_4\">Int\u00e9r\u00eat mat\u00e9riel<\/label><input type=\"text\" id=\"wpforms-1841-field_4\" class=\"wpforms-field-large\" name=\"wpforms[fields][4]\" placeholder=\"Int\u00e9r\u00eat mat\u00e9riel : Tissu enduit de TPU \/ Tissu enduit de PVC \/ Mat\u00e9riau recycl\u00e9 \/ D\u00e9veloppement sur mesure\" aria-errormessage=\"wpforms-1841-field_4-error\" ><\/div><div id=\"wpforms-1841-field_5-container\" class=\"wpforms-field wpforms-field-textarea\" data-field-id=\"5\"><label class=\"wpforms-field-label\" for=\"wpforms-1841-field_5\">Message<\/label><textarea id=\"wpforms-1841-field_5\" class=\"wpforms-field-medium wpforms-limit-words-enabled\" data-form-id=\"1841\" data-field-id=\"5\" data-text-limit=\"1000\" name=\"wpforms[fields][5]\" placeholder=\"Veuillez d\u00e9crire vos exigences sp\u00e9cifiques, telles que l&#039;\u00e9paisseur, le tissu de base ou les normes de performance.\" aria-errormessage=\"wpforms-1841-field_5-error\" ><\/textarea><\/div><script>\n\t\t\t\t( function() {\n\t\t\t\t\tconst style = document.createElement( 'style' );\n\t\t\t\t\tstyle.appendChild( document.createTextNode( '#wpforms-1841-field_3-container { position: absolute !important; overflow: hidden !important; display: inline !important; height: 1px !important; width: 1px !important; z-index: -1000 !important; padding: 0 !important; } #wpforms-1841-field_3-container input { visibility: hidden; } #wpforms-conversational-form-page #wpforms-1841-field_3-container label { counter-increment: none; }' ) );\n\t\t\t\t\tdocument.head.appendChild( style );\n\t\t\t\t\tdocument.currentScript?.remove();\n\t\t\t\t} )();\n\t\t\t<\/script><\/div><!-- .wpforms-field-container --><div class=\"wpforms-submit-container\" ><input type=\"hidden\" name=\"wpforms[id]\" value=\"1841\"><input type=\"hidden\" name=\"page_title\" value=\"\"><input type=\"hidden\" name=\"page_url\" value=\"https:\/\/tpufabrics.com\/fr\/wp-json\/wp\/v2\/pages\/108\"><input type=\"hidden\" name=\"url_referer\" value=\"\"><button type=\"submit\" name=\"wpforms[submit]\" id=\"wpforms-submit-1841\" class=\"wpforms-submit\" data-alt-text=\"Sending...\" data-submit-text=\"Submit\" aria-live=\"assertive\" value=\"wpforms-submit\">Soumettre<\/button><img decoding=\"async\" src=\"https:\/\/tpufabrics.com\/wp-content\/plugins\/wpforms\/assets\/images\/submit-spin.svg\" class=\"wpforms-submit-spinner\" style=\"display: none;\" width=\"26\" height=\"26\" alt=\"Chargement en cours\"><\/div><input type=\"hidden\" name=\"trp-form-language\" value=\"fr\"\/><\/form><\/div>  <!-- .wpforms-container --><\/div>\n\t\t\t\t\t\t<\/div>\n\t\t\t\t<\/div>\n\t\t<div class=\"elementor-element elementor-element-73b5db73 e-con-full animated-slow e-flex elementor-invisible e-con e-child\" data-id=\"73b5db73\" data-element_type=\"container\" data-e-type=\"container\" data-settings=\"{&quot;animation&quot;:&quot;fadeInRight&quot;}\">\n\t\t<div class=\"elementor-element elementor-element-7e29f5c6 e-con-full e-flex e-con e-child\" data-id=\"7e29f5c6\" data-element_type=\"container\" data-e-type=\"container\">\n\t\t\t\t<div class=\"elementor-element elementor-element-31c17b8a elementor-position-inline-start elementor-mobile-position-inline-start elementor-widget__width-initial elementor-view-default elementor-widget elementor-widget-icon-box\" data-id=\"31c17b8a\" data-element_type=\"widget\" data-e-type=\"widget\" data-widget_type=\"icon-box.default\">\n\t\t\t\t\t\t\t<div class=\"elementor-icon-box-wrapper\">\n\n\t\t\t\t\t\t<div class=\"elementor-icon-box-icon\">\n\t\t\t\t<span  class=\"elementor-icon\">\n\t\t\t\t<i aria-hidden=\"true\" class=\"rtmicon-thin rtmicon-phone-classic\"><\/i>\t\t\t\t<\/span>\n\t\t\t<\/div>\n\t\t\t\n\t\t\t\t\t\t<div class=\"elementor-icon-box-content\">\n\n\t\t\t\t\t\t\t\t\t<h4 class=\"elementor-icon-box-title\">\n\t\t\t\t\t\t<span  >\n\t\t\t\t\t\t\tT\u00e9l\u00e9phone\t\t\t\t\t\t<\/span>\n\t\t\t\t\t<\/h4>\n\t\t\t\t\n\t\t\t\t\t\t\t\t\t<p class=\"elementor-icon-box-description\">\n\t\t\t\t\t\t+86-510-83383898\t\t\t\t\t<\/p>\n\t\t\t\t\n\t\t\t<\/div>\n\t\t\t\n\t\t<\/div>\n\t\t\t\t\t\t<\/div>\n\t\t\t\t<div class=\"elementor-element elementor-element-7685694c elementor-position-inline-start elementor-mobile-position-inline-start elementor-widget__width-initial elementor-view-default elementor-widget elementor-widget-icon-box\" data-id=\"7685694c\" data-element_type=\"widget\" data-e-type=\"widget\" data-widget_type=\"icon-box.default\">\n\t\t\t\t\t\t\t<div class=\"elementor-icon-box-wrapper\">\n\n\t\t\t\t\t\t<div class=\"elementor-icon-box-icon\">\n\t\t\t\t<span  class=\"elementor-icon\">\n\t\t\t\t<i aria-hidden=\"true\" class=\"rtmicon-thin rtmicon-envelope\"><\/i>\t\t\t\t<\/span>\n\t\t\t<\/div>\n\t\t\t\n\t\t\t\t\t\t<div class=\"elementor-icon-box-content\">\n\n\t\t\t\t\t\t\t\t\t<h4 class=\"elementor-icon-box-title\">\n\t\t\t\t\t\t<span  >\n\t\t\t\t\t\t\tCourriel\t\t\t\t\t\t<\/span>\n\t\t\t\t\t<\/h4>\n\t\t\t\t\n\t\t\t\t\t\t\t\t\t<p class=\"elementor-icon-box-description\">\n\t\t\t\t\t\txianglong@polymer-tex.com\t\t\t\t\t<\/p>\n\t\t\t\t\n\t\t\t<\/div>\n\t\t\t\n\t\t<\/div>\n\t\t\t\t\t\t<\/div>\n\t\t\t\t<div class=\"elementor-element elementor-element-1339b18c elementor-position-inline-start elementor-mobile-position-inline-start elementor-widget__width-initial elementor-view-default elementor-widget elementor-widget-icon-box\" data-id=\"1339b18c\" data-element_type=\"widget\" data-e-type=\"widget\" data-widget_type=\"icon-box.default\">\n\t\t\t\t\t\t\t<div class=\"elementor-icon-box-wrapper\">\n\n\t\t\t\t\t\t<div class=\"elementor-icon-box-icon\">\n\t\t\t\t<span  class=\"elementor-icon\">\n\t\t\t\t<i aria-hidden=\"true\" class=\"rtmicon-thin rtmicon-globe\"><\/i>\t\t\t\t<\/span>\n\t\t\t<\/div>\n\t\t\t\n\t\t\t\t\t\t<div class=\"elementor-icon-box-content\">\n\n\t\t\t\t\t\t\t\t\t<h4 class=\"elementor-icon-box-title\">\n\t\t\t\t\t\t<span  >\n\t\t\t\t\t\t\tSite web\t\t\t\t\t\t<\/span>\n\t\t\t\t\t<\/h4>\n\t\t\t\t\n\t\t\t\t\t\t\t\t\t<p class=\"elementor-icon-box-description\">\n\t\t\t\t\t\t www.tpufabrics.com\t\t\t\t\t<\/p>\n\t\t\t\t\n\t\t\t<\/div>\n\t\t\t\n\t\t<\/div>\n\t\t\t\t\t\t<\/div>\n\t\t\t\t<div class=\"elementor-element elementor-element-6b899b1c elementor-position-inline-start elementor-mobile-position-inline-start elementor-widget__width-initial elementor-view-default elementor-widget elementor-widget-icon-box\" data-id=\"6b899b1c\" data-element_type=\"widget\" data-e-type=\"widget\" data-widget_type=\"icon-box.default\">\n\t\t\t\t\t\t\t<div class=\"elementor-icon-box-wrapper\">\n\n\t\t\t\t\t\t<div class=\"elementor-icon-box-icon\">\n\t\t\t\t<span  class=\"elementor-icon\">\n\t\t\t\t<i aria-hidden=\"true\" class=\"rtmicon-thin rtmicon-pin-map-location\"><\/i>\t\t\t\t<\/span>\n\t\t\t<\/div>\n\t\t\t\n\t\t\t\t\t\t<div class=\"elementor-icon-box-content\">\n\n\t\t\t\t\t\t\t\t\t<h4 class=\"elementor-icon-box-title\">\n\t\t\t\t\t\t<span  >\n\t\t\t\t\t\t\tAdresse\t\t\t\t\t\t<\/span>\n\t\t\t\t\t<\/h4>\n\t\t\t\t\n\t\t\t\t\t\t\t\t\t<p class=\"elementor-icon-box-description\">\n\t\t\t\t\t\tN\u00b02, route de Zhongnan, district de Huishan, Wuxi, Jiangsu, Chine 214181\t\t\t\t\t<\/p>\n\t\t\t\t\n\t\t\t<\/div>\n\t\t\t\n\t\t<\/div>\n\t\t\t\t\t\t<\/div>\n\t\t\t\t<\/div>\n\t\t\t\t<div class=\"elementor-element elementor-element-2a0e511b elementor-widget elementor-widget-google_maps\" data-id=\"2a0e511b\" data-element_type=\"widget\" data-e-type=\"widget\" data-widget_type=\"google_maps.default\">\n\t\t\t\t\t\t\t<div class=\"elementor-custom-embed\">\n\t\t\t<iframe loading=\"lazy\"\n\t\t\t\t\tsrc=\"https:\/\/maps.google.com\/maps?q=No.%202%2C%20Zhongnan%20Road%2C%2C%20Qianzhou%20Subdistrict%2C%20Huishan%20District%2C%20Wuxi%20City%2C%20214000%2C%20Jiangsu%20Province%2C%20P.R.China&#038;t=m&#038;z=13&#038;output=embed&#038;iwloc=near\"\n\t\t\t\t\ttitle=\"N\u00b02, route de Zhongnan, quartier de Qianzhou, district de Huishan, ville de Wuxi, 214000, province du Jiangsu, R\u00e9publique populaire de Chine\"\n\t\t\t\t\taria-label=\"N\u00b02, route de Zhongnan, quartier de Qianzhou, district de Huishan, ville de Wuxi, 214000, province du Jiangsu, R\u00e9publique populaire de Chine\"\n\t\t\t><\/iframe>\n\t\t<\/div>\n\t\t\t\t\t\t<\/div>\n\t\t\t\t<div class=\"elementor-element elementor-element-1518c3e3 elementor-widget elementor-widget-rtm-social_icon\" data-id=\"1518c3e3\" data-element_type=\"widget\" data-e-type=\"widget\" data-widget_type=\"rtm-social_icon.default\">\n\t\t\t\t<div class=\"elementor-widget-container\">\n\t\t\t\t\t        <div class=\"rkit-social-share flat\">\n            <dl class=\"rkit-social-media__list\">                    <dt class=\"elementor-repeater-item-ca4f689\">\n                                                        <a href=\"#\" class=\"rkit-social-share__link\" >\n                                    <i aria-hidden=\"true\" class=\"rkit-social-share__icon rtmicon rtmicon-facebook\"><\/i>                                <\/a>\n                                                <\/dt>\n                                <dt class=\"elementor-repeater-item-3be3e7a\">\n                                                        <a href=\"#\" class=\"rkit-social-share__link\" >\n                                    <i aria-hidden=\"true\" class=\"rkit-social-share__icon rtmicon rtmicon-linkedin\"><\/i>                                <\/a>\n                                                <\/dt>\n                                <dt class=\"elementor-repeater-item-ec91acc\">\n                                                        <a href=\"https:\/\/www.youtube.com\/@TPUfabric\" class=\"rkit-social-share__link\" target=\"_blank\" rel=\"noopener\">\n                                    <i aria-hidden=\"true\" class=\"rkit-social-share__icon rtmicon rtmicon-youtube\"><\/i>                                <\/a>\n                                                <\/dt>\n            <\/dl>        <\/div>\n\t\t\t\t<\/div>\n\t\t\t\t<\/div>\n\t\t\t\t<\/div>\n\t\t\t\t\t<\/div>\n\t\t\t\t<\/div>\n\t\t<div class=\"elementor-element elementor-element-ccf579b e-flex e-con-boxed e-con e-parent\" data-id=\"ccf579b\" data-element_type=\"container\" data-e-type=\"container\" data-settings=\"{&quot;background_background&quot;:&quot;classic&quot;}\">\n\t\t\t\t\t<div class=\"e-con-inner\">\n\t\t\t\t<div class=\"elementor-element elementor-element-f0bff8e elementor-widget elementor-widget-heading\" data-id=\"f0bff8e\" data-element_type=\"widget\" data-e-type=\"widget\" data-widget_type=\"heading.default\">\n\t\t\t\t\t<h3 class=\"elementor-heading-title elementor-size-default\">Consultez-nous pour trouver le mat\u00e9riau adapt\u00e9 \u00e0 votre projet<\/h3>\t\t\t\t<\/div>\n\t\t\t\t<div class=\"elementor-element elementor-element-6bd054a elementor-widget__width-initial elementor-widget elementor-widget-text-editor\" data-id=\"6bd054a\" data-element_type=\"widget\" data-e-type=\"widget\" data-widget_type=\"text-editor.default\">\n\t\t\t\t\t\t\t\t\t<p>Partagez-nous votre vision, et nous concevrons la solution parfaite en TPU ou PVC pour assurer le succ\u00e8s et la durabilit\u00e9 de votre projet<\/p>\t\t\t\t\t\t\t\t<\/div>\n\t\t\t\t<div class=\"elementor-element elementor-element-cf2a0aa elementor-align-center elementor-widget elementor-widget-button\" data-id=\"cf2a0aa\" data-element_type=\"widget\" data-e-type=\"widget\" data-widget_type=\"button.default\">\n\t\t\t\t\t\t\t\t\t\t<a class=\"elementor-button elementor-button-link elementor-size-sm\" href=\"#\">\n\t\t\t\t\t\t<span class=\"elementor-button-content-wrapper\">\n\t\t\t\t\t\t\t\t\t<span class=\"elementor-button-text\">NOUS CONTACTER<\/span>\n\t\t\t\t\t<\/span>\n\t\t\t\t\t<\/a>\n\t\t\t\t\t\t\t\t<\/div>\n\t\t\t\t\t<\/div>\n\t\t\t\t<\/div>\n\t\t\t\t<\/div>","protected":false},"excerpt":{"rendered":"<p>Contact Us Home \/ Contact Us CONTACT US Get In Touch Ready to start your custom project? Message us for technical advice, sample requests, or high-volume quotes. We are here to ensure your high-performance materials are delivered on spec and on time. This field is required This field is required This field is required This [&hellip;]<\/p>","protected":false},"author":1,"featured_media":0,"parent":0,"menu_order":0,"comment_status":"closed","ping_status":"closed","template":"elementor_header_footer","meta":{"_acf_changed":false,"footnotes":""},"class_list":["post-108","page","type-page","status-publish","hentry"],"acf":[],"_hostinger_reach_plugin_has_subscription_block":false,"_hostinger_reach_plugin_is_elementor":false,"_links":{"self":[{"href":"https:\/\/tpufabrics.com\/fr\/wp-json\/wp\/v2\/pages\/108","targetHints":{"allow":["GET"]}}],"collection":[{"href":"https:\/\/tpufabrics.com\/fr\/wp-json\/wp\/v2\/pages"}],"about":[{"href":"https:\/\/tpufabrics.com\/fr\/wp-json\/wp\/v2\/types\/page"}],"author":[{"embeddable":true,"href":"https:\/\/tpufabrics.com\/fr\/wp-json\/wp\/v2\/users\/1"}],"replies":[{"embeddable":true,"href":"https:\/\/tpufabrics.com\/fr\/wp-json\/wp\/v2\/comments?post=108"}],"version-history":[{"count":37,"href":"https:\/\/tpufabrics.com\/fr\/wp-json\/wp\/v2\/pages\/108\/revisions"}],"predecessor-version":[{"id":1897,"href":"https:\/\/tpufabrics.com\/fr\/wp-json\/wp\/v2\/pages\/108\/revisions\/1897"}],"wp:attachment":[{"href":"https:\/\/tpufabrics.com\/fr\/wp-json\/wp\/v2\/media?parent=108"}],"curies":[{"name":"wp","href":"https:\/\/api.w.org\/{rel}","templated":true}]}}