{"id":2021,"date":"2026-04-02T13:41:18","date_gmt":"2026-04-02T13:41:18","guid":{"rendered":"https:\/\/tpufabrics.com\/?post_type=product&#038;p=2021"},"modified":"2026-04-02T13:44:43","modified_gmt":"2026-04-02T13:44:43","slug":"xl-tpu-coated-210d-nylon-black","status":"publish","type":"product","link":"https:\/\/tpufabrics.com\/es\/product\/xl-tpu-coated-210d-nylon-black\/","title":{"rendered":"XL Nylon 210D con revestimiento de TPU - Negro"},"content":{"rendered":"<div data-page-id=\"JI1XdZgJGotY9TxqpuOc1j8knYg\" data-lark-html-role=\"root\" data-docx-has-block-data=\"false\">\n<div class=\"ace-line ace-line old-record-id-U08PdET7moH6jtxC5P4cJP4inrb\">Tejido m\u00e9dico de alta resistencia y certificado biocompatible, dise\u00f1ado para aplicaciones que requieren tanto durabilidad mec\u00e1nica como contacto directo con la piel.<\/div>\n<div><\/div>\n<div class=\"ace-line ace-line old-record-id-Yet6d7k5Jo2tpHxtWgccBqGan7g\">En comparaci\u00f3n con construcciones m\u00e1s ligeras, este material es m\u00e1s adecuado para productos que deben soportar presi\u00f3n, movimientos repetidos o uso a largo plazo sin comprometer la seguridad ni el rendimiento.<\/div>\n<\/div>","protected":false},"excerpt":{"rendered":"<p>Tejido m\u00e9dico de alta resistencia y certificado como biocompatible, dise\u00f1ado para aplicaciones en las que se requieren tanto durabilidad mec\u00e1nica como contacto directo con la piel. En comparaci\u00f3n con construcciones m\u00e1s ligeras, este material es m\u00e1s adecuado para productos que deben soportar presi\u00f3n, movimientos repetidos o uso a largo plazo sin comprometer la seguridad ni el rendimiento.<\/p>","protected":false},"featured_media":1403,"comment_status":"open","ping_status":"closed","template":"","meta":{"_acf_changed":false},"product_brand":[],"product_cat":[36],"product_tag":[],"class_list":{"0":"post-2021","1":"product","2":"type-product","3":"status-publish","4":"has-post-thumbnail","6":"product_cat-medical-tpu-fabrics","8":"first","9":"instock","10":"shipping-taxable","11":"product-type-simple"},"acf":[],"_links":{"self":[{"href":"https:\/\/tpufabrics.com\/es\/wp-json\/wp\/v2\/product\/2021","targetHints":{"allow":["GET"]}}],"collection":[{"href":"https:\/\/tpufabrics.com\/es\/wp-json\/wp\/v2\/product"}],"about":[{"href":"https:\/\/tpufabrics.com\/es\/wp-json\/wp\/v2\/types\/product"}],"replies":[{"embeddable":true,"href":"https:\/\/tpufabrics.com\/es\/wp-json\/wp\/v2\/comments?post=2021"}],"wp:featuredmedia":[{"embeddable":true,"href":"https:\/\/tpufabrics.com\/es\/wp-json\/wp\/v2\/media\/1403"}],"wp:attachment":[{"href":"https:\/\/tpufabrics.com\/es\/wp-json\/wp\/v2\/media?parent=2021"}],"wp:term":[{"taxonomy":"product_brand","embeddable":true,"href":"https:\/\/tpufabrics.com\/es\/wp-json\/wp\/v2\/product_brand?post=2021"},{"taxonomy":"product_cat","embeddable":true,"href":"https:\/\/tpufabrics.com\/es\/wp-json\/wp\/v2\/product_cat?post=2021"},{"taxonomy":"product_tag","embeddable":true,"href":"https:\/\/tpufabrics.com\/es\/wp-json\/wp\/v2\/product_tag?post=2021"}],"curies":[{"name":"wp","href":"https:\/\/api.w.org\/{rel}","templated":true}]}}